{"id":4557,"date":"2026-02-25T01:12:47","date_gmt":"2026-02-25T01:12:47","guid":{"rendered":"https:\/\/allevcharging.com\/?page_id=4557"},"modified":"2026-02-25T13:15:10","modified_gmt":"2026-02-25T13:15:10","slug":"240-480kw-gn3","status":"publish","type":"page","link":"https:\/\/eve-go.com\/pt\/240-480kw-gn3\/","title":{"rendered":"240 480KW GN3"},"content":{"rendered":"<div data-elementor-type=\"wp-page\" data-elementor-id=\"4557\" class=\"elementor elementor-4557\" data-elementor-post-type=\"page\">\n\t\t\t\t<div class=\"elementor-element elementor-element-a65a293 e-flex e-con-boxed e-con e-parent\" data-id=\"a65a293\" data-element_type=\"container\" data-e-type=\"container\">\n\t\t\t\t\t<div class=\"e-con-inner\">\n\t\t<div class=\"elementor-element elementor-element-60f1951 e-con-full e-flex e-con e-child\" data-id=\"60f1951\" data-element_type=\"container\" data-e-type=\"container\">\n\t\t\t\t<div class=\"elementor-element elementor-element-2d4ae11 elementor-widget elementor-widget-image\" data-id=\"2d4ae11\" data-element_type=\"widget\" data-e-type=\"widget\" data-widget_type=\"image.default\">\n\t\t\t\t<div class=\"elementor-widget-container\">\n\t\t\t\t\t\t\t\t\t\t\t\t\t\t\t<img fetchpriority=\"high\" decoding=\"async\" width=\"560\" height=\"768\" src=\"https:\/\/eve-go.com\/wp-content\/uploads\/2026\/02\/98d0c105-e278-4cd7-ae25-9ef1805087ef.png\" class=\"attachment-large size-large wp-image-4478\" alt=\"\" srcset=\"https:\/\/eve-go.com\/wp-content\/uploads\/2026\/02\/98d0c105-e278-4cd7-ae25-9ef1805087ef.png 560w, https:\/\/eve-go.com\/wp-content\/uploads\/2026\/02\/98d0c105-e278-4cd7-ae25-9ef1805087ef-219x300.png 219w, https:\/\/eve-go.com\/wp-content\/uploads\/2026\/02\/98d0c105-e278-4cd7-ae25-9ef1805087ef-9x12.png 9w\" sizes=\"(max-width: 560px) 100vw, 560px\" \/>\t\t\t\t\t\t\t\t\t\t\t\t\t\t\t<\/div>\n\t\t\t\t<\/div>\n\t\t\t\t<\/div>\n\t\t<div class=\"elementor-element elementor-element-b216784 e-con-full e-flex e-con e-child\" data-id=\"b216784\" data-element_type=\"container\" data-e-type=\"container\">\n\t\t\t\t<div class=\"elementor-element elementor-element-0112af0 elementor-widget elementor-widget-heading\" data-id=\"0112af0\" data-element_type=\"widget\" data-e-type=\"widget\" data-widget_type=\"heading.default\">\n\t\t\t\t<div class=\"elementor-widget-container\">\n\t\t\t\t\t<h2 class=\"elementor-heading-title elementor-size-default\">Carregador r\u00e1pido DC-240-480kW<\/h2>\t\t\t\t<\/div>\n\t\t\t\t<\/div>\n\t\t\t\t<div class=\"elementor-element elementor-element-51bad00 elementor-icon-list--layout-traditional elementor-list-item-link-full_width elementor-widget elementor-widget-icon-list\" data-id=\"51bad00\" data-element_type=\"widget\" data-e-type=\"widget\" data-widget_type=\"icon-list.default\">\n\t\t\t\t<div class=\"elementor-widget-container\">\n\t\t\t\t\t\t\t<ul class=\"elementor-icon-list-items\">\n\t\t\t\t\t\t\t<li class=\"elementor-icon-list-item\">\n\t\t\t\t\t\t\t\t\t\t<span class=\"elementor-icon-list-text\"> - Carregamento ultrarr\u00e1pido, tempo de espera reduzido.<\/span>\n\t\t\t\t\t\t\t\t\t<\/li>\n\t\t\t\t\t\t\t\t<li class=\"elementor-icon-list-item\">\n\t\t\t\t\t\t\t\t\t\t<span class=\"elementor-icon-list-text\">- O carregamento r\u00e1pido de at\u00e9 240 kW DC reduz significativamente o tempo de carregamento e melhora a rota\u00e7\u00e3o das esta\u00e7\u00f5es.<\/span>\n\t\t\t\t\t\t\t\t\t<\/li>\n\t\t\t\t\t\t<\/ul>\n\t\t\t\t\t\t<\/div>\n\t\t\t\t<\/div>\n\t\t\t\t<div class=\"elementor-element elementor-element-ec81ffc elementor-widget elementor-widget-image\" data-id=\"ec81ffc\" data-element_type=\"widget\" data-e-type=\"widget\" data-widget_type=\"image.default\">\n\t\t\t\t<div class=\"elementor-widget-container\">\n\t\t\t\t\t\t\t\t\t\t\t\t\t\t\t<img decoding=\"async\" width=\"188\" height=\"55\" src=\"https:\/\/eve-go.com\/wp-content\/uploads\/2026\/02\/ice.png\" class=\"attachment-large size-large wp-image-4574\" alt=\"\" srcset=\"https:\/\/eve-go.com\/wp-content\/uploads\/2026\/02\/ice.png 188w, https:\/\/eve-go.com\/wp-content\/uploads\/2026\/02\/ice-18x5.png 18w\" sizes=\"(max-width: 188px) 100vw, 188px\" \/>\t\t\t\t\t\t\t\t\t\t\t\t\t\t\t<\/div>\n\t\t\t\t<\/div>\n\t\t\t\t<\/div>\n\t\t\t\t\t<\/div>\n\t\t\t\t<\/div>\n\t\t<div class=\"elementor-element elementor-element-e4bb6ce e-flex e-con-boxed e-con e-parent\" data-id=\"e4bb6ce\" data-element_type=\"container\" data-e-type=\"container\">\n\t\t\t\t\t<div class=\"e-con-inner\">\n\t\t\t\t<div class=\"elementor-element elementor-element-953be86 elementor-widget elementor-widget-heading\" data-id=\"953be86\" data-element_type=\"widget\" data-e-type=\"widget\" data-widget_type=\"heading.default\">\n\t\t\t\t<div class=\"elementor-widget-container\">\n\t\t\t\t\t<h2 class=\"elementor-heading-title elementor-size-default\">PAR\u00c2METROS DO PRODUTO<\/h2>\t\t\t\t<\/div>\n\t\t\t\t<\/div>\n\t\t\t\t<div class=\"elementor-element elementor-element-74f549c elementor-widget elementor-widget-heading\" data-id=\"74f549c\" data-element_type=\"widget\" data-e-type=\"widget\" data-widget_type=\"heading.default\">\n\t\t\t\t<div class=\"elementor-widget-container\">\n\t\t\t\t\t<h3 class=\"elementor-heading-title elementor-size-default\">Carregador r\u00e1pido DC - 240-480kW<\/h3>\t\t\t\t<\/div>\n\t\t\t\t<\/div>\n\t\t\t\t<div class=\"elementor-element elementor-element-a013aa7 elementor-widget elementor-widget-html\" data-id=\"a013aa7\" data-element_type=\"widget\" data-e-type=\"widget\" data-widget_type=\"html.default\">\n\t\t\t\t<div class=\"elementor-widget-container\">\n\t\t\t\t\t<table border=\"1\" cellspacing=\"0\" cellpadding=\"5\" style=\"width:100%; max-width:1200px; border-collapse:collapse; text-align:center;\">\r\n    <thead>\r\n        <tr>\r\n            <th>Modelo<\/th>\r\n            <th>EVE-F240D-GN3<\/th>\r\n            <th>EVE-F360D-GN3<\/th>\r\n            <th>EVE-F480D-GN3<\/th>\r\n        <\/tr>\r\n    <\/thead>\r\n    <tbody>\r\n        <tr>\r\n            <td colspan=\"4\" style=\"text-align:left;\"><strong>Especifica\u00e7\u00e3o Par\u00e2metro<\/strong><\/td>\r\n        <\/tr>\r\n\r\n        <!-- Input -->\r\n        <tr>\r\n            <td>Fonte de alimenta\u00e7\u00e3o<\/td>\r\n            <td colspan=\"3\">L1+L2+L3+N+PE<\/td>\r\n        <\/tr>\r\n        <tr>\r\n            <td>Ficha de alimenta\u00e7\u00e3o<\/td>\r\n            <td colspan=\"3\">Cablagem<\/td>\r\n        <\/tr>\r\n        <tr>\r\n            <td>Tens\u00e3o de entrada<\/td>\r\n            <td colspan=\"3\">480VAC \u00b1 10%<\/td>\r\n        <\/tr>\r\n        <tr>\r\n            <td>Frequ\u00eancia<\/td>\r\n            <td colspan=\"3\">50\/60HZ<\/td>\r\n        <\/tr>\r\n        <tr>\r\n            <td>Efici\u00eancia<\/td>\r\n            <td colspan=\"3\">\u226595%<\/td>\r\n        <\/tr>\r\n\r\n        <!-- Output -->\r\n        <tr>\r\n            <td>Tens\u00e3o de sa\u00edda<\/td>\r\n            <td colspan=\"3\">200~1000V<\/td>\r\n        <\/tr>\r\n        <tr>\r\n            <td>Corrente de sa\u00edda MAX<\/td>\r\n            <td>300A refrigerado a ar<\/td>\r\n            <td>300A refrigerado a ar<\/td>\r\n            <td>300A refrigerado a ar<\/td>\r\n        <\/tr>\r\n        <tr>\r\n            <td>Corrente de arrefecimento l\u00edquido<\/td>\r\n            <td>600A<\/td>\r\n            <td>600A<\/td>\r\n            <td>600A<\/td>\r\n        <\/tr>\r\n        <tr>\r\n            <td>Pot\u00eancia de sa\u00edda m\u00e1xima<\/td>\r\n            <td>240kW<\/td>\r\n            <td>360kW<\/td>\r\n            <td>480kW<\/td>\r\n        <\/tr>\r\n\r\n        <!-- Product Features -->\r\n        <tr>\r\n            <td>Conector do carregador<\/td>\r\n            <td colspan=\"3\">Pistola dupla CCS1\/CCS2\/GBT\/CHAdeMO\/NACS<\/td>\r\n        <\/tr>\r\n        <tr>\r\n            <td>Indicador LED<\/td>\r\n            <td colspan=\"3\">LED RGB<\/td>\r\n        <\/tr>\r\n        <tr>\r\n            <td>Ecr\u00e3<\/td>\r\n            <td colspan=\"3\">Ecr\u00e3 t\u00e1til de 10,1 polegadas<\/td>\r\n        <\/tr>\r\n        <tr>\r\n            <td>Comprimento do cabo<\/td>\r\n            <td colspan=\"3\">5M (aceita personaliza\u00e7\u00e3o)<\/td>\r\n        <\/tr>\r\n        <tr>\r\n            <td>Bot\u00e3o de paragem de emerg\u00eancia<\/td>\r\n            <td colspan=\"3\">Sim<\/td>\r\n        <\/tr>\r\n        <tr>\r\n            <td>Modo de arranque<\/td>\r\n            <td colspan=\"3\">Endere\u00e7o VIN\/MAC Plug&amp;Play \/ APP \/ RFID \/ OCPP<\/td>\r\n        <\/tr>\r\n        <tr>\r\n            <td>OCPP<\/td>\r\n            <td colspan=\"3\">OCPP 1.6J<\/td>\r\n        <\/tr>\r\n        <tr>\r\n            <td>RFID<\/td>\r\n            <td colspan=\"3\">Mifare ISO\/IEC14443A (opcional)<\/td>\r\n        <\/tr>\r\n        <tr>\r\n            <td>Comunica\u00e7\u00e3o<\/td>\r\n            <td colspan=\"3\">WIFI \/ 4G \/ RJ45<\/td>\r\n        <\/tr>\r\n        <tr>\r\n            <td>M\u00e9todo de instala\u00e7\u00e3o<\/td>\r\n            <td colspan=\"3\">Piso<\/td>\r\n        <\/tr>\r\n\r\n        <!-- Material -->\r\n        <tr>\r\n            <td>Material da caixa<\/td>\r\n            <td colspan=\"3\">A\u00e7o galvanizado<\/td>\r\n        <\/tr>\r\n        <tr>\r\n            <td>Material do cabo<\/td>\r\n            <td colspan=\"3\">TPU<\/td>\r\n        <\/tr>\r\n\r\n        <!-- Safety -->\r\n        <tr>\r\n            <td>Contador de energia<\/td>\r\n            <td colspan=\"3\">Contador inteligente<\/td>\r\n        <\/tr>\r\n        <tr>\r\n            <td>RCD<\/td>\r\n            <td colspan=\"3\">Tipo A+B AC30mA + DC6mA<\/td>\r\n        <\/tr>\r\n        <tr>\r\n            <td>Classe de prote\u00e7\u00e3o<\/td>\r\n            <td colspan=\"3\">IP55<\/td>\r\n        <\/tr>\r\n        <tr>\r\n            <td>Prote\u00e7\u00e3o contra impactos<\/td>\r\n            <td colspan=\"3\">IK10<\/td>\r\n        <\/tr>\r\n        <tr>\r\n            <td>Prote\u00e7\u00e3o el\u00e9ctrica<\/td>\r\n            <td colspan=\"3\">\r\n                Prote\u00e7\u00e3o contra sobrecorrente, prote\u00e7\u00e3o contra curto-circuito, prote\u00e7\u00e3o de terra, prote\u00e7\u00e3o contra picos de tens\u00e3o, prote\u00e7\u00e3o contra sobre\/subtens\u00e3o, prote\u00e7\u00e3o contra sobre\/subfrequ\u00eancia, prote\u00e7\u00e3o contra sobre\/subtemperatura\r\n            <\/td>\r\n        <\/tr>\r\n        <tr>\r\n            <td>Energia em espera<\/td>\r\n            <td colspan=\"3\">&lt;8W<\/td>\r\n        <\/tr>\r\n\r\n        <!-- Safety & Interface Standard -->\r\n        <tr>\r\n            <td>Padr\u00e3o \/ Interface<\/td>\r\n            <td colspan=\"3\" style=\"text-align:left;\">\r\n                Seguran\u00e7a: UL 2202, UL 2594, UL 2231-1, UL 2231-2, UL 2251, UL 62368-1;<br>\r\n                Interfaces: SAE J1772, CCS1, ISO 15118-1, ISO 15118-2, DIN 70121\r\n            <\/td>\r\n        <\/tr>\r\n    <\/tbody>\r\n<\/table>\t\t\t\t<\/div>\n\t\t\t\t<\/div>\n\t\t\t\t\t<\/div>\n\t\t\t\t<\/div>\n\t\t\t\t<\/div>","protected":false},"excerpt":{"rendered":"<p>DC Fast Charger-240-480kW &#8211; Ultra fast charging, reduced waiting time. &#8211; Up to 240kW DC fast charging significantly reduces charging time and improves station turnover. PRODUCT PARAMETERS DC Fast Charger &#8211; 240-480kW Model EVE-F240D-GN3 EVE-F360D-GN3 EVE-F480D-GN3 Specification Parameter Power Supply L1+L2+L3+N+PE Power Plug Hardwiring Input Voltage 480VAC \u00b1 10% Frequency 50\/60HZ Efficiency \u226595% Output Voltage [&hellip;]<\/p>\n","protected":false},"author":1,"featured_media":0,"parent":0,"menu_order":0,"comment_status":"closed","ping_status":"closed","template":"","meta":{"content-type":"","site-sidebar-layout":"no-sidebar","site-content-layout":"page-builder","ast-site-content-layout":"full-width-container","site-content-style":"default","site-sidebar-style":"default","ast-global-header-display":"","ast-banner-title-visibility":"","ast-main-header-display":"","ast-hfb-above-header-display":"","ast-hfb-below-header-display":"","ast-hfb-mobile-header-display":"","site-post-title":"","ast-breadcrumbs-content":"","ast-featured-img":"disabled","footer-sml-layout":"","ast-disable-related-posts":"","theme-transparent-header-meta":"","adv-header-id-meta":"","stick-header-meta":"","header-above-stick-meta":"","header-main-stick-meta":"","header-below-stick-meta":"","astra-migrate-meta-layouts":"set","ast-page-background-enabled":"default","ast-page-background-meta":{"desktop":{"background-color":"","background-image":"","background-repeat":"repeat","background-position":"center center","background-size":"auto","background-attachment":"scroll","background-type":"","background-media":"","overlay-type":"","overlay-color":"","overlay-opacity":"","overlay-gradient":""},"tablet":{"background-color":"","background-image":"","background-repeat":"repeat","background-position":"center center","background-size":"auto","background-attachment":"scroll","background-type":"","background-media":"","overlay-type":"","overlay-color":"","overlay-opacity":"","overlay-gradient":""},"mobile":{"background-color":"","background-image":"","background-repeat":"repeat","background-position":"center center","background-size":"auto","background-attachment":"scroll","background-type":"","background-media":"","overlay-type":"","overlay-color":"","overlay-opacity":"","overlay-gradient":""}},"ast-content-background-meta":{"desktop":{"background-color":"var(--ast-global-color-5)","background-image":"","background-repeat":"repeat","background-position":"center center","background-size":"auto","background-attachment":"scroll","background-type":"","background-media":"","overlay-type":"","overlay-color":"","overlay-opacity":"","overlay-gradient":""},"tablet":{"background-color":"var(--ast-global-color-5)","background-image":"","background-repeat":"repeat","background-position":"center center","background-size":"auto","background-attachment":"scroll","background-type":"","background-media":"","overlay-type":"","overlay-color":"","overlay-opacity":"","overlay-gradient":""},"mobile":{"background-color":"var(--ast-global-color-5)","background-image":"","background-repeat":"repeat","background-position":"center center","background-size":"auto","background-attachment":"scroll","background-type":"","background-media":"","overlay-type":"","overlay-color":"","overlay-opacity":"","overlay-gradient":""}},"footnotes":""},"class_list":["post-4557","page","type-page","status-publish","hentry"],"_links":{"self":[{"href":"https:\/\/eve-go.com\/pt\/wp-json\/wp\/v2\/pages\/4557","targetHints":{"allow":["GET"]}}],"collection":[{"href":"https:\/\/eve-go.com\/pt\/wp-json\/wp\/v2\/pages"}],"about":[{"href":"https:\/\/eve-go.com\/pt\/wp-json\/wp\/v2\/types\/page"}],"author":[{"embeddable":true,"href":"https:\/\/eve-go.com\/pt\/wp-json\/wp\/v2\/users\/1"}],"replies":[{"embeddable":true,"href":"https:\/\/eve-go.com\/pt\/wp-json\/wp\/v2\/comments?post=4557"}],"version-history":[{"count":10,"href":"https:\/\/eve-go.com\/pt\/wp-json\/wp\/v2\/pages\/4557\/revisions"}],"predecessor-version":[{"id":5002,"href":"https:\/\/eve-go.com\/pt\/wp-json\/wp\/v2\/pages\/4557\/revisions\/5002"}],"wp:attachment":[{"href":"https:\/\/eve-go.com\/pt\/wp-json\/wp\/v2\/media?parent=4557"}],"curies":[{"name":"wp","href":"https:\/\/api.w.org\/{rel}","templated":true}]}}