{"id":4554,"date":"2026-02-25T01:12:35","date_gmt":"2026-02-25T01:12:35","guid":{"rendered":"https:\/\/allevcharging.com\/?page_id=4554"},"modified":"2026-02-25T13:36:49","modified_gmt":"2026-02-25T13:36:49","slug":"14kw-21kw-28kw","status":"publish","type":"page","link":"https:\/\/eve-go.com\/pt\/14kw-21kw-28kw\/","title":{"rendered":"14kW 21kW 28kW"},"content":{"rendered":"<div data-elementor-type=\"wp-page\" data-elementor-id=\"4554\" class=\"elementor elementor-4554\" data-elementor-post-type=\"page\">\n\t\t\t\t<div class=\"elementor-element elementor-element-efde605 e-flex e-con-boxed e-con e-parent\" data-id=\"efde605\" data-element_type=\"container\" data-e-type=\"container\">\n\t\t\t\t\t<div class=\"e-con-inner\">\n\t\t<div class=\"elementor-element elementor-element-b80b4fd e-con-full e-flex e-con e-child\" data-id=\"b80b4fd\" data-element_type=\"container\" data-e-type=\"container\">\n\t\t\t\t<div class=\"elementor-element elementor-element-acb6083 elementor-widget elementor-widget-image\" data-id=\"acb6083\" data-element_type=\"widget\" data-e-type=\"widget\" data-widget_type=\"image.default\">\n\t\t\t\t<div class=\"elementor-widget-container\">\n\t\t\t\t\t\t\t\t\t\t\t\t\t\t\t<img fetchpriority=\"high\" decoding=\"async\" width=\"557\" height=\"763\" src=\"https:\/\/eve-go.com\/wp-content\/uploads\/2026\/02\/e0c423d8-624e-4de2-adb9-3d9a8cbe8576.png\" class=\"attachment-large size-large wp-image-4494\" alt=\"\" srcset=\"https:\/\/eve-go.com\/wp-content\/uploads\/2026\/02\/e0c423d8-624e-4de2-adb9-3d9a8cbe8576.png 557w, https:\/\/eve-go.com\/wp-content\/uploads\/2026\/02\/e0c423d8-624e-4de2-adb9-3d9a8cbe8576-219x300.png 219w, https:\/\/eve-go.com\/wp-content\/uploads\/2026\/02\/e0c423d8-624e-4de2-adb9-3d9a8cbe8576-9x12.png 9w\" sizes=\"(max-width: 557px) 100vw, 557px\" \/>\t\t\t\t\t\t\t\t\t\t\t\t\t\t\t<\/div>\n\t\t\t\t<\/div>\n\t\t\t\t<\/div>\n\t\t<div class=\"elementor-element elementor-element-588214c e-con-full e-flex e-con e-child\" data-id=\"588214c\" data-element_type=\"container\" data-e-type=\"container\">\n\t\t\t\t<div class=\"elementor-element elementor-element-8ff9c1b elementor-widget elementor-widget-heading\" data-id=\"8ff9c1b\" data-element_type=\"widget\" data-e-type=\"widget\" data-widget_type=\"heading.default\">\n\t\t\t\t<div class=\"elementor-widget-container\">\n\t\t\t\t\t<h2 class=\"elementor-heading-title elementor-size-default\">Carregador r\u00e1pido DC-14kW \/ 21kW \/ 28kW<\/h2>\t\t\t\t<\/div>\n\t\t\t\t<\/div>\n\t\t\t\t<div class=\"elementor-element elementor-element-d6ac814 elementor-icon-list--layout-traditional elementor-list-item-link-full_width elementor-widget elementor-widget-icon-list\" data-id=\"d6ac814\" data-element_type=\"widget\" data-e-type=\"widget\" data-widget_type=\"icon-list.default\">\n\t\t\t\t<div class=\"elementor-widget-container\">\n\t\t\t\t\t\t\t<ul class=\"elementor-icon-list-items\">\n\t\t\t\t\t\t\t<li class=\"elementor-icon-list-item\">\n\t\t\t\t\t\t\t\t\t\t<span class=\"elementor-icon-list-text\">Concebido para a rede el\u00e9ctrica de 240V de n\u00edvel 2 | Compatibilidade universal | R\u00e1pido e fi\u00e1vel - Especificamente concebido para o mercado de NA, este carregador DC monof\u00e1sico foi concebido para redes el\u00e9ctricas de 240V de n\u00edvel 2, assegurando uma compatibilidade perfeita com todos os modelos de VE, proporcionando um carregamento mais r\u00e1pido e mais est\u00e1vel<\/span>\n\t\t\t\t\t\t\t\t\t<\/li>\n\t\t\t\t\t\t<\/ul>\n\t\t\t\t\t\t<\/div>\n\t\t\t\t<\/div>\n\t\t\t\t<div class=\"elementor-element elementor-element-c48a10f elementor-widget elementor-widget-image\" data-id=\"c48a10f\" data-element_type=\"widget\" data-e-type=\"widget\" data-widget_type=\"image.default\">\n\t\t\t\t<div class=\"elementor-widget-container\">\n\t\t\t\t\t\t\t\t\t\t\t\t\t\t\t<img decoding=\"async\" width=\"188\" height=\"55\" src=\"https:\/\/eve-go.com\/wp-content\/uploads\/2026\/02\/ice.png\" class=\"attachment-large size-large wp-image-4574\" alt=\"\" srcset=\"https:\/\/eve-go.com\/wp-content\/uploads\/2026\/02\/ice.png 188w, https:\/\/eve-go.com\/wp-content\/uploads\/2026\/02\/ice-18x5.png 18w\" sizes=\"(max-width: 188px) 100vw, 188px\" \/>\t\t\t\t\t\t\t\t\t\t\t\t\t\t\t<\/div>\n\t\t\t\t<\/div>\n\t\t\t\t<\/div>\n\t\t\t\t\t<\/div>\n\t\t\t\t<\/div>\n\t\t<div class=\"elementor-element elementor-element-fe06e21 e-flex e-con-boxed e-con e-parent\" data-id=\"fe06e21\" data-element_type=\"container\" data-e-type=\"container\">\n\t\t\t\t\t<div class=\"e-con-inner\">\n\t\t\t\t<div class=\"elementor-element elementor-element-b4a17b8 elementor-widget elementor-widget-heading\" data-id=\"b4a17b8\" data-element_type=\"widget\" data-e-type=\"widget\" data-widget_type=\"heading.default\">\n\t\t\t\t<div class=\"elementor-widget-container\">\n\t\t\t\t\t<h2 class=\"elementor-heading-title elementor-size-default\">PAR\u00c2METROS DO PRODUTO<\/h2>\t\t\t\t<\/div>\n\t\t\t\t<\/div>\n\t\t\t\t<div class=\"elementor-element elementor-element-f277cca elementor-widget elementor-widget-heading\" data-id=\"f277cca\" data-element_type=\"widget\" data-e-type=\"widget\" data-widget_type=\"heading.default\">\n\t\t\t\t<div class=\"elementor-widget-container\">\n\t\t\t\t\t<h3 class=\"elementor-heading-title elementor-size-default\">Carregador r\u00e1pido DC-14kW\/21kW\/28kW<\/h3>\t\t\t\t<\/div>\n\t\t\t\t<\/div>\n\t\t\t\t<div class=\"elementor-element elementor-element-c25b273 elementor-widget elementor-widget-html\" data-id=\"c25b273\" data-element_type=\"widget\" data-e-type=\"widget\" data-widget_type=\"html.default\">\n\t\t\t\t<div class=\"elementor-widget-container\">\n\t\t\t\t\t<table border=\"1\" cellspacing=\"0\" cellpadding=\"5\" style=\"width:100%; max-width:1200px; border-collapse:collapse; text-align:center;\">\r\n    <thead class=\"table-header\">\r\n        <tr>\r\n            <th>Modelo<\/th>\r\n            <th>EVE-W14S-GN1<\/th>\r\n            <th>EVE-W21S-GN1<\/th>\r\n            <th>EVE-W28S-GN1<\/th>\r\n        <\/tr>\r\n    <\/thead>\r\n    <tbody>\r\n        <tr>\r\n            <td colspan=\"4\" style=\"text-align:left;\"><strong>Especifica\u00e7\u00e3o Par\u00e2metro<\/strong><\/td>\r\n        <\/tr>\r\n\r\n        <!-- Input -->\r\n        <tr>\r\n            <td>Fonte de alimenta\u00e7\u00e3o<\/td>\r\n            <td colspan=\"3\">L1+L2+PE<\/td>\r\n        <\/tr>\r\n        <tr>\r\n            <td>Ficha de alimenta\u00e7\u00e3o<\/td>\r\n            <td colspan=\"3\">Cablagem<\/td>\r\n        <\/tr>\r\n        <tr>\r\n            <td>Tens\u00e3o de entrada<\/td>\r\n            <td colspan=\"3\">240V\/AC \u00b1 15%<\/td>\r\n        <\/tr>\r\n        <tr>\r\n            <td>Frequ\u00eancia<\/td>\r\n            <td colspan=\"3\">50\/60HZ<\/td>\r\n        <\/tr>\r\n        <tr>\r\n            <td>Efici\u00eancia<\/td>\r\n            <td colspan=\"3\">\u226595%<\/td>\r\n        <\/tr>\r\n\r\n        <!-- Output -->\r\n        <tr>\r\n            <td>Tens\u00e3o de sa\u00edda<\/td>\r\n            <td colspan=\"3\">200~1000V<\/td>\r\n        <\/tr>\r\n        <tr>\r\n            <td>Corrente de sa\u00edda MAX<\/td>\r\n            <td>40A<\/td>\r\n            <td>60A<\/td>\r\n            <td>80A<\/td>\r\n        <\/tr>\r\n        <tr>\r\n            <td>Pot\u00eancia de sa\u00edda m\u00e1xima<\/td>\r\n            <td>14kW<\/td>\r\n            <td>21kW<\/td>\r\n            <td>28kW<\/td>\r\n        <\/tr>\r\n\r\n        <!-- Product Features -->\r\n        <tr>\r\n            <td>Conector do carregador<\/td>\r\n            <td colspan=\"3\">CCS1\/CCS2\/GBT\/CHAdeMO\/NACS<\/td>\r\n        <\/tr>\r\n        <tr>\r\n            <td>Indicador LED<\/td>\r\n            <td colspan=\"3\">LED RGB<\/td>\r\n        <\/tr>\r\n        <tr>\r\n            <td>Ecr\u00e3<\/td>\r\n            <td colspan=\"3\">Ecr\u00e3 t\u00e1til de 7 polegadas<\/td>\r\n        <\/tr>\r\n        <tr>\r\n            <td>Comprimento do cabo<\/td>\r\n            <td colspan=\"3\">5M (aceita personaliza\u00e7\u00e3o)<\/td>\r\n        <\/tr>\r\n        <tr>\r\n            <td>Bot\u00e3o de paragem de emerg\u00eancia<\/td>\r\n            <td colspan=\"3\">Sim<\/td>\r\n        <\/tr>\r\n        <tr>\r\n            <td>Modo de arranque<\/td>\r\n            <td colspan=\"3\">Endere\u00e7o VIN\/MAC Plug&amp;Play \/ APP \/ RFID \/ OCPP<\/td>\r\n        <\/tr>\r\n        <tr>\r\n            <td>OCPP<\/td>\r\n            <td colspan=\"3\">OCPP 1.6J<\/td>\r\n        <\/tr>\r\n        <tr>\r\n            <td>RFID<\/td>\r\n            <td colspan=\"3\">Mifare ISO\/IEC14443A (opcional)<\/td>\r\n        <\/tr>\r\n        <tr>\r\n            <td>Comunica\u00e7\u00e3o<\/td>\r\n            <td colspan=\"3\">WIFI \/ 4G \/ RJ45<\/td>\r\n        <\/tr>\r\n        <tr>\r\n            <td>M\u00e9todo de instala\u00e7\u00e3o<\/td>\r\n            <td colspan=\"3\">Montagem na parede<\/td>\r\n        <\/tr>\r\n\r\n        <!-- Material -->\r\n        <tr>\r\n            <td>Material da caixa<\/td>\r\n            <td colspan=\"3\">A\u00e7o galvanizado<\/td>\r\n        <\/tr>\r\n        <tr>\r\n            <td>Material do cabo<\/td>\r\n            <td colspan=\"3\">TPU<\/td>\r\n        <\/tr>\r\n\r\n        <!-- Safety -->\r\n        <tr>\r\n            <td>Contador de energia<\/td>\r\n            <td colspan=\"3\">Contador inteligente<\/td>\r\n        <\/tr>\r\n        <tr>\r\n            <td>RCD<\/td>\r\n            <td colspan=\"3\">Tipo A+B AC30mA + DC6mA<\/td>\r\n        <\/tr>\r\n        <tr>\r\n            <td>Classe de prote\u00e7\u00e3o<\/td>\r\n            <td colspan=\"3\">IP55<\/td>\r\n        <\/tr>\r\n        <tr>\r\n            <td>Prote\u00e7\u00e3o contra impactos<\/td>\r\n            <td colspan=\"3\">IK10<\/td>\r\n        <\/tr>\r\n        <tr>\r\n            <td>Prote\u00e7\u00e3o el\u00e9ctrica<\/td>\r\n            <td colspan=\"3\">\r\n                Prote\u00e7\u00e3o contra sobrecorrente, prote\u00e7\u00e3o contra curto-circuito, prote\u00e7\u00e3o de terra, prote\u00e7\u00e3o contra picos de tens\u00e3o, prote\u00e7\u00e3o contra sobre\/subtens\u00e3o, prote\u00e7\u00e3o contra sobre\/subfrequ\u00eancia, prote\u00e7\u00e3o contra sobre\/subtemperatura\r\n            <\/td>\r\n        <\/tr>\r\n        <tr>\r\n            <td>Energia em espera<\/td>\r\n            <td colspan=\"3\">&lt;8W<\/td>\r\n        <\/tr>\r\n\r\n        <!-- Standard \/ Interface -->\r\n        <tr>\r\n            <td>Padr\u00e3o \/ Interface<\/td>\r\n            <td colspan=\"3\" style=\"text-align:left;\">\r\n                Seguran\u00e7a: UL 2202, UL 2594, UL 2231-1, UL 2231-2, UL 2251, UL 62368-1;<br>\r\n                Interfaces: SAE J1772, CCS1, ISO 15118-1, ISO 15118-2, DIN 70121\r\n            <\/td>\r\n        <\/tr>\r\n    <\/tbody>\r\n<\/table>\t\t\t\t<\/div>\n\t\t\t\t<\/div>\n\t\t\t\t\t<\/div>\n\t\t\t\t<\/div>\n\t\t\t\t<\/div>","protected":false},"excerpt":{"rendered":"<p>DC Fast Charger-14kW \/ 21kW \/ 28kW Designed for Level 2 240V Grid | Universal Compatibility | Fast &amp; Reliable &#8211; Specifically engineered for the N.A. market, this single phase DC charger is designed for Level 2 240V power grids, ensuring seamless compatibility with all EV models while delivering faster and more stable charging PRODUCT [&hellip;]<\/p>\n","protected":false},"author":1,"featured_media":0,"parent":0,"menu_order":0,"comment_status":"closed","ping_status":"closed","template":"","meta":{"content-type":"","site-sidebar-layout":"no-sidebar","site-content-layout":"page-builder","ast-site-content-layout":"full-width-container","site-content-style":"default","site-sidebar-style":"default","ast-global-header-display":"","ast-banner-title-visibility":"","ast-main-header-display":"","ast-hfb-above-header-display":"","ast-hfb-below-header-display":"","ast-hfb-mobile-header-display":"","site-post-title":"","ast-breadcrumbs-content":"","ast-featured-img":"disabled","footer-sml-layout":"","ast-disable-related-posts":"","theme-transparent-header-meta":"","adv-header-id-meta":"","stick-header-meta":"","header-above-stick-meta":"","header-main-stick-meta":"","header-below-stick-meta":"","astra-migrate-meta-layouts":"set","ast-page-background-enabled":"default","ast-page-background-meta":{"desktop":{"background-color":"","background-image":"","background-repeat":"repeat","background-position":"center center","background-size":"auto","background-attachment":"scroll","background-type":"","background-media":"","overlay-type":"","overlay-color":"","overlay-opacity":"","overlay-gradient":""},"tablet":{"background-color":"","background-image":"","background-repeat":"repeat","background-position":"center center","background-size":"auto","background-attachment":"scroll","background-type":"","background-media":"","overlay-type":"","overlay-color":"","overlay-opacity":"","overlay-gradient":""},"mobile":{"background-color":"","background-image":"","background-repeat":"repeat","background-position":"center center","background-size":"auto","background-attachment":"scroll","background-type":"","background-media":"","overlay-type":"","overlay-color":"","overlay-opacity":"","overlay-gradient":""}},"ast-content-background-meta":{"desktop":{"background-color":"var(--ast-global-color-5)","background-image":"","background-repeat":"repeat","background-position":"center center","background-size":"auto","background-attachment":"scroll","background-type":"","background-media":"","overlay-type":"","overlay-color":"","overlay-opacity":"","overlay-gradient":""},"tablet":{"background-color":"var(--ast-global-color-5)","background-image":"","background-repeat":"repeat","background-position":"center center","background-size":"auto","background-attachment":"scroll","background-type":"","background-media":"","overlay-type":"","overlay-color":"","overlay-opacity":"","overlay-gradient":""},"mobile":{"background-color":"var(--ast-global-color-5)","background-image":"","background-repeat":"repeat","background-position":"center center","background-size":"auto","background-attachment":"scroll","background-type":"","background-media":"","overlay-type":"","overlay-color":"","overlay-opacity":"","overlay-gradient":""}},"footnotes":""},"class_list":["post-4554","page","type-page","status-publish","hentry"],"_links":{"self":[{"href":"https:\/\/eve-go.com\/pt\/wp-json\/wp\/v2\/pages\/4554","targetHints":{"allow":["GET"]}}],"collection":[{"href":"https:\/\/eve-go.com\/pt\/wp-json\/wp\/v2\/pages"}],"about":[{"href":"https:\/\/eve-go.com\/pt\/wp-json\/wp\/v2\/types\/page"}],"author":[{"embeddable":true,"href":"https:\/\/eve-go.com\/pt\/wp-json\/wp\/v2\/users\/1"}],"replies":[{"embeddable":true,"href":"https:\/\/eve-go.com\/pt\/wp-json\/wp\/v2\/comments?post=4554"}],"version-history":[{"count":13,"href":"https:\/\/eve-go.com\/pt\/wp-json\/wp\/v2\/pages\/4554\/revisions"}],"predecessor-version":[{"id":5085,"href":"https:\/\/eve-go.com\/pt\/wp-json\/wp\/v2\/pages\/4554\/revisions\/5085"}],"wp:attachment":[{"href":"https:\/\/eve-go.com\/pt\/wp-json\/wp\/v2\/media?parent=4554"}],"curies":[{"name":"wp","href":"https:\/\/api.w.org\/{rel}","templated":true}]}}