{"id":4553,"date":"2026-02-25T01:12:31","date_gmt":"2026-02-25T01:12:31","guid":{"rendered":"https:\/\/allevcharging.com\/?page_id=4553"},"modified":"2026-04-04T04:46:11","modified_gmt":"2026-04-04T04:46:11","slug":"120-240kw-gn3","status":"publish","type":"page","link":"https:\/\/eve-go.com\/pt\/120-240kw-gn3\/","title":{"rendered":"120 240kW GN3"},"content":{"rendered":"<div data-elementor-type=\"wp-page\" data-elementor-id=\"4553\" class=\"elementor elementor-4553\" data-elementor-post-type=\"page\">\n\t\t\t\t<div class=\"elementor-element elementor-element-fc81e41 e-flex e-con-boxed e-con e-parent\" data-id=\"fc81e41\" data-element_type=\"container\" data-e-type=\"container\">\n\t\t\t\t\t<div class=\"e-con-inner\">\n\t\t<div class=\"elementor-element elementor-element-8f1925f e-con-full e-flex e-con e-child\" data-id=\"8f1925f\" data-element_type=\"container\" data-e-type=\"container\">\n\t\t\t\t<div class=\"elementor-element elementor-element-d9d4830 elementor-widget elementor-widget-image\" data-id=\"d9d4830\" data-element_type=\"widget\" data-e-type=\"widget\" data-widget_type=\"image.default\">\n\t\t\t\t<div class=\"elementor-widget-container\">\n\t\t\t\t\t\t\t\t\t\t\t\t\t\t\t<img fetchpriority=\"high\" decoding=\"async\" width=\"557\" height=\"767\" src=\"https:\/\/eve-go.com\/wp-content\/uploads\/2026\/02\/914f9548e267570a4d7cc38431304cd5.png\" class=\"attachment-large size-large wp-image-4480\" alt=\"\" srcset=\"https:\/\/eve-go.com\/wp-content\/uploads\/2026\/02\/914f9548e267570a4d7cc38431304cd5.png 557w, https:\/\/eve-go.com\/wp-content\/uploads\/2026\/02\/914f9548e267570a4d7cc38431304cd5-218x300.png 218w, https:\/\/eve-go.com\/wp-content\/uploads\/2026\/02\/914f9548e267570a4d7cc38431304cd5-9x12.png 9w\" sizes=\"(max-width: 557px) 100vw, 557px\" \/>\t\t\t\t\t\t\t\t\t\t\t\t\t\t\t<\/div>\n\t\t\t\t<\/div>\n\t\t\t\t<\/div>\n\t\t<div class=\"elementor-element elementor-element-481061e e-con-full e-flex e-con e-child\" data-id=\"481061e\" data-element_type=\"container\" data-e-type=\"container\">\n\t\t\t\t<div class=\"elementor-element elementor-element-89d5672 elementor-widget elementor-widget-heading\" data-id=\"89d5672\" data-element_type=\"widget\" data-e-type=\"widget\" data-widget_type=\"heading.default\">\n\t\t\t\t<div class=\"elementor-widget-container\">\n\t\t\t\t\t<h2 class=\"elementor-heading-title elementor-size-default\">Carregador r\u00e1pido DC-120-240kW<\/h2>\t\t\t\t<\/div>\n\t\t\t\t<\/div>\n\t\t\t\t<div class=\"elementor-element elementor-element-80eb508 elementor-icon-list--layout-traditional elementor-list-item-link-full_width elementor-widget elementor-widget-icon-list\" data-id=\"80eb508\" data-element_type=\"widget\" data-e-type=\"widget\" data-widget_type=\"icon-list.default\">\n\t\t\t\t<div class=\"elementor-widget-container\">\n\t\t\t\t\t\t\t<ul class=\"elementor-icon-list-items\">\n\t\t\t\t\t\t\t<li class=\"elementor-icon-list-item\">\n\t\t\t\t\t\t\t\t\t\t<span class=\"elementor-icon-list-text\"> Compatibilidade com a rede el\u00e9ctrica da Am\u00e9rica do Norte Constru\u00eddo especificamente para o sistema de alimenta\u00e7\u00e3o bif\u00e1sica de 240V da Am\u00e9rica do Norte, em conformidade com os c\u00f3digos de instala\u00e7\u00e3o UL 2202, UL 2594 e NEC. Concebido para se integrar perfeitamente com pain\u00e9is el\u00e9ctricos comerciais e residenciais padr\u00e3o encontrados nos EUA e no Canad\u00e1. Elimina o trabalho de adivinha\u00e7\u00e3o da aquisi\u00e7\u00e3o de hardware em v\u00e1rios mercados - uma unidade, totalmente classificada para os requisitos da rede local, pronta a ser utilizada.<\/span>\n\t\t\t\t\t\t\t\t\t<\/li>\n\t\t\t\t\t\t\t\t<li class=\"elementor-icon-list-item\">\n\t\t\t\t\t\t\t\t\t\t<span class=\"elementor-icon-list-text\"> Carregamento mais r\u00e1pido Proporciona uma sa\u00edda CC de alta pot\u00eancia que reduz significativamente o tempo de inatividade do ve\u00edculo em compara\u00e7\u00e3o com as alternativas CA de n\u00edvel 2. A tecnologia avan\u00e7ada de convers\u00e3o de energia mant\u00e9m a efici\u00eancia de pico acima de 95%, empurrando a energia m\u00e1xima para a bateria do ve\u00edculo com perda m\u00ednima. Quer se trate de uma frota comercial ou de um local de carregamento p\u00fablico, os condutores passam menos tempo \u00e0 espera e mais tempo na estrada<\/span>\n\t\t\t\t\t\t\t\t\t<\/li>\n\t\t\t\t\t\t\t\t<li class=\"elementor-icon-list-item\">\n\t\t\t\t\t\t\t\t\t\t<span class=\"elementor-icon-list-text\">Gerar receitas adicionais Equipado com um ecr\u00e3 publicit\u00e1rio de 55 polegadas de qualidade comercial que transforma o tempo de ecr\u00e3 inativo num fluxo de receitas. Os operadores do local podem apresentar an\u00fancios digitais direcionados, promover neg\u00f3cios no local ou apresentar conte\u00fado patrocinado enquanto os ve\u00edculos carregam. Uma unidade proporciona um ROI duplo - taxas de carregamento e receitas de publicidade - maximizando o retorno em cada metro quadrado do seu local de carregamento.<\/span>\n\t\t\t\t\t\t\t\t\t<\/li>\n\t\t\t\t\t\t<\/ul>\n\t\t\t\t\t\t<\/div>\n\t\t\t\t<\/div>\n\t\t\t\t<div class=\"elementor-element elementor-element-3329079 elementor-widget elementor-widget-image\" data-id=\"3329079\" data-element_type=\"widget\" data-e-type=\"widget\" data-widget_type=\"image.default\">\n\t\t\t\t<div class=\"elementor-widget-container\">\n\t\t\t\t\t\t\t\t\t\t\t\t\t\t\t<img decoding=\"async\" width=\"188\" height=\"55\" src=\"https:\/\/eve-go.com\/wp-content\/uploads\/2026\/02\/ice.png\" class=\"attachment-large size-large wp-image-4574\" alt=\"\" srcset=\"https:\/\/eve-go.com\/wp-content\/uploads\/2026\/02\/ice.png 188w, https:\/\/eve-go.com\/wp-content\/uploads\/2026\/02\/ice-18x5.png 18w\" sizes=\"(max-width: 188px) 100vw, 188px\" \/>\t\t\t\t\t\t\t\t\t\t\t\t\t\t\t<\/div>\n\t\t\t\t<\/div>\n\t\t\t\t<\/div>\n\t\t\t\t\t<\/div>\n\t\t\t\t<\/div>\n\t\t<div class=\"elementor-element elementor-element-5257db0 e-flex e-con-boxed e-con e-parent\" data-id=\"5257db0\" data-element_type=\"container\" data-e-type=\"container\">\n\t\t\t\t\t<div class=\"e-con-inner\">\n\t\t\t\t<div class=\"elementor-element elementor-element-840b5cf elementor-widget elementor-widget-heading\" data-id=\"840b5cf\" data-element_type=\"widget\" data-e-type=\"widget\" data-widget_type=\"heading.default\">\n\t\t\t\t<div class=\"elementor-widget-container\">\n\t\t\t\t\t<h2 class=\"elementor-heading-title elementor-size-default\">PAR\u00c2METROS DO PRODUTO<\/h2>\t\t\t\t<\/div>\n\t\t\t\t<\/div>\n\t\t\t\t<div class=\"elementor-element elementor-element-615725a elementor-widget elementor-widget-heading\" data-id=\"615725a\" data-element_type=\"widget\" data-e-type=\"widget\" data-widget_type=\"heading.default\">\n\t\t\t\t<div class=\"elementor-widget-container\">\n\t\t\t\t\t<h3 class=\"elementor-heading-title elementor-size-default\">Carregador r\u00e1pido DC - 120-240kW<\/h3>\t\t\t\t<\/div>\n\t\t\t\t<\/div>\n\t\t\t\t<div class=\"elementor-element elementor-element-1b40cf8 elementor-widget elementor-widget-html\" data-id=\"1b40cf8\" data-element_type=\"widget\" data-e-type=\"widget\" data-widget_type=\"html.default\">\n\t\t\t\t<div class=\"elementor-widget-container\">\n\t\t\t\t\t<table border=\"1\" cellspacing=\"0\" cellpadding=\"5\" class=\"responsive-table\" style=\"width:100%; max-width:1200px; border-collapse:collapse; text-align:center;\">\r\n    <thead class=\"table-header\">\r\n        <tr>\r\n            <th>Modelo<\/th>\r\n            <th>EVE-F120D-GN3<\/th>\r\n            <th>EVE-F160D-GN3<\/th>\r\n            <th>EVE-F180D-GN3<\/th>\r\n            <th>EVE-F240D-GN3<\/th>\r\n        <\/tr>\r\n    <\/thead>\r\n    <tbody>\r\n        <tr>\r\n            <td colspan=\"5\" style=\"text-align:left;\"><strong>Especifica\u00e7\u00e3o Par\u00e2metro<\/strong><\/td>\r\n        <\/tr>\r\n\r\n        <!-- Input -->\r\n        <tr>\r\n            <td>Fonte de alimenta\u00e7\u00e3o<\/td>\r\n            <td colspan=\"4\">3L+N+PE<\/td>\r\n        <\/tr>\r\n        <tr>\r\n            <td>Ficha de alimenta\u00e7\u00e3o<\/td>\r\n            <td colspan=\"4\">Cablagem<\/td>\r\n        <\/tr>\r\n        <tr>\r\n            <td>Tens\u00e3o de entrada<\/td>\r\n            <td colspan=\"4\">400V \u00b115%<\/td>\r\n        <\/tr>\r\n        <tr>\r\n            <td>Frequ\u00eancia<\/td>\r\n            <td colspan=\"4\">50\/60HZ<\/td>\r\n        <\/tr>\r\n        <tr>\r\n            <td>Efici\u00eancia<\/td>\r\n            <td colspan=\"4\">\u226595%<\/td>\r\n        <\/tr>\r\n\r\n        <!-- Output -->\r\n        <tr>\r\n            <td>Tens\u00e3o de sa\u00edda<\/td>\r\n            <td colspan=\"4\">200~1000V<\/td>\r\n        <\/tr>\r\n        <tr>\r\n            <td>Corrente de sa\u00edda MAX<\/td>\r\n            <td>250A<\/td>\r\n            <td><\/td>\r\n            <td><\/td>\r\n            <td>300A<\/td>\r\n        <\/tr>\r\n        <tr>\r\n            <td>Pot\u00eancia de sa\u00edda m\u00e1xima<\/td>\r\n            <td>120kW<\/td>\r\n            <td>160kW<\/td>\r\n            <td>180kW<\/td>\r\n            <td>240kW<\/td>\r\n        <\/tr>\r\n\r\n        <!-- Product Features -->\r\n        <tr>\r\n            <td>Conector do carregador<\/td>\r\n            <td colspan=\"4\">Pistola dupla CCS1\/CCS2\/GBT\/CHAdeMO\/NACS<\/td>\r\n        <\/tr>\r\n        <tr>\r\n            <td>Indicador LED<\/td>\r\n            <td colspan=\"4\">LED RGB<\/td>\r\n        <\/tr>\r\n        <tr>\r\n            <td>Ecr\u00e3<\/td>\r\n            <td colspan=\"4\">Ecr\u00e3 t\u00e1til de 10,1 polegadas<\/td>\r\n        <\/tr>\r\n        <tr>\r\n            <td>Comprimento do cabo<\/td>\r\n            <td colspan=\"4\">5M (aceita personaliza\u00e7\u00e3o)<\/td>\r\n        <\/tr>\r\n        <tr>\r\n            <td>Bot\u00e3o de paragem de emerg\u00eancia<\/td>\r\n            <td colspan=\"4\">Sim<\/td>\r\n        <\/tr>\r\n        <tr>\r\n            <td>Modo de arranque<\/td>\r\n            <td colspan=\"4\">Endere\u00e7o VIN\/MAC Plug &amp; Play \/ APP \/ RFID \/ OCPP<\/td>\r\n        <\/tr>\r\n        <tr>\r\n            <td>OCPP<\/td>\r\n            <td colspan=\"4\">OCPP 1.6J<\/td>\r\n        <\/tr>\r\n        <tr>\r\n            <td>RFID<\/td>\r\n            <td colspan=\"4\">Mifare ISO\/IEC14443A (opcional)<\/td>\r\n        <\/tr>\r\n        <tr>\r\n            <td>Comunica\u00e7\u00e3o<\/td>\r\n            <td colspan=\"4\">WIFI \/ 4G \/ RJ45<\/td>\r\n        <\/tr>\r\n        <tr>\r\n            <td>M\u00e9todo de instala\u00e7\u00e3o<\/td>\r\n            <td colspan=\"4\">Piso<\/td>\r\n        <\/tr>\r\n\r\n        <!-- Material -->\r\n        <tr>\r\n            <td>Material da caixa<\/td>\r\n            <td colspan=\"4\">A\u00e7o galvanizado<\/td>\r\n        <\/tr>\r\n        <tr>\r\n            <td>Material do cabo<\/td>\r\n            <td colspan=\"4\">TPU<\/td>\r\n        <\/tr>\r\n\r\n        <!-- Safety -->\r\n        <tr>\r\n            <td>Contador de energia<\/td>\r\n            <td colspan=\"4\">Contador inteligente<\/td>\r\n        <\/tr>\r\n        <tr>\r\n            <td>RCD<\/td>\r\n            <td colspan=\"4\">Tipo A+B AC30mA + DC6mA<\/td>\r\n        <\/tr>\r\n        <tr>\r\n            <td>Classe de prote\u00e7\u00e3o<\/td>\r\n            <td colspan=\"4\">IP55<\/td>\r\n        <\/tr>\r\n        <tr>\r\n            <td>Prote\u00e7\u00e3o contra impactos<\/td>\r\n            <td colspan=\"4\">IK10<\/td>\r\n        <\/tr>\r\n        <tr>\r\n            <td>Prote\u00e7\u00e3o el\u00e9ctrica<\/td>\r\n            <td colspan=\"4\">\r\n                Sobrecorrente, curto-circuito, terra, sobretens\u00e3o, sobretens\u00e3o\/sobretens\u00e3o, sobretens\u00e3o\/sobrefrequ\u00eancia, sobretens\u00e3o\/sobretemperatura\r\n            <\/td>\r\n        <\/tr>\r\n        <tr>\r\n            <td>Energia em espera<\/td>\r\n            <td colspan=\"4\">&lt;8W<\/td>\r\n        <\/tr>\r\n\r\n        <!-- Standard -->\r\n        <tr>\r\n            <td>Padr\u00e3o<\/td>\r\n            <td colspan=\"4\">\r\n                Seguran\u00e7a: EN\/IEC 61851-1:2019, EN\/IEC 61851-23:2014, EN\/IEC 61851-24:2014, EN\/IEC 62368-1;<br>\r\n                Conectores: EN\/IEC 62196-3:2022, CCS2, CHAdeMO 3.3;<br>\r\n                Comunica\u00e7\u00f5es: ISO 15118-1:2019, ISO 15118-2:2022, DIN 70121\r\n            <\/td>\r\n        <\/tr>\r\n\r\n    <\/tbody>\r\n<\/table>\t\t\t\t<\/div>\n\t\t\t\t<\/div>\n\t\t\t\t\t<\/div>\n\t\t\t\t<\/div>\n\t\t<div class=\"elementor-element elementor-element-88e4f6c e-flex e-con-boxed e-con e-parent\" data-id=\"88e4f6c\" data-element_type=\"container\" data-e-type=\"container\">\n\t\t\t\t\t<div class=\"e-con-inner\">\n\t\t\t\t<div class=\"elementor-element elementor-element-a72ad4e elementor-widget elementor-widget-heading\" data-id=\"a72ad4e\" data-element_type=\"widget\" data-e-type=\"widget\" data-widget_type=\"heading.default\">\n\t\t\t\t<div class=\"elementor-widget-container\">\n\t\t\t\t\t<h2 class=\"elementor-heading-title elementor-size-default\">Adicione o seu texto de t\u00edtulo aqui<\/h2>\t\t\t\t<\/div>\n\t\t\t\t<\/div>\n\t\t\t\t\t<\/div>\n\t\t\t\t<\/div>\n\t\t<div class=\"elementor-element elementor-element-b62c540 e-flex e-con-boxed e-con e-parent\" data-id=\"b62c540\" data-element_type=\"container\" data-e-type=\"container\">\n\t\t\t\t\t<div class=\"e-con-inner\">\n\t\t\t\t<div class=\"elementor-element elementor-element-cf16a89 elementor-widget elementor-widget-heading\" data-id=\"cf16a89\" data-element_type=\"widget\" data-e-type=\"widget\" data-widget_type=\"heading.default\">\n\t\t\t\t<div class=\"elementor-widget-container\">\n\t\t\t\t\t<h2 class=\"elementor-heading-title elementor-size-default\">Adicione o seu texto de t\u00edtulo aqui<\/h2>\t\t\t\t<\/div>\n\t\t\t\t<\/div>\n\t\t\t\t\t<\/div>\n\t\t\t\t<\/div>\n\t\t\t\t<\/div>","protected":false},"excerpt":{"rendered":"<p>DC Fast Charger-120-240kW North America Grid Compatibility Purpose-built for the North American 240V split-phase power system, compliant with UL 2202, UL 2594, and NEC installation codes. Designed to integrate seamlessly with standard commercial and residential electrical panels found across the U.S. and Canada. Eliminates the guesswork of cross-market hardware sourcing \u2014 one unit, fully rated [&hellip;]<\/p>\n","protected":false},"author":1,"featured_media":0,"parent":0,"menu_order":0,"comment_status":"closed","ping_status":"closed","template":"","meta":{"content-type":"","site-sidebar-layout":"no-sidebar","site-content-layout":"page-builder","ast-site-content-layout":"full-width-container","site-content-style":"default","site-sidebar-style":"default","ast-global-header-display":"","ast-banner-title-visibility":"","ast-main-header-display":"","ast-hfb-above-header-display":"","ast-hfb-below-header-display":"","ast-hfb-mobile-header-display":"","site-post-title":"","ast-breadcrumbs-content":"","ast-featured-img":"disabled","footer-sml-layout":"","ast-disable-related-posts":"","theme-transparent-header-meta":"","adv-header-id-meta":"","stick-header-meta":"","header-above-stick-meta":"","header-main-stick-meta":"","header-below-stick-meta":"","astra-migrate-meta-layouts":"set","ast-page-background-enabled":"default","ast-page-background-meta":{"desktop":{"background-color":"","background-image":"","background-repeat":"repeat","background-position":"center center","background-size":"auto","background-attachment":"scroll","background-type":"","background-media":"","overlay-type":"","overlay-color":"","overlay-opacity":"","overlay-gradient":""},"tablet":{"background-color":"","background-image":"","background-repeat":"repeat","background-position":"center center","background-size":"auto","background-attachment":"scroll","background-type":"","background-media":"","overlay-type":"","overlay-color":"","overlay-opacity":"","overlay-gradient":""},"mobile":{"background-color":"","background-image":"","background-repeat":"repeat","background-position":"center center","background-size":"auto","background-attachment":"scroll","background-type":"","background-media":"","overlay-type":"","overlay-color":"","overlay-opacity":"","overlay-gradient":""}},"ast-content-background-meta":{"desktop":{"background-color":"var(--ast-global-color-5)","background-image":"","background-repeat":"repeat","background-position":"center center","background-size":"auto","background-attachment":"scroll","background-type":"","background-media":"","overlay-type":"","overlay-color":"","overlay-opacity":"","overlay-gradient":""},"tablet":{"background-color":"var(--ast-global-color-5)","background-image":"","background-repeat":"repeat","background-position":"center center","background-size":"auto","background-attachment":"scroll","background-type":"","background-media":"","overlay-type":"","overlay-color":"","overlay-opacity":"","overlay-gradient":""},"mobile":{"background-color":"var(--ast-global-color-5)","background-image":"","background-repeat":"repeat","background-position":"center center","background-size":"auto","background-attachment":"scroll","background-type":"","background-media":"","overlay-type":"","overlay-color":"","overlay-opacity":"","overlay-gradient":""}},"footnotes":""},"class_list":["post-4553","page","type-page","status-publish","hentry"],"_links":{"self":[{"href":"https:\/\/eve-go.com\/pt\/wp-json\/wp\/v2\/pages\/4553","targetHints":{"allow":["GET"]}}],"collection":[{"href":"https:\/\/eve-go.com\/pt\/wp-json\/wp\/v2\/pages"}],"about":[{"href":"https:\/\/eve-go.com\/pt\/wp-json\/wp\/v2\/types\/page"}],"author":[{"embeddable":true,"href":"https:\/\/eve-go.com\/pt\/wp-json\/wp\/v2\/users\/1"}],"replies":[{"embeddable":true,"href":"https:\/\/eve-go.com\/pt\/wp-json\/wp\/v2\/comments?post=4553"}],"version-history":[{"count":22,"href":"https:\/\/eve-go.com\/pt\/wp-json\/wp\/v2\/pages\/4553\/revisions"}],"predecessor-version":[{"id":5829,"href":"https:\/\/eve-go.com\/pt\/wp-json\/wp\/v2\/pages\/4553\/revisions\/5829"}],"wp:attachment":[{"href":"https:\/\/eve-go.com\/pt\/wp-json\/wp\/v2\/media?parent=4553"}],"curies":[{"name":"wp","href":"https:\/\/api.w.org\/{rel}","templated":true}]}}