{"id":4531,"date":"2026-02-25T01:12:06","date_gmt":"2026-02-25T01:12:06","guid":{"rendered":"https:\/\/allevcharging.com\/?page_id=4531"},"modified":"2026-04-02T07:48:37","modified_gmt":"2026-04-02T07:48:37","slug":"40-60kw","status":"publish","type":"page","link":"https:\/\/eve-go.com\/pt\/40-60kw\/","title":{"rendered":"40 60kW"},"content":{"rendered":"<div data-elementor-type=\"wp-page\" data-elementor-id=\"4531\" class=\"elementor elementor-4531\" data-elementor-post-type=\"page\">\n\t\t\t\t<div class=\"elementor-element elementor-element-69bdd98 e-flex e-con-boxed e-con e-parent\" data-id=\"69bdd98\" data-element_type=\"container\" data-e-type=\"container\">\n\t\t\t\t\t<div class=\"e-con-inner\">\n\t\t<div class=\"elementor-element elementor-element-48a94a2 e-con-full e-flex e-con e-child\" data-id=\"48a94a2\" data-element_type=\"container\" data-e-type=\"container\">\n\t\t\t\t<div class=\"elementor-element elementor-element-07bd0b5 elementor-widget elementor-widget-image\" data-id=\"07bd0b5\" data-element_type=\"widget\" data-e-type=\"widget\" data-widget_type=\"image.default\">\n\t\t\t\t<div class=\"elementor-widget-container\">\n\t\t\t\t\t\t\t\t\t\t\t\t\t\t\t<img fetchpriority=\"high\" decoding=\"async\" width=\"563\" height=\"766\" src=\"https:\/\/eve-go.com\/wp-content\/uploads\/2026\/02\/6d05e445-4b5b-4fb0-9900-56458eec89a7.png\" class=\"attachment-large size-large wp-image-4502\" alt=\"Carregador dc de piso de 56kw\" srcset=\"https:\/\/eve-go.com\/wp-content\/uploads\/2026\/02\/6d05e445-4b5b-4fb0-9900-56458eec89a7.png 563w, https:\/\/eve-go.com\/wp-content\/uploads\/2026\/02\/6d05e445-4b5b-4fb0-9900-56458eec89a7-220x300.png 220w, https:\/\/eve-go.com\/wp-content\/uploads\/2026\/02\/6d05e445-4b5b-4fb0-9900-56458eec89a7-9x12.png 9w\" sizes=\"(max-width: 563px) 100vw, 563px\" \/>\t\t\t\t\t\t\t\t\t\t\t\t\t\t\t<\/div>\n\t\t\t\t<\/div>\n\t\t\t\t<\/div>\n\t\t<div class=\"elementor-element elementor-element-3323ccf e-con-full e-flex e-con e-child\" data-id=\"3323ccf\" data-element_type=\"container\" data-e-type=\"container\">\n\t\t\t\t<div class=\"elementor-element elementor-element-c22031a elementor-widget elementor-widget-heading\" data-id=\"c22031a\" data-element_type=\"widget\" data-e-type=\"widget\" data-widget_type=\"heading.default\">\n\t\t\t\t<div class=\"elementor-widget-container\">\n\t\t\t\t\t<h2 class=\"elementor-heading-title elementor-size-default\">Carregador r\u00e1pido DC-40\/60kW<\/h2>\t\t\t\t<\/div>\n\t\t\t\t<\/div>\n\t\t\t\t<div class=\"elementor-element elementor-element-20a9e79 elementor-icon-list--layout-traditional elementor-list-item-link-full_width elementor-widget elementor-widget-icon-list\" data-id=\"20a9e79\" data-element_type=\"widget\" data-e-type=\"widget\" data-widget_type=\"icon-list.default\">\n\t\t\t\t<div class=\"elementor-widget-container\">\n\t\t\t\t\t\t\t<ul class=\"elementor-icon-list-items\">\n\t\t\t\t\t\t\t<li class=\"elementor-icon-list-item\">\n\t\t\t\t\t\t\t\t\t\t<span class=\"elementor-icon-list-text\">- Concebida para a rede de 240V de n\u00edvel 2 | Compatibilidade universal | R\u00e1pida e fi\u00e1vel<\/span>\n\t\t\t\t\t\t\t\t\t<\/li>\n\t\t\t\t\t\t\t\t<li class=\"elementor-icon-list-item\">\n\t\t\t\t\t\t\t\t\t\t<span class=\"elementor-icon-list-text\">-Especificamente concebido para o mercado dos EUA, este carregador monof\u00e1sico de corrente cont\u00ednua foi concebido para redes el\u00e9ctricas de 240 V de n\u00edvel 2, garantindo uma compatibilidade perfeita com todos os modelos de ve\u00edculos el\u00e9ctricos e proporcionando um desempenho de carregamento mais r\u00e1pido e est\u00e1vel<\/span>\n\t\t\t\t\t\t\t\t\t<\/li>\n\t\t\t\t\t\t<\/ul>\n\t\t\t\t\t\t<\/div>\n\t\t\t\t<\/div>\n\t\t\t\t<div class=\"elementor-element elementor-element-a335547 elementor-widget elementor-widget-image\" data-id=\"a335547\" data-element_type=\"widget\" data-e-type=\"widget\" data-widget_type=\"image.default\">\n\t\t\t\t<div class=\"elementor-widget-container\">\n\t\t\t\t\t\t\t\t\t\t\t\t\t\t\t<img decoding=\"async\" width=\"188\" height=\"55\" src=\"https:\/\/eve-go.com\/wp-content\/uploads\/2026\/02\/ice.png\" class=\"attachment-large size-large wp-image-4574\" alt=\"\" srcset=\"https:\/\/eve-go.com\/wp-content\/uploads\/2026\/02\/ice.png 188w, https:\/\/eve-go.com\/wp-content\/uploads\/2026\/02\/ice-18x5.png 18w\" sizes=\"(max-width: 188px) 100vw, 188px\" \/>\t\t\t\t\t\t\t\t\t\t\t\t\t\t\t<\/div>\n\t\t\t\t<\/div>\n\t\t\t\t<\/div>\n\t\t\t\t\t<\/div>\n\t\t\t\t<\/div>\n\t\t<div class=\"elementor-element elementor-element-4476701 e-flex e-con-boxed e-con e-parent\" data-id=\"4476701\" data-element_type=\"container\" data-e-type=\"container\">\n\t\t\t\t\t<div class=\"e-con-inner\">\n\t\t\t\t<div class=\"elementor-element elementor-element-57dc5c5 elementor-widget elementor-widget-heading\" data-id=\"57dc5c5\" data-element_type=\"widget\" data-e-type=\"widget\" data-widget_type=\"heading.default\">\n\t\t\t\t<div class=\"elementor-widget-container\">\n\t\t\t\t\t<h2 class=\"elementor-heading-title elementor-size-default\">PAR\u00c2METROS DO PRODUTO<\/h2>\t\t\t\t<\/div>\n\t\t\t\t<\/div>\n\t\t\t\t<div class=\"elementor-element elementor-element-2e8541e elementor-widget elementor-widget-heading\" data-id=\"2e8541e\" data-element_type=\"widget\" data-e-type=\"widget\" data-widget_type=\"heading.default\">\n\t\t\t\t<div class=\"elementor-widget-container\">\n\t\t\t\t\t<h3 class=\"elementor-heading-title elementor-size-default\">Carregador r\u00e1pido DC-40\/60kW<\/h3>\t\t\t\t<\/div>\n\t\t\t\t<\/div>\n\t\t\t\t<div class=\"elementor-element elementor-element-fbd0383 elementor-widget elementor-widget-html\" data-id=\"fbd0383\" data-element_type=\"widget\" data-e-type=\"widget\" data-widget_type=\"html.default\">\n\t\t\t\t<div class=\"elementor-widget-container\">\n\t\t\t\t\t<table border=\"1\" cellspacing=\"0\" cellpadding=\"5\" style=\"width:100%; max-width:1200px; border-collapse:collapse; text-align:center;\">\r\n    <thead>\r\n        <tr>\r\n            <th>Modelo<\/th>\r\n            <th>EVE-W40D-GE<\/th>\r\n            <th>EVE-W60D-GE<\/th>\r\n        <\/tr>\r\n    <\/thead>\r\n    <tbody>\r\n        <tr>\r\n            <td colspan=\"3\" style=\"text-align:left;\"><strong>Especifica\u00e7\u00e3o Par\u00e2metro<\/strong><\/td>\r\n        <\/tr>\r\n\r\n        <!-- Input -->\r\n        <tr>\r\n            <td>Fonte de alimenta\u00e7\u00e3o<\/td>\r\n            <td colspan=\"2\">3L+N+PE<\/td>\r\n        <\/tr>\r\n        <tr>\r\n            <td>Ficha de alimenta\u00e7\u00e3o<\/td>\r\n            <td colspan=\"2\">Cablagem<\/td>\r\n        <\/tr>\r\n        <tr>\r\n            <td>Tens\u00e3o de entrada<\/td>\r\n            <td colspan=\"2\">400V \u00b1 15%<\/td>\r\n        <\/tr>\r\n        <tr>\r\n            <td>Frequ\u00eancia<\/td>\r\n            <td colspan=\"2\">50\/60HZ<\/td>\r\n        <\/tr>\r\n        <tr>\r\n            <td>Efici\u00eancia<\/td>\r\n            <td colspan=\"2\">\u226595%<\/td>\r\n        <\/tr>\r\n\r\n        <!-- Output -->\r\n        <tr>\r\n            <td>Tens\u00e3o de sa\u00edda<\/td>\r\n            <td>200~1000V<\/td>\r\n            <td>200~1000V<\/td>\r\n        <\/tr>\r\n        <tr>\r\n            <td>Corrente de sa\u00edda MAX<\/td>\r\n            <td>133A<\/td>\r\n            <td>200A<\/td>\r\n        <\/tr>\r\n        <tr>\r\n            <td>Pot\u00eancia de sa\u00edda m\u00e1xima<\/td>\r\n            <td>40kW<\/td>\r\n            <td>60kW<\/td>\r\n        <\/tr>\r\n\r\n        <!-- Product Features -->\r\n        <tr>\r\n            <td>Conector do carregador<\/td>\r\n            <td colspan=\"2\">Pistola dupla CCS1\/CCS2\/GBT\/CHAdeMO\/NACS<\/td>\r\n        <\/tr>\r\n        <tr>\r\n            <td>Indicador LED<\/td>\r\n            <td colspan=\"2\">LED RGB<\/td>\r\n        <\/tr>\r\n        <tr>\r\n            <td>Ecr\u00e3<\/td>\r\n            <td colspan=\"2\">Ecr\u00e3 t\u00e1til de 7 polegadas<\/td>\r\n        <\/tr>\r\n        <tr>\r\n            <td>Comprimento do cabo<\/td>\r\n            <td colspan=\"2\">5M (aceita personaliza\u00e7\u00e3o)<\/td>\r\n        <\/tr>\r\n        <tr>\r\n            <td>Bot\u00e3o de paragem de emerg\u00eancia<\/td>\r\n            <td colspan=\"2\">Sim<\/td>\r\n        <\/tr>\r\n        <tr>\r\n            <td>Modo de arranque<\/td>\r\n            <td colspan=\"2\">Endere\u00e7o VIN\/MAC Plug&amp;Play \/ APP \/ RFID \/ OCPP<\/td>\r\n        <\/tr>\r\n        <tr>\r\n            <td>OCPP<\/td>\r\n            <td colspan=\"2\">OCPP 1.6J<\/td>\r\n        <\/tr>\r\n        <tr>\r\n            <td>RFID<\/td>\r\n            <td colspan=\"2\">Mifare ISO\/IEC14443A (opcional)<\/td>\r\n        <\/tr>\r\n        <tr>\r\n            <td>Comunica\u00e7\u00e3o<\/td>\r\n            <td colspan=\"2\">WIFI \/ 4G \/ RJ45<\/td>\r\n        <\/tr>\r\n        <tr>\r\n            <td>M\u00e9todo de instala\u00e7\u00e3o<\/td>\r\n            <td colspan=\"2\">Montagem na parede<\/td>\r\n        <\/tr>\r\n\r\n        <!-- Material -->\r\n        <tr>\r\n            <td>Material da caixa<\/td>\r\n            <td colspan=\"2\">A\u00e7o galvanizado<\/td>\r\n        <\/tr>\r\n        <tr>\r\n            <td>Material do cabo<\/td>\r\n            <td colspan=\"2\">TPU<\/td>\r\n        <\/tr>\r\n\r\n        <!-- Safety -->\r\n        <tr>\r\n            <td>Contador de energia<\/td>\r\n            <td colspan=\"2\">Contador inteligente<\/td>\r\n        <\/tr>\r\n        <tr>\r\n            <td>RCD<\/td>\r\n            <td colspan=\"2\">Tipo A+B AC30mA + DC6mA<\/td>\r\n        <\/tr>\r\n        <tr>\r\n            <td>Classe de prote\u00e7\u00e3o<\/td>\r\n            <td colspan=\"2\">IP55<\/td>\r\n        <\/tr>\r\n        <tr>\r\n            <td>Prote\u00e7\u00e3o contra impactos<\/td>\r\n            <td colspan=\"2\">IK10<\/td>\r\n        <\/tr>\r\n        <tr>\r\n            <td>Prote\u00e7\u00e3o el\u00e9ctrica<\/td>\r\n            <td colspan=\"2\">\r\n                Prote\u00e7\u00e3o contra sobrecorrente, prote\u00e7\u00e3o contra curto-circuito, prote\u00e7\u00e3o de terra, prote\u00e7\u00e3o contra picos de tens\u00e3o, prote\u00e7\u00e3o contra sobre\/subtens\u00e3o, prote\u00e7\u00e3o contra sobre\/subfrequ\u00eancia, prote\u00e7\u00e3o contra sobre\/subtemperatura\r\n            <\/td>\r\n        <\/tr>\r\n        <tr>\r\n            <td>Energia em espera<\/td>\r\n            <td colspan=\"2\">&lt;8W<\/td>\r\n        <\/tr>\r\n\r\n        <!-- Standard -->\r\n        <tr>\r\n            <td>Padr\u00e3o<\/td>\r\n            <td colspan=\"2\" style=\"text-align:left;\">\r\n                Seguran\u00e7a: EN\/IEC 61851-1:2019, EN\/IEC 61851-23:2014, EN\/IEC 61851-24:2014, EN\/IEC 62368-1;<br>\r\n                Conectores: EN\/IEC 62196-3:2022, CCS2, CHAdeMO 3.3\r\n            <\/td>\r\n        <\/tr>\r\n    <\/tbody>\r\n<\/table>\t\t\t\t<\/div>\n\t\t\t\t<\/div>\n\t\t\t\t\t<\/div>\n\t\t\t\t<\/div>\n\t\t\t\t<\/div>","protected":false},"excerpt":{"rendered":"<p>DC Fast Charger-40\/60kW &#8211; Designed for Level 2 240V Grid | Universal Compatibility | Fast &amp; Reliable -Specifically engineered for the N.A. market, this single phase DC chargeris designed for Level 2 240V power grids, ensuring seamless compatibilitywith all EV models while delivering faster and more stable chargingperformance PRODUCT PARAMETERS DC Fast Charger-40\/60kW Model EVE-W40D-GE [&hellip;]<\/p>\n","protected":false},"author":1,"featured_media":0,"parent":0,"menu_order":0,"comment_status":"closed","ping_status":"closed","template":"","meta":{"content-type":"","site-sidebar-layout":"no-sidebar","site-content-layout":"page-builder","ast-site-content-layout":"full-width-container","site-content-style":"default","site-sidebar-style":"default","ast-global-header-display":"","ast-banner-title-visibility":"","ast-main-header-display":"","ast-hfb-above-header-display":"","ast-hfb-below-header-display":"","ast-hfb-mobile-header-display":"","site-post-title":"","ast-breadcrumbs-content":"","ast-featured-img":"disabled","footer-sml-layout":"","ast-disable-related-posts":"","theme-transparent-header-meta":"","adv-header-id-meta":"","stick-header-meta":"","header-above-stick-meta":"","header-main-stick-meta":"","header-below-stick-meta":"","astra-migrate-meta-layouts":"set","ast-page-background-enabled":"default","ast-page-background-meta":{"desktop":{"background-color":"","background-image":"","background-repeat":"repeat","background-position":"center center","background-size":"auto","background-attachment":"scroll","background-type":"","background-media":"","overlay-type":"","overlay-color":"","overlay-opacity":"","overlay-gradient":""},"tablet":{"background-color":"","background-image":"","background-repeat":"repeat","background-position":"center center","background-size":"auto","background-attachment":"scroll","background-type":"","background-media":"","overlay-type":"","overlay-color":"","overlay-opacity":"","overlay-gradient":""},"mobile":{"background-color":"","background-image":"","background-repeat":"repeat","background-position":"center center","background-size":"auto","background-attachment":"scroll","background-type":"","background-media":"","overlay-type":"","overlay-color":"","overlay-opacity":"","overlay-gradient":""}},"ast-content-background-meta":{"desktop":{"background-color":"var(--ast-global-color-5)","background-image":"","background-repeat":"repeat","background-position":"center center","background-size":"auto","background-attachment":"scroll","background-type":"","background-media":"","overlay-type":"","overlay-color":"","overlay-opacity":"","overlay-gradient":""},"tablet":{"background-color":"var(--ast-global-color-5)","background-image":"","background-repeat":"repeat","background-position":"center center","background-size":"auto","background-attachment":"scroll","background-type":"","background-media":"","overlay-type":"","overlay-color":"","overlay-opacity":"","overlay-gradient":""},"mobile":{"background-color":"var(--ast-global-color-5)","background-image":"","background-repeat":"repeat","background-position":"center center","background-size":"auto","background-attachment":"scroll","background-type":"","background-media":"","overlay-type":"","overlay-color":"","overlay-opacity":"","overlay-gradient":""}},"footnotes":""},"class_list":["post-4531","page","type-page","status-publish","hentry"],"_links":{"self":[{"href":"https:\/\/eve-go.com\/pt\/wp-json\/wp\/v2\/pages\/4531","targetHints":{"allow":["GET"]}}],"collection":[{"href":"https:\/\/eve-go.com\/pt\/wp-json\/wp\/v2\/pages"}],"about":[{"href":"https:\/\/eve-go.com\/pt\/wp-json\/wp\/v2\/types\/page"}],"author":[{"embeddable":true,"href":"https:\/\/eve-go.com\/pt\/wp-json\/wp\/v2\/users\/1"}],"replies":[{"embeddable":true,"href":"https:\/\/eve-go.com\/pt\/wp-json\/wp\/v2\/comments?post=4531"}],"version-history":[{"count":25,"href":"https:\/\/eve-go.com\/pt\/wp-json\/wp\/v2\/pages\/4531\/revisions"}],"predecessor-version":[{"id":5786,"href":"https:\/\/eve-go.com\/pt\/wp-json\/wp\/v2\/pages\/4531\/revisions\/5786"}],"wp:attachment":[{"href":"https:\/\/eve-go.com\/pt\/wp-json\/wp\/v2\/media?parent=4531"}],"curies":[{"name":"wp","href":"https:\/\/api.w.org\/{rel}","templated":true}]}}