{"id":4524,"date":"2026-02-25T01:11:20","date_gmt":"2026-02-25T01:11:20","guid":{"rendered":"https:\/\/allevcharging.com\/?page_id=4524"},"modified":"2026-02-25T12:46:57","modified_gmt":"2026-02-25T12:46:57","slug":"eve-w-eu-abde70-11-22","status":"publish","type":"page","link":"https:\/\/eve-go.com\/pt\/eve-w-eu-abde70-11-22\/","title":{"rendered":"EVE W EU ABDE70 11 22"},"content":{"rendered":"<div data-elementor-type=\"wp-page\" data-elementor-id=\"4524\" class=\"elementor elementor-4524\" data-elementor-post-type=\"page\">\n\t\t\t\t<div class=\"elementor-element elementor-element-f03d1c3 e-flex e-con-boxed e-con e-parent\" data-id=\"f03d1c3\" data-element_type=\"container\" data-e-type=\"container\">\n\t\t\t\t\t<div class=\"e-con-inner\">\n\t\t<div class=\"elementor-element elementor-element-5e4f084 e-con-full e-flex e-con e-child\" data-id=\"5e4f084\" data-element_type=\"container\" data-e-type=\"container\">\n\t\t\t\t<div class=\"elementor-element elementor-element-893039d elementor-widget elementor-widget-image\" data-id=\"893039d\" data-element_type=\"widget\" data-e-type=\"widget\" data-widget_type=\"image.default\">\n\t\t\t\t<div class=\"elementor-widget-container\">\n\t\t\t\t\t\t\t\t\t\t\t\t\t\t\t<img fetchpriority=\"high\" decoding=\"async\" width=\"523\" height=\"715\" src=\"https:\/\/eve-go.com\/wp-content\/uploads\/2026\/02\/dde2c7bf-6d59-4cfa-96a5-e702371771a0.png\" class=\"attachment-large size-large wp-image-4492\" alt=\"\" srcset=\"https:\/\/eve-go.com\/wp-content\/uploads\/2026\/02\/dde2c7bf-6d59-4cfa-96a5-e702371771a0.png 523w, https:\/\/eve-go.com\/wp-content\/uploads\/2026\/02\/dde2c7bf-6d59-4cfa-96a5-e702371771a0-219x300.png 219w, https:\/\/eve-go.com\/wp-content\/uploads\/2026\/02\/dde2c7bf-6d59-4cfa-96a5-e702371771a0-9x12.png 9w\" sizes=\"(max-width: 523px) 100vw, 523px\" \/>\t\t\t\t\t\t\t\t\t\t\t\t\t\t\t<\/div>\n\t\t\t\t<\/div>\n\t\t\t\t<\/div>\n\t\t<div class=\"elementor-element elementor-element-c39d96a e-con-full e-flex e-con e-child\" data-id=\"c39d96a\" data-element_type=\"container\" data-e-type=\"container\">\n\t\t\t\t<div class=\"elementor-element elementor-element-55a3fcb elementor-widget elementor-widget-heading\" data-id=\"55a3fcb\" data-element_type=\"widget\" data-e-type=\"widget\" data-widget_type=\"heading.default\">\n\t\t\t\t<div class=\"elementor-widget-container\">\n\t\t\t\t\t<h2 class=\"elementor-heading-title elementor-size-default\">Caixa de parede AC EVE-W-EU-A\/B\/D\/E<\/h2>\t\t\t\t<\/div>\n\t\t\t\t<\/div>\n\t\t\t\t<div class=\"elementor-element elementor-element-2aea64f elementor-icon-list--layout-traditional elementor-list-item-link-full_width elementor-widget elementor-widget-icon-list\" data-id=\"2aea64f\" data-element_type=\"widget\" data-e-type=\"widget\" data-widget_type=\"icon-list.default\">\n\t\t\t\t<div class=\"elementor-widget-container\">\n\t\t\t\t\t\t\t<ul class=\"elementor-icon-list-items\">\n\t\t\t\t\t\t\t<li class=\"elementor-icon-list-item\">\n\t\t\t\t\t\t\t\t\t\t<span class=\"elementor-icon-list-text\">- Ligue-se perfeitamente ao seu smartphone atrav\u00e9s de Wi-Fi utilizando a Tuya Smart App. Desfrute de controlo remoto em tempo real, programa\u00e7\u00e3o flex\u00edvel.<\/span>\n\t\t\t\t\t\t\t\t\t<\/li>\n\t\t\t\t\t\t<\/ul>\n\t\t\t\t\t\t<\/div>\n\t\t\t\t<\/div>\n\t\t\t\t<div class=\"elementor-element elementor-element-6076493 elementor-widget elementor-widget-image\" data-id=\"6076493\" data-element_type=\"widget\" data-e-type=\"widget\" data-widget_type=\"image.default\">\n\t\t\t\t<div class=\"elementor-widget-container\">\n\t\t\t\t\t\t\t\t\t\t\t\t\t\t\t<img decoding=\"async\" width=\"188\" height=\"55\" src=\"https:\/\/eve-go.com\/wp-content\/uploads\/2026\/02\/ice.png\" class=\"attachment-large size-large wp-image-4574\" alt=\"\" srcset=\"https:\/\/eve-go.com\/wp-content\/uploads\/2026\/02\/ice.png 188w, https:\/\/eve-go.com\/wp-content\/uploads\/2026\/02\/ice-18x5.png 18w\" sizes=\"(max-width: 188px) 100vw, 188px\" \/>\t\t\t\t\t\t\t\t\t\t\t\t\t\t\t<\/div>\n\t\t\t\t<\/div>\n\t\t\t\t<\/div>\n\t\t\t\t\t<\/div>\n\t\t\t\t<\/div>\n\t\t<div class=\"elementor-element elementor-element-a3d7896 e-flex e-con-boxed e-con e-parent\" data-id=\"a3d7896\" data-element_type=\"container\" data-e-type=\"container\">\n\t\t\t\t\t<div class=\"e-con-inner\">\n\t\t\t\t<div class=\"elementor-element elementor-element-6bade17 elementor-widget elementor-widget-heading\" data-id=\"6bade17\" data-element_type=\"widget\" data-e-type=\"widget\" data-widget_type=\"heading.default\">\n\t\t\t\t<div class=\"elementor-widget-container\">\n\t\t\t\t\t<h2 class=\"elementor-heading-title elementor-size-default\">PAR\u00c2METROS DO PRODUTO<\/h2>\t\t\t\t<\/div>\n\t\t\t\t<\/div>\n\t\t\t\t<div class=\"elementor-element elementor-element-21c49f3 elementor-widget elementor-widget-heading\" data-id=\"21c49f3\" data-element_type=\"widget\" data-e-type=\"widget\" data-widget_type=\"heading.default\">\n\t\t\t\t<div class=\"elementor-widget-container\">\n\t\t\t\t\t<h3 class=\"elementor-heading-title elementor-size-default\">EVE-W-EU-A\/B\/D\/E<\/h3>\t\t\t\t<\/div>\n\t\t\t\t<\/div>\n\t\t\t\t<div class=\"elementor-element elementor-element-51159f3 elementor-widget elementor-widget-html\" data-id=\"51159f3\" data-element_type=\"widget\" data-e-type=\"widget\" data-widget_type=\"html.default\">\n\t\t\t\t<div class=\"elementor-widget-container\">\n\t\t\t\t\t<table border=\"1\" cellspacing=\"0\" cellpadding=\"5\" class=\"responsive-table\" style=\"width:100%; max-width:1200px; border-collapse:collapse; text-align:center;\">\r\n    <thead class=\"table-header\">\r\n        <tr>\r\n            <th>Modelo<\/th>\r\n            <th>EVE-W-EU-A\/B\/D\/E70<\/th>\r\n            <th>EVE-W-EU-A\/B\/D\/E11<\/th>\r\n            <th>EVE-W-EU-A\/B\/D\/E22<\/th>\r\n        <\/tr>\r\n    <\/thead>\r\n    <tbody>\r\n        <tr>\r\n            <td colspan=\"4\" style=\"text-align:left;\"><strong>Especifica\u00e7\u00e3o Par\u00e2metro<\/strong><\/td>\r\n        <\/tr>\r\n\r\n        <!-- Input -->\r\n        <tr>\r\n            <td>Fonte de alimenta\u00e7\u00e3o<\/td>\r\n            <td>1P+N+PE<\/td>\r\n            <td>3P+N+PE<\/td>\r\n            <td>3P+N+PE<\/td>\r\n        <\/tr>\r\n        <tr>\r\n            <td>Ficha de alimenta\u00e7\u00e3o<\/td>\r\n            <td colspan=\"3\">Com fio<\/td>\r\n        <\/tr>\r\n        <tr>\r\n            <td>Tens\u00e3o nominal<\/td>\r\n            <td colspan=\"3\">230VAC \u00b115%<\/td>\r\n        <\/tr>\r\n        <tr>\r\n            <td>Frequ\u00eancia<\/td>\r\n            <td colspan=\"3\">50\/60HZ<\/td>\r\n        <\/tr>\r\n        <tr>\r\n            <td>MAX. Corrente de entrada<\/td>\r\n            <td>32A<\/td>\r\n            <td>16A<\/td>\r\n            <td>32A<\/td>\r\n        <\/tr>\r\n\r\n        <!-- Output -->\r\n        <tr>\r\n            <td>Tens\u00e3o de sa\u00edda<\/td>\r\n            <td>230VAC \u00b115%<\/td>\r\n            <td>400V \u00b115%<\/td>\r\n            <td>400V \u00b115%<\/td>\r\n        <\/tr>\r\n        <tr>\r\n            <td>Gama de corrente de sa\u00edda<\/td>\r\n            <td>32A<\/td>\r\n            <td>16A<\/td>\r\n            <td>32A<\/td>\r\n        <\/tr>\r\n        <tr>\r\n            <td>Pot\u00eancia nominal<\/td>\r\n            <td>7kW<\/td>\r\n            <td>11kW<\/td>\r\n            <td>22kW<\/td>\r\n        <\/tr>\r\n\r\n        <!-- User Interface -->\r\n        <tr>\r\n            <td>Ficha de carregamento<\/td>\r\n            <td colspan=\"3\">IEC 62196 (Tipo 2)<\/td>\r\n        <\/tr>\r\n        <tr>\r\n            <td>Indicador LED<\/td>\r\n            <td colspan=\"3\">LED RGB<\/td>\r\n        <\/tr>\r\n        <tr>\r\n            <td>Ecr\u00e3<\/td>\r\n            <td colspan=\"3\">Ecr\u00e3 LCD de 2,5 polegadas<\/td>\r\n        <\/tr>\r\n        <tr>\r\n            <td>Comprimento do cabo<\/td>\r\n            <td colspan=\"3\">5m (ou personalizado)<\/td>\r\n        <\/tr>\r\n        <tr>\r\n            <td>Modo de arranque<\/td>\r\n            <td colspan=\"3\">Plug &amp; Play \/ RFID<\/td>\r\n        <\/tr>\r\n        <tr>\r\n            <td>M\u00e9todo de instala\u00e7\u00e3o<\/td>\r\n            <td colspan=\"3\">Montagem na parede<\/td>\r\n        <\/tr>\r\n\r\n        <!-- Material -->\r\n        <tr>\r\n            <td>Material da caixa<\/td>\r\n            <td colspan=\"3\">PC+ABS<\/td>\r\n        <\/tr>\r\n        <tr>\r\n            <td>Material do cabo<\/td>\r\n            <td colspan=\"3\">TPU<\/td>\r\n        <\/tr>\r\n\r\n        <!-- Safety -->\r\n        <tr>\r\n            <td>Contador de energia<\/td>\r\n            <td colspan=\"3\">Medidor de bordo<\/td>\r\n        <\/tr>\r\n        <tr>\r\n            <td>RCD<\/td>\r\n            <td colspan=\"3\">Tipo A+B AC30mA + DC6mA<\/td>\r\n        <\/tr>\r\n        <tr>\r\n            <td>Classe de prote\u00e7\u00e3o<\/td>\r\n            <td colspan=\"3\">IP65<\/td>\r\n        <\/tr>\r\n        <tr>\r\n            <td>Prote\u00e7\u00e3o contra impactos<\/td>\r\n            <td colspan=\"3\">IK10<\/td>\r\n        <\/tr>\r\n        <tr>\r\n            <td>Prote\u00e7\u00e3o el\u00e9ctrica<\/td>\r\n            <td colspan=\"3\">\r\n                Sobrecorrente, Sobretens\u00e3o\/Subtens\u00e3o, RCD, Prote\u00e7\u00e3o de terra, Sobretens\u00e3o, Sobretemperatura\r\n            <\/td>\r\n        <\/tr>\r\n        <tr>\r\n            <td>Energia em espera<\/td>\r\n            <td colspan=\"3\">&lt;3W<\/td>\r\n        <\/tr>\r\n\r\n        <!-- Standard -->\r\n        <tr>\r\n            <td>Padr\u00e3o<\/td>\r\n            <td colspan=\"3\">EN\/IEC 61851-1: 2019<\/td>\r\n        <\/tr>\r\n\r\n    <\/tbody>\r\n<\/table>\t\t\t\t<\/div>\n\t\t\t\t<\/div>\n\t\t\t\t\t<\/div>\n\t\t\t\t<\/div>\n\t\t\t\t<\/div>","protected":false},"excerpt":{"rendered":"<p>AC Wallbox EVE-W-EU-A\/B\/D\/E &#8211; Seamlessly connect to your smartphone through Wi-Fi using the Tuya Smart App. Enjoy real-time remote control, flexible scheduling. PRODUCT PARAMETERS EVE-W-EU-A\/B\/D\/E Model EVE-W-EU-A\/B\/D\/E70 EVE-W-EU-A\/B\/D\/E11 EVE-W-EU-A\/B\/D\/E22 Specification Parameter Power Supply 1P+N+PE 3P+N+PE 3P+N+PE Power Plug HardWired Rated Voltage 230VAC \u00b115% Frequency 50\/60HZ MAX. Input Current 32A 16A 32A Output Voltage 230VAC \u00b115% [&hellip;]<\/p>\n","protected":false},"author":1,"featured_media":0,"parent":0,"menu_order":0,"comment_status":"closed","ping_status":"closed","template":"","meta":{"content-type":"","site-sidebar-layout":"no-sidebar","site-content-layout":"page-builder","ast-site-content-layout":"full-width-container","site-content-style":"default","site-sidebar-style":"default","ast-global-header-display":"","ast-banner-title-visibility":"","ast-main-header-display":"","ast-hfb-above-header-display":"","ast-hfb-below-header-display":"","ast-hfb-mobile-header-display":"","site-post-title":"","ast-breadcrumbs-content":"","ast-featured-img":"disabled","footer-sml-layout":"","ast-disable-related-posts":"","theme-transparent-header-meta":"","adv-header-id-meta":"","stick-header-meta":"","header-above-stick-meta":"","header-main-stick-meta":"","header-below-stick-meta":"","astra-migrate-meta-layouts":"set","ast-page-background-enabled":"default","ast-page-background-meta":{"desktop":{"background-color":"","background-image":"","background-repeat":"repeat","background-position":"center center","background-size":"auto","background-attachment":"scroll","background-type":"","background-media":"","overlay-type":"","overlay-color":"","overlay-opacity":"","overlay-gradient":""},"tablet":{"background-color":"","background-image":"","background-repeat":"repeat","background-position":"center center","background-size":"auto","background-attachment":"scroll","background-type":"","background-media":"","overlay-type":"","overlay-color":"","overlay-opacity":"","overlay-gradient":""},"mobile":{"background-color":"","background-image":"","background-repeat":"repeat","background-position":"center center","background-size":"auto","background-attachment":"scroll","background-type":"","background-media":"","overlay-type":"","overlay-color":"","overlay-opacity":"","overlay-gradient":""}},"ast-content-background-meta":{"desktop":{"background-color":"var(--ast-global-color-5)","background-image":"","background-repeat":"repeat","background-position":"center center","background-size":"auto","background-attachment":"scroll","background-type":"","background-media":"","overlay-type":"","overlay-color":"","overlay-opacity":"","overlay-gradient":""},"tablet":{"background-color":"var(--ast-global-color-5)","background-image":"","background-repeat":"repeat","background-position":"center center","background-size":"auto","background-attachment":"scroll","background-type":"","background-media":"","overlay-type":"","overlay-color":"","overlay-opacity":"","overlay-gradient":""},"mobile":{"background-color":"var(--ast-global-color-5)","background-image":"","background-repeat":"repeat","background-position":"center center","background-size":"auto","background-attachment":"scroll","background-type":"","background-media":"","overlay-type":"","overlay-color":"","overlay-opacity":"","overlay-gradient":""}},"footnotes":""},"class_list":["post-4524","page","type-page","status-publish","hentry"],"_links":{"self":[{"href":"https:\/\/eve-go.com\/pt\/wp-json\/wp\/v2\/pages\/4524","targetHints":{"allow":["GET"]}}],"collection":[{"href":"https:\/\/eve-go.com\/pt\/wp-json\/wp\/v2\/pages"}],"about":[{"href":"https:\/\/eve-go.com\/pt\/wp-json\/wp\/v2\/types\/page"}],"author":[{"embeddable":true,"href":"https:\/\/eve-go.com\/pt\/wp-json\/wp\/v2\/users\/1"}],"replies":[{"embeddable":true,"href":"https:\/\/eve-go.com\/pt\/wp-json\/wp\/v2\/comments?post=4524"}],"version-history":[{"count":13,"href":"https:\/\/eve-go.com\/pt\/wp-json\/wp\/v2\/pages\/4524\/revisions"}],"predecessor-version":[{"id":4914,"href":"https:\/\/eve-go.com\/pt\/wp-json\/wp\/v2\/pages\/4524\/revisions\/4914"}],"wp:attachment":[{"href":"https:\/\/eve-go.com\/pt\/wp-json\/wp\/v2\/media?parent=4524"}],"curies":[{"name":"wp","href":"https:\/\/api.w.org\/{rel}","templated":true}]}}