{"id":4523,"date":"2026-02-25T01:11:15","date_gmt":"2026-02-25T01:11:15","guid":{"rendered":"https:\/\/allevcharging.com\/?page_id=4523"},"modified":"2026-04-02T04:09:36","modified_gmt":"2026-04-02T04:09:36","slug":"eve-p-cw-us-35-7-9-6","status":"publish","type":"page","link":"https:\/\/eve-go.com\/pt\/eve-p-cw-us-35-7-9-6\/","title":{"rendered":"EVE P CW US 35 7 9.6"},"content":{"rendered":"<div data-elementor-type=\"wp-page\" data-elementor-id=\"4523\" class=\"elementor elementor-4523\" data-elementor-post-type=\"page\">\n\t\t\t\t<div class=\"elementor-element elementor-element-59bc6ff e-flex e-con-boxed e-con e-parent\" data-id=\"59bc6ff\" data-element_type=\"container\" data-e-type=\"container\">\n\t\t\t\t\t<div class=\"e-con-inner\">\n\t\t<div class=\"elementor-element elementor-element-2225528 e-con-full e-flex e-con e-child\" data-id=\"2225528\" data-element_type=\"container\" data-e-type=\"container\">\n\t\t\t\t<div class=\"elementor-element elementor-element-97e9ffe elementor-widget elementor-widget-image\" data-id=\"97e9ffe\" data-element_type=\"widget\" data-e-type=\"widget\" data-widget_type=\"image.default\">\n\t\t\t\t<div class=\"elementor-widget-container\">\n\t\t\t\t\t\t\t\t\t\t\t\t\t\t\t<img fetchpriority=\"high\" decoding=\"async\" width=\"524\" height=\"745\" src=\"https:\/\/eve-go.com\/wp-content\/uploads\/2026\/02\/75ff3562-a04f-4c87-83f7-e14bb3d7a945.png\" class=\"attachment-large size-large wp-image-4508\" alt=\"\" srcset=\"https:\/\/eve-go.com\/wp-content\/uploads\/2026\/02\/75ff3562-a04f-4c87-83f7-e14bb3d7a945.png 524w, https:\/\/eve-go.com\/wp-content\/uploads\/2026\/02\/75ff3562-a04f-4c87-83f7-e14bb3d7a945-211x300.png 211w, https:\/\/eve-go.com\/wp-content\/uploads\/2026\/02\/75ff3562-a04f-4c87-83f7-e14bb3d7a945-8x12.png 8w\" sizes=\"(max-width: 524px) 100vw, 524px\" \/>\t\t\t\t\t\t\t\t\t\t\t\t\t\t\t<\/div>\n\t\t\t\t<\/div>\n\t\t\t\t<\/div>\n\t\t<div class=\"elementor-element elementor-element-291aab5 e-con-full e-flex e-con e-child\" data-id=\"291aab5\" data-element_type=\"container\" data-e-type=\"container\">\n\t\t\t\t<div class=\"elementor-element elementor-element-cd9338a elementor-widget elementor-widget-heading\" data-id=\"cd9338a\" data-element_type=\"widget\" data-e-type=\"widget\" data-widget_type=\"heading.default\">\n\t\t\t\t<div class=\"elementor-widget-container\">\n\t\t\t\t\t<h2 class=\"elementor-heading-title elementor-size-default\">Carregador port\u00e1til AC EVE-P-CW-US<\/h2>\t\t\t\t<\/div>\n\t\t\t\t<\/div>\n\t\t\t\t<div class=\"elementor-element elementor-element-247cad0 elementor-icon-list--layout-traditional elementor-list-item-link-full_width elementor-widget elementor-widget-icon-list\" data-id=\"247cad0\" data-element_type=\"widget\" data-e-type=\"widget\" data-widget_type=\"icon-list.default\">\n\t\t\t\t<div class=\"elementor-widget-container\">\n\t\t\t\t\t\t\t<ul class=\"elementor-icon-list-items\">\n\t\t\t\t\t\t\t<li class=\"elementor-icon-list-item\">\n\t\t\t\t\t\t\t\t\t\t\t<span class=\"elementor-icon-list-icon\">\n\t\t\t\t\t\t\t<i aria-hidden=\"true\" class=\"fas fa-check\"><\/i>\t\t\t\t\t\t<\/span>\n\t\t\t\t\t\t\t\t\t\t<span class=\"elementor-icon-list-text\">Compatibilidade com a rede el\u00e9ctrica da Am\u00e9rica do Norte Constru\u00eddo especificamente para o sistema de alimenta\u00e7\u00e3o bif\u00e1sica de 240V da Am\u00e9rica do Norte, em conformidade com os c\u00f3digos de instala\u00e7\u00e3o UL 2202, UL 2594 e NEC. Concebido para se integrar perfeitamente com pain\u00e9is el\u00e9ctricos comerciais e residenciais padr\u00e3o encontrados nos EUA e no Canad\u00e1. Elimina o trabalho de adivinha\u00e7\u00e3o da aquisi\u00e7\u00e3o de hardware em v\u00e1rios mercados - uma unidade, totalmente classificada para os requisitos da rede local, pronta a ser utilizada.<\/span>\n\t\t\t\t\t\t\t\t\t<\/li>\n\t\t\t\t\t\t\t\t<li class=\"elementor-icon-list-item\">\n\t\t\t\t\t\t\t\t\t\t\t<span class=\"elementor-icon-list-icon\">\n\t\t\t\t\t\t\t<i aria-hidden=\"true\" class=\"fas fa-check\"><\/i>\t\t\t\t\t\t<\/span>\n\t\t\t\t\t\t\t\t\t\t<span class=\"elementor-icon-list-text\">Rent\u00e1vel<\/span>\n\t\t\t\t\t\t\t\t\t<\/li>\n\t\t\t\t\t\t\t\t<li class=\"elementor-icon-list-item\">\n\t\t\t\t\t\t\t\t\t\t\t<span class=\"elementor-icon-list-icon\">\n\t\t\t\t\t\t\t<i aria-hidden=\"true\" class=\"fas fa-check\"><\/i>\t\t\t\t\t\t<\/span>\n\t\t\t\t\t\t\t\t\t\t<span class=\"elementor-icon-list-text\">N\u00e3o \u00e9 necess\u00e1ria instala\u00e7\u00e3o<\/span>\n\t\t\t\t\t\t\t\t\t<\/li>\n\t\t\t\t\t\t<\/ul>\n\t\t\t\t\t\t<\/div>\n\t\t\t\t<\/div>\n\t\t\t\t<div class=\"elementor-element elementor-element-9b9b158 elementor-widget elementor-widget-image\" data-id=\"9b9b158\" data-element_type=\"widget\" data-e-type=\"widget\" data-widget_type=\"image.default\">\n\t\t\t\t<div class=\"elementor-widget-container\">\n\t\t\t\t\t\t\t\t\t\t\t\t\t\t\t<img decoding=\"async\" width=\"188\" height=\"55\" src=\"https:\/\/eve-go.com\/wp-content\/uploads\/2026\/02\/ice.png\" class=\"attachment-large size-large wp-image-4574\" alt=\"\" srcset=\"https:\/\/eve-go.com\/wp-content\/uploads\/2026\/02\/ice.png 188w, https:\/\/eve-go.com\/wp-content\/uploads\/2026\/02\/ice-18x5.png 18w\" sizes=\"(max-width: 188px) 100vw, 188px\" \/>\t\t\t\t\t\t\t\t\t\t\t\t\t\t\t<\/div>\n\t\t\t\t<\/div>\n\t\t\t\t<\/div>\n\t\t\t\t\t<\/div>\n\t\t\t\t<\/div>\n\t\t<div class=\"elementor-element elementor-element-3a6aa71 e-flex e-con-boxed e-con e-parent\" data-id=\"3a6aa71\" data-element_type=\"container\" data-e-type=\"container\">\n\t\t\t\t\t<div class=\"e-con-inner\">\n\t\t\t\t<div class=\"elementor-element elementor-element-07afaff elementor-widget elementor-widget-heading\" data-id=\"07afaff\" data-element_type=\"widget\" data-e-type=\"widget\" data-widget_type=\"heading.default\">\n\t\t\t\t<div class=\"elementor-widget-container\">\n\t\t\t\t\t<h2 class=\"elementor-heading-title elementor-size-default\">PAR\u00c2METROS DO PRODUTO<\/h2>\t\t\t\t<\/div>\n\t\t\t\t<\/div>\n\t\t\t\t<div class=\"elementor-element elementor-element-2423913 elementor-widget elementor-widget-heading\" data-id=\"2423913\" data-element_type=\"widget\" data-e-type=\"widget\" data-widget_type=\"heading.default\">\n\t\t\t\t<div class=\"elementor-widget-container\">\n\t\t\t\t\t<h3 class=\"elementor-heading-title elementor-size-default\">EVE-P-CW-US<\/h3>\t\t\t\t<\/div>\n\t\t\t\t<\/div>\n\t\t\t\t<div class=\"elementor-element elementor-element-6466897 elementor-widget elementor-widget-html\" data-id=\"6466897\" data-element_type=\"widget\" data-e-type=\"widget\" data-widget_type=\"html.default\">\n\t\t\t\t<div class=\"elementor-widget-container\">\n\t\t\t\t\t<table border=\"1\" cellspacing=\"0\" cellpadding=\"5\" class=\"responsive-table\" style=\"width:100%; max-width:1200px; border-collapse:collapse; text-align:center;\">\r\n    <thead class=\"table-header\">\r\n        <tr>\r\n            <th>Modelo<\/th>\r\n            <th>EVE-P-CW-US-3.5<\/th>\r\n            <th>EVE-P-CW-US-7<\/th>\r\n            <th>EVE-P-CW-US-9.6<\/th>\r\n        <\/tr>\r\n    <\/thead>\r\n    <tbody>\r\n        <tr>\r\n            <td colspan=\"4\" style=\"text-align:left;\"><strong>Especifica\u00e7\u00e3o Par\u00e2metro<\/strong><\/td>\r\n        <\/tr>\r\n\r\n        <!-- Input -->\r\n        <tr>\r\n            <td>Fonte de alimenta\u00e7\u00e3o<\/td>\r\n            <td colspan=\"3\">L1+L2+N+PE<\/td>\r\n        <\/tr>\r\n        <tr>\r\n            <td>Ficha de alimenta\u00e7\u00e3o<\/td>\r\n            <td>NEMA 5-20P<\/td>\r\n            <td>NEMA 14-50P<\/td>\r\n            <td>NEMA 14-50P<\/td>\r\n        <\/tr>\r\n        <tr>\r\n            <td>Tens\u00e3o nominal<\/td>\r\n            <td colspan=\"3\">220\/240VAC \u00b115%<\/td>\r\n        <\/tr>\r\n        <tr>\r\n            <td>Frequ\u00eancia<\/td>\r\n            <td colspan=\"3\">50\/60HZ<\/td>\r\n        <\/tr>\r\n        <tr>\r\n            <td>MAX. Corrente de entrada<\/td>\r\n            <td>16A<\/td>\r\n            <td>32A<\/td>\r\n            <td>40A<\/td>\r\n        <\/tr>\r\n\r\n        <!-- Output -->\r\n        <tr>\r\n            <td>Tens\u00e3o de sa\u00edda<\/td>\r\n            <td colspan=\"3\">220\/240VAC \u00b115%<\/td>\r\n        <\/tr>\r\n        <tr>\r\n            <td>Gama de corrente de sa\u00edda<\/td>\r\n            <td>16A<\/td>\r\n            <td>32A<\/td>\r\n            <td>40A<\/td>\r\n        <\/tr>\r\n        <tr>\r\n            <td>Pot\u00eancia nominal<\/td>\r\n            <td>3,5 kW<\/td>\r\n            <td>7kW<\/td>\r\n            <td>9,6kW<\/td>\r\n        <\/tr>\r\n\r\n        <!-- User Interface -->\r\n        <tr>\r\n            <td>Ficha de carregamento<\/td>\r\n            <td colspan=\"3\">SAE J1772 (Tipo 1)<\/td>\r\n        <\/tr>\r\n        <tr>\r\n            <td>Indicador LED<\/td>\r\n            <td colspan=\"3\">LED RGB<\/td>\r\n        <\/tr>\r\n        <tr>\r\n            <td>Ecr\u00e3<\/td>\r\n            <td colspan=\"3\">Luz LED<\/td>\r\n        <\/tr>\r\n        <tr>\r\n            <td>Comprimento do cabo<\/td>\r\n            <td colspan=\"3\">5m (ou personalizado)<\/td>\r\n        <\/tr>\r\n        <tr>\r\n            <td>Modo de arranque<\/td>\r\n            <td colspan=\"3\">Plug &amp; Play<\/td>\r\n        <\/tr>\r\n        <tr>\r\n            <td>M\u00e9todo de instala\u00e7\u00e3o<\/td>\r\n            <td colspan=\"3\">Port\u00e1til<\/td>\r\n        <\/tr>\r\n\r\n        <!-- Material -->\r\n        <tr>\r\n            <td>Material da caixa<\/td>\r\n            <td colspan=\"3\">PC+ABS<\/td>\r\n        <\/tr>\r\n        <tr>\r\n            <td>Material do cabo<\/td>\r\n            <td colspan=\"3\">TPU<\/td>\r\n        <\/tr>\r\n\r\n        <!-- Safety -->\r\n        <tr>\r\n            <td>Contador de energia<\/td>\r\n            <td colspan=\"3\">Medidor de bordo<\/td>\r\n        <\/tr>\r\n        <tr>\r\n            <td>RCD<\/td>\r\n            <td colspan=\"3\">Tipo A+B AC30mA + DC6mA<\/td>\r\n        <\/tr>\r\n        <tr>\r\n            <td>Classe de prote\u00e7\u00e3o<\/td>\r\n            <td colspan=\"3\">IP65<\/td>\r\n        <\/tr>\r\n        <tr>\r\n            <td>Prote\u00e7\u00e3o contra impactos<\/td>\r\n            <td colspan=\"3\">IK10<\/td>\r\n        <\/tr>\r\n        <tr>\r\n            <td>Prote\u00e7\u00e3o el\u00e9ctrica<\/td>\r\n            <td colspan=\"3\">\r\n                Sobrecorrente, Sobretens\u00e3o\/Subtens\u00e3o, RCD, Prote\u00e7\u00e3o de terra, Sobretens\u00e3o, Sobretemperatura\r\n            <\/td>\r\n        <\/tr>\r\n        <tr>\r\n            <td>Energia em espera<\/td>\r\n            <td colspan=\"3\">&lt;3W<\/td>\r\n        <\/tr>\r\n\r\n        <!-- Standard \/ Certification -->\r\n        <tr>\r\n            <td>Padr\u00e3o<\/td>\r\n            <td colspan=\"3\">\r\n                EN\/IEC 61851-1: 2019<br>\r\n                EN\/IEC 62196-2: 2017<br>\r\n                EN\/IEC 61000<br>\r\n                2014\/35\/UE\r\n            <\/td>\r\n        <\/tr>\r\n        <tr>\r\n            <td>Garantia<\/td>\r\n            <td colspan=\"3\">2 anos<\/td>\r\n        <\/tr>\r\n        <tr>\r\n            <td>Certifica\u00e7\u00e3o<\/td>\r\n            <td colspan=\"3\">TUV CE<\/td>\r\n        <\/tr>\r\n\r\n        <!-- Environment -->\r\n        <tr>\r\n            <td>Arrefecimento<\/td>\r\n            <td colspan=\"3\">Arrefecimento natural<\/td>\r\n        <\/tr>\r\n        <tr>\r\n            <td>Temperatura de trabalho<\/td>\r\n            <td colspan=\"3\">-25\u2103 ~ +60\u2103<\/td>\r\n        <\/tr>\r\n        <tr>\r\n            <td>Humidade de trabalho<\/td>\r\n            <td colspan=\"3\">5% ~ 95%<\/td>\r\n        <\/tr>\r\n        <tr>\r\n            <td>Altitude de trabalho<\/td>\r\n            <td colspan=\"3\">&lt;2000M<\/td>\r\n        <\/tr>\r\n    <\/tbody>\r\n<\/table>\t\t\t\t<\/div>\n\t\t\t\t<\/div>\n\t\t\t\t\t<\/div>\n\t\t\t\t<\/div>\n\t\t<div class=\"elementor-element elementor-element-02a93d1 e-flex e-con-boxed e-con e-parent\" data-id=\"02a93d1\" data-element_type=\"container\" data-e-type=\"container\">\n\t\t\t\t\t<div class=\"e-con-inner\">\n\t\t\t\t<div class=\"elementor-element elementor-element-d75bb56 elementor-widget elementor-widget-heading\" data-id=\"d75bb56\" data-element_type=\"widget\" data-e-type=\"widget\" data-widget_type=\"heading.default\">\n\t\t\t\t<div class=\"elementor-widget-container\">\n\t\t\t\t\t<h2 class=\"elementor-heading-title elementor-size-default\">Adicione o seu texto de t\u00edtulo aqui<\/h2>\t\t\t\t<\/div>\n\t\t\t\t<\/div>\n\t\t\t\t\t<\/div>\n\t\t\t\t<\/div>\n\t\t\t\t<\/div>","protected":false},"excerpt":{"rendered":"<p>AC Portable Charger EVE-P-CW-US North America Grid Compatibility Purpose-built for the North American 240V split-phase power system, compliant with UL 2202, UL 2594, and NEC installation codes. Designed to integrate seamlessly with standard commercial and residential electrical panels found across the U.S. and Canada. Eliminates the guesswork of cross-market hardware sourcing \u2014 one unit, fully [&hellip;]<\/p>\n","protected":false},"author":1,"featured_media":0,"parent":0,"menu_order":0,"comment_status":"closed","ping_status":"closed","template":"","meta":{"content-type":"","site-sidebar-layout":"no-sidebar","site-content-layout":"page-builder","ast-site-content-layout":"full-width-container","site-content-style":"default","site-sidebar-style":"default","ast-global-header-display":"","ast-banner-title-visibility":"","ast-main-header-display":"","ast-hfb-above-header-display":"","ast-hfb-below-header-display":"","ast-hfb-mobile-header-display":"","site-post-title":"","ast-breadcrumbs-content":"","ast-featured-img":"disabled","footer-sml-layout":"","ast-disable-related-posts":"","theme-transparent-header-meta":"","adv-header-id-meta":"","stick-header-meta":"","header-above-stick-meta":"","header-main-stick-meta":"","header-below-stick-meta":"","astra-migrate-meta-layouts":"set","ast-page-background-enabled":"default","ast-page-background-meta":{"desktop":{"background-color":"","background-image":"","background-repeat":"repeat","background-position":"center center","background-size":"auto","background-attachment":"scroll","background-type":"","background-media":"","overlay-type":"","overlay-color":"","overlay-opacity":"","overlay-gradient":""},"tablet":{"background-color":"","background-image":"","background-repeat":"repeat","background-position":"center center","background-size":"auto","background-attachment":"scroll","background-type":"","background-media":"","overlay-type":"","overlay-color":"","overlay-opacity":"","overlay-gradient":""},"mobile":{"background-color":"","background-image":"","background-repeat":"repeat","background-position":"center center","background-size":"auto","background-attachment":"scroll","background-type":"","background-media":"","overlay-type":"","overlay-color":"","overlay-opacity":"","overlay-gradient":""}},"ast-content-background-meta":{"desktop":{"background-color":"var(--ast-global-color-5)","background-image":"","background-repeat":"repeat","background-position":"center center","background-size":"auto","background-attachment":"scroll","background-type":"","background-media":"","overlay-type":"","overlay-color":"","overlay-opacity":"","overlay-gradient":""},"tablet":{"background-color":"var(--ast-global-color-5)","background-image":"","background-repeat":"repeat","background-position":"center center","background-size":"auto","background-attachment":"scroll","background-type":"","background-media":"","overlay-type":"","overlay-color":"","overlay-opacity":"","overlay-gradient":""},"mobile":{"background-color":"var(--ast-global-color-5)","background-image":"","background-repeat":"repeat","background-position":"center center","background-size":"auto","background-attachment":"scroll","background-type":"","background-media":"","overlay-type":"","overlay-color":"","overlay-opacity":"","overlay-gradient":""}},"footnotes":""},"class_list":["post-4523","page","type-page","status-publish","hentry"],"_links":{"self":[{"href":"https:\/\/eve-go.com\/pt\/wp-json\/wp\/v2\/pages\/4523","targetHints":{"allow":["GET"]}}],"collection":[{"href":"https:\/\/eve-go.com\/pt\/wp-json\/wp\/v2\/pages"}],"about":[{"href":"https:\/\/eve-go.com\/pt\/wp-json\/wp\/v2\/types\/page"}],"author":[{"embeddable":true,"href":"https:\/\/eve-go.com\/pt\/wp-json\/wp\/v2\/users\/1"}],"replies":[{"embeddable":true,"href":"https:\/\/eve-go.com\/pt\/wp-json\/wp\/v2\/comments?post=4523"}],"version-history":[{"count":13,"href":"https:\/\/eve-go.com\/pt\/wp-json\/wp\/v2\/pages\/4523\/revisions"}],"predecessor-version":[{"id":5772,"href":"https:\/\/eve-go.com\/pt\/wp-json\/wp\/v2\/pages\/4523\/revisions\/5772"}],"wp:attachment":[{"href":"https:\/\/eve-go.com\/pt\/wp-json\/wp\/v2\/media?parent=4523"}],"curies":[{"name":"wp","href":"https:\/\/api.w.org\/{rel}","templated":true}]}}