{"id":5110,"date":"2026-02-25T13:47:08","date_gmt":"2026-02-25T13:47:08","guid":{"rendered":"https:\/\/allevcharging.com\/?page_id=5110"},"modified":"2026-02-25T13:57:55","modified_gmt":"2026-02-25T13:57:55","slug":"chargement-a-destination","status":"publish","type":"page","link":"https:\/\/eve-go.com\/fr\/chargement-a-destination\/","title":{"rendered":"Chargement \u00e0 destination"},"content":{"rendered":"<div data-elementor-type=\"wp-page\" data-elementor-id=\"5110\" class=\"elementor elementor-5110\" data-elementor-post-type=\"page\">\n\t\t\t\t<div class=\"elementor-element elementor-element-8cdeaf4 e-flex e-con-boxed e-con e-parent\" data-id=\"8cdeaf4\" data-element_type=\"container\" data-e-type=\"container\">\n\t\t\t\t\t<div class=\"e-con-inner\">\n\t\t\t\t<div class=\"elementor-element elementor-element-767ece3 elementor-widget elementor-widget-heading\" data-id=\"767ece3\" data-element_type=\"widget\" data-e-type=\"widget\" data-widget_type=\"heading.default\">\n\t\t\t\t<div class=\"elementor-widget-container\">\n\t\t\t\t\t<h2 class=\"elementor-heading-title elementor-size-default\">Chargement \u00e0 destination<\/h2>\t\t\t\t<\/div>\n\t\t\t\t<\/div>\n\t\t\t\t<div class=\"elementor-element elementor-element-aa5c4c9 elementor-widget elementor-widget-heading\" data-id=\"aa5c4c9\" data-element_type=\"widget\" data-e-type=\"widget\" data-widget_type=\"heading.default\">\n\t\t\t\t<div class=\"elementor-widget-container\">\n\t\t\t\t\t<h3 class=\"elementor-heading-title elementor-size-default\">D\u00e9finition de base<\/h3>\t\t\t\t<\/div>\n\t\t\t\t<\/div>\n\t\t\t\t<div class=\"elementor-element elementor-element-b9a06b3 elementor-widget elementor-widget-text-editor\" data-id=\"b9a06b3\" data-element_type=\"widget\" data-e-type=\"widget\" data-widget_type=\"text-editor.default\">\n\t\t\t\t<div class=\"elementor-widget-container\">\n\t\t\t\t\t\t\t\t\t<p>La recharge \u00e0 destination fait r\u00e9f\u00e9rence \u00e0 la recharge qui a lieu \u00e0 la fin d'un voyage ou dans des lieux o\u00f9 le conducteur a l'intention de rester pendant une p\u00e9riode prolong\u00e9e (par exemple, h\u00f4tels, bureaux, centres commerciaux, attractions touristiques). Contrairement \u00e0 la \u201crecharge en route\u201d (par exemple, la recharge rapide sur autoroute) qui privil\u00e9gie la vitesse, la recharge \u00e0 destination se concentre sur la \u201ccommodit\u00e9 de la recharge\u201d, en utilisant le temps que le conducteur consacre \u00e0 d'autres activit\u00e9s pour se r\u00e9approvisionner en \u00e9nergie \u00e0 des vitesses plus faibles (g\u00e9n\u00e9ralement la recharge en courant alternatif).<\/p><h3><strong>Analyse du point de vue de l'environnement de l'application<\/strong><\/h3><p>Ce mod\u00e8le transforme l'infrastructure de recharge d'un concept de \u201cstation-service\u201d en une \u201ccommodit\u00e9\u201d, en mettant l'accent sur l'exp\u00e9rience de l'utilisateur et la g\u00e9n\u00e9ration de trafic commercial.<\/p><ul><li><strong>H\u00f4tels et centres de vill\u00e9giature (hospitalit\u00e9) :<\/strong><br \/>C'est le sc\u00e9nario par excellence. Les invit\u00e9s passent la nuit sur place et leurs v\u00e9hicules se rechargent lentement en m\u00eame temps. Pour les voyageurs, la pr\u00e9sence de chargeurs est devenue un crit\u00e8re essentiel dans le choix d'un h\u00e9bergement. Dans ce contexte, la recharge est un outil essentiel pour am\u00e9liorer la satisfaction des clients.<\/li><li><strong>Grandes surfaces et centres de loisirs :<\/strong><br \/>Dans les centres commerciaux ou les parcs d'attractions, la dur\u00e9e d'utilisation varie g\u00e9n\u00e9ralement de 2 \u00e0 6 heures. La recharge \u00e0 destination \u00e9limine l'anxi\u00e9t\u00e9 li\u00e9e \u00e0 l'autonomie pendant que les clients font leurs achats, ce qui accro\u00eet leur fid\u00e9lit\u00e9. Pour les d\u00e9taillants, les chargeurs ne sont pas seulement des infrastructures, mais aussi des outils de marketing qui leur permettent d'attirer les propri\u00e9taires de VE les plus fortun\u00e9s dans leur zone commerciale.<\/li><\/ul>\t\t\t\t\t\t\t\t<\/div>\n\t\t\t\t<\/div>\n\t\t\t\t\t<\/div>\n\t\t\t\t<\/div>\n\t\t<div class=\"elementor-element elementor-element-015a267 e-flex e-con-boxed e-con e-parent\" data-id=\"015a267\" data-element_type=\"container\" data-e-type=\"container\">\n\t\t\t\t\t<div class=\"e-con-inner\">\n\t\t<div class=\"elementor-element elementor-element-dcdfd57 e-con-full e-flex e-con e-child\" data-id=\"dcdfd57\" data-element_type=\"container\" data-e-type=\"container\">\n\t\t\t\t<div class=\"elementor-element elementor-element-36b16d5 elementor-widget elementor-widget-image\" data-id=\"36b16d5\" data-element_type=\"widget\" data-e-type=\"widget\" data-widget_type=\"image.default\">\n\t\t\t\t<div class=\"elementor-widget-container\">\n\t\t\t\t\t\t\t\t\t\t\t\t\t\t\t<img fetchpriority=\"high\" decoding=\"async\" width=\"800\" height=\"600\" src=\"https:\/\/eve-go.com\/wp-content\/uploads\/2026\/01\/V2G.jpg\" class=\"attachment-large size-large wp-image-2631\" alt=\"\" srcset=\"https:\/\/eve-go.com\/wp-content\/uploads\/2026\/01\/V2G.jpg 800w, https:\/\/eve-go.com\/wp-content\/uploads\/2026\/01\/V2G-300x225.jpg 300w, https:\/\/eve-go.com\/wp-content\/uploads\/2026\/01\/V2G-768x576.jpg 768w, https:\/\/eve-go.com\/wp-content\/uploads\/2026\/01\/V2G-16x12.jpg 16w\" sizes=\"(max-width: 800px) 100vw, 800px\" \/>\t\t\t\t\t\t\t\t\t\t\t\t\t\t\t<\/div>\n\t\t\t\t<\/div>\n\t\t\t\t<div class=\"elementor-element elementor-element-be88a4d elementor-widget elementor-widget-heading\" data-id=\"be88a4d\" data-element_type=\"widget\" data-e-type=\"widget\" data-widget_type=\"heading.default\">\n\t\t\t\t<div class=\"elementor-widget-container\">\n\t\t\t\t\t<p class=\"elementor-heading-title elementor-size-default\">V2G<\/p>\t\t\t\t<\/div>\n\t\t\t\t<\/div>\n\t\t\t\t<\/div>\n\t\t<div class=\"elementor-element elementor-element-882657f e-con-full e-flex e-con e-child\" data-id=\"882657f\" data-element_type=\"container\" data-e-type=\"container\">\n\t\t\t\t<div class=\"elementor-element elementor-element-47097af elementor-widget elementor-widget-image\" data-id=\"47097af\" data-element_type=\"widget\" data-e-type=\"widget\" data-widget_type=\"image.default\">\n\t\t\t\t<div class=\"elementor-widget-container\">\n\t\t\t\t\t\t\t\t\t\t\t\t\t\t\t<img decoding=\"async\" width=\"800\" height=\"600\" src=\"https:\/\/eve-go.com\/wp-content\/uploads\/2026\/01\/EV-Smart-Charging.jpg\" class=\"attachment-large size-large wp-image-2630\" alt=\"\" srcset=\"https:\/\/eve-go.com\/wp-content\/uploads\/2026\/01\/EV-Smart-Charging.jpg 800w, https:\/\/eve-go.com\/wp-content\/uploads\/2026\/01\/EV-Smart-Charging-300x225.jpg 300w, https:\/\/eve-go.com\/wp-content\/uploads\/2026\/01\/EV-Smart-Charging-768x576.jpg 768w, https:\/\/eve-go.com\/wp-content\/uploads\/2026\/01\/EV-Smart-Charging-16x12.jpg 16w\" sizes=\"(max-width: 800px) 100vw, 800px\" \/>\t\t\t\t\t\t\t\t\t\t\t\t\t\t\t<\/div>\n\t\t\t\t<\/div>\n\t\t\t\t<div class=\"elementor-element elementor-element-a02aa7b elementor-widget elementor-widget-heading\" data-id=\"a02aa7b\" data-element_type=\"widget\" data-e-type=\"widget\" data-widget_type=\"heading.default\">\n\t\t\t\t<div class=\"elementor-widget-container\">\n\t\t\t\t\t<p class=\"elementor-heading-title elementor-size-default\">Chargement intelligent des VE<\/p>\t\t\t\t<\/div>\n\t\t\t\t<\/div>\n\t\t\t\t<\/div>\n\t\t<div class=\"elementor-element elementor-element-50453c1 e-con-full e-flex e-con e-child\" data-id=\"50453c1\" data-element_type=\"container\" data-e-type=\"container\">\n\t\t\t\t<div class=\"elementor-element elementor-element-962729f elementor-widget elementor-widget-image\" data-id=\"962729f\" data-element_type=\"widget\" data-e-type=\"widget\" data-widget_type=\"image.default\">\n\t\t\t\t<div class=\"elementor-widget-container\">\n\t\t\t\t\t\t\t\t\t\t\t\t\t\t\t<img decoding=\"async\" width=\"800\" height=\"600\" src=\"https:\/\/eve-go.com\/wp-content\/uploads\/2026\/01\/EV-Roaming.jpg\" class=\"attachment-large size-large wp-image-2628\" alt=\"\" srcset=\"https:\/\/eve-go.com\/wp-content\/uploads\/2026\/01\/EV-Roaming.jpg 800w, https:\/\/eve-go.com\/wp-content\/uploads\/2026\/01\/EV-Roaming-300x225.jpg 300w, https:\/\/eve-go.com\/wp-content\/uploads\/2026\/01\/EV-Roaming-768x576.jpg 768w, https:\/\/eve-go.com\/wp-content\/uploads\/2026\/01\/EV-Roaming-16x12.jpg 16w\" sizes=\"(max-width: 800px) 100vw, 800px\" \/>\t\t\t\t\t\t\t\t\t\t\t\t\t\t\t<\/div>\n\t\t\t\t<\/div>\n\t\t\t\t<div class=\"elementor-element elementor-element-3607a3a elementor-widget elementor-widget-heading\" data-id=\"3607a3a\" data-element_type=\"widget\" data-e-type=\"widget\" data-widget_type=\"heading.default\">\n\t\t\t\t<div class=\"elementor-widget-container\">\n\t\t\t\t\t<p class=\"elementor-heading-title elementor-size-default\">Itin\u00e9rance EV<\/p>\t\t\t\t<\/div>\n\t\t\t\t<\/div>\n\t\t\t\t<\/div>\n\t\t<div class=\"elementor-element elementor-element-95b2abe e-con-full e-flex e-con e-child\" data-id=\"95b2abe\" data-element_type=\"container\" data-e-type=\"container\">\n\t\t\t\t<div class=\"elementor-element elementor-element-7328bf5 elementor-widget elementor-widget-image\" data-id=\"7328bf5\" data-element_type=\"widget\" data-e-type=\"widget\" data-widget_type=\"image.default\">\n\t\t\t\t<div class=\"elementor-widget-container\">\n\t\t\t\t\t\t\t\t\t\t\t\t\t\t\t<img loading=\"lazy\" decoding=\"async\" width=\"800\" height=\"600\" src=\"https:\/\/eve-go.com\/wp-content\/uploads\/2026\/01\/Electric-Vehicle-Fleet-Operator.jpg\" class=\"attachment-large size-large wp-image-2627\" alt=\"\" srcset=\"https:\/\/eve-go.com\/wp-content\/uploads\/2026\/01\/Electric-Vehicle-Fleet-Operator.jpg 800w, https:\/\/eve-go.com\/wp-content\/uploads\/2026\/01\/Electric-Vehicle-Fleet-Operator-300x225.jpg 300w, https:\/\/eve-go.com\/wp-content\/uploads\/2026\/01\/Electric-Vehicle-Fleet-Operator-768x576.jpg 768w, https:\/\/eve-go.com\/wp-content\/uploads\/2026\/01\/Electric-Vehicle-Fleet-Operator-16x12.jpg 16w\" sizes=\"(max-width: 800px) 100vw, 800px\" \/>\t\t\t\t\t\t\t\t\t\t\t\t\t\t\t<\/div>\n\t\t\t\t<\/div>\n\t\t\t\t<div class=\"elementor-element elementor-element-f92239b elementor-widget elementor-widget-heading\" data-id=\"f92239b\" data-element_type=\"widget\" data-e-type=\"widget\" data-widget_type=\"heading.default\">\n\t\t\t\t<div class=\"elementor-widget-container\">\n\t\t\t\t\t<p class=\"elementor-heading-title elementor-size-default\">Op\u00e9rateur de flotte de v\u00e9hicules \u00e9lectriques<\/p>\t\t\t\t<\/div>\n\t\t\t\t<\/div>\n\t\t\t\t<\/div>\n\t\t<div class=\"elementor-element elementor-element-1428789 e-con-full e-flex e-con e-child\" data-id=\"1428789\" data-element_type=\"container\" data-e-type=\"container\">\n\t\t\t\t<div class=\"elementor-element elementor-element-22ef921 elementor-widget elementor-widget-image\" data-id=\"22ef921\" data-element_type=\"widget\" data-e-type=\"widget\" data-widget_type=\"image.default\">\n\t\t\t\t<div class=\"elementor-widget-container\">\n\t\t\t\t\t\t\t\t\t\t\t\t\t\t\t<img loading=\"lazy\" decoding=\"async\" width=\"800\" height=\"600\" src=\"https:\/\/eve-go.com\/wp-content\/uploads\/2026\/01\/Dynamic-Load-Balancing.jpg\" class=\"attachment-large size-large wp-image-2626\" alt=\"\" srcset=\"https:\/\/eve-go.com\/wp-content\/uploads\/2026\/01\/Dynamic-Load-Balancing.jpg 800w, https:\/\/eve-go.com\/wp-content\/uploads\/2026\/01\/Dynamic-Load-Balancing-300x225.jpg 300w, https:\/\/eve-go.com\/wp-content\/uploads\/2026\/01\/Dynamic-Load-Balancing-768x576.jpg 768w, https:\/\/eve-go.com\/wp-content\/uploads\/2026\/01\/Dynamic-Load-Balancing-16x12.jpg 16w\" sizes=\"(max-width: 800px) 100vw, 800px\" \/>\t\t\t\t\t\t\t\t\t\t\t\t\t\t\t<\/div>\n\t\t\t\t<\/div>\n\t\t\t\t<div class=\"elementor-element elementor-element-dd6d5cd elementor-widget elementor-widget-heading\" data-id=\"dd6d5cd\" data-element_type=\"widget\" data-e-type=\"widget\" data-widget_type=\"heading.default\">\n\t\t\t\t<div class=\"elementor-widget-container\">\n\t\t\t\t\t<p class=\"elementor-heading-title elementor-size-default\">\u00c9quilibrage dynamique de la charge<\/p>\t\t\t\t<\/div>\n\t\t\t\t<\/div>\n\t\t\t\t<\/div>\n\t\t<div class=\"elementor-element elementor-element-6ca1a34 e-con-full e-flex e-con e-child\" data-id=\"6ca1a34\" data-element_type=\"container\" data-e-type=\"container\">\n\t\t\t\t<div class=\"elementor-element elementor-element-50e2da8 elementor-widget elementor-widget-image\" data-id=\"50e2da8\" data-element_type=\"widget\" data-e-type=\"widget\" data-widget_type=\"image.default\">\n\t\t\t\t<div class=\"elementor-widget-container\">\n\t\t\t\t\t\t\t\t\t\t\t\t\t\t\t<img loading=\"lazy\" decoding=\"async\" width=\"800\" height=\"600\" src=\"https:\/\/eve-go.com\/wp-content\/uploads\/2026\/01\/Demand-Side-Response.jpg\" class=\"attachment-large size-large wp-image-2625\" alt=\"\" srcset=\"https:\/\/eve-go.com\/wp-content\/uploads\/2026\/01\/Demand-Side-Response.jpg 800w, https:\/\/eve-go.com\/wp-content\/uploads\/2026\/01\/Demand-Side-Response-300x225.jpg 300w, https:\/\/eve-go.com\/wp-content\/uploads\/2026\/01\/Demand-Side-Response-768x576.jpg 768w, https:\/\/eve-go.com\/wp-content\/uploads\/2026\/01\/Demand-Side-Response-16x12.jpg 16w\" sizes=\"(max-width: 800px) 100vw, 800px\" \/>\t\t\t\t\t\t\t\t\t\t\t\t\t\t\t<\/div>\n\t\t\t\t<\/div>\n\t\t\t\t<div class=\"elementor-element elementor-element-31db5ca elementor-widget elementor-widget-heading\" data-id=\"31db5ca\" data-element_type=\"widget\" data-e-type=\"widget\" data-widget_type=\"heading.default\">\n\t\t\t\t<div class=\"elementor-widget-container\">\n\t\t\t\t\t<p class=\"elementor-heading-title elementor-size-default\">R\u00e9ponse \u00e0 la demande<\/p>\t\t\t\t<\/div>\n\t\t\t\t<\/div>\n\t\t\t\t<\/div>\n\t\t<div class=\"elementor-element elementor-element-e578bbf e-con-full e-flex e-con e-child\" data-id=\"e578bbf\" data-element_type=\"container\" data-e-type=\"container\">\n\t\t\t\t<div class=\"elementor-element elementor-element-4f3e953 elementor-widget elementor-widget-image\" data-id=\"4f3e953\" data-element_type=\"widget\" data-e-type=\"widget\" data-widget_type=\"image.default\">\n\t\t\t\t<div class=\"elementor-widget-container\">\n\t\t\t\t\t\t\t\t\t\t\t\t\t\t\t<img loading=\"lazy\" decoding=\"async\" width=\"800\" height=\"600\" src=\"https:\/\/eve-go.com\/wp-content\/uploads\/2026\/01\/CPO.jpg\" class=\"attachment-large size-large wp-image-2624\" alt=\"\" srcset=\"https:\/\/eve-go.com\/wp-content\/uploads\/2026\/01\/CPO.jpg 800w, https:\/\/eve-go.com\/wp-content\/uploads\/2026\/01\/CPO-300x225.jpg 300w, https:\/\/eve-go.com\/wp-content\/uploads\/2026\/01\/CPO-768x576.jpg 768w, https:\/\/eve-go.com\/wp-content\/uploads\/2026\/01\/CPO-16x12.jpg 16w\" sizes=\"(max-width: 800px) 100vw, 800px\" \/>\t\t\t\t\t\t\t\t\t\t\t\t\t\t\t<\/div>\n\t\t\t\t<\/div>\n\t\t\t\t<div class=\"elementor-element elementor-element-d017313 elementor-widget elementor-widget-heading\" data-id=\"d017313\" data-element_type=\"widget\" data-e-type=\"widget\" data-widget_type=\"heading.default\">\n\t\t\t\t<div class=\"elementor-widget-container\">\n\t\t\t\t\t<p class=\"elementor-heading-title elementor-size-default\">CPO<\/p>\t\t\t\t<\/div>\n\t\t\t\t<\/div>\n\t\t\t\t<\/div>\n\t\t<div class=\"elementor-element elementor-element-194e270 e-con-full e-flex e-con e-child\" data-id=\"194e270\" data-element_type=\"container\" data-e-type=\"container\">\n\t\t\t\t<div class=\"elementor-element elementor-element-c42a450 elementor-widget elementor-widget-image\" data-id=\"c42a450\" data-element_type=\"widget\" data-e-type=\"widget\" data-widget_type=\"image.default\">\n\t\t\t\t<div class=\"elementor-widget-container\">\n\t\t\t\t\t\t\t\t\t\t\t\t\t\t\t<img loading=\"lazy\" decoding=\"async\" width=\"800\" height=\"600\" src=\"https:\/\/eve-go.com\/wp-content\/uploads\/2026\/01\/AC-Charging.png\" class=\"attachment-large size-large wp-image-2623\" alt=\"\" srcset=\"https:\/\/eve-go.com\/wp-content\/uploads\/2026\/01\/AC-Charging.png 800w, https:\/\/eve-go.com\/wp-content\/uploads\/2026\/01\/AC-Charging-300x225.png 300w, https:\/\/eve-go.com\/wp-content\/uploads\/2026\/01\/AC-Charging-768x576.png 768w, https:\/\/eve-go.com\/wp-content\/uploads\/2026\/01\/AC-Charging-16x12.png 16w\" sizes=\"(max-width: 800px) 100vw, 800px\" \/>\t\t\t\t\t\t\t\t\t\t\t\t\t\t\t<\/div>\n\t\t\t\t<\/div>\n\t\t\t\t<div class=\"elementor-element elementor-element-0f24b94 elementor-widget elementor-widget-heading\" data-id=\"0f24b94\" data-element_type=\"widget\" data-e-type=\"widget\" data-widget_type=\"heading.default\">\n\t\t\t\t<div class=\"elementor-widget-container\">\n\t\t\t\t\t<p class=\"elementor-heading-title elementor-size-default\">Chargement en courant alternatif<\/p>\t\t\t\t<\/div>\n\t\t\t\t<\/div>\n\t\t\t\t<\/div>\n\t\t<div class=\"elementor-element elementor-element-9bcd26a e-con-full e-flex e-con e-child\" data-id=\"9bcd26a\" data-element_type=\"container\" data-e-type=\"container\">\n\t\t\t\t<div class=\"elementor-element elementor-element-bea33aa elementor-widget elementor-widget-image\" data-id=\"bea33aa\" data-element_type=\"widget\" data-e-type=\"widget\" data-widget_type=\"image.default\">\n\t\t\t\t<div class=\"elementor-widget-container\">\n\t\t\t\t\t\t\t\t\t\t\t\t\t\t\t<img loading=\"lazy\" decoding=\"async\" width=\"800\" height=\"600\" src=\"https:\/\/eve-go.com\/wp-content\/uploads\/2026\/01\/V2V.png\" class=\"attachment-large size-large wp-image-2622\" alt=\"\" srcset=\"https:\/\/eve-go.com\/wp-content\/uploads\/2026\/01\/V2V.png 800w, https:\/\/eve-go.com\/wp-content\/uploads\/2026\/01\/V2V-300x225.png 300w, https:\/\/eve-go.com\/wp-content\/uploads\/2026\/01\/V2V-768x576.png 768w, https:\/\/eve-go.com\/wp-content\/uploads\/2026\/01\/V2V-16x12.png 16w\" sizes=\"(max-width: 800px) 100vw, 800px\" \/>\t\t\t\t\t\t\t\t\t\t\t\t\t\t\t<\/div>\n\t\t\t\t<\/div>\n\t\t\t\t<div class=\"elementor-element elementor-element-eb7bec7 elementor-widget elementor-widget-heading\" data-id=\"eb7bec7\" data-element_type=\"widget\" data-e-type=\"widget\" data-widget_type=\"heading.default\">\n\t\t\t\t<div class=\"elementor-widget-container\">\n\t\t\t\t\t<p class=\"elementor-heading-title elementor-size-default\">V2V<\/p>\t\t\t\t<\/div>\n\t\t\t\t<\/div>\n\t\t\t\t<\/div>\n\t\t<div class=\"elementor-element elementor-element-47f59fd e-con-full e-flex e-con e-child\" data-id=\"47f59fd\" data-element_type=\"container\" data-e-type=\"container\">\n\t\t\t\t<div class=\"elementor-element elementor-element-3885eec elementor-widget elementor-widget-image\" data-id=\"3885eec\" data-element_type=\"widget\" data-e-type=\"widget\" data-widget_type=\"image.default\">\n\t\t\t\t<div class=\"elementor-widget-container\">\n\t\t\t\t\t\t\t\t\t\t\t\t\t\t\t<img loading=\"lazy\" decoding=\"async\" width=\"800\" height=\"600\" src=\"https:\/\/eve-go.com\/wp-content\/uploads\/2026\/01\/V2L.jpg\" class=\"attachment-large size-large wp-image-2621\" alt=\"\" srcset=\"https:\/\/eve-go.com\/wp-content\/uploads\/2026\/01\/V2L.jpg 800w, https:\/\/eve-go.com\/wp-content\/uploads\/2026\/01\/V2L-300x225.jpg 300w, https:\/\/eve-go.com\/wp-content\/uploads\/2026\/01\/V2L-768x576.jpg 768w, https:\/\/eve-go.com\/wp-content\/uploads\/2026\/01\/V2L-16x12.jpg 16w\" sizes=\"(max-width: 800px) 100vw, 800px\" \/>\t\t\t\t\t\t\t\t\t\t\t\t\t\t\t<\/div>\n\t\t\t\t<\/div>\n\t\t\t\t<div class=\"elementor-element elementor-element-5dcc232 elementor-widget elementor-widget-heading\" data-id=\"5dcc232\" data-element_type=\"widget\" data-e-type=\"widget\" data-widget_type=\"heading.default\">\n\t\t\t\t<div class=\"elementor-widget-container\">\n\t\t\t\t\t<p class=\"elementor-heading-title elementor-size-default\">V2L<\/p>\t\t\t\t<\/div>\n\t\t\t\t<\/div>\n\t\t\t\t<\/div>\n\t\t<div class=\"elementor-element elementor-element-2f5dc07 e-con-full e-flex e-con e-child\" data-id=\"2f5dc07\" data-element_type=\"container\" data-e-type=\"container\">\n\t\t\t\t<div class=\"elementor-element elementor-element-354cf04 elementor-widget elementor-widget-image\" data-id=\"354cf04\" data-element_type=\"widget\" data-e-type=\"widget\" data-widget_type=\"image.default\">\n\t\t\t\t<div class=\"elementor-widget-container\">\n\t\t\t\t\t\t\t\t\t\t\t\t\t\t\t<img loading=\"lazy\" decoding=\"async\" width=\"800\" height=\"600\" src=\"https:\/\/eve-go.com\/wp-content\/uploads\/2026\/01\/V2H.png\" class=\"attachment-large size-large wp-image-2620\" alt=\"\" srcset=\"https:\/\/eve-go.com\/wp-content\/uploads\/2026\/01\/V2H.png 800w, https:\/\/eve-go.com\/wp-content\/uploads\/2026\/01\/V2H-300x225.png 300w, https:\/\/eve-go.com\/wp-content\/uploads\/2026\/01\/V2H-768x576.png 768w, https:\/\/eve-go.com\/wp-content\/uploads\/2026\/01\/V2H-16x12.png 16w\" sizes=\"(max-width: 800px) 100vw, 800px\" \/>\t\t\t\t\t\t\t\t\t\t\t\t\t\t\t<\/div>\n\t\t\t\t<\/div>\n\t\t\t\t<div class=\"elementor-element elementor-element-a419e8c elementor-widget elementor-widget-heading\" data-id=\"a419e8c\" data-element_type=\"widget\" data-e-type=\"widget\" data-widget_type=\"heading.default\">\n\t\t\t\t<div class=\"elementor-widget-container\">\n\t\t\t\t\t<p class=\"elementor-heading-title elementor-size-default\">V2H<\/p>\t\t\t\t<\/div>\n\t\t\t\t<\/div>\n\t\t\t\t<\/div>\n\t\t\t\t\t<\/div>\n\t\t\t\t<\/div>\n\t\t\t\t<\/div>","protected":false},"excerpt":{"rendered":"<p>Destination Charging Core Definition Destination Charging refers to charging that occurs at the end of a trip or at locations where the driver intends to stay for an extended period (e.g., hotels, offices, malls, tourist attractions). Unlike &#8220;en-route charging&#8221; (e.g., highway fast charging) which prioritizes speed, destination charging focuses on &#8220;top-up convenience,&#8221; utilizing the time [&hellip;]<\/p>\n","protected":false},"author":1,"featured_media":0,"parent":0,"menu_order":0,"comment_status":"closed","ping_status":"closed","template":"","meta":{"content-type":"","site-sidebar-layout":"no-sidebar","site-content-layout":"page-builder","ast-site-content-layout":"full-width-container","site-content-style":"default","site-sidebar-style":"default","ast-global-header-display":"","ast-banner-title-visibility":"","ast-main-header-display":"","ast-hfb-above-header-display":"","ast-hfb-below-header-display":"","ast-hfb-mobile-header-display":"","site-post-title":"","ast-breadcrumbs-content":"","ast-featured-img":"disabled","footer-sml-layout":"","ast-disable-related-posts":"","theme-transparent-header-meta":"","adv-header-id-meta":"","stick-header-meta":"","header-above-stick-meta":"","header-main-stick-meta":"","header-below-stick-meta":"","astra-migrate-meta-layouts":"set","ast-page-background-enabled":"default","ast-page-background-meta":{"desktop":{"background-color":"","background-image":"","background-repeat":"repeat","background-position":"center center","background-size":"auto","background-attachment":"scroll","background-type":"","background-media":"","overlay-type":"","overlay-color":"","overlay-opacity":"","overlay-gradient":""},"tablet":{"background-color":"","background-image":"","background-repeat":"repeat","background-position":"center center","background-size":"auto","background-attachment":"scroll","background-type":"","background-media":"","overlay-type":"","overlay-color":"","overlay-opacity":"","overlay-gradient":""},"mobile":{"background-color":"","background-image":"","background-repeat":"repeat","background-position":"center center","background-size":"auto","background-attachment":"scroll","background-type":"","background-media":"","overlay-type":"","overlay-color":"","overlay-opacity":"","overlay-gradient":""}},"ast-content-background-meta":{"desktop":{"background-color":"var(--ast-global-color-5)","background-image":"","background-repeat":"repeat","background-position":"center center","background-size":"auto","background-attachment":"scroll","background-type":"","background-media":"","overlay-type":"","overlay-color":"","overlay-opacity":"","overlay-gradient":""},"tablet":{"background-color":"var(--ast-global-color-5)","background-image":"","background-repeat":"repeat","background-position":"center center","background-size":"auto","background-attachment":"scroll","background-type":"","background-media":"","overlay-type":"","overlay-color":"","overlay-opacity":"","overlay-gradient":""},"mobile":{"background-color":"var(--ast-global-color-5)","background-image":"","background-repeat":"repeat","background-position":"center center","background-size":"auto","background-attachment":"scroll","background-type":"","background-media":"","overlay-type":"","overlay-color":"","overlay-opacity":"","overlay-gradient":""}},"footnotes":""},"class_list":["post-5110","page","type-page","status-publish","hentry"],"_links":{"self":[{"href":"https:\/\/eve-go.com\/fr\/wp-json\/wp\/v2\/pages\/5110","targetHints":{"allow":["GET"]}}],"collection":[{"href":"https:\/\/eve-go.com\/fr\/wp-json\/wp\/v2\/pages"}],"about":[{"href":"https:\/\/eve-go.com\/fr\/wp-json\/wp\/v2\/types\/page"}],"author":[{"embeddable":true,"href":"https:\/\/eve-go.com\/fr\/wp-json\/wp\/v2\/users\/1"}],"replies":[{"embeddable":true,"href":"https:\/\/eve-go.com\/fr\/wp-json\/wp\/v2\/comments?post=5110"}],"version-history":[{"count":7,"href":"https:\/\/eve-go.com\/fr\/wp-json\/wp\/v2\/pages\/5110\/revisions"}],"predecessor-version":[{"id":5216,"href":"https:\/\/eve-go.com\/fr\/wp-json\/wp\/v2\/pages\/5110\/revisions\/5216"}],"wp:attachment":[{"href":"https:\/\/eve-go.com\/fr\/wp-json\/wp\/v2\/media?parent=5110"}],"curies":[{"name":"wp","href":"https:\/\/api.w.org\/{rel}","templated":true}]}}