{"id":5104,"date":"2026-02-25T13:46:25","date_gmt":"2026-02-25T13:46:25","guid":{"rendered":"https:\/\/allevcharging.com\/?page_id=5104"},"modified":"2026-02-25T13:55:09","modified_gmt":"2026-02-25T13:55:09","slug":"charge-bidirectionnelle","status":"publish","type":"page","link":"https:\/\/eve-go.com\/fr\/charge-bidirectionnelle\/","title":{"rendered":"Chargement bidirectionnel"},"content":{"rendered":"<div data-elementor-type=\"wp-page\" data-elementor-id=\"5104\" class=\"elementor elementor-5104\" data-elementor-post-type=\"page\">\n\t\t\t\t<div class=\"elementor-element elementor-element-9370951 e-flex e-con-boxed e-con e-parent\" data-id=\"9370951\" data-element_type=\"container\" data-e-type=\"container\">\n\t\t\t\t\t<div class=\"e-con-inner\">\n\t\t\t\t<div class=\"elementor-element elementor-element-8bcbd7d elementor-widget elementor-widget-heading\" data-id=\"8bcbd7d\" data-element_type=\"widget\" data-e-type=\"widget\" data-widget_type=\"heading.default\">\n\t\t\t\t<div class=\"elementor-widget-container\">\n\t\t\t\t\t<h2 class=\"elementor-heading-title elementor-size-default\">Chargement bidirectionnel<\/h2>\t\t\t\t<\/div>\n\t\t\t\t<\/div>\n\t\t\t\t<div class=\"elementor-element elementor-element-e4868fd elementor-widget elementor-widget-heading\" data-id=\"e4868fd\" data-element_type=\"widget\" data-e-type=\"widget\" data-widget_type=\"heading.default\">\n\t\t\t\t<div class=\"elementor-widget-container\">\n\t\t\t\t\t<h3 class=\"elementor-heading-title elementor-size-default\">Analyse du point de vue de l'environnement de l'application<\/h3>\t\t\t\t<\/div>\n\t\t\t\t<\/div>\n\t\t\t\t<div class=\"elementor-element elementor-element-2f83bd1 elementor-widget elementor-widget-text-editor\" data-id=\"2f83bd1\" data-element_type=\"widget\" data-e-type=\"widget\" data-widget_type=\"text-editor.default\">\n\t\t\t\t<div class=\"elementor-widget-container\">\n\t\t\t\t\t\t\t\t\t<p>La recharge bidirectionnelle transforme le v\u00e9hicule \u00e9lectrique d'un simple \u201cappareil\u201d en un \u201ccentre d'\u00e9nergie mobile\u201d. Son environnement d'application d\u00e9pend du besoin sp\u00e9cifique de flux d'\u00e9nergie, qu'il s'agisse d'une sauvegarde d'urgence, d'un arbitrage \u00e9conomique ou d'une utilisation de l'\u00e9nergie hors r\u00e9seau.<\/p><ul><li><strong>R\u00e9silience et optimisation de l'\u00e9nergie domestique (V2H - Vehicle to Home) :<\/strong><br \/>En cas de coupures de courant dues \u00e0 des conditions m\u00e9t\u00e9orologiques extr\u00eames, le v\u00e9hicule \u00e9lectrique fait office de \u201cbanque d'\u00e9nergie\u201d massive pour la maison, permettant aux appareils essentiels tels que les r\u00e9frig\u00e9rateurs et les lampes de fonctionner pendant plusieurs jours. En outre, dans les maisons \u00e9quip\u00e9es de panneaux solaires, le v\u00e9hicule peut stocker l'\u00e9nergie solaire exc\u00e9dentaire produite pendant la journ\u00e9e et la d\u00e9charger pour l'utiliser la nuit, maximisant ainsi l'autoconsommation et r\u00e9duisant la d\u00e9pendance \u00e0 l'\u00e9gard du r\u00e9seau.<\/li><li><strong>L'\u00e9cr\u00eatement des pointes et les services auxiliaires (V2G - Vehicle to Grid) :<\/strong><br \/>Dans les r\u00e9gions o\u00f9 le march\u00e9 de l'\u00e9lectricit\u00e9 est mature, des milliers de VE en stationnement peuvent \u00eatre connect\u00e9s via des agr\u00e9gateurs pour former une \u201ccentrale \u00e9lectrique virtuelle\u201d. Pendant les p\u00e9riodes de forte demande (par exemple, les canicules estivales), ces v\u00e9hicules r\u00e9injectent de l'\u00e9nergie dans le r\u00e9seau pour g\u00e9n\u00e9rer des revenus ; \u00e0 l'inverse, ils absorbent l'\u00e9nergie exc\u00e9dentaire lorsque la production d'\u00e9nergie renouvelable augmente. Ce sc\u00e9nario se produit principalement dans les grands parkings ou les stations de recharge \u00e9quip\u00e9s de capacit\u00e9s de r\u00e9partition intelligente.<\/li><li><strong>Op\u00e9rations hors r\u00e9seau et mode de vie en plein air (V2L - Vehicle to Load) :<\/strong><br \/>C'est l'application la plus concr\u00e8te. Dans les campings, le v\u00e9hicule alimente les cafeti\u00e8res et les grils \u00e9lectriques. Sur les chantiers de construction ou dans les zones de secours en cas de catastrophe, les camionnettes ou les SUV \u00e9lectriques remplacent les g\u00e9n\u00e9rateurs diesel bruyants, fournissant de l'\u00e9nergie silencieuse, sans \u00e9mission et \u00e0 haute puissance pour les outils \u00e9lectriques, les machines \u00e0 d\u00e9couper ou les \u00e9quipements m\u00e9dicaux.<\/li><li><strong>Chargement mutuel (V2V - Vehicle-to-Vehicle) :<\/strong><br \/>Dans ce mode, la relation entre les VE passe du statut de \u201cconsommateurs d'\u00e9nergie ind\u00e9pendants\u201d \u00e0 celui de \u201cr\u00e9seau d'entraide peer-to-peer\u201d. Son environnement d'application se produit g\u00e9n\u00e9ralement dans des sc\u00e9narios \u201cinsulaires\u201d manquant d'infrastructure ou dans des moments d'urgence, fonctionnant essentiellement comme un m\u00e9canisme de \u201ctransfusion\u201d d'\u00e9nergie.<ul><li><strong>Sauvetage routier :<\/strong><br \/>Il s'agit de l'am\u00e9lioration \u00e9lectrique des \u201cservices de livraison de carburant\u201d traditionnels. Lorsqu'un v\u00e9hicule est \u00e0 court de charge sur une route isol\u00e9e, au lieu d'attendre une d\u00e9panneuse co\u00fbteuse, un autre v\u00e9hicule compatible V2V (tel qu'une unit\u00e9 de secours mobile ou un conducteur de passage) peut le recharger directement via un c\u00e2ble d\u00e9di\u00e9, avec une autonomie suffisante pour atteindre la station la plus proche dans un court laps de temps.<\/li><li><strong>\u00c9quilibrage \u00e9nerg\u00e9tique de la flotte :<\/strong><br \/>Dans le cadre d'une exploration de terrain hors r\u00e9seau ou d'un transport longue distance, si l'un des v\u00e9hicules est \u00e0 court d'\u00e9nergie en raison de lourdes charges, le V2V permet de redistribuer l'\u00e9nergie au sein de la flotte. Cette strat\u00e9gie garantit la s\u00e9curit\u00e9 de l'autonomie globale du convoi, en \u00e9vitant que des v\u00e9hicules individuels ne soient laiss\u00e9s pour compte en raison de l'\u00e9puisement de l'\u00e9nergie.<\/li><\/ul><\/li><\/ul>\t\t\t\t\t\t\t\t<\/div>\n\t\t\t\t<\/div>\n\t\t\t\t\t<\/div>\n\t\t\t\t<\/div>\n\t\t<div class=\"elementor-element elementor-element-a0c4a7a e-flex e-con-boxed e-con e-parent\" data-id=\"a0c4a7a\" data-element_type=\"container\" data-e-type=\"container\">\n\t\t\t\t\t<div class=\"e-con-inner\">\n\t\t<div class=\"elementor-element elementor-element-8efed5e e-con-full e-flex e-con e-child\" data-id=\"8efed5e\" data-element_type=\"container\" data-e-type=\"container\">\n\t\t\t\t<div class=\"elementor-element elementor-element-9f35015 elementor-widget elementor-widget-image\" data-id=\"9f35015\" data-element_type=\"widget\" data-e-type=\"widget\" data-widget_type=\"image.default\">\n\t\t\t\t<div class=\"elementor-widget-container\">\n\t\t\t\t\t\t\t\t\t\t\t\t\t\t\t<img fetchpriority=\"high\" decoding=\"async\" width=\"800\" height=\"600\" src=\"https:\/\/eve-go.com\/wp-content\/uploads\/2026\/01\/V2G.jpg\" class=\"attachment-large size-large wp-image-2631\" alt=\"\" srcset=\"https:\/\/eve-go.com\/wp-content\/uploads\/2026\/01\/V2G.jpg 800w, https:\/\/eve-go.com\/wp-content\/uploads\/2026\/01\/V2G-300x225.jpg 300w, https:\/\/eve-go.com\/wp-content\/uploads\/2026\/01\/V2G-768x576.jpg 768w, https:\/\/eve-go.com\/wp-content\/uploads\/2026\/01\/V2G-16x12.jpg 16w\" sizes=\"(max-width: 800px) 100vw, 800px\" \/>\t\t\t\t\t\t\t\t\t\t\t\t\t\t\t<\/div>\n\t\t\t\t<\/div>\n\t\t\t\t<div class=\"elementor-element elementor-element-7626733 elementor-widget elementor-widget-heading\" data-id=\"7626733\" data-element_type=\"widget\" data-e-type=\"widget\" data-widget_type=\"heading.default\">\n\t\t\t\t<div class=\"elementor-widget-container\">\n\t\t\t\t\t<p class=\"elementor-heading-title elementor-size-default\">V2G<\/p>\t\t\t\t<\/div>\n\t\t\t\t<\/div>\n\t\t\t\t<\/div>\n\t\t<div class=\"elementor-element elementor-element-f7ce57c e-con-full e-flex e-con e-child\" data-id=\"f7ce57c\" data-element_type=\"container\" data-e-type=\"container\">\n\t\t\t\t<div class=\"elementor-element elementor-element-ae9d43a elementor-widget elementor-widget-image\" data-id=\"ae9d43a\" data-element_type=\"widget\" data-e-type=\"widget\" data-widget_type=\"image.default\">\n\t\t\t\t<div class=\"elementor-widget-container\">\n\t\t\t\t\t\t\t\t\t\t\t\t\t\t\t<img decoding=\"async\" width=\"800\" height=\"600\" src=\"https:\/\/eve-go.com\/wp-content\/uploads\/2026\/01\/EV-Smart-Charging.jpg\" class=\"attachment-large size-large wp-image-2630\" alt=\"\" srcset=\"https:\/\/eve-go.com\/wp-content\/uploads\/2026\/01\/EV-Smart-Charging.jpg 800w, https:\/\/eve-go.com\/wp-content\/uploads\/2026\/01\/EV-Smart-Charging-300x225.jpg 300w, https:\/\/eve-go.com\/wp-content\/uploads\/2026\/01\/EV-Smart-Charging-768x576.jpg 768w, https:\/\/eve-go.com\/wp-content\/uploads\/2026\/01\/EV-Smart-Charging-16x12.jpg 16w\" sizes=\"(max-width: 800px) 100vw, 800px\" \/>\t\t\t\t\t\t\t\t\t\t\t\t\t\t\t<\/div>\n\t\t\t\t<\/div>\n\t\t\t\t<div class=\"elementor-element elementor-element-6e4a3e9 elementor-widget elementor-widget-heading\" data-id=\"6e4a3e9\" data-element_type=\"widget\" data-e-type=\"widget\" data-widget_type=\"heading.default\">\n\t\t\t\t<div class=\"elementor-widget-container\">\n\t\t\t\t\t<p class=\"elementor-heading-title elementor-size-default\">Chargement intelligent des VE<\/p>\t\t\t\t<\/div>\n\t\t\t\t<\/div>\n\t\t\t\t<\/div>\n\t\t<div class=\"elementor-element elementor-element-d19a722 e-con-full e-flex e-con e-child\" data-id=\"d19a722\" data-element_type=\"container\" data-e-type=\"container\">\n\t\t\t\t<div class=\"elementor-element elementor-element-43db0f3 elementor-widget elementor-widget-image\" data-id=\"43db0f3\" data-element_type=\"widget\" data-e-type=\"widget\" data-widget_type=\"image.default\">\n\t\t\t\t<div class=\"elementor-widget-container\">\n\t\t\t\t\t\t\t\t\t\t\t\t\t\t\t<img decoding=\"async\" width=\"800\" height=\"600\" src=\"https:\/\/eve-go.com\/wp-content\/uploads\/2026\/01\/EV-Roaming.jpg\" class=\"attachment-large size-large wp-image-2628\" alt=\"\" srcset=\"https:\/\/eve-go.com\/wp-content\/uploads\/2026\/01\/EV-Roaming.jpg 800w, https:\/\/eve-go.com\/wp-content\/uploads\/2026\/01\/EV-Roaming-300x225.jpg 300w, https:\/\/eve-go.com\/wp-content\/uploads\/2026\/01\/EV-Roaming-768x576.jpg 768w, https:\/\/eve-go.com\/wp-content\/uploads\/2026\/01\/EV-Roaming-16x12.jpg 16w\" sizes=\"(max-width: 800px) 100vw, 800px\" \/>\t\t\t\t\t\t\t\t\t\t\t\t\t\t\t<\/div>\n\t\t\t\t<\/div>\n\t\t\t\t<div class=\"elementor-element elementor-element-e2d3121 elementor-widget elementor-widget-heading\" data-id=\"e2d3121\" data-element_type=\"widget\" data-e-type=\"widget\" data-widget_type=\"heading.default\">\n\t\t\t\t<div class=\"elementor-widget-container\">\n\t\t\t\t\t<p class=\"elementor-heading-title elementor-size-default\">Itin\u00e9rance EV<\/p>\t\t\t\t<\/div>\n\t\t\t\t<\/div>\n\t\t\t\t<\/div>\n\t\t<div class=\"elementor-element elementor-element-5e9b4d8 e-con-full e-flex e-con e-child\" data-id=\"5e9b4d8\" data-element_type=\"container\" data-e-type=\"container\">\n\t\t\t\t<div class=\"elementor-element elementor-element-4d6eb5e elementor-widget elementor-widget-image\" data-id=\"4d6eb5e\" data-element_type=\"widget\" data-e-type=\"widget\" data-widget_type=\"image.default\">\n\t\t\t\t<div class=\"elementor-widget-container\">\n\t\t\t\t\t\t\t\t\t\t\t\t\t\t\t<img loading=\"lazy\" decoding=\"async\" width=\"800\" height=\"600\" src=\"https:\/\/eve-go.com\/wp-content\/uploads\/2026\/01\/Electric-Vehicle-Fleet-Operator.jpg\" class=\"attachment-large size-large wp-image-2627\" alt=\"\" srcset=\"https:\/\/eve-go.com\/wp-content\/uploads\/2026\/01\/Electric-Vehicle-Fleet-Operator.jpg 800w, https:\/\/eve-go.com\/wp-content\/uploads\/2026\/01\/Electric-Vehicle-Fleet-Operator-300x225.jpg 300w, https:\/\/eve-go.com\/wp-content\/uploads\/2026\/01\/Electric-Vehicle-Fleet-Operator-768x576.jpg 768w, https:\/\/eve-go.com\/wp-content\/uploads\/2026\/01\/Electric-Vehicle-Fleet-Operator-16x12.jpg 16w\" sizes=\"(max-width: 800px) 100vw, 800px\" \/>\t\t\t\t\t\t\t\t\t\t\t\t\t\t\t<\/div>\n\t\t\t\t<\/div>\n\t\t\t\t<div class=\"elementor-element elementor-element-bd7eed9 elementor-widget elementor-widget-heading\" data-id=\"bd7eed9\" data-element_type=\"widget\" data-e-type=\"widget\" data-widget_type=\"heading.default\">\n\t\t\t\t<div class=\"elementor-widget-container\">\n\t\t\t\t\t<p class=\"elementor-heading-title elementor-size-default\">Op\u00e9rateur de flotte de v\u00e9hicules \u00e9lectriques<\/p>\t\t\t\t<\/div>\n\t\t\t\t<\/div>\n\t\t\t\t<\/div>\n\t\t<div class=\"elementor-element elementor-element-2242558 e-con-full e-flex e-con e-child\" data-id=\"2242558\" data-element_type=\"container\" data-e-type=\"container\">\n\t\t\t\t<div class=\"elementor-element elementor-element-f5175d2 elementor-widget elementor-widget-image\" data-id=\"f5175d2\" data-element_type=\"widget\" data-e-type=\"widget\" data-widget_type=\"image.default\">\n\t\t\t\t<div class=\"elementor-widget-container\">\n\t\t\t\t\t\t\t\t\t\t\t\t\t\t\t<img loading=\"lazy\" decoding=\"async\" width=\"800\" height=\"600\" src=\"https:\/\/eve-go.com\/wp-content\/uploads\/2026\/01\/Dynamic-Load-Balancing.jpg\" class=\"attachment-large size-large wp-image-2626\" alt=\"\" srcset=\"https:\/\/eve-go.com\/wp-content\/uploads\/2026\/01\/Dynamic-Load-Balancing.jpg 800w, https:\/\/eve-go.com\/wp-content\/uploads\/2026\/01\/Dynamic-Load-Balancing-300x225.jpg 300w, https:\/\/eve-go.com\/wp-content\/uploads\/2026\/01\/Dynamic-Load-Balancing-768x576.jpg 768w, https:\/\/eve-go.com\/wp-content\/uploads\/2026\/01\/Dynamic-Load-Balancing-16x12.jpg 16w\" sizes=\"(max-width: 800px) 100vw, 800px\" \/>\t\t\t\t\t\t\t\t\t\t\t\t\t\t\t<\/div>\n\t\t\t\t<\/div>\n\t\t\t\t<div class=\"elementor-element elementor-element-e31083e elementor-widget elementor-widget-heading\" data-id=\"e31083e\" data-element_type=\"widget\" data-e-type=\"widget\" data-widget_type=\"heading.default\">\n\t\t\t\t<div class=\"elementor-widget-container\">\n\t\t\t\t\t<p class=\"elementor-heading-title elementor-size-default\">\u00c9quilibrage dynamique de la charge<\/p>\t\t\t\t<\/div>\n\t\t\t\t<\/div>\n\t\t\t\t<\/div>\n\t\t<div class=\"elementor-element elementor-element-10e38e2 e-con-full e-flex e-con e-child\" data-id=\"10e38e2\" data-element_type=\"container\" data-e-type=\"container\">\n\t\t\t\t<div class=\"elementor-element elementor-element-fc33de1 elementor-widget elementor-widget-image\" data-id=\"fc33de1\" data-element_type=\"widget\" data-e-type=\"widget\" data-widget_type=\"image.default\">\n\t\t\t\t<div class=\"elementor-widget-container\">\n\t\t\t\t\t\t\t\t\t\t\t\t\t\t\t<img loading=\"lazy\" decoding=\"async\" width=\"800\" height=\"600\" src=\"https:\/\/eve-go.com\/wp-content\/uploads\/2026\/01\/Demand-Side-Response.jpg\" class=\"attachment-large size-large wp-image-2625\" alt=\"\" srcset=\"https:\/\/eve-go.com\/wp-content\/uploads\/2026\/01\/Demand-Side-Response.jpg 800w, https:\/\/eve-go.com\/wp-content\/uploads\/2026\/01\/Demand-Side-Response-300x225.jpg 300w, https:\/\/eve-go.com\/wp-content\/uploads\/2026\/01\/Demand-Side-Response-768x576.jpg 768w, https:\/\/eve-go.com\/wp-content\/uploads\/2026\/01\/Demand-Side-Response-16x12.jpg 16w\" sizes=\"(max-width: 800px) 100vw, 800px\" \/>\t\t\t\t\t\t\t\t\t\t\t\t\t\t\t<\/div>\n\t\t\t\t<\/div>\n\t\t\t\t<div class=\"elementor-element elementor-element-6a08330 elementor-widget elementor-widget-heading\" data-id=\"6a08330\" data-element_type=\"widget\" data-e-type=\"widget\" data-widget_type=\"heading.default\">\n\t\t\t\t<div class=\"elementor-widget-container\">\n\t\t\t\t\t<p class=\"elementor-heading-title elementor-size-default\">R\u00e9ponse \u00e0 la demande<\/p>\t\t\t\t<\/div>\n\t\t\t\t<\/div>\n\t\t\t\t<\/div>\n\t\t<div class=\"elementor-element elementor-element-42b200a e-con-full e-flex e-con e-child\" data-id=\"42b200a\" data-element_type=\"container\" data-e-type=\"container\">\n\t\t\t\t<div class=\"elementor-element elementor-element-9539380 elementor-widget elementor-widget-image\" data-id=\"9539380\" data-element_type=\"widget\" data-e-type=\"widget\" data-widget_type=\"image.default\">\n\t\t\t\t<div class=\"elementor-widget-container\">\n\t\t\t\t\t\t\t\t\t\t\t\t\t\t\t<img loading=\"lazy\" decoding=\"async\" width=\"800\" height=\"600\" src=\"https:\/\/eve-go.com\/wp-content\/uploads\/2026\/01\/CPO.jpg\" class=\"attachment-large size-large wp-image-2624\" alt=\"\" srcset=\"https:\/\/eve-go.com\/wp-content\/uploads\/2026\/01\/CPO.jpg 800w, https:\/\/eve-go.com\/wp-content\/uploads\/2026\/01\/CPO-300x225.jpg 300w, https:\/\/eve-go.com\/wp-content\/uploads\/2026\/01\/CPO-768x576.jpg 768w, https:\/\/eve-go.com\/wp-content\/uploads\/2026\/01\/CPO-16x12.jpg 16w\" sizes=\"(max-width: 800px) 100vw, 800px\" \/>\t\t\t\t\t\t\t\t\t\t\t\t\t\t\t<\/div>\n\t\t\t\t<\/div>\n\t\t\t\t<div class=\"elementor-element elementor-element-ea5b372 elementor-widget elementor-widget-heading\" data-id=\"ea5b372\" data-element_type=\"widget\" data-e-type=\"widget\" data-widget_type=\"heading.default\">\n\t\t\t\t<div class=\"elementor-widget-container\">\n\t\t\t\t\t<p class=\"elementor-heading-title elementor-size-default\">CPO<\/p>\t\t\t\t<\/div>\n\t\t\t\t<\/div>\n\t\t\t\t<\/div>\n\t\t<div class=\"elementor-element elementor-element-75782d4 e-con-full e-flex e-con e-child\" data-id=\"75782d4\" data-element_type=\"container\" data-e-type=\"container\">\n\t\t\t\t<div class=\"elementor-element elementor-element-06da5f1 elementor-widget elementor-widget-image\" data-id=\"06da5f1\" data-element_type=\"widget\" data-e-type=\"widget\" data-widget_type=\"image.default\">\n\t\t\t\t<div class=\"elementor-widget-container\">\n\t\t\t\t\t\t\t\t\t\t\t\t\t\t\t<img loading=\"lazy\" decoding=\"async\" width=\"800\" height=\"600\" src=\"https:\/\/eve-go.com\/wp-content\/uploads\/2026\/01\/AC-Charging.png\" class=\"attachment-large size-large wp-image-2623\" alt=\"\" srcset=\"https:\/\/eve-go.com\/wp-content\/uploads\/2026\/01\/AC-Charging.png 800w, https:\/\/eve-go.com\/wp-content\/uploads\/2026\/01\/AC-Charging-300x225.png 300w, https:\/\/eve-go.com\/wp-content\/uploads\/2026\/01\/AC-Charging-768x576.png 768w, https:\/\/eve-go.com\/wp-content\/uploads\/2026\/01\/AC-Charging-16x12.png 16w\" sizes=\"(max-width: 800px) 100vw, 800px\" \/>\t\t\t\t\t\t\t\t\t\t\t\t\t\t\t<\/div>\n\t\t\t\t<\/div>\n\t\t\t\t<div class=\"elementor-element elementor-element-229f52e elementor-widget elementor-widget-heading\" data-id=\"229f52e\" data-element_type=\"widget\" data-e-type=\"widget\" data-widget_type=\"heading.default\">\n\t\t\t\t<div class=\"elementor-widget-container\">\n\t\t\t\t\t<p class=\"elementor-heading-title elementor-size-default\">Chargement en courant alternatif<\/p>\t\t\t\t<\/div>\n\t\t\t\t<\/div>\n\t\t\t\t<\/div>\n\t\t<div class=\"elementor-element elementor-element-a404b2f e-con-full e-flex e-con e-child\" data-id=\"a404b2f\" data-element_type=\"container\" data-e-type=\"container\">\n\t\t\t\t<div class=\"elementor-element elementor-element-00ffd90 elementor-widget elementor-widget-image\" data-id=\"00ffd90\" data-element_type=\"widget\" data-e-type=\"widget\" data-widget_type=\"image.default\">\n\t\t\t\t<div class=\"elementor-widget-container\">\n\t\t\t\t\t\t\t\t\t\t\t\t\t\t\t<img loading=\"lazy\" decoding=\"async\" width=\"800\" height=\"600\" src=\"https:\/\/eve-go.com\/wp-content\/uploads\/2026\/01\/V2V.png\" class=\"attachment-large size-large wp-image-2622\" alt=\"\" srcset=\"https:\/\/eve-go.com\/wp-content\/uploads\/2026\/01\/V2V.png 800w, https:\/\/eve-go.com\/wp-content\/uploads\/2026\/01\/V2V-300x225.png 300w, https:\/\/eve-go.com\/wp-content\/uploads\/2026\/01\/V2V-768x576.png 768w, https:\/\/eve-go.com\/wp-content\/uploads\/2026\/01\/V2V-16x12.png 16w\" sizes=\"(max-width: 800px) 100vw, 800px\" \/>\t\t\t\t\t\t\t\t\t\t\t\t\t\t\t<\/div>\n\t\t\t\t<\/div>\n\t\t\t\t<div class=\"elementor-element elementor-element-4719565 elementor-widget elementor-widget-heading\" data-id=\"4719565\" data-element_type=\"widget\" data-e-type=\"widget\" data-widget_type=\"heading.default\">\n\t\t\t\t<div class=\"elementor-widget-container\">\n\t\t\t\t\t<p class=\"elementor-heading-title elementor-size-default\">V2V<\/p>\t\t\t\t<\/div>\n\t\t\t\t<\/div>\n\t\t\t\t<\/div>\n\t\t<div class=\"elementor-element elementor-element-b306852 e-con-full e-flex e-con e-child\" data-id=\"b306852\" data-element_type=\"container\" data-e-type=\"container\">\n\t\t\t\t<div class=\"elementor-element elementor-element-c8a3f54 elementor-widget elementor-widget-image\" data-id=\"c8a3f54\" data-element_type=\"widget\" data-e-type=\"widget\" data-widget_type=\"image.default\">\n\t\t\t\t<div class=\"elementor-widget-container\">\n\t\t\t\t\t\t\t\t\t\t\t\t\t\t\t<img loading=\"lazy\" decoding=\"async\" width=\"800\" height=\"600\" src=\"https:\/\/eve-go.com\/wp-content\/uploads\/2026\/01\/V2L.jpg\" class=\"attachment-large size-large wp-image-2621\" alt=\"\" srcset=\"https:\/\/eve-go.com\/wp-content\/uploads\/2026\/01\/V2L.jpg 800w, https:\/\/eve-go.com\/wp-content\/uploads\/2026\/01\/V2L-300x225.jpg 300w, https:\/\/eve-go.com\/wp-content\/uploads\/2026\/01\/V2L-768x576.jpg 768w, https:\/\/eve-go.com\/wp-content\/uploads\/2026\/01\/V2L-16x12.jpg 16w\" sizes=\"(max-width: 800px) 100vw, 800px\" \/>\t\t\t\t\t\t\t\t\t\t\t\t\t\t\t<\/div>\n\t\t\t\t<\/div>\n\t\t\t\t<div class=\"elementor-element elementor-element-683937a elementor-widget elementor-widget-heading\" data-id=\"683937a\" data-element_type=\"widget\" data-e-type=\"widget\" data-widget_type=\"heading.default\">\n\t\t\t\t<div class=\"elementor-widget-container\">\n\t\t\t\t\t<p class=\"elementor-heading-title elementor-size-default\">V2L<\/p>\t\t\t\t<\/div>\n\t\t\t\t<\/div>\n\t\t\t\t<\/div>\n\t\t<div class=\"elementor-element elementor-element-651ad01 e-con-full e-flex e-con e-child\" data-id=\"651ad01\" data-element_type=\"container\" data-e-type=\"container\">\n\t\t\t\t<div class=\"elementor-element elementor-element-fc3ae9f elementor-widget elementor-widget-image\" data-id=\"fc3ae9f\" data-element_type=\"widget\" data-e-type=\"widget\" data-widget_type=\"image.default\">\n\t\t\t\t<div class=\"elementor-widget-container\">\n\t\t\t\t\t\t\t\t\t\t\t\t\t\t\t<img loading=\"lazy\" decoding=\"async\" width=\"800\" height=\"600\" src=\"https:\/\/eve-go.com\/wp-content\/uploads\/2026\/01\/V2H.png\" class=\"attachment-large size-large wp-image-2620\" alt=\"\" srcset=\"https:\/\/eve-go.com\/wp-content\/uploads\/2026\/01\/V2H.png 800w, https:\/\/eve-go.com\/wp-content\/uploads\/2026\/01\/V2H-300x225.png 300w, https:\/\/eve-go.com\/wp-content\/uploads\/2026\/01\/V2H-768x576.png 768w, https:\/\/eve-go.com\/wp-content\/uploads\/2026\/01\/V2H-16x12.png 16w\" sizes=\"(max-width: 800px) 100vw, 800px\" \/>\t\t\t\t\t\t\t\t\t\t\t\t\t\t\t<\/div>\n\t\t\t\t<\/div>\n\t\t\t\t<div class=\"elementor-element elementor-element-1ce4ece elementor-widget elementor-widget-heading\" data-id=\"1ce4ece\" data-element_type=\"widget\" data-e-type=\"widget\" data-widget_type=\"heading.default\">\n\t\t\t\t<div class=\"elementor-widget-container\">\n\t\t\t\t\t<p class=\"elementor-heading-title elementor-size-default\">V2H<\/p>\t\t\t\t<\/div>\n\t\t\t\t<\/div>\n\t\t\t\t<\/div>\n\t\t\t\t\t<\/div>\n\t\t\t\t<\/div>\n\t\t\t\t<\/div>","protected":false},"excerpt":{"rendered":"<p>Bidirectional Charging Analysis from an Application Environment Perspective Bidirectional charging transforms the EV from a mere &#8220;appliance&#8221; into a &#8220;mobile energy hub.&#8221; Its application environments depend on the specific need for energy flow\u2014whether for emergency backup, economic arbitrage, or off-grid power usage. Home Energy Resilience &amp; Optimization (V2H &#8211; Vehicle to Home):In scenarios involving power [&hellip;]<\/p>\n","protected":false},"author":1,"featured_media":0,"parent":0,"menu_order":0,"comment_status":"closed","ping_status":"closed","template":"","meta":{"content-type":"","site-sidebar-layout":"no-sidebar","site-content-layout":"page-builder","ast-site-content-layout":"full-width-container","site-content-style":"default","site-sidebar-style":"default","ast-global-header-display":"","ast-banner-title-visibility":"","ast-main-header-display":"","ast-hfb-above-header-display":"","ast-hfb-below-header-display":"","ast-hfb-mobile-header-display":"","site-post-title":"","ast-breadcrumbs-content":"","ast-featured-img":"disabled","footer-sml-layout":"","ast-disable-related-posts":"","theme-transparent-header-meta":"","adv-header-id-meta":"","stick-header-meta":"","header-above-stick-meta":"","header-main-stick-meta":"","header-below-stick-meta":"","astra-migrate-meta-layouts":"set","ast-page-background-enabled":"default","ast-page-background-meta":{"desktop":{"background-color":"","background-image":"","background-repeat":"repeat","background-position":"center center","background-size":"auto","background-attachment":"scroll","background-type":"","background-media":"","overlay-type":"","overlay-color":"","overlay-opacity":"","overlay-gradient":""},"tablet":{"background-color":"","background-image":"","background-repeat":"repeat","background-position":"center center","background-size":"auto","background-attachment":"scroll","background-type":"","background-media":"","overlay-type":"","overlay-color":"","overlay-opacity":"","overlay-gradient":""},"mobile":{"background-color":"","background-image":"","background-repeat":"repeat","background-position":"center center","background-size":"auto","background-attachment":"scroll","background-type":"","background-media":"","overlay-type":"","overlay-color":"","overlay-opacity":"","overlay-gradient":""}},"ast-content-background-meta":{"desktop":{"background-color":"var(--ast-global-color-5)","background-image":"","background-repeat":"repeat","background-position":"center center","background-size":"auto","background-attachment":"scroll","background-type":"","background-media":"","overlay-type":"","overlay-color":"","overlay-opacity":"","overlay-gradient":""},"tablet":{"background-color":"var(--ast-global-color-5)","background-image":"","background-repeat":"repeat","background-position":"center center","background-size":"auto","background-attachment":"scroll","background-type":"","background-media":"","overlay-type":"","overlay-color":"","overlay-opacity":"","overlay-gradient":""},"mobile":{"background-color":"var(--ast-global-color-5)","background-image":"","background-repeat":"repeat","background-position":"center center","background-size":"auto","background-attachment":"scroll","background-type":"","background-media":"","overlay-type":"","overlay-color":"","overlay-opacity":"","overlay-gradient":""}},"footnotes":""},"class_list":["post-5104","page","type-page","status-publish","hentry"],"_links":{"self":[{"href":"https:\/\/eve-go.com\/fr\/wp-json\/wp\/v2\/pages\/5104","targetHints":{"allow":["GET"]}}],"collection":[{"href":"https:\/\/eve-go.com\/fr\/wp-json\/wp\/v2\/pages"}],"about":[{"href":"https:\/\/eve-go.com\/fr\/wp-json\/wp\/v2\/types\/page"}],"author":[{"embeddable":true,"href":"https:\/\/eve-go.com\/fr\/wp-json\/wp\/v2\/users\/1"}],"replies":[{"embeddable":true,"href":"https:\/\/eve-go.com\/fr\/wp-json\/wp\/v2\/comments?post=5104"}],"version-history":[{"count":10,"href":"https:\/\/eve-go.com\/fr\/wp-json\/wp\/v2\/pages\/5104\/revisions"}],"predecessor-version":[{"id":5201,"href":"https:\/\/eve-go.com\/fr\/wp-json\/wp\/v2\/pages\/5104\/revisions\/5201"}],"wp:attachment":[{"href":"https:\/\/eve-go.com\/fr\/wp-json\/wp\/v2\/media?parent=5104"}],"curies":[{"name":"wp","href":"https:\/\/api.w.org\/{rel}","templated":true}]}}