{"id":4528,"date":"2026-02-25T01:11:49","date_gmt":"2026-02-25T01:11:49","guid":{"rendered":"https:\/\/allevcharging.com\/?page_id=4528"},"modified":"2026-03-30T01:06:44","modified_gmt":"2026-03-30T01:06:44","slug":"240-480kw","status":"publish","type":"page","link":"https:\/\/eve-go.com\/fr\/240-480kw\/","title":{"rendered":"240 480kW"},"content":{"rendered":"<div data-elementor-type=\"wp-page\" data-elementor-id=\"4528\" class=\"elementor elementor-4528\" data-elementor-post-type=\"page\">\n\t\t\t\t<div class=\"elementor-element elementor-element-0a7707f e-flex e-con-boxed e-con e-parent\" data-id=\"0a7707f\" data-element_type=\"container\" data-e-type=\"container\">\n\t\t\t\t\t<div class=\"e-con-inner\">\n\t\t<div class=\"elementor-element elementor-element-8228c23 e-con-full e-flex e-con e-child\" data-id=\"8228c23\" data-element_type=\"container\" data-e-type=\"container\">\n\t\t\t\t<div class=\"elementor-element elementor-element-7be6ddf elementor-widget elementor-widget-image\" data-id=\"7be6ddf\" data-element_type=\"widget\" data-e-type=\"widget\" data-widget_type=\"image.default\">\n\t\t\t\t<div class=\"elementor-widget-container\">\n\t\t\t\t\t\t\t\t\t\t\t\t\t\t\t<img fetchpriority=\"high\" decoding=\"async\" width=\"560\" height=\"768\" src=\"https:\/\/eve-go.com\/wp-content\/uploads\/2026\/02\/98d0c105-e278-4cd7-ae25-9ef1805087ef.png\" class=\"attachment-large size-large wp-image-4478\" alt=\"\" srcset=\"https:\/\/eve-go.com\/wp-content\/uploads\/2026\/02\/98d0c105-e278-4cd7-ae25-9ef1805087ef.png 560w, https:\/\/eve-go.com\/wp-content\/uploads\/2026\/02\/98d0c105-e278-4cd7-ae25-9ef1805087ef-219x300.png 219w, https:\/\/eve-go.com\/wp-content\/uploads\/2026\/02\/98d0c105-e278-4cd7-ae25-9ef1805087ef-9x12.png 9w\" sizes=\"(max-width: 560px) 100vw, 560px\" \/>\t\t\t\t\t\t\t\t\t\t\t\t\t\t\t<\/div>\n\t\t\t\t<\/div>\n\t\t\t\t<\/div>\n\t\t<div class=\"elementor-element elementor-element-b6235e9 e-con-full e-flex e-con e-child\" data-id=\"b6235e9\" data-element_type=\"container\" data-e-type=\"container\">\n\t\t\t\t<div class=\"elementor-element elementor-element-a9a296d elementor-widget elementor-widget-heading\" data-id=\"a9a296d\" data-element_type=\"widget\" data-e-type=\"widget\" data-widget_type=\"heading.default\">\n\t\t\t\t<div class=\"elementor-widget-container\">\n\t\t\t\t\t<h2 class=\"elementor-heading-title elementor-size-default\">Chargeur rapide DC-240-480kW<\/h2>\t\t\t\t<\/div>\n\t\t\t\t<\/div>\n\t\t\t\t<div class=\"elementor-element elementor-element-de36429 elementor-icon-list--layout-traditional elementor-list-item-link-full_width elementor-widget elementor-widget-icon-list\" data-id=\"de36429\" data-element_type=\"widget\" data-e-type=\"widget\" data-widget_type=\"icon-list.default\">\n\t\t\t\t<div class=\"elementor-widget-container\">\n\t\t\t\t\t\t\t<ul class=\"elementor-icon-list-items\">\n\t\t\t\t\t\t\t<li class=\"elementor-icon-list-item\">\n\t\t\t\t\t\t\t\t\t\t<span class=\"elementor-icon-list-text\">- La charge rapide en courant continu jusqu'\u00e0 480 kW r\u00e9duit consid\u00e9rablement le temps de charge et am\u00e9liore la rotation des stations.<\/span>\n\t\t\t\t\t\t\t\t\t<\/li>\n\t\t\t\t\t\t\t\t<li class=\"elementor-icon-list-item\">\n\t\t\t\t\t\t\t\t\t\t<span class=\"elementor-icon-list-text\">- Chargement rapide simultan\u00e9 de deux pistolets pour une efficacit\u00e9 maximale.<\/span>\n\t\t\t\t\t\t\t\t\t<\/li>\n\t\t\t\t\t\t\t\t<li class=\"elementor-icon-list-item\">\n\t\t\t\t\t\t\t\t\t\t<span class=\"elementor-icon-list-text\">- Prend en charge deux pistolets de charge fonctionnant simultan\u00e9ment, ce qui permet \u00e0 plusieurs VE de se recharger en m\u00eame temps, r\u00e9duisant ainsi les temps d'attente et maximisant le d\u00e9bit de la station.<\/span>\n\t\t\t\t\t\t\t\t\t<\/li>\n\t\t\t\t\t\t<\/ul>\n\t\t\t\t\t\t<\/div>\n\t\t\t\t<\/div>\n\t\t\t\t<div class=\"elementor-element elementor-element-b893a2f elementor-widget elementor-widget-image\" data-id=\"b893a2f\" data-element_type=\"widget\" data-e-type=\"widget\" data-widget_type=\"image.default\">\n\t\t\t\t<div class=\"elementor-widget-container\">\n\t\t\t\t\t\t\t\t\t\t\t\t\t\t\t<img decoding=\"async\" width=\"188\" height=\"55\" src=\"https:\/\/eve-go.com\/wp-content\/uploads\/2026\/02\/ice.png\" class=\"attachment-large size-large wp-image-4574\" alt=\"\" srcset=\"https:\/\/eve-go.com\/wp-content\/uploads\/2026\/02\/ice.png 188w, https:\/\/eve-go.com\/wp-content\/uploads\/2026\/02\/ice-18x5.png 18w\" sizes=\"(max-width: 188px) 100vw, 188px\" \/>\t\t\t\t\t\t\t\t\t\t\t\t\t\t\t<\/div>\n\t\t\t\t<\/div>\n\t\t\t\t<\/div>\n\t\t\t\t\t<\/div>\n\t\t\t\t<\/div>\n\t\t<div class=\"elementor-element elementor-element-5be93c3 e-flex e-con-boxed e-con e-parent\" data-id=\"5be93c3\" data-element_type=\"container\" data-e-type=\"container\">\n\t\t\t\t\t<div class=\"e-con-inner\">\n\t\t\t\t<div class=\"elementor-element elementor-element-2d48af2 elementor-widget elementor-widget-heading\" data-id=\"2d48af2\" data-element_type=\"widget\" data-e-type=\"widget\" data-widget_type=\"heading.default\">\n\t\t\t\t<div class=\"elementor-widget-container\">\n\t\t\t\t\t<h2 class=\"elementor-heading-title elementor-size-default\">PARAM\u00c8TRES DU PRODUIT<\/h2>\t\t\t\t<\/div>\n\t\t\t\t<\/div>\n\t\t\t\t<div class=\"elementor-element elementor-element-f87f785 elementor-widget elementor-widget-heading\" data-id=\"f87f785\" data-element_type=\"widget\" data-e-type=\"widget\" data-widget_type=\"heading.default\">\n\t\t\t\t<div class=\"elementor-widget-container\">\n\t\t\t\t\t<h3 class=\"elementor-heading-title elementor-size-default\">Chargeur rapide DC-240-480kW<\/h3>\t\t\t\t<\/div>\n\t\t\t\t<\/div>\n\t\t\t\t<div class=\"elementor-element elementor-element-2aa80eb elementor-widget elementor-widget-html\" data-id=\"2aa80eb\" data-element_type=\"widget\" data-e-type=\"widget\" data-widget_type=\"html.default\">\n\t\t\t\t<div class=\"elementor-widget-container\">\n\t\t\t\t\t<table border=\"1\" cellspacing=\"0\" cellpadding=\"5\" class=\"responsive-table\" style=\"width:100%; max-width:1200px; border-collapse:collapse; text-align:center;\">\r\n    <thead class=\"table-header\">\r\n        <tr>\r\n            <th>Mod\u00e8le<\/th>\r\n            <th>EVE-F240D-GE<\/th>\r\n            <th>EVE-F360D-GE<\/th>\r\n            <th>EVE-F480D-GE<\/th>\r\n            <th>EVE-F240D-GE<\/th>\r\n        <\/tr>\r\n    <\/thead>\r\n    <tbody>\r\n        <tr>\r\n            <td colspan=\"5\" style=\"text-align:left;\"><strong>Sp\u00e9cification Param\u00e8tre<\/strong><\/td>\r\n        <\/tr>\r\n\r\n        <!-- Input -->\r\n        <tr>\r\n            <td>Alimentation \u00e9lectrique<\/td>\r\n            <td colspan=\"5\">3L+N+PE<\/td>\r\n        <\/tr>\r\n        <tr>\r\n            <td>Fiche d'alimentation<\/td>\r\n            <td colspan=\"5\">C\u00e2blage<\/td>\r\n        <\/tr>\r\n        <tr>\r\n            <td>Tension d'entr\u00e9e<\/td>\r\n            <td colspan=\"5\">400V \u00b115%<\/td>\r\n        <\/tr>\r\n        <tr>\r\n            <td>Fr\u00e9quence<\/td>\r\n            <td colspan=\"5\">50\/60HZ<\/td>\r\n        <\/tr>\r\n        <tr>\r\n            <td>Efficacit\u00e9<\/td>\r\n            <td colspan=\"5\">\u226595%<\/td>\r\n        <\/tr>\r\n\r\n        <!-- Output -->\r\n        <tr>\r\n            <td>Tension de sortie<\/td>\r\n            <td colspan=\"2\">200~1000V<\/td>\r\n            <td colspan=\"2\">200~1000V<\/td>\r\n        <\/tr>\r\n        <tr>\r\n            <td>Courant de sortie MAX<\/td>\r\n            <td colspan=\"4\">300A avec refroidissement par air, 600A avec refroidissement par liquide<\/td>\r\n        <\/tr>\r\n        <tr>\r\n            <td>Puissance de sortie MAX<\/td>\r\n            <td>240kW<\/td>\r\n            <td>320kW<\/td>\r\n            <td>360kW<\/td>\r\n            <td>480kW<\/td>\r\n        <\/tr>\r\n\r\n        <!-- Product Features -->\r\n        <tr>\r\n            <td>Connecteur du chargeur<\/td>\r\n            <td colspan=\"4\">CCS1\/CCS2\/GBT\/CHAdeMO\/NACS double canon<\/td>\r\n        <\/tr>\r\n        <tr>\r\n            <td>Indicateur LED<\/td>\r\n            <td colspan=\"4\">LED RVB<\/td>\r\n        <\/tr>\r\n        <tr>\r\n            <td>Affichage<\/td>\r\n            <td colspan=\"4\">\u00c9cran tactile de 10,1 pouces<\/td>\r\n        <\/tr>\r\n        <tr>\r\n            <td>Longueur du c\u00e2ble<\/td>\r\n            <td colspan=\"4\">5M (sur mesure)<\/td>\r\n        <\/tr>\r\n        <tr>\r\n            <td>Bouton d'arr\u00eat d'urgence<\/td>\r\n            <td colspan=\"4\">Oui<\/td>\r\n        <\/tr>\r\n        <tr>\r\n            <td>Mode de d\u00e9marrage<\/td>\r\n            <td colspan=\"4\">Adresse VIN\/MAC Plug &amp; Play \/ APP \/ RFID \/ OCPP<\/td>\r\n        <\/tr>\r\n        <tr>\r\n            <td>OCPP<\/td>\r\n            <td colspan=\"4\">OCPP 1.6J<\/td>\r\n        <\/tr>\r\n        <tr>\r\n            <td>RFID<\/td>\r\n            <td colspan=\"4\">Mifare ISO\/IEC14443A (en option)<\/td>\r\n        <\/tr>\r\n        <tr>\r\n            <td>Communication<\/td>\r\n            <td colspan=\"4\">WIFI \/ 4G \/ RJ45<\/td>\r\n        <\/tr>\r\n        <tr>\r\n            <td>M\u00e9thode d'installation<\/td>\r\n            <td colspan=\"4\">Plancher<\/td>\r\n        <\/tr>\r\n\r\n        <!-- Material -->\r\n        <tr>\r\n            <td>Mat\u00e9riau du bo\u00eetier<\/td>\r\n            <td colspan=\"4\">Acier galvanis\u00e9<\/td>\r\n        <\/tr>\r\n        <tr>\r\n            <td>Mat\u00e9riau du c\u00e2ble<\/td>\r\n            <td colspan=\"4\">TPU<\/td>\r\n        <\/tr>\r\n\r\n        <!-- Safety -->\r\n        <tr>\r\n            <td>Compteur d'\u00e9nergie<\/td>\r\n            <td colspan=\"4\">Compteur intelligent<\/td>\r\n        <\/tr>\r\n        <tr>\r\n            <td>RCD<\/td>\r\n            <td colspan=\"4\">Type A+B AC30mA + DC6mA<\/td>\r\n        <\/tr>\r\n        <tr>\r\n            <td>Classe de protection<\/td>\r\n            <td colspan=\"4\">IP55<\/td>\r\n        <\/tr>\r\n        <tr>\r\n            <td>Protection contre les chocs<\/td>\r\n            <td colspan=\"4\">IK10<\/td>\r\n        <\/tr>\r\n        <tr>\r\n            <td>Protection \u00e9lectrique<\/td>\r\n            <td colspan=\"4\">\r\n                Surintensit\u00e9, court-circuit, mise \u00e0 la terre, surtension, sur\/sous-tension, sur\/sous-fr\u00e9quence, sur\/sous-temp\u00e9rature\r\n            <\/td>\r\n        <\/tr>\r\n        <tr>\r\n            <td>Puissance en veille<\/td>\r\n            <td colspan=\"4\">&lt;8W<\/td>\r\n        <\/tr>\r\n\r\n        <!-- Standard -->\r\n        <tr>\r\n            <td>Standard<\/td>\r\n            <td colspan=\"4\">\r\n                S\u00e9curit\u00e9 : EN\/IEC 61851-1:2019, EN\/IEC 61851-23:2014, EN\/IEC 61851-24:2014, EN\/IEC 62368-1 ;<br>\r\n                Connecteurs : EN\/IEC 62196-3:2022, CCS2, CHAdeMO 3.3 ;<br>\r\n                Communications : ISO 15118-1:2019, ISO 15118-2:2022, DIN 70121\r\n            <\/td>\r\n        <\/tr>\r\n\r\n    <\/tbody>\r\n<\/table>\t\t\t\t<\/div>\n\t\t\t\t<\/div>\n\t\t\t\t\t<\/div>\n\t\t\t\t<\/div>\n\t\t\t\t<\/div>","protected":false},"excerpt":{"rendered":"<p>DC Fast Charger-240-480kW &#8211; Up to 480kW DC fast charging significantly reduces charging time and improves station turnover. &#8211; Simultaneous two gun fast charging for maximized efficiency. &#8211; Supports two charging guns operating simultaneously, enabling multiple EVs to charge at the same time, reducing wait times and maximizing station throughput. PRODUCT PARAMETERS DC Fast Charger-240-480kW [&hellip;]<\/p>\n","protected":false},"author":1,"featured_media":0,"parent":0,"menu_order":0,"comment_status":"closed","ping_status":"closed","template":"","meta":{"content-type":"","site-sidebar-layout":"no-sidebar","site-content-layout":"page-builder","ast-site-content-layout":"full-width-container","site-content-style":"default","site-sidebar-style":"default","ast-global-header-display":"","ast-banner-title-visibility":"","ast-main-header-display":"","ast-hfb-above-header-display":"","ast-hfb-below-header-display":"","ast-hfb-mobile-header-display":"","site-post-title":"","ast-breadcrumbs-content":"","ast-featured-img":"disabled","footer-sml-layout":"","ast-disable-related-posts":"","theme-transparent-header-meta":"","adv-header-id-meta":"","stick-header-meta":"","header-above-stick-meta":"","header-main-stick-meta":"","header-below-stick-meta":"","astra-migrate-meta-layouts":"set","ast-page-background-enabled":"default","ast-page-background-meta":{"desktop":{"background-color":"","background-image":"","background-repeat":"repeat","background-position":"center center","background-size":"auto","background-attachment":"scroll","background-type":"","background-media":"","overlay-type":"","overlay-color":"","overlay-opacity":"","overlay-gradient":""},"tablet":{"background-color":"","background-image":"","background-repeat":"repeat","background-position":"center center","background-size":"auto","background-attachment":"scroll","background-type":"","background-media":"","overlay-type":"","overlay-color":"","overlay-opacity":"","overlay-gradient":""},"mobile":{"background-color":"","background-image":"","background-repeat":"repeat","background-position":"center center","background-size":"auto","background-attachment":"scroll","background-type":"","background-media":"","overlay-type":"","overlay-color":"","overlay-opacity":"","overlay-gradient":""}},"ast-content-background-meta":{"desktop":{"background-color":"var(--ast-global-color-5)","background-image":"","background-repeat":"repeat","background-position":"center center","background-size":"auto","background-attachment":"scroll","background-type":"","background-media":"","overlay-type":"","overlay-color":"","overlay-opacity":"","overlay-gradient":""},"tablet":{"background-color":"var(--ast-global-color-5)","background-image":"","background-repeat":"repeat","background-position":"center center","background-size":"auto","background-attachment":"scroll","background-type":"","background-media":"","overlay-type":"","overlay-color":"","overlay-opacity":"","overlay-gradient":""},"mobile":{"background-color":"var(--ast-global-color-5)","background-image":"","background-repeat":"repeat","background-position":"center center","background-size":"auto","background-attachment":"scroll","background-type":"","background-media":"","overlay-type":"","overlay-color":"","overlay-opacity":"","overlay-gradient":""}},"footnotes":""},"class_list":["post-4528","page","type-page","status-publish","hentry"],"_links":{"self":[{"href":"https:\/\/eve-go.com\/fr\/wp-json\/wp\/v2\/pages\/4528","targetHints":{"allow":["GET"]}}],"collection":[{"href":"https:\/\/eve-go.com\/fr\/wp-json\/wp\/v2\/pages"}],"about":[{"href":"https:\/\/eve-go.com\/fr\/wp-json\/wp\/v2\/types\/page"}],"author":[{"embeddable":true,"href":"https:\/\/eve-go.com\/fr\/wp-json\/wp\/v2\/users\/1"}],"replies":[{"embeddable":true,"href":"https:\/\/eve-go.com\/fr\/wp-json\/wp\/v2\/comments?post=4528"}],"version-history":[{"count":13,"href":"https:\/\/eve-go.com\/fr\/wp-json\/wp\/v2\/pages\/4528\/revisions"}],"predecessor-version":[{"id":5701,"href":"https:\/\/eve-go.com\/fr\/wp-json\/wp\/v2\/pages\/4528\/revisions\/5701"}],"wp:attachment":[{"href":"https:\/\/eve-go.com\/fr\/wp-json\/wp\/v2\/media?parent=4528"}],"curies":[{"name":"wp","href":"https:\/\/api.w.org\/{rel}","templated":true}]}}