{"id":4525,"date":"2026-02-25T01:11:26","date_gmt":"2026-02-25T01:11:26","guid":{"rendered":"https:\/\/allevcharging.com\/?page_id=4525"},"modified":"2026-03-26T10:04:55","modified_gmt":"2026-03-26T10:04:55","slug":"120-240kw","status":"publish","type":"page","link":"https:\/\/eve-go.com\/fr\/120-240kw\/","title":{"rendered":"120 240kw"},"content":{"rendered":"<div data-elementor-type=\"wp-page\" data-elementor-id=\"4525\" class=\"elementor elementor-4525\" data-elementor-post-type=\"page\">\n\t\t\t\t<div class=\"elementor-element elementor-element-3b7b9c2 e-flex e-con-boxed e-con e-parent\" data-id=\"3b7b9c2\" data-element_type=\"container\" data-e-type=\"container\">\n\t\t\t\t\t<div class=\"e-con-inner\">\n\t\t<div class=\"elementor-element elementor-element-b5dfa42 e-con-full e-flex e-con e-child\" data-id=\"b5dfa42\" data-element_type=\"container\" data-e-type=\"container\">\n\t\t\t\t<div class=\"elementor-element elementor-element-ade50e5 elementor-widget elementor-widget-image\" data-id=\"ade50e5\" data-element_type=\"widget\" data-e-type=\"widget\" data-widget_type=\"image.default\">\n\t\t\t\t<div class=\"elementor-widget-container\">\n\t\t\t\t\t\t\t\t\t\t\t\t\t\t\t<img fetchpriority=\"high\" decoding=\"async\" width=\"562\" height=\"777\" src=\"https:\/\/eve-go.com\/wp-content\/uploads\/2026\/02\/18c1d0782160ad15721286077cef3363.png\" class=\"attachment-large size-large wp-image-4504\" alt=\"\" srcset=\"https:\/\/eve-go.com\/wp-content\/uploads\/2026\/02\/18c1d0782160ad15721286077cef3363.png 562w, https:\/\/eve-go.com\/wp-content\/uploads\/2026\/02\/18c1d0782160ad15721286077cef3363-217x300.png 217w, https:\/\/eve-go.com\/wp-content\/uploads\/2026\/02\/18c1d0782160ad15721286077cef3363-9x12.png 9w\" sizes=\"(max-width: 562px) 100vw, 562px\" \/>\t\t\t\t\t\t\t\t\t\t\t\t\t\t\t<\/div>\n\t\t\t\t<\/div>\n\t\t\t\t<\/div>\n\t\t<div class=\"elementor-element elementor-element-769db4f e-con-full e-flex e-con e-child\" data-id=\"769db4f\" data-element_type=\"container\" data-e-type=\"container\">\n\t\t\t\t<div class=\"elementor-element elementor-element-2af24b4 elementor-widget elementor-widget-heading\" data-id=\"2af24b4\" data-element_type=\"widget\" data-e-type=\"widget\" data-widget_type=\"heading.default\">\n\t\t\t\t<div class=\"elementor-widget-container\">\n\t\t\t\t\t<h2 class=\"elementor-heading-title elementor-size-default\">Chargeur rapide DC Advertising - 120-240kW<\/h2>\t\t\t\t<\/div>\n\t\t\t\t<\/div>\n\t\t\t\t<div class=\"elementor-element elementor-element-7119387 elementor-icon-list--layout-traditional elementor-list-item-link-full_width elementor-widget elementor-widget-icon-list\" data-id=\"7119387\" data-element_type=\"widget\" data-e-type=\"widget\" data-widget_type=\"icon-list.default\">\n\t\t\t\t<div class=\"elementor-widget-container\">\n\t\t\t\t\t\t\t<ul class=\"elementor-icon-list-items\">\n\t\t\t\t\t\t\t<li class=\"elementor-icon-list-item\">\n\t\t\t\t\t\t\t\t\t\t<span class=\"elementor-icon-list-text\">Compatibilit\u00e9 avec le r\u00e9seau europ\u00e9en Con\u00e7u pour r\u00e9pondre aux normes du r\u00e9seau \u00e9lectrique europ\u00e9en, y compris les sp\u00e9cifications IEC et EN pour la tension, la fr\u00e9quence et la qualit\u00e9 de l'\u00e9nergie. Enti\u00e8rement compatible avec une entr\u00e9e CA triphas\u00e9e de 400 V dans tous les \u00c9tats membres de l'UE, ce qui garantit un fonctionnement stable quelles que soient les conditions du r\u00e9seau local. Aucun transformateur ou adaptateur suppl\u00e9mentaire n'est n\u00e9cessaire - connectez-vous directement \u00e0 l'infrastructure \u00e9lectrique existante de votre site et commencez \u00e0 charger imm\u00e9diatement.<\/span>\n\t\t\t\t\t\t\t\t\t<\/li>\n\t\t\t\t\t\t\t\t<li class=\"elementor-icon-list-item\">\n\t\t\t\t\t\t\t\t\t\t<span class=\"elementor-icon-list-text\">Chargement ultra-rapide L'architecture d'alimentation \u00e9volutive prend en charge une puissance combin\u00e9e allant jusqu'\u00e0 960 kW, ce qui permet d'atteindre des vitesses de chargement de nouvelle g\u00e9n\u00e9ration pour les derni\u00e8res batteries de v\u00e9hicules \u00e9lectriques \u00e0 haute capacit\u00e9. Les bornes de recharge multiples partagent l'\u00e9nergie de fa\u00e7on dynamique \u00e0 partir d'une armoire \u00e9lectrique centralis\u00e9e, de sorte que chaque v\u00e9hicule b\u00e9n\u00e9ficie d'un taux de charge optimal sans gaspillage d'infrastructure. Id\u00e9al pour les corridors autoroutiers, les centres de transit et les sites commerciaux tr\u00e8s fr\u00e9quent\u00e9s o\u00f9 la rotation rapide des v\u00e9hicules est essentielle.<\/span>\n\t\t\t\t\t\t\t\t\t<\/li>\n\t\t\t\t\t\t\t\t<li class=\"elementor-icon-list-item\">\n\t\t\t\t\t\t\t\t\t\t<span class=\"elementor-icon-list-text\">G\u00e9n\u00e9rer des revenus suppl\u00e9mentaires \u00c9quip\u00e9 d'un \u00e9cran publicitaire de 55 pouces de qualit\u00e9 commerciale qui transforme le temps d'inactivit\u00e9 en source de revenus. Les exploitants de sites peuvent diffuser des publicit\u00e9s num\u00e9riques cibl\u00e9es, promouvoir les commerces sur place ou afficher des contenus sponsoris\u00e9s pendant que les v\u00e9hicules se rechargent. Une seule unit\u00e9 offre un double retour sur investissement - frais de charge et revenus publicitaires - maximisant ainsi le retour sur chaque m\u00e8tre carr\u00e9 de votre site de charge.<\/span>\n\t\t\t\t\t\t\t\t\t<\/li>\n\t\t\t\t\t\t<\/ul>\n\t\t\t\t\t\t<\/div>\n\t\t\t\t<\/div>\n\t\t\t\t<div class=\"elementor-element elementor-element-779f666 elementor-widget elementor-widget-image\" data-id=\"779f666\" data-element_type=\"widget\" data-e-type=\"widget\" data-widget_type=\"image.default\">\n\t\t\t\t<div class=\"elementor-widget-container\">\n\t\t\t\t\t\t\t\t\t\t\t\t\t\t\t<img decoding=\"async\" width=\"188\" height=\"55\" src=\"https:\/\/eve-go.com\/wp-content\/uploads\/2026\/02\/ice.png\" class=\"attachment-large size-large wp-image-4574\" alt=\"\" srcset=\"https:\/\/eve-go.com\/wp-content\/uploads\/2026\/02\/ice.png 188w, https:\/\/eve-go.com\/wp-content\/uploads\/2026\/02\/ice-18x5.png 18w\" sizes=\"(max-width: 188px) 100vw, 188px\" \/>\t\t\t\t\t\t\t\t\t\t\t\t\t\t\t<\/div>\n\t\t\t\t<\/div>\n\t\t\t\t<\/div>\n\t\t\t\t\t<\/div>\n\t\t\t\t<\/div>\n\t\t<div class=\"elementor-element elementor-element-d3e182f e-flex e-con-boxed e-con e-parent\" data-id=\"d3e182f\" data-element_type=\"container\" data-e-type=\"container\">\n\t\t\t\t\t<div class=\"e-con-inner\">\n\t\t\t\t<div class=\"elementor-element elementor-element-8165b3b elementor-widget elementor-widget-heading\" data-id=\"8165b3b\" data-element_type=\"widget\" data-e-type=\"widget\" data-widget_type=\"heading.default\">\n\t\t\t\t<div class=\"elementor-widget-container\">\n\t\t\t\t\t<h2 class=\"elementor-heading-title elementor-size-default\">PARAM\u00c8TRES DU PRODUIT<\/h2>\t\t\t\t<\/div>\n\t\t\t\t<\/div>\n\t\t\t\t<div class=\"elementor-element elementor-element-af8055f elementor-widget elementor-widget-heading\" data-id=\"af8055f\" data-element_type=\"widget\" data-e-type=\"widget\" data-widget_type=\"heading.default\">\n\t\t\t\t<div class=\"elementor-widget-container\">\n\t\t\t\t\t<h3 class=\"elementor-heading-title elementor-size-default\">Chargeur rapide DC Advertising - 120-240kW<\/h3>\t\t\t\t<\/div>\n\t\t\t\t<\/div>\n\t\t\t\t<div class=\"elementor-element elementor-element-6821dcc elementor-widget elementor-widget-html\" data-id=\"6821dcc\" data-element_type=\"widget\" data-e-type=\"widget\" data-widget_type=\"html.default\">\n\t\t\t\t<div class=\"elementor-widget-container\">\n\t\t\t\t\t<table border=\"1\" cellspacing=\"0\" cellpadding=\"5\" class=\"responsive-table\" style=\"width:100%; max-width:1200px; border-collapse:collapse; text-align:center;\">\r\n    <thead class=\"table-header\">\r\n        <tr>\r\n            <th>Mod\u00e8le<\/th>\r\n            <th>EVE-FA120D-GE<\/th>\r\n            <th>EVE-FA160D-GE<\/th>\r\n            <th>EVE-FA180D-GE<\/th>\r\n            <th>EVE-FA240D-GE<\/th>\r\n        <\/tr>\r\n    <\/thead>\r\n    <tbody>\r\n        <tr>\r\n            <td colspan=\"5\" style=\"text-align:left;\"><strong>Sp\u00e9cification Param\u00e8tre<\/strong><\/td>\r\n        <\/tr>\r\n\r\n        <!-- Input -->\r\n        <tr>\r\n            <td>Alimentation \u00e9lectrique<\/td>\r\n            <td colspan=\"4\">3L+N+PE<\/td>\r\n        <\/tr>\r\n        <tr>\r\n            <td>Fiche d'alimentation<\/td>\r\n            <td colspan=\"4\">C\u00e2blage<\/td>\r\n        <\/tr>\r\n        <tr>\r\n            <td>Tension d'entr\u00e9e<\/td>\r\n            <td colspan=\"4\">400V \u00b1 15%<\/td>\r\n        <\/tr>\r\n        <tr>\r\n            <td>Fr\u00e9quence<\/td>\r\n            <td colspan=\"4\">50\/60HZ<\/td>\r\n        <\/tr>\r\n        <tr>\r\n            <td>Efficacit\u00e9<\/td>\r\n            <td colspan=\"4\">\u226595%<\/td>\r\n        <\/tr>\r\n\r\n        <!-- Output -->\r\n        <tr>\r\n            <td>Tension de sortie<\/td>\r\n            <td colspan=\"4\">200~1000V<\/td>\r\n        <\/tr>\r\n        <tr>\r\n            <td>Courant de sortie MAX<\/td>\r\n            <td>250A<\/td>\r\n            <td>250A<\/td>\r\n            <td>250A<\/td>\r\n            <td>300A<\/td>\r\n        <\/tr>\r\n        <tr>\r\n            <td>Puissance de sortie MAX<\/td>\r\n            <td>120kW<\/td>\r\n            <td>160kW<\/td>\r\n            <td>180kW<\/td>\r\n            <td>240kW<\/td>\r\n        <\/tr>\r\n\r\n        <!-- Product Features -->\r\n        <tr>\r\n            <td>Connecteur du chargeur<\/td>\r\n            <td colspan=\"4\">CCS1\/CCS2\/GBT\/CHAdeMO\/NACS double canon<\/td>\r\n        <\/tr>\r\n        <tr>\r\n            <td>Indicateur LED<\/td>\r\n            <td colspan=\"4\">LED RVB<\/td>\r\n        <\/tr>\r\n        <tr>\r\n            <td>Affichage<\/td>\r\n            <td colspan=\"4\">\u00c9cran tactile de 10,1 pouces<\/td>\r\n        <\/tr>\r\n        <tr>\r\n            <td>Longueur du c\u00e2ble<\/td>\r\n            <td colspan=\"4\">5M (sur mesure)<\/td>\r\n        <\/tr>\r\n        <tr>\r\n            <td>Bouton d'arr\u00eat d'urgence<\/td>\r\n            <td colspan=\"4\">Oui<\/td>\r\n        <\/tr>\r\n        <tr>\r\n            <td>Mode de d\u00e9marrage<\/td>\r\n            <td colspan=\"4\">Adresse VIN\/MAC Plug&amp;Play \/ APP \/ RFID \/ OCPP<\/td>\r\n        <\/tr>\r\n        <tr>\r\n            <td>OCPP<\/td>\r\n            <td colspan=\"4\">OCPP 1.6J<\/td>\r\n        <\/tr>\r\n        <tr>\r\n            <td>RFID<\/td>\r\n            <td colspan=\"4\">Mifare ISO\/IEC14443A (en option)<\/td>\r\n        <\/tr>\r\n        <tr>\r\n            <td>Communication<\/td>\r\n            <td colspan=\"4\">WIFI \/ 4G \/ RJ45<\/td>\r\n        <\/tr>\r\n        <tr>\r\n            <td>M\u00e9thode d'installation<\/td>\r\n            <td colspan=\"4\">Avance au sol.<\/td>\r\n        <\/tr>\r\n\r\n        <!-- Material -->\r\n        <tr>\r\n            <td>Mat\u00e9riau du bo\u00eetier<\/td>\r\n            <td colspan=\"4\">Acier galvanis\u00e9<\/td>\r\n        <\/tr>\r\n        <tr>\r\n            <td>Mat\u00e9riau du c\u00e2ble<\/td>\r\n            <td colspan=\"4\">TPU<\/td>\r\n        <\/tr>\r\n\r\n        <!-- Safety -->\r\n        <tr>\r\n            <td>Compteur d'\u00e9nergie<\/td>\r\n            <td colspan=\"4\">Compteur intelligent<\/td>\r\n        <\/tr>\r\n        <tr>\r\n            <td>RCD<\/td>\r\n            <td colspan=\"4\">Type A+B AC30mA + DC6mA<\/td>\r\n        <\/tr>\r\n        <tr>\r\n            <td>Classe de protection<\/td>\r\n            <td colspan=\"4\">IP55<\/td>\r\n        <\/tr>\r\n        <tr>\r\n            <td>Protection contre les chocs<\/td>\r\n            <td colspan=\"4\">IK10<\/td>\r\n        <\/tr>\r\n        <tr>\r\n            <td>Protection \u00e9lectrique<\/td>\r\n            <td colspan=\"4\">\r\n                Protection contre les surintensit\u00e9s, protection contre les courts-circuits, protection \u00e0 la terre, protection contre les surtensions, protection contre les surtensions\/sous-tensions, protection contre les surtensions\/sous-fr\u00e9quences, protection contre les surtensions\/sous-temp\u00e9ratures\r\n            <\/td>\r\n        <\/tr>\r\n        <tr>\r\n            <td>Puissance en veille<\/td>\r\n            <td colspan=\"4\">&lt;8W<\/td>\r\n        <\/tr>\r\n\r\n        <!-- Standard -->\r\n        <tr>\r\n            <td>Standard<\/td>\r\n            <td colspan=\"4\">\r\n                S\u00e9curit\u00e9 : EN\/IEC 61851-1:2019, EN\/IEC 61851-23:2014, EN\/IEC 61851-24:2014, EN\/IEC 62368-1 ;<br>\r\n                Connecteurs : EN\/IEC 62196-3:2022, CCS2, CHAdeMO 3.3 ;<br>\r\n                Communications : ISO 15118-1:2019, ISO 15118-2:2022, DIN 70121\r\n            <\/td>\r\n        <\/tr>\r\n\r\n    <\/tbody>\r\n<\/table>\t\t\t\t<\/div>\n\t\t\t\t<\/div>\n\t\t\t\t\t<\/div>\n\t\t\t\t<\/div>\n\t\t\t\t<\/div>","protected":false},"excerpt":{"rendered":"<p>DC Advertising Fast Charger &#8211; 120-240kW Europe Grid Compatibility Engineered to meet European electrical grid standards, including IEC and EN specifications for voltage, frequency, and power quality. Fully compatible with 400V three-phase AC input across EU member states, ensuring stable operation regardless of local grid conditions. No additional transformers or adapters required \u2014 connect directly [&hellip;]<\/p>\n","protected":false},"author":1,"featured_media":0,"parent":0,"menu_order":0,"comment_status":"closed","ping_status":"closed","template":"","meta":{"content-type":"","site-sidebar-layout":"no-sidebar","site-content-layout":"page-builder","ast-site-content-layout":"full-width-container","site-content-style":"default","site-sidebar-style":"default","ast-global-header-display":"","ast-banner-title-visibility":"","ast-main-header-display":"","ast-hfb-above-header-display":"","ast-hfb-below-header-display":"","ast-hfb-mobile-header-display":"","site-post-title":"","ast-breadcrumbs-content":"","ast-featured-img":"disabled","footer-sml-layout":"","ast-disable-related-posts":"","theme-transparent-header-meta":"","adv-header-id-meta":"","stick-header-meta":"","header-above-stick-meta":"","header-main-stick-meta":"","header-below-stick-meta":"","astra-migrate-meta-layouts":"set","ast-page-background-enabled":"default","ast-page-background-meta":{"desktop":{"background-color":"","background-image":"","background-repeat":"repeat","background-position":"center center","background-size":"auto","background-attachment":"scroll","background-type":"","background-media":"","overlay-type":"","overlay-color":"","overlay-opacity":"","overlay-gradient":""},"tablet":{"background-color":"","background-image":"","background-repeat":"repeat","background-position":"center center","background-size":"auto","background-attachment":"scroll","background-type":"","background-media":"","overlay-type":"","overlay-color":"","overlay-opacity":"","overlay-gradient":""},"mobile":{"background-color":"","background-image":"","background-repeat":"repeat","background-position":"center center","background-size":"auto","background-attachment":"scroll","background-type":"","background-media":"","overlay-type":"","overlay-color":"","overlay-opacity":"","overlay-gradient":""}},"ast-content-background-meta":{"desktop":{"background-color":"var(--ast-global-color-5)","background-image":"","background-repeat":"repeat","background-position":"center center","background-size":"auto","background-attachment":"scroll","background-type":"","background-media":"","overlay-type":"","overlay-color":"","overlay-opacity":"","overlay-gradient":""},"tablet":{"background-color":"var(--ast-global-color-5)","background-image":"","background-repeat":"repeat","background-position":"center center","background-size":"auto","background-attachment":"scroll","background-type":"","background-media":"","overlay-type":"","overlay-color":"","overlay-opacity":"","overlay-gradient":""},"mobile":{"background-color":"var(--ast-global-color-5)","background-image":"","background-repeat":"repeat","background-position":"center center","background-size":"auto","background-attachment":"scroll","background-type":"","background-media":"","overlay-type":"","overlay-color":"","overlay-opacity":"","overlay-gradient":""}},"footnotes":""},"class_list":["post-4525","page","type-page","status-publish","hentry"],"_links":{"self":[{"href":"https:\/\/eve-go.com\/fr\/wp-json\/wp\/v2\/pages\/4525","targetHints":{"allow":["GET"]}}],"collection":[{"href":"https:\/\/eve-go.com\/fr\/wp-json\/wp\/v2\/pages"}],"about":[{"href":"https:\/\/eve-go.com\/fr\/wp-json\/wp\/v2\/types\/page"}],"author":[{"embeddable":true,"href":"https:\/\/eve-go.com\/fr\/wp-json\/wp\/v2\/users\/1"}],"replies":[{"embeddable":true,"href":"https:\/\/eve-go.com\/fr\/wp-json\/wp\/v2\/comments?post=4525"}],"version-history":[{"count":17,"href":"https:\/\/eve-go.com\/fr\/wp-json\/wp\/v2\/pages\/4525\/revisions"}],"predecessor-version":[{"id":5847,"href":"https:\/\/eve-go.com\/fr\/wp-json\/wp\/v2\/pages\/4525\/revisions\/5847"}],"wp:attachment":[{"href":"https:\/\/eve-go.com\/fr\/wp-json\/wp\/v2\/media?parent=4525"}],"curies":[{"name":"wp","href":"https:\/\/api.w.org\/{rel}","templated":true}]}}