{"id":4519,"date":"2026-02-25T01:10:55","date_gmt":"2026-02-25T01:10:55","guid":{"rendered":"https:\/\/allevcharging.com\/?page_id=4519"},"modified":"2026-02-25T12:29:49","modified_gmt":"2026-02-25T12:29:49","slug":"eve-ac-w1-7-11-22","status":"publish","type":"page","link":"https:\/\/eve-go.com\/fr\/eve-ac-w1-7-11-22\/","title":{"rendered":"EVE AC W1 7 11 22"},"content":{"rendered":"<div data-elementor-type=\"wp-page\" data-elementor-id=\"4519\" class=\"elementor elementor-4519\" data-elementor-post-type=\"page\">\n\t\t\t\t<div class=\"elementor-element elementor-element-b718974 e-flex e-con-boxed e-con e-parent\" data-id=\"b718974\" data-element_type=\"container\" data-e-type=\"container\">\n\t\t\t\t\t<div class=\"e-con-inner\">\n\t\t<div class=\"elementor-element elementor-element-907673b e-con-full e-flex e-con e-child\" data-id=\"907673b\" data-element_type=\"container\" data-e-type=\"container\">\n\t\t\t\t<div class=\"elementor-element elementor-element-8c784a9 elementor-widget elementor-widget-image\" data-id=\"8c784a9\" data-element_type=\"widget\" data-e-type=\"widget\" data-widget_type=\"image.default\">\n\t\t\t\t<div class=\"elementor-widget-container\">\n\t\t\t\t\t\t\t\t\t\t\t\t\t\t\t<img fetchpriority=\"high\" decoding=\"async\" width=\"525\" height=\"736\" src=\"https:\/\/eve-go.com\/wp-content\/uploads\/2026\/02\/94ab5073-29fc-4a04-aa83-2a47837016da.png\" class=\"attachment-large size-large wp-image-4509\" alt=\"\" srcset=\"https:\/\/eve-go.com\/wp-content\/uploads\/2026\/02\/94ab5073-29fc-4a04-aa83-2a47837016da.png 525w, https:\/\/eve-go.com\/wp-content\/uploads\/2026\/02\/94ab5073-29fc-4a04-aa83-2a47837016da-214x300.png 214w, https:\/\/eve-go.com\/wp-content\/uploads\/2026\/02\/94ab5073-29fc-4a04-aa83-2a47837016da-9x12.png 9w\" sizes=\"(max-width: 525px) 100vw, 525px\" \/>\t\t\t\t\t\t\t\t\t\t\t\t\t\t\t<\/div>\n\t\t\t\t<\/div>\n\t\t\t\t<\/div>\n\t\t<div class=\"elementor-element elementor-element-25bfab7 e-con-full e-flex e-con e-child\" data-id=\"25bfab7\" data-element_type=\"container\" data-e-type=\"container\">\n\t\t\t\t<div class=\"elementor-element elementor-element-17ccf70 elementor-widget elementor-widget-heading\" data-id=\"17ccf70\" data-element_type=\"widget\" data-e-type=\"widget\" data-widget_type=\"heading.default\">\n\t\t\t\t<div class=\"elementor-widget-container\">\n\t\t\t\t\t<h2 class=\"elementor-heading-title elementor-size-default\">Bo\u00eete murale AC EVE-AC-W1<\/h2>\t\t\t\t<\/div>\n\t\t\t\t<\/div>\n\t\t\t\t<div class=\"elementor-element elementor-element-e69a5bf elementor-icon-list--layout-traditional elementor-list-item-link-full_width elementor-widget elementor-widget-icon-list\" data-id=\"e69a5bf\" data-element_type=\"widget\" data-e-type=\"widget\" data-widget_type=\"icon-list.default\">\n\t\t\t\t<div class=\"elementor-widget-container\">\n\t\t\t\t\t\t\t<ul class=\"elementor-icon-list-items\">\n\t\t\t\t\t\t\t<li class=\"elementor-icon-list-item\">\n\t\t\t\t\t\t\t\t\t\t<span class=\"elementor-icon-list-text\"> - \u00c9quip\u00e9 d'une compatibilit\u00e9 OCPP int\u00e9gr\u00e9e et d'une application de contr\u00f4le, il convient \u00e0 la fois \u00e0 une utilisation commerciale et r\u00e9sidentielle. Dot\u00e9 d'un grand \u00e9cran de 4,3''.Syst\u00e8me DLB pris en charge.<\/span>\n\t\t\t\t\t\t\t\t\t<\/li>\n\t\t\t\t\t\t<\/ul>\n\t\t\t\t\t\t<\/div>\n\t\t\t\t<\/div>\n\t\t\t\t<div class=\"elementor-element elementor-element-54134c0 elementor-widget elementor-widget-image\" data-id=\"54134c0\" data-element_type=\"widget\" data-e-type=\"widget\" data-widget_type=\"image.default\">\n\t\t\t\t<div class=\"elementor-widget-container\">\n\t\t\t\t\t\t\t\t\t\t\t\t\t\t\t<img decoding=\"async\" width=\"188\" height=\"55\" src=\"https:\/\/eve-go.com\/wp-content\/uploads\/2026\/02\/ice.png\" class=\"attachment-large size-large wp-image-4574\" alt=\"\" srcset=\"https:\/\/eve-go.com\/wp-content\/uploads\/2026\/02\/ice.png 188w, https:\/\/eve-go.com\/wp-content\/uploads\/2026\/02\/ice-18x5.png 18w\" sizes=\"(max-width: 188px) 100vw, 188px\" \/>\t\t\t\t\t\t\t\t\t\t\t\t\t\t\t<\/div>\n\t\t\t\t<\/div>\n\t\t\t\t<\/div>\n\t\t\t\t\t<\/div>\n\t\t\t\t<\/div>\n\t\t<div class=\"elementor-element elementor-element-409b505 e-flex e-con-boxed e-con e-parent\" data-id=\"409b505\" data-element_type=\"container\" data-e-type=\"container\">\n\t\t\t\t\t<div class=\"e-con-inner\">\n\t\t\t\t<div class=\"elementor-element elementor-element-239cdd8 elementor-widget elementor-widget-heading\" data-id=\"239cdd8\" data-element_type=\"widget\" data-e-type=\"widget\" data-widget_type=\"heading.default\">\n\t\t\t\t<div class=\"elementor-widget-container\">\n\t\t\t\t\t<h2 class=\"elementor-heading-title elementor-size-default\">PARAM\u00c8TRES DU PRODUIT<\/h2>\t\t\t\t<\/div>\n\t\t\t\t<\/div>\n\t\t\t\t<div class=\"elementor-element elementor-element-d299dc1 elementor-widget elementor-widget-heading\" data-id=\"d299dc1\" data-element_type=\"widget\" data-e-type=\"widget\" data-widget_type=\"heading.default\">\n\t\t\t\t<div class=\"elementor-widget-container\">\n\t\t\t\t\t<h3 class=\"elementor-heading-title elementor-size-default\">EVE-AC-W1<\/h3>\t\t\t\t<\/div>\n\t\t\t\t<\/div>\n\t\t\t\t<div class=\"elementor-element elementor-element-caf04a1 elementor-widget elementor-widget-html\" data-id=\"caf04a1\" data-element_type=\"widget\" data-e-type=\"widget\" data-widget_type=\"html.default\">\n\t\t\t\t<div class=\"elementor-widget-container\">\n\t\t\t\t\t<table border=\"1\" cellspacing=\"0\" cellpadding=\"5\" class=\"responsive-table\" style=\"width:100%; max-width:1200px; border-collapse:collapse; text-align:center;\">\r\n    <thead class=\"table-header\">\r\n        <tr>\r\n            <th>Mod\u00e8le<\/th>\r\n            <th>EVE-AC-W1-7<\/th>\r\n            <th>EVE-AC-W1-11<\/th>\r\n            <th>EVE-AC-W1-22<\/th>\r\n        <\/tr>\r\n    <\/thead>\r\n    <tbody>\r\n        <tr>\r\n            <td colspan=\"4\" style=\"text-align:left;\"><strong>Sp\u00e9cification Param\u00e8tre<\/strong><\/td>\r\n        <\/tr>\r\n\r\n        <!-- Input -->\r\n        <tr>\r\n            <td>Alimentation \u00e9lectrique<\/td>\r\n            <td>1P+N+PE<\/td>\r\n            <td>3P+N+PE<\/td>\r\n            <td>3P+N+PE<\/td>\r\n        <\/tr>\r\n        <tr>\r\n            <td>Fiche d'alimentation<\/td>\r\n            <td colspan=\"3\">C\u00e2bl\u00e9<\/td>\r\n        <\/tr>\r\n        <tr>\r\n            <td>Tension nominale<\/td>\r\n            <td colspan=\"3\">230VAC \u00b115%<\/td>\r\n        <\/tr>\r\n        <tr>\r\n            <td>Fr\u00e9quence<\/td>\r\n            <td colspan=\"3\">50\/60HZ<\/td>\r\n        <\/tr>\r\n        <tr>\r\n            <td>MAX. Courant d'entr\u00e9e<\/td>\r\n            <td>32A<\/td>\r\n            <td>16A<\/td>\r\n            <td>32A<\/td>\r\n        <\/tr>\r\n\r\n        <!-- Output -->\r\n        <tr>\r\n            <td>Tension de sortie<\/td>\r\n            <td>230VAC \u00b115%<\/td>\r\n            <td>400V \u00b115%<\/td>\r\n            <td>400V \u00b115%<\/td>\r\n        <\/tr>\r\n        <tr>\r\n            <td>Plage de courant de sortie<\/td>\r\n            <td>32A<\/td>\r\n            <td>16A<\/td>\r\n            <td>32A<\/td>\r\n        <\/tr>\r\n        <tr>\r\n            <td>Puissance nominale<\/td>\r\n            <td>7kW<\/td>\r\n            <td>11kW<\/td>\r\n            <td>22kW<\/td>\r\n        <\/tr>\r\n\r\n        <!-- User Interface -->\r\n        <tr>\r\n            <td>Prise de charge<\/td>\r\n            <td colspan=\"3\">IEC 62196 (Type 2)<\/td>\r\n        <\/tr>\r\n        <tr>\r\n            <td>Indicateur LED<\/td>\r\n            <td colspan=\"3\">LED RVB<\/td>\r\n        <\/tr>\r\n        <tr>\r\n            <td>Affichage<\/td>\r\n            <td colspan=\"3\">\u00c9cran LCD de 4,3 pouces<\/td>\r\n        <\/tr>\r\n        <tr>\r\n            <td>Longueur du c\u00e2ble<\/td>\r\n            <td colspan=\"3\">5m (ou personnalis\u00e9)<\/td>\r\n        <\/tr>\r\n        <tr>\r\n            <td>Mode de d\u00e9marrage<\/td>\r\n            <td colspan=\"3\">Plug &amp; Play \/ APP \/ OCPP \/ RFID<\/td>\r\n        <\/tr>\r\n        <tr>\r\n            <td>M\u00e9thode d'installation<\/td>\r\n            <td colspan=\"3\">Montage mural<\/td>\r\n        <\/tr>\r\n\r\n        <!-- Material -->\r\n        <tr>\r\n            <td>Mat\u00e9riau du bo\u00eetier<\/td>\r\n            <td colspan=\"3\">PC+ABS<\/td>\r\n        <\/tr>\r\n        <tr>\r\n            <td>Mat\u00e9riau du c\u00e2ble<\/td>\r\n            <td colspan=\"3\">TPU<\/td>\r\n        <\/tr>\r\n\r\n        <!-- Safety -->\r\n        <tr>\r\n            <td>Compteur d'\u00e9nergie<\/td>\r\n            <td colspan=\"3\">Compteur embarqu\u00e9<\/td>\r\n        <\/tr>\r\n        <tr>\r\n            <td>RCD<\/td>\r\n            <td colspan=\"3\">Type A+B AC30mA + DC6mA<\/td>\r\n        <\/tr>\r\n        <tr>\r\n            <td>Classe de protection<\/td>\r\n            <td colspan=\"3\">IP65<\/td>\r\n        <\/tr>\r\n        <tr>\r\n            <td>Protection contre les chocs<\/td>\r\n            <td colspan=\"3\">IK10<\/td>\r\n        <\/tr>\r\n        <tr>\r\n            <td>Protection \u00e9lectrique<\/td>\r\n            <td colspan=\"3\">\r\n                Surintensit\u00e9, sur\/sous-tension, RCD, protection de la terre, surtension, surtemp\u00e9rature\r\n            <\/td>\r\n        <\/tr>\r\n        <tr>\r\n            <td>Puissance en veille<\/td>\r\n            <td colspan=\"3\">&lt;3W<\/td>\r\n        <\/tr>\r\n\r\n        <tr>\r\n            <td>Standard<\/td>\r\n            <td colspan=\"3\">EN\/IEC 61851-1 : 2019<\/td>\r\n        <\/tr>\r\n\r\n    <\/tbody>\r\n<\/table>\t\t\t\t<\/div>\n\t\t\t\t<\/div>\n\t\t\t\t\t<\/div>\n\t\t\t\t<\/div>\n\t\t\t\t<\/div>","protected":false},"excerpt":{"rendered":"<p>Wallbox AC EVE-AC-W1 &#8211; Equipped with built-in OCPP compatibility and app control, suitable for both commercial and residential use. Features a 4.3&#8221; large display screen.DLB System Supported. PRODUCT PARAMETERS EVE-AC-W1 Model EVE-AC-W1-7 EVE-AC-W1-11 EVE-AC-W1-22 Specification Parameter Power Supply 1P+N+PE 3P+N+PE 3P+N+PE Power Plug HardWired Rated Voltage 230VAC \u00b115% Frequency 50\/60HZ MAX. Input Current 32A 16A [&hellip;]<\/p>\n","protected":false},"author":1,"featured_media":0,"parent":0,"menu_order":0,"comment_status":"closed","ping_status":"closed","template":"","meta":{"content-type":"","site-sidebar-layout":"no-sidebar","site-content-layout":"page-builder","ast-site-content-layout":"full-width-container","site-content-style":"default","site-sidebar-style":"default","ast-global-header-display":"","ast-banner-title-visibility":"","ast-main-header-display":"","ast-hfb-above-header-display":"","ast-hfb-below-header-display":"","ast-hfb-mobile-header-display":"","site-post-title":"","ast-breadcrumbs-content":"","ast-featured-img":"disabled","footer-sml-layout":"","ast-disable-related-posts":"","theme-transparent-header-meta":"","adv-header-id-meta":"","stick-header-meta":"","header-above-stick-meta":"","header-main-stick-meta":"","header-below-stick-meta":"","astra-migrate-meta-layouts":"set","ast-page-background-enabled":"default","ast-page-background-meta":{"desktop":{"background-color":"","background-image":"","background-repeat":"repeat","background-position":"center center","background-size":"auto","background-attachment":"scroll","background-type":"","background-media":"","overlay-type":"","overlay-color":"","overlay-opacity":"","overlay-gradient":""},"tablet":{"background-color":"","background-image":"","background-repeat":"repeat","background-position":"center center","background-size":"auto","background-attachment":"scroll","background-type":"","background-media":"","overlay-type":"","overlay-color":"","overlay-opacity":"","overlay-gradient":""},"mobile":{"background-color":"","background-image":"","background-repeat":"repeat","background-position":"center center","background-size":"auto","background-attachment":"scroll","background-type":"","background-media":"","overlay-type":"","overlay-color":"","overlay-opacity":"","overlay-gradient":""}},"ast-content-background-meta":{"desktop":{"background-color":"var(--ast-global-color-5)","background-image":"","background-repeat":"repeat","background-position":"center center","background-size":"auto","background-attachment":"scroll","background-type":"","background-media":"","overlay-type":"","overlay-color":"","overlay-opacity":"","overlay-gradient":""},"tablet":{"background-color":"var(--ast-global-color-5)","background-image":"","background-repeat":"repeat","background-position":"center center","background-size":"auto","background-attachment":"scroll","background-type":"","background-media":"","overlay-type":"","overlay-color":"","overlay-opacity":"","overlay-gradient":""},"mobile":{"background-color":"var(--ast-global-color-5)","background-image":"","background-repeat":"repeat","background-position":"center center","background-size":"auto","background-attachment":"scroll","background-type":"","background-media":"","overlay-type":"","overlay-color":"","overlay-opacity":"","overlay-gradient":""}},"footnotes":""},"class_list":["post-4519","page","type-page","status-publish","hentry"],"_links":{"self":[{"href":"https:\/\/eve-go.com\/fr\/wp-json\/wp\/v2\/pages\/4519","targetHints":{"allow":["GET"]}}],"collection":[{"href":"https:\/\/eve-go.com\/fr\/wp-json\/wp\/v2\/pages"}],"about":[{"href":"https:\/\/eve-go.com\/fr\/wp-json\/wp\/v2\/types\/page"}],"author":[{"embeddable":true,"href":"https:\/\/eve-go.com\/fr\/wp-json\/wp\/v2\/users\/1"}],"replies":[{"embeddable":true,"href":"https:\/\/eve-go.com\/fr\/wp-json\/wp\/v2\/comments?post=4519"}],"version-history":[{"count":10,"href":"https:\/\/eve-go.com\/fr\/wp-json\/wp\/v2\/pages\/4519\/revisions"}],"predecessor-version":[{"id":4844,"href":"https:\/\/eve-go.com\/fr\/wp-json\/wp\/v2\/pages\/4519\/revisions\/4844"}],"wp:attachment":[{"href":"https:\/\/eve-go.com\/fr\/wp-json\/wp\/v2\/media?parent=4519"}],"curies":[{"name":"wp","href":"https:\/\/api.w.org\/{rel}","templated":true}]}}