{"id":4515,"date":"2026-02-25T01:10:34","date_gmt":"2026-02-25T01:10:34","guid":{"rendered":"https:\/\/allevcharging.com\/?page_id=4515"},"modified":"2026-02-25T12:45:49","modified_gmt":"2026-02-25T12:45:49","slug":"abcf35-70-96","status":"publish","type":"page","link":"https:\/\/eve-go.com\/fr\/abcf35-70-96\/","title":{"rendered":"ABCF35 70 96"},"content":{"rendered":"<div data-elementor-type=\"wp-page\" data-elementor-id=\"4515\" class=\"elementor elementor-4515\" data-elementor-post-type=\"page\">\n\t\t\t\t<div class=\"elementor-element elementor-element-86193ca e-flex e-con-boxed e-con e-parent\" data-id=\"86193ca\" data-element_type=\"container\" data-e-type=\"container\">\n\t\t\t\t\t<div class=\"e-con-inner\">\n\t\t<div class=\"elementor-element elementor-element-68a615e e-con-full e-flex e-con e-child\" data-id=\"68a615e\" data-element_type=\"container\" data-e-type=\"container\">\n\t\t\t\t<div class=\"elementor-element elementor-element-f65cce5 elementor-widget elementor-widget-image\" data-id=\"f65cce5\" data-element_type=\"widget\" data-e-type=\"widget\" data-widget_type=\"image.default\">\n\t\t\t\t<div class=\"elementor-widget-container\">\n\t\t\t\t\t\t\t\t\t\t\t\t\t\t\t<img fetchpriority=\"high\" decoding=\"async\" width=\"524\" height=\"745\" src=\"https:\/\/eve-go.com\/wp-content\/uploads\/2026\/02\/75ff3562-a04f-4c87-83f7-e14bb3d7a945.png\" class=\"attachment-large size-large wp-image-4508\" alt=\"\" srcset=\"https:\/\/eve-go.com\/wp-content\/uploads\/2026\/02\/75ff3562-a04f-4c87-83f7-e14bb3d7a945.png 524w, https:\/\/eve-go.com\/wp-content\/uploads\/2026\/02\/75ff3562-a04f-4c87-83f7-e14bb3d7a945-211x300.png 211w, https:\/\/eve-go.com\/wp-content\/uploads\/2026\/02\/75ff3562-a04f-4c87-83f7-e14bb3d7a945-8x12.png 8w\" sizes=\"(max-width: 524px) 100vw, 524px\" \/>\t\t\t\t\t\t\t\t\t\t\t\t\t\t\t<\/div>\n\t\t\t\t<\/div>\n\t\t\t\t<\/div>\n\t\t<div class=\"elementor-element elementor-element-1df1531 e-con-full e-flex e-con e-child\" data-id=\"1df1531\" data-element_type=\"container\" data-e-type=\"container\">\n\t\t\t\t<div class=\"elementor-element elementor-element-9f5d411 elementor-widget elementor-widget-heading\" data-id=\"9f5d411\" data-element_type=\"widget\" data-e-type=\"widget\" data-widget_type=\"heading.default\">\n\t\t\t\t<div class=\"elementor-widget-container\">\n\t\t\t\t\t<h2 class=\"elementor-heading-title elementor-size-default\">Chargeur portable AC EVE-P-US-A\/B\/C\/F<\/h2>\t\t\t\t<\/div>\n\t\t\t\t<\/div>\n\t\t\t\t<div class=\"elementor-element elementor-element-986b225 elementor-icon-list--layout-traditional elementor-list-item-link-full_width elementor-widget elementor-widget-icon-list\" data-id=\"986b225\" data-element_type=\"widget\" data-e-type=\"widget\" data-widget_type=\"icon-list.default\">\n\t\t\t\t<div class=\"elementor-widget-container\">\n\t\t\t\t\t\t\t<ul class=\"elementor-icon-list-items\">\n\t\t\t\t\t\t\t<li class=\"elementor-icon-list-item\">\n\t\t\t\t\t\t\t\t\t\t<span class=\"elementor-icon-list-text\"> - Dot\u00e9 d'une interface utilisateur conviviale, notre syst\u00e8me permet une programmation ais\u00e9e gr\u00e2ce \u00e0 une fonction de minuterie int\u00e9gr\u00e9e et \u00e0 un r\u00e9glage facile du courant.<\/span>\n\t\t\t\t\t\t\t\t\t<\/li>\n\t\t\t\t\t\t<\/ul>\n\t\t\t\t\t\t<\/div>\n\t\t\t\t<\/div>\n\t\t\t\t<div class=\"elementor-element elementor-element-0985c22 elementor-widget elementor-widget-image\" data-id=\"0985c22\" data-element_type=\"widget\" data-e-type=\"widget\" data-widget_type=\"image.default\">\n\t\t\t\t<div class=\"elementor-widget-container\">\n\t\t\t\t\t\t\t\t\t\t\t\t\t\t\t<img decoding=\"async\" width=\"188\" height=\"55\" src=\"https:\/\/eve-go.com\/wp-content\/uploads\/2026\/02\/ice.png\" class=\"attachment-large size-large wp-image-4574\" alt=\"\" srcset=\"https:\/\/eve-go.com\/wp-content\/uploads\/2026\/02\/ice.png 188w, https:\/\/eve-go.com\/wp-content\/uploads\/2026\/02\/ice-18x5.png 18w\" sizes=\"(max-width: 188px) 100vw, 188px\" \/>\t\t\t\t\t\t\t\t\t\t\t\t\t\t\t<\/div>\n\t\t\t\t<\/div>\n\t\t\t\t<\/div>\n\t\t\t\t\t<\/div>\n\t\t\t\t<\/div>\n\t\t<div class=\"elementor-element elementor-element-d4c91da e-flex e-con-boxed e-con e-parent\" data-id=\"d4c91da\" data-element_type=\"container\" data-e-type=\"container\">\n\t\t\t\t\t<div class=\"e-con-inner\">\n\t\t\t\t<div class=\"elementor-element elementor-element-57d7653 elementor-widget elementor-widget-heading\" data-id=\"57d7653\" data-element_type=\"widget\" data-e-type=\"widget\" data-widget_type=\"heading.default\">\n\t\t\t\t<div class=\"elementor-widget-container\">\n\t\t\t\t\t<h2 class=\"elementor-heading-title elementor-size-default\">PARAM\u00c8TRES DU PRODUIT<\/h2>\t\t\t\t<\/div>\n\t\t\t\t<\/div>\n\t\t\t\t<div class=\"elementor-element elementor-element-9c021c2 elementor-widget elementor-widget-heading\" data-id=\"9c021c2\" data-element_type=\"widget\" data-e-type=\"widget\" data-widget_type=\"heading.default\">\n\t\t\t\t<div class=\"elementor-widget-container\">\n\t\t\t\t\t<h3 class=\"elementor-heading-title elementor-size-default\">EVE-P-US-A\/B\/C\/F<\/h3>\t\t\t\t<\/div>\n\t\t\t\t<\/div>\n\t\t\t\t<div class=\"elementor-element elementor-element-96068f5 elementor-widget elementor-widget-html\" data-id=\"96068f5\" data-element_type=\"widget\" data-e-type=\"widget\" data-widget_type=\"html.default\">\n\t\t\t\t<div class=\"elementor-widget-container\">\n\t\t\t\t\t<table border=\"1\" cellspacing=\"0\" cellpadding=\"5\" class=\"responsive-table\" style=\"width:100%; max-width:1200px; border-collapse:collapse; text-align:center;\">\r\n    <thead class=\"table-header\">\r\n        <tr>\r\n            <th>Mod\u00e8le<\/th>\r\n            <th>EVE-P-US-A\/B\/C\/F35<\/th>\r\n            <th>EVE-P-US-A\/B\/C\/F70<\/th>\r\n            <th>EVE-P-US-F96<\/th>\r\n        <\/tr>\r\n    <\/thead>\r\n    <tbody>\r\n        <tr>\r\n            <td colspan=\"4\" style=\"text-align:left;\"><strong>Sp\u00e9cification Param\u00e8tre<\/strong><\/td>\r\n        <\/tr>\r\n\r\n        <!-- Input -->\r\n        <tr>\r\n            <td>Alimentation \u00e9lectrique<\/td>\r\n            <td colspan=\"3\">L1+L2+N+PE<\/td>\r\n        <\/tr>\r\n        <tr>\r\n            <td>Fiche d'alimentation<\/td>\r\n            <td>NEMA 5-20P<\/td>\r\n            <td>NEMA 14-50P<\/td>\r\n            <td>NEMA 14-50P<\/td>\r\n        <\/tr>\r\n        <tr>\r\n            <td>Tension nominale<\/td>\r\n            <td colspan=\"3\">220\/240VAC \u00b115%<\/td>\r\n        <\/tr>\r\n        <tr>\r\n            <td>Fr\u00e9quence<\/td>\r\n            <td colspan=\"3\">50\/60HZ<\/td>\r\n        <\/tr>\r\n        <tr>\r\n            <td>MAX. Courant d'entr\u00e9e<\/td>\r\n            <td>16A<\/td>\r\n            <td>32A<\/td>\r\n            <td>40A<\/td>\r\n        <\/tr>\r\n\r\n        <!-- Output -->\r\n        <tr>\r\n            <td>Tension de sortie<\/td>\r\n            <td colspan=\"3\">220\/240VAC \u00b115%<\/td>\r\n        <\/tr>\r\n        <tr>\r\n            <td>Plage de courant de sortie<\/td>\r\n            <td>16A<\/td>\r\n            <td>32A<\/td>\r\n            <td>40A<\/td>\r\n        <\/tr>\r\n        <tr>\r\n            <td>Puissance nominale<\/td>\r\n            <td>3,5 kW<\/td>\r\n            <td>7kW<\/td>\r\n            <td>9,6 kW<\/td>\r\n        <\/tr>\r\n\r\n        <!-- User Interface -->\r\n        <tr>\r\n            <td>Prise de charge<\/td>\r\n            <td colspan=\"3\">SAE J1772 (Type 1)<\/td>\r\n        <\/tr>\r\n        <tr>\r\n            <td>Indicateur LED<\/td>\r\n            <td colspan=\"3\">LED RVB<\/td>\r\n        <\/tr>\r\n        <tr>\r\n            <td>Affichage<\/td>\r\n            <td colspan=\"3\">\u00c9cran LCD de 2,5 pouces<\/td>\r\n        <\/tr>\r\n        <tr>\r\n            <td>Longueur du c\u00e2ble<\/td>\r\n            <td colspan=\"3\">5m (ou personnalis\u00e9)<\/td>\r\n        <\/tr>\r\n        <tr>\r\n            <td>Mode de d\u00e9marrage<\/td>\r\n            <td colspan=\"3\">Plug &amp; Play<\/td>\r\n        <\/tr>\r\n        <tr>\r\n            <td>M\u00e9thode d'installation<\/td>\r\n            <td colspan=\"3\">Portable<\/td>\r\n        <\/tr>\r\n\r\n        <!-- Material -->\r\n        <tr>\r\n            <td>Mat\u00e9riau du bo\u00eetier<\/td>\r\n            <td colspan=\"3\">PC+ABS<\/td>\r\n        <\/tr>\r\n        <tr>\r\n            <td>Mat\u00e9riau du c\u00e2ble<\/td>\r\n            <td colspan=\"3\">TPU<\/td>\r\n        <\/tr>\r\n\r\n        <!-- Safety -->\r\n        <tr>\r\n            <td>Compteur d'\u00e9nergie<\/td>\r\n            <td colspan=\"3\">Compteur embarqu\u00e9<\/td>\r\n        <\/tr>\r\n        <tr>\r\n            <td>RCD<\/td>\r\n            <td colspan=\"3\">Type A+B AC30mA + DC6mA<\/td>\r\n        <\/tr>\r\n        <tr>\r\n            <td>Classe de protection<\/td>\r\n            <td colspan=\"3\">IP65<\/td>\r\n        <\/tr>\r\n        <tr>\r\n            <td>Protection contre les chocs<\/td>\r\n            <td colspan=\"3\">IK10<\/td>\r\n        <\/tr>\r\n        <tr>\r\n            <td>Protection \u00e9lectrique<\/td>\r\n            <td colspan=\"3\">\r\n                Surintensit\u00e9, sur\/sous-tension, RCD, protection de la terre, surtension, surtemp\u00e9rature\r\n            <\/td>\r\n        <\/tr>\r\n        <tr>\r\n            <td>Puissance en veille<\/td>\r\n            <td colspan=\"3\">&lt;3W<\/td>\r\n        <\/tr>\r\n\r\n        <!-- Standard -->\r\n        <tr>\r\n            <td>Standard<\/td>\r\n            <td colspan=\"3\">EN\/IEC 61851-1 : 2019<\/td>\r\n        <\/tr>\r\n    <\/tbody>\r\n<\/table>\t\t\t\t<\/div>\n\t\t\t\t<\/div>\n\t\t\t\t\t<\/div>\n\t\t\t\t<\/div>\n\t\t\t\t<\/div>","protected":false},"excerpt":{"rendered":"<p>AC Portable Charger EVE-P-US-A\/B\/C\/F &#8211; Featuring a user-friendly screen interface, our system allows easy scheduling with built-in timer functionality and effortless current adjustment. PRODUCT PARAMETERS EVE-P-US-A\/B\/C\/F Model EVE-P-US-A\/B\/C\/F35 EVE-P-US-A\/B\/C\/F70 EVE-P-US-F96 Specification Parameter Power Supply L1+L2+N+PE Power Plug NEMA 5-20P NEMA 14-50P NEMA 14-50P Rated Voltage 220\/240VAC \u00b115% Frequency 50\/60HZ MAX. Input Current 16A 32A 40A [&hellip;]<\/p>\n","protected":false},"author":1,"featured_media":0,"parent":0,"menu_order":0,"comment_status":"closed","ping_status":"closed","template":"","meta":{"content-type":"","site-sidebar-layout":"no-sidebar","site-content-layout":"page-builder","ast-site-content-layout":"full-width-container","site-content-style":"default","site-sidebar-style":"default","ast-global-header-display":"","ast-banner-title-visibility":"","ast-main-header-display":"","ast-hfb-above-header-display":"","ast-hfb-below-header-display":"","ast-hfb-mobile-header-display":"","site-post-title":"","ast-breadcrumbs-content":"","ast-featured-img":"disabled","footer-sml-layout":"","ast-disable-related-posts":"","theme-transparent-header-meta":"","adv-header-id-meta":"","stick-header-meta":"","header-above-stick-meta":"","header-main-stick-meta":"","header-below-stick-meta":"","astra-migrate-meta-layouts":"set","ast-page-background-enabled":"default","ast-page-background-meta":{"desktop":{"background-color":"","background-image":"","background-repeat":"repeat","background-position":"center center","background-size":"auto","background-attachment":"scroll","background-type":"","background-media":"","overlay-type":"","overlay-color":"","overlay-opacity":"","overlay-gradient":""},"tablet":{"background-color":"","background-image":"","background-repeat":"repeat","background-position":"center center","background-size":"auto","background-attachment":"scroll","background-type":"","background-media":"","overlay-type":"","overlay-color":"","overlay-opacity":"","overlay-gradient":""},"mobile":{"background-color":"","background-image":"","background-repeat":"repeat","background-position":"center center","background-size":"auto","background-attachment":"scroll","background-type":"","background-media":"","overlay-type":"","overlay-color":"","overlay-opacity":"","overlay-gradient":""}},"ast-content-background-meta":{"desktop":{"background-color":"var(--ast-global-color-5)","background-image":"","background-repeat":"repeat","background-position":"center center","background-size":"auto","background-attachment":"scroll","background-type":"","background-media":"","overlay-type":"","overlay-color":"","overlay-opacity":"","overlay-gradient":""},"tablet":{"background-color":"var(--ast-global-color-5)","background-image":"","background-repeat":"repeat","background-position":"center center","background-size":"auto","background-attachment":"scroll","background-type":"","background-media":"","overlay-type":"","overlay-color":"","overlay-opacity":"","overlay-gradient":""},"mobile":{"background-color":"var(--ast-global-color-5)","background-image":"","background-repeat":"repeat","background-position":"center center","background-size":"auto","background-attachment":"scroll","background-type":"","background-media":"","overlay-type":"","overlay-color":"","overlay-opacity":"","overlay-gradient":""}},"footnotes":""},"class_list":["post-4515","page","type-page","status-publish","hentry"],"_links":{"self":[{"href":"https:\/\/eve-go.com\/fr\/wp-json\/wp\/v2\/pages\/4515","targetHints":{"allow":["GET"]}}],"collection":[{"href":"https:\/\/eve-go.com\/fr\/wp-json\/wp\/v2\/pages"}],"about":[{"href":"https:\/\/eve-go.com\/fr\/wp-json\/wp\/v2\/types\/page"}],"author":[{"embeddable":true,"href":"https:\/\/eve-go.com\/fr\/wp-json\/wp\/v2\/users\/1"}],"replies":[{"embeddable":true,"href":"https:\/\/eve-go.com\/fr\/wp-json\/wp\/v2\/comments?post=4515"}],"version-history":[{"count":13,"href":"https:\/\/eve-go.com\/fr\/wp-json\/wp\/v2\/pages\/4515\/revisions"}],"predecessor-version":[{"id":4911,"href":"https:\/\/eve-go.com\/fr\/wp-json\/wp\/v2\/pages\/4515\/revisions\/4911"}],"wp:attachment":[{"href":"https:\/\/eve-go.com\/fr\/wp-json\/wp\/v2\/media?parent=4515"}],"curies":[{"name":"wp","href":"https:\/\/api.w.org\/{rel}","templated":true}]}}