{"id":4513,"date":"2026-02-25T01:10:23","date_gmt":"2026-02-25T01:10:23","guid":{"rendered":"https:\/\/allevcharging.com\/?page_id=4513"},"modified":"2026-02-25T12:24:56","modified_gmt":"2026-02-25T12:24:56","slug":"eve-ac-cw-us-9-6-11-5","status":"publish","type":"page","link":"https:\/\/eve-go.com\/fr\/eve-ac-cw-us-9-6-11-5\/","title":{"rendered":"EVE AC CW US 9,6 11,5"},"content":{"rendered":"<div data-elementor-type=\"wp-page\" data-elementor-id=\"4513\" class=\"elementor elementor-4513\" data-elementor-post-type=\"page\">\n\t\t\t\t<div class=\"elementor-element elementor-element-08c09ee e-flex e-con-boxed e-con e-parent\" data-id=\"08c09ee\" data-element_type=\"container\" data-e-type=\"container\">\n\t\t\t\t\t<div class=\"e-con-inner\">\n\t\t<div class=\"elementor-element elementor-element-deae0a5 e-con-full e-flex e-con e-child\" data-id=\"deae0a5\" data-element_type=\"container\" data-e-type=\"container\">\n\t\t\t\t<div class=\"elementor-element elementor-element-abdffca elementor-widget elementor-widget-image\" data-id=\"abdffca\" data-element_type=\"widget\" data-e-type=\"widget\" data-widget_type=\"image.default\">\n\t\t\t\t<div class=\"elementor-widget-container\">\n\t\t\t\t\t\t\t\t\t\t\t\t\t\t\t<img fetchpriority=\"high\" decoding=\"async\" width=\"526\" height=\"737\" src=\"https:\/\/eve-go.com\/wp-content\/uploads\/2026\/02\/7965cfad-f499-4fe4-97d3-60f1e1f47e44.png\" class=\"attachment-large size-large wp-image-4483\" alt=\"\" srcset=\"https:\/\/eve-go.com\/wp-content\/uploads\/2026\/02\/7965cfad-f499-4fe4-97d3-60f1e1f47e44.png 526w, https:\/\/eve-go.com\/wp-content\/uploads\/2026\/02\/7965cfad-f499-4fe4-97d3-60f1e1f47e44-214x300.png 214w, https:\/\/eve-go.com\/wp-content\/uploads\/2026\/02\/7965cfad-f499-4fe4-97d3-60f1e1f47e44-9x12.png 9w\" sizes=\"(max-width: 526px) 100vw, 526px\" \/>\t\t\t\t\t\t\t\t\t\t\t\t\t\t\t<\/div>\n\t\t\t\t<\/div>\n\t\t\t\t<\/div>\n\t\t<div class=\"elementor-element elementor-element-7c9cdbd e-con-full e-flex e-con e-child\" data-id=\"7c9cdbd\" data-element_type=\"container\" data-e-type=\"container\">\n\t\t\t\t<div class=\"elementor-element elementor-element-515b12f elementor-widget elementor-widget-heading\" data-id=\"515b12f\" data-element_type=\"widget\" data-e-type=\"widget\" data-widget_type=\"heading.default\">\n\t\t\t\t<div class=\"elementor-widget-container\">\n\t\t\t\t\t<h2 class=\"elementor-heading-title elementor-size-default\">Wallbox AC EVE-AC-CW-US<\/h2>\t\t\t\t<\/div>\n\t\t\t\t<\/div>\n\t\t\t\t<div class=\"elementor-element elementor-element-1fc38c2 elementor-icon-list--layout-traditional elementor-list-item-link-full_width elementor-widget elementor-widget-icon-list\" data-id=\"1fc38c2\" data-element_type=\"widget\" data-e-type=\"widget\" data-widget_type=\"icon-list.default\">\n\t\t\t\t<div class=\"elementor-widget-container\">\n\t\t\t\t\t\t\t<ul class=\"elementor-icon-list-items\">\n\t\t\t\t\t\t\t<li class=\"elementor-icon-list-item\">\n\t\t\t\t\t\t\t\t\t\t<span class=\"elementor-icon-list-text\">- Prise en charge du contr\u00f4le par application, possibilit\u00e9 d'\u00e9volution vers un syst\u00e8me commercial avec acc\u00e8s par carte RFID et fonctionnalit\u00e9 du syst\u00e8me DLB.<\/span>\n\t\t\t\t\t\t\t\t\t<\/li>\n\t\t\t\t\t\t<\/ul>\n\t\t\t\t\t\t<\/div>\n\t\t\t\t<\/div>\n\t\t\t\t<div class=\"elementor-element elementor-element-98e51a7 elementor-widget elementor-widget-image\" data-id=\"98e51a7\" data-element_type=\"widget\" data-e-type=\"widget\" data-widget_type=\"image.default\">\n\t\t\t\t<div class=\"elementor-widget-container\">\n\t\t\t\t\t\t\t\t\t\t\t\t\t\t\t<img decoding=\"async\" width=\"188\" height=\"55\" src=\"https:\/\/eve-go.com\/wp-content\/uploads\/2026\/02\/ice.png\" class=\"attachment-large size-large wp-image-4574\" alt=\"\" srcset=\"https:\/\/eve-go.com\/wp-content\/uploads\/2026\/02\/ice.png 188w, https:\/\/eve-go.com\/wp-content\/uploads\/2026\/02\/ice-18x5.png 18w\" sizes=\"(max-width: 188px) 100vw, 188px\" \/>\t\t\t\t\t\t\t\t\t\t\t\t\t\t\t<\/div>\n\t\t\t\t<\/div>\n\t\t\t\t<\/div>\n\t\t\t\t\t<\/div>\n\t\t\t\t<\/div>\n\t\t<div class=\"elementor-element elementor-element-4697140 e-flex e-con-boxed e-con e-parent\" data-id=\"4697140\" data-element_type=\"container\" data-e-type=\"container\">\n\t\t\t\t\t<div class=\"e-con-inner\">\n\t\t\t\t<div class=\"elementor-element elementor-element-ac48bee elementor-widget elementor-widget-heading\" data-id=\"ac48bee\" data-element_type=\"widget\" data-e-type=\"widget\" data-widget_type=\"heading.default\">\n\t\t\t\t<div class=\"elementor-widget-container\">\n\t\t\t\t\t<h2 class=\"elementor-heading-title elementor-size-default\">PARAM\u00c8TRES DU PRODUIT<\/h2>\t\t\t\t<\/div>\n\t\t\t\t<\/div>\n\t\t\t\t<div class=\"elementor-element elementor-element-fed2772 elementor-widget elementor-widget-heading\" data-id=\"fed2772\" data-element_type=\"widget\" data-e-type=\"widget\" data-widget_type=\"heading.default\">\n\t\t\t\t<div class=\"elementor-widget-container\">\n\t\t\t\t\t<h3 class=\"elementor-heading-title elementor-size-default\">EVE-AC-CW-US<\/h3>\t\t\t\t<\/div>\n\t\t\t\t<\/div>\n\t\t\t\t<div class=\"elementor-element elementor-element-ffdfb2a elementor-widget elementor-widget-html\" data-id=\"ffdfb2a\" data-element_type=\"widget\" data-e-type=\"widget\" data-widget_type=\"html.default\">\n\t\t\t\t<div class=\"elementor-widget-container\">\n\t\t\t\t\t<table border=\"1\" cellspacing=\"0\" cellpadding=\"5\" class=\"responsive-table\" style=\"width:100%; max-width:1200px; border-collapse:collapse; text-align:center;\">\r\n    <thead class=\"table-header\">\r\n        <tr>\r\n            <th>Mod\u00e8le<\/th>\r\n            <th>EVE-AC-CW-US-9.6<\/th>\r\n            <th>EVE-AC-CW-US-11.5<\/th>\r\n        <\/tr>\r\n    <\/thead>\r\n    <tbody>\r\n        <tr>\r\n            <td colspan=\"3\" style=\"text-align:left;\"><strong>Sp\u00e9cification Param\u00e8tre<\/strong><\/td>\r\n        <\/tr>\r\n\r\n        <!-- Input -->\r\n        <tr>\r\n            <td>Alimentation \u00e9lectrique<\/td>\r\n            <td colspan=\"2\">L1+L2+N+PE<\/td>\r\n        <\/tr>\r\n        <tr>\r\n            <td>Fiche d'alimentation<\/td>\r\n            <td colspan=\"2\">C\u00e2bl\u00e9<\/td>\r\n        <\/tr>\r\n        <tr>\r\n            <td>Tension nominale<\/td>\r\n            <td colspan=\"2\">220\/240VAC \u00b115%<\/td>\r\n        <\/tr>\r\n        <tr>\r\n            <td>Fr\u00e9quence<\/td>\r\n            <td colspan=\"2\">50\/60HZ<\/td>\r\n        <\/tr>\r\n        <tr>\r\n            <td>MAX. Courant d'entr\u00e9e<\/td>\r\n            <td>40A<\/td>\r\n            <td>50A<\/td>\r\n        <\/tr>\r\n\r\n        <!-- Output -->\r\n        <tr>\r\n            <td>Tension de sortie<\/td>\r\n            <td colspan=\"2\">220\/240VAC \u00b115%<\/td>\r\n        <\/tr>\r\n        <tr>\r\n            <td>Plage de courant de sortie<\/td>\r\n            <td>40A<\/td>\r\n            <td>50A<\/td>\r\n        <\/tr>\r\n        <tr>\r\n            <td>Puissance nominale<\/td>\r\n            <td>9,6 kW<\/td>\r\n            <td>12kW<\/td>\r\n        <\/tr>\r\n\r\n        <!-- User Interface -->\r\n        <tr>\r\n            <td>Prise de charge<\/td>\r\n            <td colspan=\"2\">SAE J1772 (Type 1)<\/td>\r\n        <\/tr>\r\n        <tr>\r\n            <td>Indicateur LED<\/td>\r\n            <td colspan=\"2\">LED RVB<\/td>\r\n        <\/tr>\r\n        <tr>\r\n            <td>Affichage<\/td>\r\n            <td colspan=\"2\">Afficheur lumineux LED<\/td>\r\n        <\/tr>\r\n        <tr>\r\n            <td>Longueur du c\u00e2ble<\/td>\r\n            <td colspan=\"2\">3,5 m (ou sur mesure)<\/td>\r\n        <\/tr>\r\n        <tr>\r\n            <td>Mode de d\u00e9marrage<\/td>\r\n            <td colspan=\"2\">Plug &amp; Play \/ APP \/ OCPP \/ RFID<\/td>\r\n        <\/tr>\r\n        <tr>\r\n            <td>M\u00e9thode d'installation<\/td>\r\n            <td colspan=\"2\">Montage mural<\/td>\r\n        <\/tr>\r\n\r\n        <!-- Material -->\r\n        <tr>\r\n            <td>Mat\u00e9riau du bo\u00eetier<\/td>\r\n            <td colspan=\"2\">PC+ABS<\/td>\r\n        <\/tr>\r\n        <tr>\r\n            <td>Mat\u00e9riau du c\u00e2ble<\/td>\r\n            <td colspan=\"2\">TPU<\/td>\r\n        <\/tr>\r\n\r\n        <!-- Safety -->\r\n        <tr>\r\n            <td>Compteur d'\u00e9nergie<\/td>\r\n            <td colspan=\"2\">Compteur embarqu\u00e9<\/td>\r\n        <\/tr>\r\n        <tr>\r\n            <td>RCD<\/td>\r\n            <td colspan=\"2\">Type A+B AC30mA + DC6mA<\/td>\r\n        <\/tr>\r\n        <tr>\r\n            <td>Classe de protection<\/td>\r\n            <td colspan=\"2\">IP65<\/td>\r\n        <\/tr>\r\n        <tr>\r\n            <td>Protection contre les chocs<\/td>\r\n            <td colspan=\"2\">IK10<\/td>\r\n        <\/tr>\r\n        <tr>\r\n            <td>Protection \u00e9lectrique<\/td>\r\n            <td colspan=\"2\">\r\n                Surintensit\u00e9, sur\/sous-tension, RCD, protection de la terre, surtension, surtemp\u00e9rature\r\n            <\/td>\r\n        <\/tr>\r\n        <tr>\r\n            <td>Puissance en veille<\/td>\r\n            <td colspan=\"2\">&lt;3W<\/td>\r\n        <\/tr>\r\n\r\n        <tr>\r\n            <td>Standard<\/td>\r\n            <td colspan=\"2\">EN\/IEC 61851-1 : 2019<\/td>\r\n        <\/tr>\r\n\r\n    <\/tbody>\r\n<\/table>\t\t\t\t<\/div>\n\t\t\t\t<\/div>\n\t\t\t\t\t<\/div>\n\t\t\t\t<\/div>\n\t\t\t\t<\/div>","protected":false},"excerpt":{"rendered":"<p>Wallbox AC EVE-AC-CW-US &#8211; Supports app control, upgradeable to commercial system with RFID card access and DLB system functionality. PRODUCT PARAMETERS EVE-AC-CW-US Model EVE-AC-CW-US-9.6 EVE-AC-CW-US-11.5 Specification Parameter Power Supply L1+L2+N+PE Power Plug HardWired Rated Voltage 220\/240VAC \u00b115% Frequency 50\/60HZ MAX. Input Current 40A 50A Output Voltage 220\/240VAC \u00b115% Output Current Range 40A 50A Rated Power [&hellip;]<\/p>\n","protected":false},"author":1,"featured_media":0,"parent":0,"menu_order":0,"comment_status":"closed","ping_status":"closed","template":"","meta":{"content-type":"","site-sidebar-layout":"no-sidebar","site-content-layout":"page-builder","ast-site-content-layout":"full-width-container","site-content-style":"default","site-sidebar-style":"default","ast-global-header-display":"","ast-banner-title-visibility":"","ast-main-header-display":"","ast-hfb-above-header-display":"","ast-hfb-below-header-display":"","ast-hfb-mobile-header-display":"","site-post-title":"","ast-breadcrumbs-content":"","ast-featured-img":"disabled","footer-sml-layout":"","ast-disable-related-posts":"","theme-transparent-header-meta":"","adv-header-id-meta":"","stick-header-meta":"","header-above-stick-meta":"","header-main-stick-meta":"","header-below-stick-meta":"","astra-migrate-meta-layouts":"set","ast-page-background-enabled":"default","ast-page-background-meta":{"desktop":{"background-color":"","background-image":"","background-repeat":"repeat","background-position":"center center","background-size":"auto","background-attachment":"scroll","background-type":"","background-media":"","overlay-type":"","overlay-color":"","overlay-opacity":"","overlay-gradient":""},"tablet":{"background-color":"","background-image":"","background-repeat":"repeat","background-position":"center center","background-size":"auto","background-attachment":"scroll","background-type":"","background-media":"","overlay-type":"","overlay-color":"","overlay-opacity":"","overlay-gradient":""},"mobile":{"background-color":"","background-image":"","background-repeat":"repeat","background-position":"center center","background-size":"auto","background-attachment":"scroll","background-type":"","background-media":"","overlay-type":"","overlay-color":"","overlay-opacity":"","overlay-gradient":""}},"ast-content-background-meta":{"desktop":{"background-color":"var(--ast-global-color-5)","background-image":"","background-repeat":"repeat","background-position":"center center","background-size":"auto","background-attachment":"scroll","background-type":"","background-media":"","overlay-type":"","overlay-color":"","overlay-opacity":"","overlay-gradient":""},"tablet":{"background-color":"var(--ast-global-color-5)","background-image":"","background-repeat":"repeat","background-position":"center center","background-size":"auto","background-attachment":"scroll","background-type":"","background-media":"","overlay-type":"","overlay-color":"","overlay-opacity":"","overlay-gradient":""},"mobile":{"background-color":"var(--ast-global-color-5)","background-image":"","background-repeat":"repeat","background-position":"center center","background-size":"auto","background-attachment":"scroll","background-type":"","background-media":"","overlay-type":"","overlay-color":"","overlay-opacity":"","overlay-gradient":""}},"footnotes":""},"class_list":["post-4513","page","type-page","status-publish","hentry"],"_links":{"self":[{"href":"https:\/\/eve-go.com\/fr\/wp-json\/wp\/v2\/pages\/4513","targetHints":{"allow":["GET"]}}],"collection":[{"href":"https:\/\/eve-go.com\/fr\/wp-json\/wp\/v2\/pages"}],"about":[{"href":"https:\/\/eve-go.com\/fr\/wp-json\/wp\/v2\/types\/page"}],"author":[{"embeddable":true,"href":"https:\/\/eve-go.com\/fr\/wp-json\/wp\/v2\/users\/1"}],"replies":[{"embeddable":true,"href":"https:\/\/eve-go.com\/fr\/wp-json\/wp\/v2\/comments?post=4513"}],"version-history":[{"count":11,"href":"https:\/\/eve-go.com\/fr\/wp-json\/wp\/v2\/pages\/4513\/revisions"}],"predecessor-version":[{"id":5756,"href":"https:\/\/eve-go.com\/fr\/wp-json\/wp\/v2\/pages\/4513\/revisions\/5756"}],"wp:attachment":[{"href":"https:\/\/eve-go.com\/fr\/wp-json\/wp\/v2\/media?parent=4513"}],"curies":[{"name":"wp","href":"https:\/\/api.w.org\/{rel}","templated":true}]}}