{"id":4342,"date":"2026-02-11T08:39:05","date_gmt":"2026-02-11T08:39:05","guid":{"rendered":"https:\/\/allevcharging.com\/?page_id=4342"},"modified":"2026-02-11T08:39:58","modified_gmt":"2026-02-11T08:39:58","slug":"politique-de-confidentialite","status":"publish","type":"page","link":"https:\/\/eve-go.com\/fr\/politique-de-confidentialite\/","title":{"rendered":"Politique de confidentialit\u00e9"},"content":{"rendered":"<div data-elementor-type=\"wp-page\" data-elementor-id=\"4342\" class=\"elementor elementor-4342\" data-elementor-post-type=\"page\">\n\t\t\t\t<div class=\"elementor-element elementor-element-f47920f e-flex e-con-boxed e-con e-parent\" data-id=\"f47920f\" data-element_type=\"container\" data-e-type=\"container\">\n\t\t\t\t\t<div class=\"e-con-inner\">\n\t\t\t\t<div class=\"elementor-element elementor-element-c7096a3 elementor-widget elementor-widget-heading\" data-id=\"c7096a3\" data-element_type=\"widget\" data-e-type=\"widget\" data-widget_type=\"heading.default\">\n\t\t\t\t<div class=\"elementor-widget-container\">\n\t\t\t\t\t<h2 class=\"elementor-heading-title elementor-size-default\">Politique de confidentialit\u00e9<\/h2>\t\t\t\t<\/div>\n\t\t\t\t<\/div>\n\t\t\t\t<div class=\"elementor-element elementor-element-c2c3081 elementor-widget elementor-widget-text-editor\" data-id=\"c2c3081\" data-element_type=\"widget\" data-e-type=\"widget\" data-widget_type=\"text-editor.default\">\n\t\t\t\t<div class=\"elementor-widget-container\">\n\t\t\t\t\t\t\t\t\t<p>1. Dispositions g\u00e9n\u00e9rales<\/p><p>Eve Go, dont le si\u00e8ge social est situ\u00e9 \u00e0 No. 401, 65 Harbin Road, Shibei, Qingdao City, Shandong Province, China (ci-apr\u00e8s d\u00e9nomm\u00e9e \u201cevego\u201d), consid\u00e8re que la protection de la vie priv\u00e9e est de la plus haute importance.<\/p><p>evego souhaite informer ses clients et les utilisateurs de ses services de la mani\u00e8re la plus compl\u00e8te possible, les respecter et leur donner le contr\u00f4le de leurs donn\u00e9es. evego s'engage \u00e0 g\u00e9rer et \u00e0 utiliser les donn\u00e9es de ses clients de mani\u00e8re s\u00fbre, respectueuse et responsable, afin de mieux les servir et de leur offrir la meilleure exp\u00e9rience possible. C'est pourquoi evego d\u00e9fend le principe selon lequel chaque individu doit avoir le contr\u00f4le de ses donn\u00e9es personnelles. Ce qui suit explique quelles donn\u00e9es evego collecte, pourquoi elles sont collect\u00e9es, combien de temps elles sont conserv\u00e9es et comment vous pouvez contr\u00f4ler ces donn\u00e9es. evego invite ses clients \u00e0 lire attentivement cette politique de confidentialit\u00e9 ainsi que toutes les conditions g\u00e9n\u00e9rales qui peuvent s'appliquer \u00e0 ses produits et services.<\/p><p>2. Champ d'application<\/p><p>La pr\u00e9sente politique de confidentialit\u00e9 s'applique \u00e0 tous nos clients (y compris les clients existants, anciens et potentiels) et \u00e0 tous les utilisateurs qui acc\u00e8dent au site web d'evego. La protection de vos donn\u00e9es personnelles est soumise \u00e0 la r\u00e9glementation en vigueur dans votre pays de r\u00e9sidence et \u00e0 toute modification future. evego s'engage \u00e0 remplir ses obligations et \u00e0 respecter les droits de ses clients lors du traitement de leurs donn\u00e9es personnelles.<\/p><p>3. Traitement des donn\u00e9es \u00e0 caract\u00e8re personnel et responsabilit\u00e9<\/p><p>\u201cOn entend par \u201ddonn\u00e9es \u00e0 caract\u00e8re personnel\u201c toute information concernant une personne physique identifi\u00e9e ou identifiable (\u201dpersonne concern\u00e9e\u2019). Une personne physique identifiable est une personne qui peut \u00eatre identifi\u00e9e, directement ou indirectement, notamment par r\u00e9f\u00e9rence \u00e0 un identifiant tel qu'un nom, un num\u00e9ro d'identification, des donn\u00e9es de localisation, un identifiant en ligne, ou \u00e0 un ou plusieurs \u00e9l\u00e9ments sp\u00e9cifiques propres \u00e0 l'identit\u00e9 physique, physiologique, g\u00e9n\u00e9tique, psychique, \u00e9conomique, culturelle ou sociale de cette personne physique. Les donn\u00e9es personnelles collect\u00e9es et trait\u00e9es par evego concernent principalement les donn\u00e9es que les clients eux-m\u00eames saisissent sur les diff\u00e9rentes pages de notre site web, ainsi que les donn\u00e9es qu'evego obtient par votre utilisation de notre site web et\/ou de nos produits et\/ou services. evego agit en tant que responsable du traitement des donn\u00e9es personnelles de ses clients aux fins d\u00e9crites dans la pr\u00e9sente politique de protection de la vie priv\u00e9e. Toutefois, cela ne change rien au fait que le client a certaines obligations concernant le traitement des donn\u00e9es personnelles lorsqu'il utilise les produits et services d'evego. Dans ce cas, le client doit toujours obtenir, le cas \u00e9ch\u00e9ant, le consentement l\u00e9galement requis des utilisateurs finaux pour permettre \u00e0 evego de traiter leurs donn\u00e9es \u00e0 caract\u00e8re personnel dans le cadre des produits et services d'evego.<\/p><p>4. Finalit\u00e9s du traitement<\/p><p>4.1. Objectifs de la collecte<br \/>Nous collectons vos donn\u00e9es personnelles aux fins suivantes :<br \/>- Pour vous fournir les services offerts sur le site web ;<br \/>- R\u00e9aliser des \u00e9tudes de march\u00e9 afin d'am\u00e9liorer la qualit\u00e9 technique et le contenu du site web ;<br \/>- Fournir des informations et envoyer des courriers \u00e9lectroniques contenant diverses informations promotionnelles susceptibles de vous int\u00e9resser ;<br \/>- G\u00e9rer l'administration technique du site web ;<br \/>- pour \u00e9tablir des statistiques ou mener des enqu\u00eates, apr\u00e8s anonymisation des donn\u00e9es, afin de comprendre la fr\u00e9quentation des diff\u00e9rentes sections du site web.<\/p><p>4.2. Marketing direct et communication \u00e0 des tiers<br \/>Vos donn\u00e9es personnelles resteront strictement confidentielles. evego ne les partagera jamais avec des tiers et ne les utilisera jamais \u00e0 des fins de marketing direct sans votre consentement explicite pr\u00e9alable (\u201copt-in\u201d). Vous pouvez retirer ce consentement \u00e0 tout moment, gratuitement et sans donner de raison, en envoyant un courriel \u00e0 evego.<\/p><p>4.3. Infractions graves<br \/>En cas d'infractions graves, vos donn\u00e9es peuvent \u00eatre communiqu\u00e9es aux autorit\u00e9s comp\u00e9tentes (police et autorit\u00e9s judiciaires) sur demande.<\/p><p>5. P\u00e9riode de conservation des donn\u00e9es<\/p><p>evego conservera toutes les donn\u00e9es \u00e0 caract\u00e8re personnel pendant la p\u00e9riode n\u00e9cessaire \u00e0 la fourniture des services.<\/p><p>6. Droit d'acc\u00e8s et de rectification<\/p><p>Vous disposez \u00e0 tout moment d'un droit d'acc\u00e8s, d'am\u00e9lioration ou de modification gratuit de vos donn\u00e9es personnelles en envoyant un courrier \u00e9lectronique \u00e0 evego ou un courrier postal, accompagn\u00e9 d'une copie de votre pi\u00e8ce d'identit\u00e9.<\/p><p>Vous \u00eates enti\u00e8rement libre de partager ou non vos donn\u00e9es personnelles. Toutefois, veuillez noter que si vous ne fournissez pas vos donn\u00e9es personnelles dans le formulaire de commande, il se peut que nous ne soyons pas en mesure de vous fournir certains services. En outre, vous \u00eates seul responsable de l'exactitude des donn\u00e9es que vous communiquez \u00e0 evego.<\/p><p>7. Droit d'opposition<\/p><p>Vous pouvez exercer votre droit d'opposition au traitement de vos donn\u00e9es \u00e0 caract\u00e8re personnel pour des motifs l\u00e9gitimes et substantiels en envoyant un courrier \u00e9lectronique \u00e0 evego. Toutefois, vous ne pouvez pas vous opposer au traitement de vos donn\u00e9es \u00e0 caract\u00e8re personnel si ce traitement est n\u00e9cessaire \u00e0 l'ex\u00e9cution d'obligations contractuelles.<\/p><p>8. S\u00e9curit\u00e9 et confidentialit\u00e9<\/p><p>evego a mis en place des mesures de s\u00e9curit\u00e9 aux niveaux technique et organisationnel pour \u00e9viter la destruction, la perte, l'alt\u00e9ration, la modification, l'acc\u00e8s non autoris\u00e9 ou la divulgation accidentelle \u00e0 des tiers des donn\u00e9es \u00e0 caract\u00e8re personnel collect\u00e9es sur le site web, ainsi que tout autre traitement non autoris\u00e9.<\/p><p>En aucun cas, evego ne sera responsable des dommages directs ou indirects r\u00e9sultant de l'utilisation inappropri\u00e9e ou ill\u00e9gale de donn\u00e9es \u00e0 caract\u00e8re personnel par des tiers.<\/p><p>evego vous informe par la pr\u00e9sente que ce site web peut contenir des liens, des hyperliens ou des r\u00e9f\u00e9rences \u00e0 d'autres sites web qui ne sont pas contr\u00f4l\u00e9s par evego, et que la pr\u00e9sente politique en mati\u00e8re de confidentialit\u00e9 et de cookies ne s'applique pas \u00e0 ces sites web. Ces sites ne sont pas g\u00e9r\u00e9s par evego. evego n'est pas responsable du contenu de ces sites ni des offres, produits ou services qui y sont mentionn\u00e9s. Par cons\u00e9quent, evego vous conseille de lire attentivement la politique de confidentialit\u00e9 de chaque site web que vous visitez, car elle peut diff\u00e9rer de la pr\u00e9sente politique de confidentialit\u00e9.<\/p><p>9. Clause relative \u00e0 la loi applicable et \u00e0 la comp\u00e9tence<\/p><p>La pr\u00e9sente politique de confidentialit\u00e9 est r\u00e9gie, interpr\u00e9t\u00e9e et ex\u00e9cut\u00e9e conform\u00e9ment aux lois de la Chine. Tout litige sera r\u00e9gi par le droit chinois.<\/p><p>10. Acceptation<\/p><p>En acc\u00e9dant \u00e0 ce site web, et au plus tard au moment de passer une commande, vous acceptez toutes les conditions de la pr\u00e9sente politique de confidentialit\u00e9 et consentez \u00e0 la collecte et au traitement de vos donn\u00e9es personnelles par evego conform\u00e9ment \u00e0 la pr\u00e9sente politique de confidentialit\u00e9.<\/p>\t\t\t\t\t\t\t\t<\/div>\n\t\t\t\t<\/div>\n\t\t\t\t\t<\/div>\n\t\t\t\t<\/div>\n\t\t\t\t<\/div>","protected":false},"excerpt":{"rendered":"<p>Privacy Policy 1. General Provisions Eve Go, with its registered office address at No. 401, 65 Harbin Road, Shibei, Qingdao City, Shandong Province, China (hereinafter referred to as &#8220;evego&#8221;), considers the protection of personal privacy to be of utmost importance. evego wishes to inform its customers and service users as fully as possible, to respect [&hellip;]<\/p>\n","protected":false},"author":1,"featured_media":0,"parent":0,"menu_order":0,"comment_status":"closed","ping_status":"closed","template":"","meta":{"content-type":"","site-sidebar-layout":"no-sidebar","site-content-layout":"page-builder","ast-site-content-layout":"full-width-container","site-content-style":"default","site-sidebar-style":"default","ast-global-header-display":"","ast-banner-title-visibility":"","ast-main-header-display":"","ast-hfb-above-header-display":"","ast-hfb-below-header-display":"","ast-hfb-mobile-header-display":"","site-post-title":"","ast-breadcrumbs-content":"","ast-featured-img":"disabled","footer-sml-layout":"","ast-disable-related-posts":"","theme-transparent-header-meta":"","adv-header-id-meta":"","stick-header-meta":"","header-above-stick-meta":"","header-main-stick-meta":"","header-below-stick-meta":"","astra-migrate-meta-layouts":"set","ast-page-background-enabled":"default","ast-page-background-meta":{"desktop":{"background-color":"","background-image":"","background-repeat":"repeat","background-position":"center center","background-size":"auto","background-attachment":"scroll","background-type":"","background-media":"","overlay-type":"","overlay-color":"","overlay-opacity":"","overlay-gradient":""},"tablet":{"background-color":"","background-image":"","background-repeat":"repeat","background-position":"center center","background-size":"auto","background-attachment":"scroll","background-type":"","background-media":"","overlay-type":"","overlay-color":"","overlay-opacity":"","overlay-gradient":""},"mobile":{"background-color":"","background-image":"","background-repeat":"repeat","background-position":"center center","background-size":"auto","background-attachment":"scroll","background-type":"","background-media":"","overlay-type":"","overlay-color":"","overlay-opacity":"","overlay-gradient":""}},"ast-content-background-meta":{"desktop":{"background-color":"var(--ast-global-color-5)","background-image":"","background-repeat":"repeat","background-position":"center center","background-size":"auto","background-attachment":"scroll","background-type":"","background-media":"","overlay-type":"","overlay-color":"","overlay-opacity":"","overlay-gradient":""},"tablet":{"background-color":"var(--ast-global-color-5)","background-image":"","background-repeat":"repeat","background-position":"center center","background-size":"auto","background-attachment":"scroll","background-type":"","background-media":"","overlay-type":"","overlay-color":"","overlay-opacity":"","overlay-gradient":""},"mobile":{"background-color":"var(--ast-global-color-5)","background-image":"","background-repeat":"repeat","background-position":"center center","background-size":"auto","background-attachment":"scroll","background-type":"","background-media":"","overlay-type":"","overlay-color":"","overlay-opacity":"","overlay-gradient":""}},"footnotes":""},"class_list":["post-4342","page","type-page","status-publish","hentry"],"_links":{"self":[{"href":"https:\/\/eve-go.com\/fr\/wp-json\/wp\/v2\/pages\/4342","targetHints":{"allow":["GET"]}}],"collection":[{"href":"https:\/\/eve-go.com\/fr\/wp-json\/wp\/v2\/pages"}],"about":[{"href":"https:\/\/eve-go.com\/fr\/wp-json\/wp\/v2\/types\/page"}],"author":[{"embeddable":true,"href":"https:\/\/eve-go.com\/fr\/wp-json\/wp\/v2\/users\/1"}],"replies":[{"embeddable":true,"href":"https:\/\/eve-go.com\/fr\/wp-json\/wp\/v2\/comments?post=4342"}],"version-history":[{"count":10,"href":"https:\/\/eve-go.com\/fr\/wp-json\/wp\/v2\/pages\/4342\/revisions"}],"predecessor-version":[{"id":4352,"href":"https:\/\/eve-go.com\/fr\/wp-json\/wp\/v2\/pages\/4342\/revisions\/4352"}],"wp:attachment":[{"href":"https:\/\/eve-go.com\/fr\/wp-json\/wp\/v2\/media?parent=4342"}],"curies":[{"name":"wp","href":"https:\/\/api.w.org\/{rel}","templated":true}]}}