{"id":5122,"date":"2026-02-25T13:48:21","date_gmt":"2026-02-25T13:48:21","guid":{"rendered":"https:\/\/allevcharging.com\/?page_id=5122"},"modified":"2026-02-25T14:03:18","modified_gmt":"2026-02-25T14:03:18","slug":"ansiedad-por-la-autonomia","status":"publish","type":"page","link":"https:\/\/eve-go.com\/es\/ansiedad-por-la-autonomia\/","title":{"rendered":"Ansiedad de autonom\u00eda"},"content":{"rendered":"<div data-elementor-type=\"wp-page\" data-elementor-id=\"5122\" class=\"elementor elementor-5122\" data-elementor-post-type=\"page\">\n\t\t\t\t<div class=\"elementor-element elementor-element-71d37e7 e-flex e-con-boxed e-con e-parent\" data-id=\"71d37e7\" data-element_type=\"container\" data-e-type=\"container\">\n\t\t\t\t\t<div class=\"e-con-inner\">\n\t\t\t\t<div class=\"elementor-element elementor-element-1cfe0c7 elementor-widget elementor-widget-heading\" data-id=\"1cfe0c7\" data-element_type=\"widget\" data-e-type=\"widget\" data-widget_type=\"heading.default\">\n\t\t\t\t<div class=\"elementor-widget-container\">\n\t\t\t\t\t<h2 class=\"elementor-heading-title elementor-size-default\">Ansiedad de autonom\u00eda<\/h2>\t\t\t\t<\/div>\n\t\t\t\t<\/div>\n\t\t\t\t<div class=\"elementor-element elementor-element-1693192 elementor-widget elementor-widget-heading\" data-id=\"1693192\" data-element_type=\"widget\" data-e-type=\"widget\" data-widget_type=\"heading.default\">\n\t\t\t\t<div class=\"elementor-widget-container\">\n\t\t\t\t\t<h3 class=\"elementor-heading-title elementor-size-default\">Definici\u00f3n del n\u00facleo<\/h3>\t\t\t\t<\/div>\n\t\t\t\t<\/div>\n\t\t\t\t<div class=\"elementor-element elementor-element-6bb4cd5 elementor-widget elementor-widget-text-editor\" data-id=\"6bb4cd5\" data-element_type=\"widget\" data-e-type=\"widget\" data-widget_type=\"text-editor.default\">\n\t\t\t\t<div class=\"elementor-widget-container\">\n\t\t\t\t\t\t\t\t\t<p>La ansiedad por la autonom\u00eda se refiere al miedo psicol\u00f3gico y al estr\u00e9s que experimentan los conductores de VE preocupados por si la carga de su bater\u00eda es insuficiente para llegar a su destino o por si no podr\u00e1n encontrar un cargador disponible. Aunque se ha aliviado con la mejora de la tecnolog\u00eda de las bater\u00edas y el aumento de la autonom\u00eda, sigue siendo la principal barrera psicol\u00f3gica que disuade a los consumidores de adquirir un VE.<\/p><h3><strong>An\u00e1lisis desde la perspectiva del entorno de aplicaci\u00f3n<\/strong><\/h3><p>La ansiedad por la autonom\u00eda no es constante, sino que se dispara sobre todo en determinados entornos de viaje y condiciones clim\u00e1ticas.<\/p><ul><li><strong>Viajes interurbanos de larga distancia:<\/strong><br \/>Este es el \u201cepicentro\u201d de la ansiedad. Cuando la navegaci\u00f3n muestra que la autonom\u00eda restante se acerca a la distancia hasta el destino y se desconoce el estado de los cargadores en ruta, la ansiedad del conductor alcanza su punto \u00e1lgido. Este entorno impulsa el desarrollo de redes de recarga r\u00e1pida en autopista y \u201calgoritmos de planificaci\u00f3n de recarga en ruta\u201d de alta precisi\u00f3n.\u201d<\/li><li><strong>Climas extremadamente fr\u00edos:<\/strong><br \/>En inviernos g\u00e9lidos, el rendimiento de la bater\u00eda disminuye y la autonom\u00eda puede reducirse considerablemente. Las rutas que antes eran familiares se vuelven inciertas. La ansiedad en este entorno empuja a los fabricantes de autom\u00f3viles a desarrollar sistemas de bomba de calor y exige una mayor densidad en las redes de recarga urbanas para proporcionar un margen de seguridad.<\/li><\/ul>\t\t\t\t\t\t\t\t<\/div>\n\t\t\t\t<\/div>\n\t\t\t\t\t<\/div>\n\t\t\t\t<\/div>\n\t\t<div class=\"elementor-element elementor-element-55af7f3 e-flex e-con-boxed e-con e-parent\" data-id=\"55af7f3\" data-element_type=\"container\" data-e-type=\"container\">\n\t\t\t\t\t<div class=\"e-con-inner\">\n\t\t<div class=\"elementor-element elementor-element-eeb349f e-con-full e-flex e-con e-child\" data-id=\"eeb349f\" data-element_type=\"container\" data-e-type=\"container\">\n\t\t\t\t<div class=\"elementor-element elementor-element-dde58d7 elementor-widget elementor-widget-image\" data-id=\"dde58d7\" data-element_type=\"widget\" data-e-type=\"widget\" data-widget_type=\"image.default\">\n\t\t\t\t<div class=\"elementor-widget-container\">\n\t\t\t\t\t\t\t\t\t\t\t\t\t\t\t<img fetchpriority=\"high\" decoding=\"async\" width=\"800\" height=\"600\" src=\"https:\/\/eve-go.com\/wp-content\/uploads\/2026\/01\/V2G.jpg\" class=\"attachment-large size-large wp-image-2631\" alt=\"\" srcset=\"https:\/\/eve-go.com\/wp-content\/uploads\/2026\/01\/V2G.jpg 800w, https:\/\/eve-go.com\/wp-content\/uploads\/2026\/01\/V2G-300x225.jpg 300w, https:\/\/eve-go.com\/wp-content\/uploads\/2026\/01\/V2G-768x576.jpg 768w, https:\/\/eve-go.com\/wp-content\/uploads\/2026\/01\/V2G-16x12.jpg 16w\" sizes=\"(max-width: 800px) 100vw, 800px\" \/>\t\t\t\t\t\t\t\t\t\t\t\t\t\t\t<\/div>\n\t\t\t\t<\/div>\n\t\t\t\t<div class=\"elementor-element elementor-element-dd281a5 elementor-widget elementor-widget-heading\" data-id=\"dd281a5\" data-element_type=\"widget\" data-e-type=\"widget\" data-widget_type=\"heading.default\">\n\t\t\t\t<div class=\"elementor-widget-container\">\n\t\t\t\t\t<p class=\"elementor-heading-title elementor-size-default\">V2G<\/p>\t\t\t\t<\/div>\n\t\t\t\t<\/div>\n\t\t\t\t<\/div>\n\t\t<div class=\"elementor-element elementor-element-3080d2d e-con-full e-flex e-con e-child\" data-id=\"3080d2d\" data-element_type=\"container\" data-e-type=\"container\">\n\t\t\t\t<div class=\"elementor-element elementor-element-3edc99a elementor-widget elementor-widget-image\" data-id=\"3edc99a\" data-element_type=\"widget\" data-e-type=\"widget\" data-widget_type=\"image.default\">\n\t\t\t\t<div class=\"elementor-widget-container\">\n\t\t\t\t\t\t\t\t\t\t\t\t\t\t\t<img decoding=\"async\" width=\"800\" height=\"600\" src=\"https:\/\/eve-go.com\/wp-content\/uploads\/2026\/01\/EV-Smart-Charging.jpg\" class=\"attachment-large size-large wp-image-2630\" alt=\"\" srcset=\"https:\/\/eve-go.com\/wp-content\/uploads\/2026\/01\/EV-Smart-Charging.jpg 800w, https:\/\/eve-go.com\/wp-content\/uploads\/2026\/01\/EV-Smart-Charging-300x225.jpg 300w, https:\/\/eve-go.com\/wp-content\/uploads\/2026\/01\/EV-Smart-Charging-768x576.jpg 768w, https:\/\/eve-go.com\/wp-content\/uploads\/2026\/01\/EV-Smart-Charging-16x12.jpg 16w\" sizes=\"(max-width: 800px) 100vw, 800px\" \/>\t\t\t\t\t\t\t\t\t\t\t\t\t\t\t<\/div>\n\t\t\t\t<\/div>\n\t\t\t\t<div class=\"elementor-element elementor-element-9340f50 elementor-widget elementor-widget-heading\" data-id=\"9340f50\" data-element_type=\"widget\" data-e-type=\"widget\" data-widget_type=\"heading.default\">\n\t\t\t\t<div class=\"elementor-widget-container\">\n\t\t\t\t\t<p class=\"elementor-heading-title elementor-size-default\">Carga inteligente de veh\u00edculos el\u00e9ctricos<\/p>\t\t\t\t<\/div>\n\t\t\t\t<\/div>\n\t\t\t\t<\/div>\n\t\t<div class=\"elementor-element elementor-element-caa0ff1 e-con-full e-flex e-con e-child\" data-id=\"caa0ff1\" data-element_type=\"container\" data-e-type=\"container\">\n\t\t\t\t<div class=\"elementor-element elementor-element-ff27ff9 elementor-widget elementor-widget-image\" data-id=\"ff27ff9\" data-element_type=\"widget\" data-e-type=\"widget\" data-widget_type=\"image.default\">\n\t\t\t\t<div class=\"elementor-widget-container\">\n\t\t\t\t\t\t\t\t\t\t\t\t\t\t\t<img decoding=\"async\" width=\"800\" height=\"600\" src=\"https:\/\/eve-go.com\/wp-content\/uploads\/2026\/01\/EV-Roaming.jpg\" class=\"attachment-large size-large wp-image-2628\" alt=\"\" srcset=\"https:\/\/eve-go.com\/wp-content\/uploads\/2026\/01\/EV-Roaming.jpg 800w, https:\/\/eve-go.com\/wp-content\/uploads\/2026\/01\/EV-Roaming-300x225.jpg 300w, https:\/\/eve-go.com\/wp-content\/uploads\/2026\/01\/EV-Roaming-768x576.jpg 768w, https:\/\/eve-go.com\/wp-content\/uploads\/2026\/01\/EV-Roaming-16x12.jpg 16w\" sizes=\"(max-width: 800px) 100vw, 800px\" \/>\t\t\t\t\t\t\t\t\t\t\t\t\t\t\t<\/div>\n\t\t\t\t<\/div>\n\t\t\t\t<div class=\"elementor-element elementor-element-51300dd elementor-widget elementor-widget-heading\" data-id=\"51300dd\" data-element_type=\"widget\" data-e-type=\"widget\" data-widget_type=\"heading.default\">\n\t\t\t\t<div class=\"elementor-widget-container\">\n\t\t\t\t\t<p class=\"elementor-heading-title elementor-size-default\">Itinerancia EV<\/p>\t\t\t\t<\/div>\n\t\t\t\t<\/div>\n\t\t\t\t<\/div>\n\t\t<div class=\"elementor-element elementor-element-8d798a8 e-con-full e-flex e-con e-child\" data-id=\"8d798a8\" data-element_type=\"container\" data-e-type=\"container\">\n\t\t\t\t<div class=\"elementor-element elementor-element-139f589 elementor-widget elementor-widget-image\" data-id=\"139f589\" data-element_type=\"widget\" data-e-type=\"widget\" data-widget_type=\"image.default\">\n\t\t\t\t<div class=\"elementor-widget-container\">\n\t\t\t\t\t\t\t\t\t\t\t\t\t\t\t<img loading=\"lazy\" decoding=\"async\" width=\"800\" height=\"600\" src=\"https:\/\/eve-go.com\/wp-content\/uploads\/2026\/01\/Electric-Vehicle-Fleet-Operator.jpg\" class=\"attachment-large size-large wp-image-2627\" alt=\"\" srcset=\"https:\/\/eve-go.com\/wp-content\/uploads\/2026\/01\/Electric-Vehicle-Fleet-Operator.jpg 800w, https:\/\/eve-go.com\/wp-content\/uploads\/2026\/01\/Electric-Vehicle-Fleet-Operator-300x225.jpg 300w, https:\/\/eve-go.com\/wp-content\/uploads\/2026\/01\/Electric-Vehicle-Fleet-Operator-768x576.jpg 768w, https:\/\/eve-go.com\/wp-content\/uploads\/2026\/01\/Electric-Vehicle-Fleet-Operator-16x12.jpg 16w\" sizes=\"(max-width: 800px) 100vw, 800px\" \/>\t\t\t\t\t\t\t\t\t\t\t\t\t\t\t<\/div>\n\t\t\t\t<\/div>\n\t\t\t\t<div class=\"elementor-element elementor-element-9f107ba elementor-widget elementor-widget-heading\" data-id=\"9f107ba\" data-element_type=\"widget\" data-e-type=\"widget\" data-widget_type=\"heading.default\">\n\t\t\t\t<div class=\"elementor-widget-container\">\n\t\t\t\t\t<p class=\"elementor-heading-title elementor-size-default\">Operador de flota de veh\u00edculos el\u00e9ctricos<\/p>\t\t\t\t<\/div>\n\t\t\t\t<\/div>\n\t\t\t\t<\/div>\n\t\t<div class=\"elementor-element elementor-element-3dca580 e-con-full e-flex e-con e-child\" data-id=\"3dca580\" data-element_type=\"container\" data-e-type=\"container\">\n\t\t\t\t<div class=\"elementor-element elementor-element-a0ba720 elementor-widget elementor-widget-image\" data-id=\"a0ba720\" data-element_type=\"widget\" data-e-type=\"widget\" data-widget_type=\"image.default\">\n\t\t\t\t<div class=\"elementor-widget-container\">\n\t\t\t\t\t\t\t\t\t\t\t\t\t\t\t<img loading=\"lazy\" decoding=\"async\" width=\"800\" height=\"600\" src=\"https:\/\/eve-go.com\/wp-content\/uploads\/2026\/01\/Dynamic-Load-Balancing.jpg\" class=\"attachment-large size-large wp-image-2626\" alt=\"\" srcset=\"https:\/\/eve-go.com\/wp-content\/uploads\/2026\/01\/Dynamic-Load-Balancing.jpg 800w, https:\/\/eve-go.com\/wp-content\/uploads\/2026\/01\/Dynamic-Load-Balancing-300x225.jpg 300w, https:\/\/eve-go.com\/wp-content\/uploads\/2026\/01\/Dynamic-Load-Balancing-768x576.jpg 768w, https:\/\/eve-go.com\/wp-content\/uploads\/2026\/01\/Dynamic-Load-Balancing-16x12.jpg 16w\" sizes=\"(max-width: 800px) 100vw, 800px\" \/>\t\t\t\t\t\t\t\t\t\t\t\t\t\t\t<\/div>\n\t\t\t\t<\/div>\n\t\t\t\t<div class=\"elementor-element elementor-element-0947f35 elementor-widget elementor-widget-heading\" data-id=\"0947f35\" data-element_type=\"widget\" data-e-type=\"widget\" data-widget_type=\"heading.default\">\n\t\t\t\t<div class=\"elementor-widget-container\">\n\t\t\t\t\t<p class=\"elementor-heading-title elementor-size-default\">Equilibrio din\u00e1mico de la carga<\/p>\t\t\t\t<\/div>\n\t\t\t\t<\/div>\n\t\t\t\t<\/div>\n\t\t<div class=\"elementor-element elementor-element-04dcd79 e-con-full e-flex e-con e-child\" data-id=\"04dcd79\" data-element_type=\"container\" data-e-type=\"container\">\n\t\t\t\t<div class=\"elementor-element elementor-element-daad343 elementor-widget elementor-widget-image\" data-id=\"daad343\" data-element_type=\"widget\" data-e-type=\"widget\" data-widget_type=\"image.default\">\n\t\t\t\t<div class=\"elementor-widget-container\">\n\t\t\t\t\t\t\t\t\t\t\t\t\t\t\t<img loading=\"lazy\" decoding=\"async\" width=\"800\" height=\"600\" src=\"https:\/\/eve-go.com\/wp-content\/uploads\/2026\/01\/Demand-Side-Response.jpg\" class=\"attachment-large size-large wp-image-2625\" alt=\"\" srcset=\"https:\/\/eve-go.com\/wp-content\/uploads\/2026\/01\/Demand-Side-Response.jpg 800w, https:\/\/eve-go.com\/wp-content\/uploads\/2026\/01\/Demand-Side-Response-300x225.jpg 300w, https:\/\/eve-go.com\/wp-content\/uploads\/2026\/01\/Demand-Side-Response-768x576.jpg 768w, https:\/\/eve-go.com\/wp-content\/uploads\/2026\/01\/Demand-Side-Response-16x12.jpg 16w\" sizes=\"(max-width: 800px) 100vw, 800px\" \/>\t\t\t\t\t\t\t\t\t\t\t\t\t\t\t<\/div>\n\t\t\t\t<\/div>\n\t\t\t\t<div class=\"elementor-element elementor-element-b10549b elementor-widget elementor-widget-heading\" data-id=\"b10549b\" data-element_type=\"widget\" data-e-type=\"widget\" data-widget_type=\"heading.default\">\n\t\t\t\t<div class=\"elementor-widget-container\">\n\t\t\t\t\t<p class=\"elementor-heading-title elementor-size-default\">Respuesta a la demanda<\/p>\t\t\t\t<\/div>\n\t\t\t\t<\/div>\n\t\t\t\t<\/div>\n\t\t<div class=\"elementor-element elementor-element-a8030f9 e-con-full e-flex e-con e-child\" data-id=\"a8030f9\" data-element_type=\"container\" data-e-type=\"container\">\n\t\t\t\t<div class=\"elementor-element elementor-element-12d9322 elementor-widget elementor-widget-image\" data-id=\"12d9322\" data-element_type=\"widget\" data-e-type=\"widget\" data-widget_type=\"image.default\">\n\t\t\t\t<div class=\"elementor-widget-container\">\n\t\t\t\t\t\t\t\t\t\t\t\t\t\t\t<img loading=\"lazy\" decoding=\"async\" width=\"800\" height=\"600\" src=\"https:\/\/eve-go.com\/wp-content\/uploads\/2026\/01\/CPO.jpg\" class=\"attachment-large size-large wp-image-2624\" alt=\"\" srcset=\"https:\/\/eve-go.com\/wp-content\/uploads\/2026\/01\/CPO.jpg 800w, https:\/\/eve-go.com\/wp-content\/uploads\/2026\/01\/CPO-300x225.jpg 300w, https:\/\/eve-go.com\/wp-content\/uploads\/2026\/01\/CPO-768x576.jpg 768w, https:\/\/eve-go.com\/wp-content\/uploads\/2026\/01\/CPO-16x12.jpg 16w\" sizes=\"(max-width: 800px) 100vw, 800px\" \/>\t\t\t\t\t\t\t\t\t\t\t\t\t\t\t<\/div>\n\t\t\t\t<\/div>\n\t\t\t\t<div class=\"elementor-element elementor-element-4f39562 elementor-widget elementor-widget-heading\" data-id=\"4f39562\" data-element_type=\"widget\" data-e-type=\"widget\" data-widget_type=\"heading.default\">\n\t\t\t\t<div class=\"elementor-widget-container\">\n\t\t\t\t\t<p class=\"elementor-heading-title elementor-size-default\">CPO<\/p>\t\t\t\t<\/div>\n\t\t\t\t<\/div>\n\t\t\t\t<\/div>\n\t\t<div class=\"elementor-element elementor-element-d04bc71 e-con-full e-flex e-con e-child\" data-id=\"d04bc71\" data-element_type=\"container\" data-e-type=\"container\">\n\t\t\t\t<div class=\"elementor-element elementor-element-f55c385 elementor-widget elementor-widget-image\" data-id=\"f55c385\" data-element_type=\"widget\" data-e-type=\"widget\" data-widget_type=\"image.default\">\n\t\t\t\t<div class=\"elementor-widget-container\">\n\t\t\t\t\t\t\t\t\t\t\t\t\t\t\t<img loading=\"lazy\" decoding=\"async\" width=\"800\" height=\"600\" src=\"https:\/\/eve-go.com\/wp-content\/uploads\/2026\/01\/AC-Charging.png\" class=\"attachment-large size-large wp-image-2623\" alt=\"\" srcset=\"https:\/\/eve-go.com\/wp-content\/uploads\/2026\/01\/AC-Charging.png 800w, https:\/\/eve-go.com\/wp-content\/uploads\/2026\/01\/AC-Charging-300x225.png 300w, https:\/\/eve-go.com\/wp-content\/uploads\/2026\/01\/AC-Charging-768x576.png 768w, https:\/\/eve-go.com\/wp-content\/uploads\/2026\/01\/AC-Charging-16x12.png 16w\" sizes=\"(max-width: 800px) 100vw, 800px\" \/>\t\t\t\t\t\t\t\t\t\t\t\t\t\t\t<\/div>\n\t\t\t\t<\/div>\n\t\t\t\t<div class=\"elementor-element elementor-element-526ba65 elementor-widget elementor-widget-heading\" data-id=\"526ba65\" data-element_type=\"widget\" data-e-type=\"widget\" data-widget_type=\"heading.default\">\n\t\t\t\t<div class=\"elementor-widget-container\">\n\t\t\t\t\t<p class=\"elementor-heading-title elementor-size-default\">Carga de CA<\/p>\t\t\t\t<\/div>\n\t\t\t\t<\/div>\n\t\t\t\t<\/div>\n\t\t<div class=\"elementor-element elementor-element-1650ad9 e-con-full e-flex e-con e-child\" data-id=\"1650ad9\" data-element_type=\"container\" data-e-type=\"container\">\n\t\t\t\t<div class=\"elementor-element elementor-element-6596554 elementor-widget elementor-widget-image\" data-id=\"6596554\" data-element_type=\"widget\" data-e-type=\"widget\" data-widget_type=\"image.default\">\n\t\t\t\t<div class=\"elementor-widget-container\">\n\t\t\t\t\t\t\t\t\t\t\t\t\t\t\t<img loading=\"lazy\" decoding=\"async\" width=\"800\" height=\"600\" src=\"https:\/\/eve-go.com\/wp-content\/uploads\/2026\/01\/V2V.png\" class=\"attachment-large size-large wp-image-2622\" alt=\"\" srcset=\"https:\/\/eve-go.com\/wp-content\/uploads\/2026\/01\/V2V.png 800w, https:\/\/eve-go.com\/wp-content\/uploads\/2026\/01\/V2V-300x225.png 300w, https:\/\/eve-go.com\/wp-content\/uploads\/2026\/01\/V2V-768x576.png 768w, https:\/\/eve-go.com\/wp-content\/uploads\/2026\/01\/V2V-16x12.png 16w\" sizes=\"(max-width: 800px) 100vw, 800px\" \/>\t\t\t\t\t\t\t\t\t\t\t\t\t\t\t<\/div>\n\t\t\t\t<\/div>\n\t\t\t\t<div class=\"elementor-element elementor-element-30019c4 elementor-widget elementor-widget-heading\" data-id=\"30019c4\" data-element_type=\"widget\" data-e-type=\"widget\" data-widget_type=\"heading.default\">\n\t\t\t\t<div class=\"elementor-widget-container\">\n\t\t\t\t\t<p class=\"elementor-heading-title elementor-size-default\">V2V<\/p>\t\t\t\t<\/div>\n\t\t\t\t<\/div>\n\t\t\t\t<\/div>\n\t\t<div class=\"elementor-element elementor-element-024ab69 e-con-full e-flex e-con e-child\" data-id=\"024ab69\" data-element_type=\"container\" data-e-type=\"container\">\n\t\t\t\t<div class=\"elementor-element elementor-element-c7ce760 elementor-widget elementor-widget-image\" data-id=\"c7ce760\" data-element_type=\"widget\" data-e-type=\"widget\" data-widget_type=\"image.default\">\n\t\t\t\t<div class=\"elementor-widget-container\">\n\t\t\t\t\t\t\t\t\t\t\t\t\t\t\t<img loading=\"lazy\" decoding=\"async\" width=\"800\" height=\"600\" src=\"https:\/\/eve-go.com\/wp-content\/uploads\/2026\/01\/V2L.jpg\" class=\"attachment-large size-large wp-image-2621\" alt=\"\" srcset=\"https:\/\/eve-go.com\/wp-content\/uploads\/2026\/01\/V2L.jpg 800w, https:\/\/eve-go.com\/wp-content\/uploads\/2026\/01\/V2L-300x225.jpg 300w, https:\/\/eve-go.com\/wp-content\/uploads\/2026\/01\/V2L-768x576.jpg 768w, https:\/\/eve-go.com\/wp-content\/uploads\/2026\/01\/V2L-16x12.jpg 16w\" sizes=\"(max-width: 800px) 100vw, 800px\" \/>\t\t\t\t\t\t\t\t\t\t\t\t\t\t\t<\/div>\n\t\t\t\t<\/div>\n\t\t\t\t<div class=\"elementor-element elementor-element-b063d04 elementor-widget elementor-widget-heading\" data-id=\"b063d04\" data-element_type=\"widget\" data-e-type=\"widget\" data-widget_type=\"heading.default\">\n\t\t\t\t<div class=\"elementor-widget-container\">\n\t\t\t\t\t<p class=\"elementor-heading-title elementor-size-default\">V2L<\/p>\t\t\t\t<\/div>\n\t\t\t\t<\/div>\n\t\t\t\t<\/div>\n\t\t<div class=\"elementor-element elementor-element-d52317e e-con-full e-flex e-con e-child\" data-id=\"d52317e\" data-element_type=\"container\" data-e-type=\"container\">\n\t\t\t\t<div class=\"elementor-element elementor-element-921c1b5 elementor-widget elementor-widget-image\" data-id=\"921c1b5\" data-element_type=\"widget\" data-e-type=\"widget\" data-widget_type=\"image.default\">\n\t\t\t\t<div class=\"elementor-widget-container\">\n\t\t\t\t\t\t\t\t\t\t\t\t\t\t\t<img loading=\"lazy\" decoding=\"async\" width=\"800\" height=\"600\" src=\"https:\/\/eve-go.com\/wp-content\/uploads\/2026\/01\/V2H.png\" class=\"attachment-large size-large wp-image-2620\" alt=\"\" srcset=\"https:\/\/eve-go.com\/wp-content\/uploads\/2026\/01\/V2H.png 800w, https:\/\/eve-go.com\/wp-content\/uploads\/2026\/01\/V2H-300x225.png 300w, https:\/\/eve-go.com\/wp-content\/uploads\/2026\/01\/V2H-768x576.png 768w, https:\/\/eve-go.com\/wp-content\/uploads\/2026\/01\/V2H-16x12.png 16w\" sizes=\"(max-width: 800px) 100vw, 800px\" \/>\t\t\t\t\t\t\t\t\t\t\t\t\t\t\t<\/div>\n\t\t\t\t<\/div>\n\t\t\t\t<div class=\"elementor-element elementor-element-0deb659 elementor-widget elementor-widget-heading\" data-id=\"0deb659\" data-element_type=\"widget\" data-e-type=\"widget\" data-widget_type=\"heading.default\">\n\t\t\t\t<div class=\"elementor-widget-container\">\n\t\t\t\t\t<p class=\"elementor-heading-title elementor-size-default\">V2H<\/p>\t\t\t\t<\/div>\n\t\t\t\t<\/div>\n\t\t\t\t<\/div>\n\t\t\t\t\t<\/div>\n\t\t\t\t<\/div>\n\t\t\t\t<\/div>","protected":false},"excerpt":{"rendered":"<p>Range Anxiety Core Definition Range Anxiety refers to the psychological fear and stress experienced by EV drivers concerned that their battery charge is insufficient to reach their destination or that they will be unable to find an available charger. Although alleviated by improved battery tech and longer ranges, it remains the primary psychological barrier deterring [&hellip;]<\/p>\n","protected":false},"author":1,"featured_media":0,"parent":0,"menu_order":0,"comment_status":"closed","ping_status":"closed","template":"","meta":{"content-type":"","site-sidebar-layout":"no-sidebar","site-content-layout":"page-builder","ast-site-content-layout":"full-width-container","site-content-style":"default","site-sidebar-style":"default","ast-global-header-display":"","ast-banner-title-visibility":"","ast-main-header-display":"","ast-hfb-above-header-display":"","ast-hfb-below-header-display":"","ast-hfb-mobile-header-display":"","site-post-title":"","ast-breadcrumbs-content":"","ast-featured-img":"disabled","footer-sml-layout":"","ast-disable-related-posts":"","theme-transparent-header-meta":"","adv-header-id-meta":"","stick-header-meta":"","header-above-stick-meta":"","header-main-stick-meta":"","header-below-stick-meta":"","astra-migrate-meta-layouts":"set","ast-page-background-enabled":"default","ast-page-background-meta":{"desktop":{"background-color":"","background-image":"","background-repeat":"repeat","background-position":"center center","background-size":"auto","background-attachment":"scroll","background-type":"","background-media":"","overlay-type":"","overlay-color":"","overlay-opacity":"","overlay-gradient":""},"tablet":{"background-color":"","background-image":"","background-repeat":"repeat","background-position":"center center","background-size":"auto","background-attachment":"scroll","background-type":"","background-media":"","overlay-type":"","overlay-color":"","overlay-opacity":"","overlay-gradient":""},"mobile":{"background-color":"","background-image":"","background-repeat":"repeat","background-position":"center center","background-size":"auto","background-attachment":"scroll","background-type":"","background-media":"","overlay-type":"","overlay-color":"","overlay-opacity":"","overlay-gradient":""}},"ast-content-background-meta":{"desktop":{"background-color":"var(--ast-global-color-5)","background-image":"","background-repeat":"repeat","background-position":"center center","background-size":"auto","background-attachment":"scroll","background-type":"","background-media":"","overlay-type":"","overlay-color":"","overlay-opacity":"","overlay-gradient":""},"tablet":{"background-color":"var(--ast-global-color-5)","background-image":"","background-repeat":"repeat","background-position":"center center","background-size":"auto","background-attachment":"scroll","background-type":"","background-media":"","overlay-type":"","overlay-color":"","overlay-opacity":"","overlay-gradient":""},"mobile":{"background-color":"var(--ast-global-color-5)","background-image":"","background-repeat":"repeat","background-position":"center center","background-size":"auto","background-attachment":"scroll","background-type":"","background-media":"","overlay-type":"","overlay-color":"","overlay-opacity":"","overlay-gradient":""}},"footnotes":""},"class_list":["post-5122","page","type-page","status-publish","hentry"],"_links":{"self":[{"href":"https:\/\/eve-go.com\/es\/wp-json\/wp\/v2\/pages\/5122","targetHints":{"allow":["GET"]}}],"collection":[{"href":"https:\/\/eve-go.com\/es\/wp-json\/wp\/v2\/pages"}],"about":[{"href":"https:\/\/eve-go.com\/es\/wp-json\/wp\/v2\/types\/page"}],"author":[{"embeddable":true,"href":"https:\/\/eve-go.com\/es\/wp-json\/wp\/v2\/users\/1"}],"replies":[{"embeddable":true,"href":"https:\/\/eve-go.com\/es\/wp-json\/wp\/v2\/comments?post=5122"}],"version-history":[{"count":4,"href":"https:\/\/eve-go.com\/es\/wp-json\/wp\/v2\/pages\/5122\/revisions"}],"predecessor-version":[{"id":5263,"href":"https:\/\/eve-go.com\/es\/wp-json\/wp\/v2\/pages\/5122\/revisions\/5263"}],"wp:attachment":[{"href":"https:\/\/eve-go.com\/es\/wp-json\/wp\/v2\/media?parent=5122"}],"curies":[{"name":"wp","href":"https:\/\/api.w.org\/{rel}","templated":true}]}}