{"id":5106,"date":"2026-02-25T13:46:54","date_gmt":"2026-02-25T13:46:54","guid":{"rendered":"https:\/\/allevcharging.com\/?page_id=5106"},"modified":"2026-02-25T13:55:40","modified_gmt":"2026-02-25T13:55:40","slug":"descarbonizacion","status":"publish","type":"page","link":"https:\/\/eve-go.com\/es\/descarbonizacion\/","title":{"rendered":"Descarbonizaci\u00f3n"},"content":{"rendered":"<div data-elementor-type=\"wp-page\" data-elementor-id=\"5106\" class=\"elementor elementor-5106\" data-elementor-post-type=\"page\">\n\t\t\t\t<div class=\"elementor-element elementor-element-d23d9e6 e-flex e-con-boxed e-con e-parent\" data-id=\"d23d9e6\" data-element_type=\"container\" data-e-type=\"container\">\n\t\t\t\t\t<div class=\"e-con-inner\">\n\t\t\t\t<div class=\"elementor-element elementor-element-35f709c elementor-widget elementor-widget-heading\" data-id=\"35f709c\" data-element_type=\"widget\" data-e-type=\"widget\" data-widget_type=\"heading.default\">\n\t\t\t\t<div class=\"elementor-widget-container\">\n\t\t\t\t\t<h2 class=\"elementor-heading-title elementor-size-default\">Descarbonizaci\u00f3n<\/h2>\t\t\t\t<\/div>\n\t\t\t\t<\/div>\n\t\t\t\t<div class=\"elementor-element elementor-element-974da48 elementor-widget elementor-widget-heading\" data-id=\"974da48\" data-element_type=\"widget\" data-e-type=\"widget\" data-widget_type=\"heading.default\">\n\t\t\t\t<div class=\"elementor-widget-container\">\n\t\t\t\t\t<h3 class=\"elementor-heading-title elementor-size-default\">An\u00e1lisis desde la perspectiva del entorno de aplicaci\u00f3n<\/h3>\t\t\t\t<\/div>\n\t\t\t\t<\/div>\n\t\t\t\t<div class=\"elementor-element elementor-element-2091962 elementor-widget elementor-widget-text-editor\" data-id=\"2091962\" data-element_type=\"widget\" data-e-type=\"widget\" data-widget_type=\"text-editor.default\">\n\t\t\t\t<div class=\"elementor-widget-container\">\n\t\t\t\t\t\t\t\t\t<p>La descarbonizaci\u00f3n no es un concepto abstracto; se materializa a trav\u00e9s de aplicaciones industriales espec\u00edficas y medidas de gesti\u00f3n urbana. En los sectores de la carga y el transporte, la descarbonizaci\u00f3n se manifiesta a trav\u00e9s de una profunda integraci\u00f3n de la energ\u00eda, los veh\u00edculos y la planificaci\u00f3n urbana.<\/p><ul><li><strong>Escenarios de absorci\u00f3n de energ\u00edas renovables (interacci\u00f3n fuente-carga):<\/strong><br \/>La descarbonizaci\u00f3n m\u00e1s profunda se produce en las redes con una alta penetraci\u00f3n de energ\u00edas renovables. Durante los picos de generaci\u00f3n solar del mediod\u00eda, los cargadores inteligentes incentivan a los veh\u00edculos el\u00e9ctricos a cargar a tarifas bajas, absorbiendo directamente energ\u00eda verde que, de otro modo, se ver\u00eda restringida. Este escenario adapta el comportamiento de carga a las curvas de generaci\u00f3n e\u00f3lica y solar, garantizando que cada kil\u00f3metro recorrido se alimente realmente de energ\u00eda limpia.<\/li><li><strong>Reducci\u00f3n de la cadena de suministro corporativa (emisiones de alcance 3):<\/strong><br \/>Para las grandes empresas multinacionales, la log\u00edstica del transporte es una fuente importante de emisiones de carbono. La aplicaci\u00f3n de la descarbonizaci\u00f3n se observa en la electrificaci\u00f3n total de las flotas log\u00edsticas y la construcci\u00f3n de instalaciones integradas de carga y almacenamiento de energ\u00eda solar en los centros de distribuci\u00f3n. Esto no s\u00f3lo reduce las emisiones directas de la empresa, sino que tambi\u00e9n ayuda a cumplir los requisitos ESG (Environmental, Social, and Governance), mejorando la competitividad de la marca dentro de las cadenas de suministro ecol\u00f3gicas.<\/li><li><strong>Planificaci\u00f3n urbana con bajas emisiones de carbono (Zonas de Emisi\u00f3n Cero):<\/strong><br \/>A nivel de gesti\u00f3n municipal, la descarbonizaci\u00f3n se materializa en la designaci\u00f3n de \u201cZonas de Emisiones Ultra Bajas\u201d (ULEZ). En este entorno, la densidad de la infraestructura de recarga determina la viabilidad de las pol\u00edticas de descarbonizaci\u00f3n. Los planificadores urbanos dan prioridad al despliegue de cargadores en las aceras y estaciones de recarga espec\u00edficas para autobuses en estas zonas, utilizando un enfoque dual de pol\u00edtica e infraestructura para expulsar gradualmente a los veh\u00edculos con motor de combusti\u00f3n interna de los n\u00facleos urbanos, logrando una profunda descarbonizaci\u00f3n regional.<\/li><\/ul>\t\t\t\t\t\t\t\t<\/div>\n\t\t\t\t<\/div>\n\t\t\t\t\t<\/div>\n\t\t\t\t<\/div>\n\t\t<div class=\"elementor-element elementor-element-ae1b1a9 e-flex e-con-boxed e-con e-parent\" data-id=\"ae1b1a9\" data-element_type=\"container\" data-e-type=\"container\">\n\t\t\t\t\t<div class=\"e-con-inner\">\n\t\t<div class=\"elementor-element elementor-element-9ccf163 e-con-full e-flex e-con e-child\" data-id=\"9ccf163\" data-element_type=\"container\" data-e-type=\"container\">\n\t\t\t\t<div class=\"elementor-element elementor-element-312c867 elementor-widget elementor-widget-image\" data-id=\"312c867\" data-element_type=\"widget\" data-e-type=\"widget\" data-widget_type=\"image.default\">\n\t\t\t\t<div class=\"elementor-widget-container\">\n\t\t\t\t\t\t\t\t\t\t\t\t\t\t\t<img fetchpriority=\"high\" decoding=\"async\" width=\"800\" height=\"600\" src=\"https:\/\/eve-go.com\/wp-content\/uploads\/2026\/01\/V2G.jpg\" class=\"attachment-large size-large wp-image-2631\" alt=\"\" srcset=\"https:\/\/eve-go.com\/wp-content\/uploads\/2026\/01\/V2G.jpg 800w, https:\/\/eve-go.com\/wp-content\/uploads\/2026\/01\/V2G-300x225.jpg 300w, https:\/\/eve-go.com\/wp-content\/uploads\/2026\/01\/V2G-768x576.jpg 768w, https:\/\/eve-go.com\/wp-content\/uploads\/2026\/01\/V2G-16x12.jpg 16w\" sizes=\"(max-width: 800px) 100vw, 800px\" \/>\t\t\t\t\t\t\t\t\t\t\t\t\t\t\t<\/div>\n\t\t\t\t<\/div>\n\t\t\t\t<div class=\"elementor-element elementor-element-56a6b97 elementor-widget elementor-widget-heading\" data-id=\"56a6b97\" data-element_type=\"widget\" data-e-type=\"widget\" data-widget_type=\"heading.default\">\n\t\t\t\t<div class=\"elementor-widget-container\">\n\t\t\t\t\t<p class=\"elementor-heading-title elementor-size-default\">V2G<\/p>\t\t\t\t<\/div>\n\t\t\t\t<\/div>\n\t\t\t\t<\/div>\n\t\t<div class=\"elementor-element elementor-element-8cc76ac e-con-full e-flex e-con e-child\" data-id=\"8cc76ac\" data-element_type=\"container\" data-e-type=\"container\">\n\t\t\t\t<div class=\"elementor-element elementor-element-be198aa elementor-widget elementor-widget-image\" data-id=\"be198aa\" data-element_type=\"widget\" data-e-type=\"widget\" data-widget_type=\"image.default\">\n\t\t\t\t<div class=\"elementor-widget-container\">\n\t\t\t\t\t\t\t\t\t\t\t\t\t\t\t<img decoding=\"async\" width=\"800\" height=\"600\" src=\"https:\/\/eve-go.com\/wp-content\/uploads\/2026\/01\/EV-Smart-Charging.jpg\" class=\"attachment-large size-large wp-image-2630\" alt=\"\" srcset=\"https:\/\/eve-go.com\/wp-content\/uploads\/2026\/01\/EV-Smart-Charging.jpg 800w, https:\/\/eve-go.com\/wp-content\/uploads\/2026\/01\/EV-Smart-Charging-300x225.jpg 300w, https:\/\/eve-go.com\/wp-content\/uploads\/2026\/01\/EV-Smart-Charging-768x576.jpg 768w, https:\/\/eve-go.com\/wp-content\/uploads\/2026\/01\/EV-Smart-Charging-16x12.jpg 16w\" sizes=\"(max-width: 800px) 100vw, 800px\" \/>\t\t\t\t\t\t\t\t\t\t\t\t\t\t\t<\/div>\n\t\t\t\t<\/div>\n\t\t\t\t<div class=\"elementor-element elementor-element-9903f23 elementor-widget elementor-widget-heading\" data-id=\"9903f23\" data-element_type=\"widget\" data-e-type=\"widget\" data-widget_type=\"heading.default\">\n\t\t\t\t<div class=\"elementor-widget-container\">\n\t\t\t\t\t<p class=\"elementor-heading-title elementor-size-default\">Carga inteligente de veh\u00edculos el\u00e9ctricos<\/p>\t\t\t\t<\/div>\n\t\t\t\t<\/div>\n\t\t\t\t<\/div>\n\t\t<div class=\"elementor-element elementor-element-119f852 e-con-full e-flex e-con e-child\" data-id=\"119f852\" data-element_type=\"container\" data-e-type=\"container\">\n\t\t\t\t<div class=\"elementor-element elementor-element-50c7a65 elementor-widget elementor-widget-image\" data-id=\"50c7a65\" data-element_type=\"widget\" data-e-type=\"widget\" data-widget_type=\"image.default\">\n\t\t\t\t<div class=\"elementor-widget-container\">\n\t\t\t\t\t\t\t\t\t\t\t\t\t\t\t<img decoding=\"async\" width=\"800\" height=\"600\" src=\"https:\/\/eve-go.com\/wp-content\/uploads\/2026\/01\/EV-Roaming.jpg\" class=\"attachment-large size-large wp-image-2628\" alt=\"\" srcset=\"https:\/\/eve-go.com\/wp-content\/uploads\/2026\/01\/EV-Roaming.jpg 800w, https:\/\/eve-go.com\/wp-content\/uploads\/2026\/01\/EV-Roaming-300x225.jpg 300w, https:\/\/eve-go.com\/wp-content\/uploads\/2026\/01\/EV-Roaming-768x576.jpg 768w, https:\/\/eve-go.com\/wp-content\/uploads\/2026\/01\/EV-Roaming-16x12.jpg 16w\" sizes=\"(max-width: 800px) 100vw, 800px\" \/>\t\t\t\t\t\t\t\t\t\t\t\t\t\t\t<\/div>\n\t\t\t\t<\/div>\n\t\t\t\t<div class=\"elementor-element elementor-element-b9c63d0 elementor-widget elementor-widget-heading\" data-id=\"b9c63d0\" data-element_type=\"widget\" data-e-type=\"widget\" data-widget_type=\"heading.default\">\n\t\t\t\t<div class=\"elementor-widget-container\">\n\t\t\t\t\t<p class=\"elementor-heading-title elementor-size-default\">Itinerancia EV<\/p>\t\t\t\t<\/div>\n\t\t\t\t<\/div>\n\t\t\t\t<\/div>\n\t\t<div class=\"elementor-element elementor-element-1c91959 e-con-full e-flex e-con e-child\" data-id=\"1c91959\" data-element_type=\"container\" data-e-type=\"container\">\n\t\t\t\t<div class=\"elementor-element elementor-element-6fe69fd elementor-widget elementor-widget-image\" data-id=\"6fe69fd\" data-element_type=\"widget\" data-e-type=\"widget\" data-widget_type=\"image.default\">\n\t\t\t\t<div class=\"elementor-widget-container\">\n\t\t\t\t\t\t\t\t\t\t\t\t\t\t\t<img loading=\"lazy\" decoding=\"async\" width=\"800\" height=\"600\" src=\"https:\/\/eve-go.com\/wp-content\/uploads\/2026\/01\/Electric-Vehicle-Fleet-Operator.jpg\" class=\"attachment-large size-large wp-image-2627\" alt=\"\" srcset=\"https:\/\/eve-go.com\/wp-content\/uploads\/2026\/01\/Electric-Vehicle-Fleet-Operator.jpg 800w, https:\/\/eve-go.com\/wp-content\/uploads\/2026\/01\/Electric-Vehicle-Fleet-Operator-300x225.jpg 300w, https:\/\/eve-go.com\/wp-content\/uploads\/2026\/01\/Electric-Vehicle-Fleet-Operator-768x576.jpg 768w, https:\/\/eve-go.com\/wp-content\/uploads\/2026\/01\/Electric-Vehicle-Fleet-Operator-16x12.jpg 16w\" sizes=\"(max-width: 800px) 100vw, 800px\" \/>\t\t\t\t\t\t\t\t\t\t\t\t\t\t\t<\/div>\n\t\t\t\t<\/div>\n\t\t\t\t<div class=\"elementor-element elementor-element-29c80fd elementor-widget elementor-widget-heading\" data-id=\"29c80fd\" data-element_type=\"widget\" data-e-type=\"widget\" data-widget_type=\"heading.default\">\n\t\t\t\t<div class=\"elementor-widget-container\">\n\t\t\t\t\t<p class=\"elementor-heading-title elementor-size-default\">Operador de flota de veh\u00edculos el\u00e9ctricos<\/p>\t\t\t\t<\/div>\n\t\t\t\t<\/div>\n\t\t\t\t<\/div>\n\t\t<div class=\"elementor-element elementor-element-a6849df e-con-full e-flex e-con e-child\" data-id=\"a6849df\" data-element_type=\"container\" data-e-type=\"container\">\n\t\t\t\t<div class=\"elementor-element elementor-element-0ec0373 elementor-widget elementor-widget-image\" data-id=\"0ec0373\" data-element_type=\"widget\" data-e-type=\"widget\" data-widget_type=\"image.default\">\n\t\t\t\t<div class=\"elementor-widget-container\">\n\t\t\t\t\t\t\t\t\t\t\t\t\t\t\t<img loading=\"lazy\" decoding=\"async\" width=\"800\" height=\"600\" src=\"https:\/\/eve-go.com\/wp-content\/uploads\/2026\/01\/Dynamic-Load-Balancing.jpg\" class=\"attachment-large size-large wp-image-2626\" alt=\"\" srcset=\"https:\/\/eve-go.com\/wp-content\/uploads\/2026\/01\/Dynamic-Load-Balancing.jpg 800w, https:\/\/eve-go.com\/wp-content\/uploads\/2026\/01\/Dynamic-Load-Balancing-300x225.jpg 300w, https:\/\/eve-go.com\/wp-content\/uploads\/2026\/01\/Dynamic-Load-Balancing-768x576.jpg 768w, https:\/\/eve-go.com\/wp-content\/uploads\/2026\/01\/Dynamic-Load-Balancing-16x12.jpg 16w\" sizes=\"(max-width: 800px) 100vw, 800px\" \/>\t\t\t\t\t\t\t\t\t\t\t\t\t\t\t<\/div>\n\t\t\t\t<\/div>\n\t\t\t\t<div class=\"elementor-element elementor-element-67daf5f elementor-widget elementor-widget-heading\" data-id=\"67daf5f\" data-element_type=\"widget\" data-e-type=\"widget\" data-widget_type=\"heading.default\">\n\t\t\t\t<div class=\"elementor-widget-container\">\n\t\t\t\t\t<p class=\"elementor-heading-title elementor-size-default\">Equilibrio din\u00e1mico de la carga<\/p>\t\t\t\t<\/div>\n\t\t\t\t<\/div>\n\t\t\t\t<\/div>\n\t\t<div class=\"elementor-element elementor-element-307a75b e-con-full e-flex e-con e-child\" data-id=\"307a75b\" data-element_type=\"container\" data-e-type=\"container\">\n\t\t\t\t<div class=\"elementor-element elementor-element-76b4aee elementor-widget elementor-widget-image\" data-id=\"76b4aee\" data-element_type=\"widget\" data-e-type=\"widget\" data-widget_type=\"image.default\">\n\t\t\t\t<div class=\"elementor-widget-container\">\n\t\t\t\t\t\t\t\t\t\t\t\t\t\t\t<img loading=\"lazy\" decoding=\"async\" width=\"800\" height=\"600\" src=\"https:\/\/eve-go.com\/wp-content\/uploads\/2026\/01\/Demand-Side-Response.jpg\" class=\"attachment-large size-large wp-image-2625\" alt=\"\" srcset=\"https:\/\/eve-go.com\/wp-content\/uploads\/2026\/01\/Demand-Side-Response.jpg 800w, https:\/\/eve-go.com\/wp-content\/uploads\/2026\/01\/Demand-Side-Response-300x225.jpg 300w, https:\/\/eve-go.com\/wp-content\/uploads\/2026\/01\/Demand-Side-Response-768x576.jpg 768w, https:\/\/eve-go.com\/wp-content\/uploads\/2026\/01\/Demand-Side-Response-16x12.jpg 16w\" sizes=\"(max-width: 800px) 100vw, 800px\" \/>\t\t\t\t\t\t\t\t\t\t\t\t\t\t\t<\/div>\n\t\t\t\t<\/div>\n\t\t\t\t<div class=\"elementor-element elementor-element-b13d9d5 elementor-widget elementor-widget-heading\" data-id=\"b13d9d5\" data-element_type=\"widget\" data-e-type=\"widget\" data-widget_type=\"heading.default\">\n\t\t\t\t<div class=\"elementor-widget-container\">\n\t\t\t\t\t<p class=\"elementor-heading-title elementor-size-default\">Respuesta a la demanda<\/p>\t\t\t\t<\/div>\n\t\t\t\t<\/div>\n\t\t\t\t<\/div>\n\t\t<div class=\"elementor-element elementor-element-457a412 e-con-full e-flex e-con e-child\" data-id=\"457a412\" data-element_type=\"container\" data-e-type=\"container\">\n\t\t\t\t<div class=\"elementor-element elementor-element-e9b18bb elementor-widget elementor-widget-image\" data-id=\"e9b18bb\" data-element_type=\"widget\" data-e-type=\"widget\" data-widget_type=\"image.default\">\n\t\t\t\t<div class=\"elementor-widget-container\">\n\t\t\t\t\t\t\t\t\t\t\t\t\t\t\t<img loading=\"lazy\" decoding=\"async\" width=\"800\" height=\"600\" src=\"https:\/\/eve-go.com\/wp-content\/uploads\/2026\/01\/CPO.jpg\" class=\"attachment-large size-large wp-image-2624\" alt=\"\" srcset=\"https:\/\/eve-go.com\/wp-content\/uploads\/2026\/01\/CPO.jpg 800w, https:\/\/eve-go.com\/wp-content\/uploads\/2026\/01\/CPO-300x225.jpg 300w, https:\/\/eve-go.com\/wp-content\/uploads\/2026\/01\/CPO-768x576.jpg 768w, https:\/\/eve-go.com\/wp-content\/uploads\/2026\/01\/CPO-16x12.jpg 16w\" sizes=\"(max-width: 800px) 100vw, 800px\" \/>\t\t\t\t\t\t\t\t\t\t\t\t\t\t\t<\/div>\n\t\t\t\t<\/div>\n\t\t\t\t<div class=\"elementor-element elementor-element-8e7a2d4 elementor-widget elementor-widget-heading\" data-id=\"8e7a2d4\" data-element_type=\"widget\" data-e-type=\"widget\" data-widget_type=\"heading.default\">\n\t\t\t\t<div class=\"elementor-widget-container\">\n\t\t\t\t\t<p class=\"elementor-heading-title elementor-size-default\">CPO<\/p>\t\t\t\t<\/div>\n\t\t\t\t<\/div>\n\t\t\t\t<\/div>\n\t\t<div class=\"elementor-element elementor-element-9ea91bf e-con-full e-flex e-con e-child\" data-id=\"9ea91bf\" data-element_type=\"container\" data-e-type=\"container\">\n\t\t\t\t<div class=\"elementor-element elementor-element-963d0f0 elementor-widget elementor-widget-image\" data-id=\"963d0f0\" data-element_type=\"widget\" data-e-type=\"widget\" data-widget_type=\"image.default\">\n\t\t\t\t<div class=\"elementor-widget-container\">\n\t\t\t\t\t\t\t\t\t\t\t\t\t\t\t<img loading=\"lazy\" decoding=\"async\" width=\"800\" height=\"600\" src=\"https:\/\/eve-go.com\/wp-content\/uploads\/2026\/01\/AC-Charging.png\" class=\"attachment-large size-large wp-image-2623\" alt=\"\" srcset=\"https:\/\/eve-go.com\/wp-content\/uploads\/2026\/01\/AC-Charging.png 800w, https:\/\/eve-go.com\/wp-content\/uploads\/2026\/01\/AC-Charging-300x225.png 300w, https:\/\/eve-go.com\/wp-content\/uploads\/2026\/01\/AC-Charging-768x576.png 768w, https:\/\/eve-go.com\/wp-content\/uploads\/2026\/01\/AC-Charging-16x12.png 16w\" sizes=\"(max-width: 800px) 100vw, 800px\" \/>\t\t\t\t\t\t\t\t\t\t\t\t\t\t\t<\/div>\n\t\t\t\t<\/div>\n\t\t\t\t<div class=\"elementor-element elementor-element-c95c5c2 elementor-widget elementor-widget-heading\" data-id=\"c95c5c2\" data-element_type=\"widget\" data-e-type=\"widget\" data-widget_type=\"heading.default\">\n\t\t\t\t<div class=\"elementor-widget-container\">\n\t\t\t\t\t<p class=\"elementor-heading-title elementor-size-default\">Carga de CA<\/p>\t\t\t\t<\/div>\n\t\t\t\t<\/div>\n\t\t\t\t<\/div>\n\t\t<div class=\"elementor-element elementor-element-fe5b734 e-con-full e-flex e-con e-child\" data-id=\"fe5b734\" data-element_type=\"container\" data-e-type=\"container\">\n\t\t\t\t<div class=\"elementor-element elementor-element-ee933c8 elementor-widget elementor-widget-image\" data-id=\"ee933c8\" data-element_type=\"widget\" data-e-type=\"widget\" data-widget_type=\"image.default\">\n\t\t\t\t<div class=\"elementor-widget-container\">\n\t\t\t\t\t\t\t\t\t\t\t\t\t\t\t<img loading=\"lazy\" decoding=\"async\" width=\"800\" height=\"600\" src=\"https:\/\/eve-go.com\/wp-content\/uploads\/2026\/01\/V2V.png\" class=\"attachment-large size-large wp-image-2622\" alt=\"\" srcset=\"https:\/\/eve-go.com\/wp-content\/uploads\/2026\/01\/V2V.png 800w, https:\/\/eve-go.com\/wp-content\/uploads\/2026\/01\/V2V-300x225.png 300w, https:\/\/eve-go.com\/wp-content\/uploads\/2026\/01\/V2V-768x576.png 768w, https:\/\/eve-go.com\/wp-content\/uploads\/2026\/01\/V2V-16x12.png 16w\" sizes=\"(max-width: 800px) 100vw, 800px\" \/>\t\t\t\t\t\t\t\t\t\t\t\t\t\t\t<\/div>\n\t\t\t\t<\/div>\n\t\t\t\t<div class=\"elementor-element elementor-element-42344b9 elementor-widget elementor-widget-heading\" data-id=\"42344b9\" data-element_type=\"widget\" data-e-type=\"widget\" data-widget_type=\"heading.default\">\n\t\t\t\t<div class=\"elementor-widget-container\">\n\t\t\t\t\t<p class=\"elementor-heading-title elementor-size-default\">V2V<\/p>\t\t\t\t<\/div>\n\t\t\t\t<\/div>\n\t\t\t\t<\/div>\n\t\t<div class=\"elementor-element elementor-element-ae36db4 e-con-full e-flex e-con e-child\" data-id=\"ae36db4\" data-element_type=\"container\" data-e-type=\"container\">\n\t\t\t\t<div class=\"elementor-element elementor-element-799f1c1 elementor-widget elementor-widget-image\" data-id=\"799f1c1\" data-element_type=\"widget\" data-e-type=\"widget\" data-widget_type=\"image.default\">\n\t\t\t\t<div class=\"elementor-widget-container\">\n\t\t\t\t\t\t\t\t\t\t\t\t\t\t\t<img loading=\"lazy\" decoding=\"async\" width=\"800\" height=\"600\" src=\"https:\/\/eve-go.com\/wp-content\/uploads\/2026\/01\/V2L.jpg\" class=\"attachment-large size-large wp-image-2621\" alt=\"\" srcset=\"https:\/\/eve-go.com\/wp-content\/uploads\/2026\/01\/V2L.jpg 800w, https:\/\/eve-go.com\/wp-content\/uploads\/2026\/01\/V2L-300x225.jpg 300w, https:\/\/eve-go.com\/wp-content\/uploads\/2026\/01\/V2L-768x576.jpg 768w, https:\/\/eve-go.com\/wp-content\/uploads\/2026\/01\/V2L-16x12.jpg 16w\" sizes=\"(max-width: 800px) 100vw, 800px\" \/>\t\t\t\t\t\t\t\t\t\t\t\t\t\t\t<\/div>\n\t\t\t\t<\/div>\n\t\t\t\t<div class=\"elementor-element elementor-element-6dd498c elementor-widget elementor-widget-heading\" data-id=\"6dd498c\" data-element_type=\"widget\" data-e-type=\"widget\" data-widget_type=\"heading.default\">\n\t\t\t\t<div class=\"elementor-widget-container\">\n\t\t\t\t\t<p class=\"elementor-heading-title elementor-size-default\">V2L<\/p>\t\t\t\t<\/div>\n\t\t\t\t<\/div>\n\t\t\t\t<\/div>\n\t\t<div class=\"elementor-element elementor-element-1e96d27 e-con-full e-flex e-con e-child\" data-id=\"1e96d27\" data-element_type=\"container\" data-e-type=\"container\">\n\t\t\t\t<div class=\"elementor-element elementor-element-8afb32c elementor-widget elementor-widget-image\" data-id=\"8afb32c\" data-element_type=\"widget\" data-e-type=\"widget\" data-widget_type=\"image.default\">\n\t\t\t\t<div class=\"elementor-widget-container\">\n\t\t\t\t\t\t\t\t\t\t\t\t\t\t\t<img loading=\"lazy\" decoding=\"async\" width=\"800\" height=\"600\" src=\"https:\/\/eve-go.com\/wp-content\/uploads\/2026\/01\/V2H.png\" class=\"attachment-large size-large wp-image-2620\" alt=\"\" srcset=\"https:\/\/eve-go.com\/wp-content\/uploads\/2026\/01\/V2H.png 800w, https:\/\/eve-go.com\/wp-content\/uploads\/2026\/01\/V2H-300x225.png 300w, https:\/\/eve-go.com\/wp-content\/uploads\/2026\/01\/V2H-768x576.png 768w, https:\/\/eve-go.com\/wp-content\/uploads\/2026\/01\/V2H-16x12.png 16w\" sizes=\"(max-width: 800px) 100vw, 800px\" \/>\t\t\t\t\t\t\t\t\t\t\t\t\t\t\t<\/div>\n\t\t\t\t<\/div>\n\t\t\t\t<div class=\"elementor-element elementor-element-0f78014 elementor-widget elementor-widget-heading\" data-id=\"0f78014\" data-element_type=\"widget\" data-e-type=\"widget\" data-widget_type=\"heading.default\">\n\t\t\t\t<div class=\"elementor-widget-container\">\n\t\t\t\t\t<p class=\"elementor-heading-title elementor-size-default\">V2H<\/p>\t\t\t\t<\/div>\n\t\t\t\t<\/div>\n\t\t\t\t<\/div>\n\t\t\t\t\t<\/div>\n\t\t\t\t<\/div>\n\t\t\t\t<\/div>","protected":false},"excerpt":{"rendered":"<p>Decarbonization Analysis from an Application Environment Perspective Decarbonization is not an abstract concept; it is realized through specific industry applications and urban management measures. Within the charging and transportation sectors, decarbonization manifests through the deep integration of energy, vehicles, and urban planning. Renewable Energy Absorption Scenarios (Source-Load Interaction):The deepest decarbonization occurs within grids that have [&hellip;]<\/p>\n","protected":false},"author":1,"featured_media":0,"parent":0,"menu_order":0,"comment_status":"closed","ping_status":"closed","template":"","meta":{"content-type":"","site-sidebar-layout":"no-sidebar","site-content-layout":"page-builder","ast-site-content-layout":"full-width-container","site-content-style":"default","site-sidebar-style":"default","ast-global-header-display":"","ast-banner-title-visibility":"","ast-main-header-display":"","ast-hfb-above-header-display":"","ast-hfb-below-header-display":"","ast-hfb-mobile-header-display":"","site-post-title":"","ast-breadcrumbs-content":"","ast-featured-img":"disabled","footer-sml-layout":"","ast-disable-related-posts":"","theme-transparent-header-meta":"","adv-header-id-meta":"","stick-header-meta":"","header-above-stick-meta":"","header-main-stick-meta":"","header-below-stick-meta":"","astra-migrate-meta-layouts":"set","ast-page-background-enabled":"default","ast-page-background-meta":{"desktop":{"background-color":"","background-image":"","background-repeat":"repeat","background-position":"center center","background-size":"auto","background-attachment":"scroll","background-type":"","background-media":"","overlay-type":"","overlay-color":"","overlay-opacity":"","overlay-gradient":""},"tablet":{"background-color":"","background-image":"","background-repeat":"repeat","background-position":"center center","background-size":"auto","background-attachment":"scroll","background-type":"","background-media":"","overlay-type":"","overlay-color":"","overlay-opacity":"","overlay-gradient":""},"mobile":{"background-color":"","background-image":"","background-repeat":"repeat","background-position":"center center","background-size":"auto","background-attachment":"scroll","background-type":"","background-media":"","overlay-type":"","overlay-color":"","overlay-opacity":"","overlay-gradient":""}},"ast-content-background-meta":{"desktop":{"background-color":"var(--ast-global-color-5)","background-image":"","background-repeat":"repeat","background-position":"center center","background-size":"auto","background-attachment":"scroll","background-type":"","background-media":"","overlay-type":"","overlay-color":"","overlay-opacity":"","overlay-gradient":""},"tablet":{"background-color":"var(--ast-global-color-5)","background-image":"","background-repeat":"repeat","background-position":"center center","background-size":"auto","background-attachment":"scroll","background-type":"","background-media":"","overlay-type":"","overlay-color":"","overlay-opacity":"","overlay-gradient":""},"mobile":{"background-color":"var(--ast-global-color-5)","background-image":"","background-repeat":"repeat","background-position":"center center","background-size":"auto","background-attachment":"scroll","background-type":"","background-media":"","overlay-type":"","overlay-color":"","overlay-opacity":"","overlay-gradient":""}},"footnotes":""},"class_list":["post-5106","page","type-page","status-publish","hentry"],"_links":{"self":[{"href":"https:\/\/eve-go.com\/es\/wp-json\/wp\/v2\/pages\/5106","targetHints":{"allow":["GET"]}}],"collection":[{"href":"https:\/\/eve-go.com\/es\/wp-json\/wp\/v2\/pages"}],"about":[{"href":"https:\/\/eve-go.com\/es\/wp-json\/wp\/v2\/types\/page"}],"author":[{"embeddable":true,"href":"https:\/\/eve-go.com\/es\/wp-json\/wp\/v2\/users\/1"}],"replies":[{"embeddable":true,"href":"https:\/\/eve-go.com\/es\/wp-json\/wp\/v2\/comments?post=5106"}],"version-history":[{"count":10,"href":"https:\/\/eve-go.com\/es\/wp-json\/wp\/v2\/pages\/5106\/revisions"}],"predecessor-version":[{"id":5210,"href":"https:\/\/eve-go.com\/es\/wp-json\/wp\/v2\/pages\/5106\/revisions\/5210"}],"wp:attachment":[{"href":"https:\/\/eve-go.com\/es\/wp-json\/wp\/v2\/media?parent=5106"}],"curies":[{"name":"wp","href":"https:\/\/api.w.org\/{rel}","templated":true}]}}