{"id":4569,"date":"2026-02-25T01:13:11","date_gmt":"2026-02-25T01:13:11","guid":{"rendered":"https:\/\/allevcharging.com\/?page_id=4569"},"modified":"2026-02-25T13:28:18","modified_gmt":"2026-02-25T13:28:18","slug":"evego-56kw","status":"publish","type":"page","link":"https:\/\/eve-go.com\/es\/evego-56kw\/","title":{"rendered":"EVEGO 56 kW"},"content":{"rendered":"<div data-elementor-type=\"wp-page\" data-elementor-id=\"4569\" class=\"elementor elementor-4569\" data-elementor-post-type=\"page\">\n\t\t\t\t<div class=\"elementor-element elementor-element-6119f68 e-flex e-con-boxed e-con e-parent\" data-id=\"6119f68\" data-element_type=\"container\" data-e-type=\"container\">\n\t\t\t\t\t<div class=\"e-con-inner\">\n\t\t<div class=\"elementor-element elementor-element-92cd767 e-con-full e-flex e-con e-child\" data-id=\"92cd767\" data-element_type=\"container\" data-e-type=\"container\">\n\t\t\t\t<div class=\"elementor-element elementor-element-6f6a027 elementor-widget elementor-widget-image\" data-id=\"6f6a027\" data-element_type=\"widget\" data-e-type=\"widget\" data-widget_type=\"image.default\">\n\t\t\t\t<div class=\"elementor-widget-container\">\n\t\t\t\t\t\t\t\t\t\t\t\t\t\t\t<img fetchpriority=\"high\" decoding=\"async\" width=\"563\" height=\"766\" src=\"https:\/\/eve-go.com\/wp-content\/uploads\/2026\/02\/6d05e445-4b5b-4fb0-9900-56458eec89a7.png\" class=\"attachment-large size-large wp-image-4502\" alt=\"cargador dc de suelo de 56kw\" srcset=\"https:\/\/eve-go.com\/wp-content\/uploads\/2026\/02\/6d05e445-4b5b-4fb0-9900-56458eec89a7.png 563w, https:\/\/eve-go.com\/wp-content\/uploads\/2026\/02\/6d05e445-4b5b-4fb0-9900-56458eec89a7-220x300.png 220w, https:\/\/eve-go.com\/wp-content\/uploads\/2026\/02\/6d05e445-4b5b-4fb0-9900-56458eec89a7-9x12.png 9w\" sizes=\"(max-width: 563px) 100vw, 563px\" \/>\t\t\t\t\t\t\t\t\t\t\t\t\t\t\t<\/div>\n\t\t\t\t<\/div>\n\t\t\t\t<\/div>\n\t\t<div class=\"elementor-element elementor-element-8b9caa5 e-con-full e-flex e-con e-child\" data-id=\"8b9caa5\" data-element_type=\"container\" data-e-type=\"container\">\n\t\t\t\t<div class=\"elementor-element elementor-element-5cacbb8 elementor-widget elementor-widget-heading\" data-id=\"5cacbb8\" data-element_type=\"widget\" data-e-type=\"widget\" data-widget_type=\"heading.default\">\n\t\t\t\t<div class=\"elementor-widget-container\">\n\t\t\t\t\t<h2 class=\"elementor-heading-title elementor-size-default\">Cargador r\u00e1pido de CC-56 kW<\/h2>\t\t\t\t<\/div>\n\t\t\t\t<\/div>\n\t\t\t\t<div class=\"elementor-element elementor-element-40a5712 elementor-icon-list--layout-traditional elementor-list-item-link-full_width elementor-widget elementor-widget-icon-list\" data-id=\"40a5712\" data-element_type=\"widget\" data-e-type=\"widget\" data-widget_type=\"icon-list.default\">\n\t\t\t\t<div class=\"elementor-widget-container\">\n\t\t\t\t\t\t\t<ul class=\"elementor-icon-list-items\">\n\t\t\t\t\t\t\t<li class=\"elementor-icon-list-item\">\n\t\t\t\t\t\t\t\t\t\t<span class=\"elementor-icon-list-text\">Dise\u00f1ado para redes de Nivel 2 240V | Compatibilidad Universal | R\u00e1pido y Fiable - Espec\u00edficamente dise\u00f1ado para el mercado de N.A., este cargador monof\u00e1sico de CC est\u00e1 dise\u00f1ado para redes el\u00e9ctricas de Nivel 2 240V, asegurando una compatibilidad sin fisuras con todos los modelos de veh\u00edculos el\u00e9ctricos a la vez que proporciona una carga m\u00e1s r\u00e1pida y estable.<\/span>\n\t\t\t\t\t\t\t\t\t<\/li>\n\t\t\t\t\t\t<\/ul>\n\t\t\t\t\t\t<\/div>\n\t\t\t\t<\/div>\n\t\t\t\t<div class=\"elementor-element elementor-element-b026136 elementor-widget elementor-widget-image\" data-id=\"b026136\" data-element_type=\"widget\" data-e-type=\"widget\" data-widget_type=\"image.default\">\n\t\t\t\t<div class=\"elementor-widget-container\">\n\t\t\t\t\t\t\t\t\t\t\t\t\t\t\t<img decoding=\"async\" width=\"188\" height=\"55\" src=\"https:\/\/eve-go.com\/wp-content\/uploads\/2026\/02\/ice.png\" class=\"attachment-large size-large wp-image-4574\" alt=\"\" srcset=\"https:\/\/eve-go.com\/wp-content\/uploads\/2026\/02\/ice.png 188w, https:\/\/eve-go.com\/wp-content\/uploads\/2026\/02\/ice-18x5.png 18w\" sizes=\"(max-width: 188px) 100vw, 188px\" \/>\t\t\t\t\t\t\t\t\t\t\t\t\t\t\t<\/div>\n\t\t\t\t<\/div>\n\t\t\t\t<\/div>\n\t\t\t\t\t<\/div>\n\t\t\t\t<\/div>\n\t\t<div class=\"elementor-element elementor-element-73934d5 e-flex e-con-boxed e-con e-parent\" data-id=\"73934d5\" data-element_type=\"container\" data-e-type=\"container\">\n\t\t\t\t\t<div class=\"e-con-inner\">\n\t\t\t\t<div class=\"elementor-element elementor-element-d97696b elementor-widget elementor-widget-heading\" data-id=\"d97696b\" data-element_type=\"widget\" data-e-type=\"widget\" data-widget_type=\"heading.default\">\n\t\t\t\t<div class=\"elementor-widget-container\">\n\t\t\t\t\t<h2 class=\"elementor-heading-title elementor-size-default\">PAR\u00c1METROS DEL PRODUCTO<\/h2>\t\t\t\t<\/div>\n\t\t\t\t<\/div>\n\t\t\t\t<div class=\"elementor-element elementor-element-d88b6e9 elementor-widget elementor-widget-heading\" data-id=\"d88b6e9\" data-element_type=\"widget\" data-e-type=\"widget\" data-widget_type=\"heading.default\">\n\t\t\t\t<div class=\"elementor-widget-container\">\n\t\t\t\t\t<h3 class=\"elementor-heading-title elementor-size-default\">Cargador r\u00e1pido de CC estadounidense-56 kW<\/h3>\t\t\t\t<\/div>\n\t\t\t\t<\/div>\n\t\t\t\t<div class=\"elementor-element elementor-element-9665bf2 elementor-widget elementor-widget-html\" data-id=\"9665bf2\" data-element_type=\"widget\" data-e-type=\"widget\" data-widget_type=\"html.default\">\n\t\t\t\t<div class=\"elementor-widget-container\">\n\t\t\t\t\t<table border=\"1\" cellspacing=\"0\" cellpadding=\"5\" style=\"width:100%; max-width:1200px; border-collapse:collapse; text-align:center;\">\r\n    <thead class=\"table-header\">\r\n        <tr>\r\n            <th>Modelo<\/th>\r\n            <th>EVE-F56D-GN1<\/th>\r\n        <\/tr>\r\n    <\/thead>\r\n    <tbody>\r\n        <tr>\r\n            <td colspan=\"2\" style=\"text-align:left;\"><strong>Especificaci\u00f3n Par\u00e1metro<\/strong><\/td>\r\n        <\/tr>\r\n\r\n        <!-- Input -->\r\n        <tr>\r\n            <td>Fuente de alimentaci\u00f3n<\/td>\r\n            <td>L1+L2+PE<\/td>\r\n        <\/tr>\r\n        <tr>\r\n            <td>Enchufe<\/td>\r\n            <td>Cableado<\/td>\r\n        <\/tr>\r\n        <tr>\r\n            <td>Tensi\u00f3n de entrada<\/td>\r\n            <td>240V\/AC \u00b1 15%<\/td>\r\n        <\/tr>\r\n        <tr>\r\n            <td>Frecuencia<\/td>\r\n            <td>50\/60HZ<\/td>\r\n        <\/tr>\r\n        <tr>\r\n            <td>Eficacia<\/td>\r\n            <td>\u226595%<\/td>\r\n        <\/tr>\r\n\r\n        <!-- Output -->\r\n        <tr>\r\n            <td>Tensi\u00f3n de salida<\/td>\r\n            <td>200~1000V<\/td>\r\n        <\/tr>\r\n        <tr>\r\n            <td>Corriente de salida MAX<\/td>\r\n            <td>160A<\/td>\r\n        <\/tr>\r\n        <tr>\r\n            <td>Potencia de salida MAX<\/td>\r\n            <td>56 kW<\/td>\r\n        <\/tr>\r\n\r\n        <!-- Product Features -->\r\n        <tr>\r\n            <td>Conector del cargador<\/td>\r\n            <td>CCS1\/CCS2\/GBT\/CHAdeMO\/NACS<\/td>\r\n        <\/tr>\r\n        <tr>\r\n            <td>Indicador LED<\/td>\r\n            <td>LED RGB<\/td>\r\n        <\/tr>\r\n        <tr>\r\n            <td>Mostrar<\/td>\r\n            <td>Pantalla t\u00e1ctil de 10,1 pulgadas<\/td>\r\n        <\/tr>\r\n        <tr>\r\n            <td>Longitud del cable<\/td>\r\n            <td>5M (se acepta a medida)<\/td>\r\n        <\/tr>\r\n        <tr>\r\n            <td>Bot\u00f3n de parada de emergencia<\/td>\r\n            <td>S\u00ed<\/td>\r\n        <\/tr>\r\n        <tr>\r\n            <td>Modo de inicio<\/td>\r\n            <td>Direcci\u00f3n VIN\/MAC Plug&amp;Play \/ APP \/ RFID \/ OCPP<\/td>\r\n        <\/tr>\r\n        <tr>\r\n            <td>OCPP<\/td>\r\n            <td>OCPP 1.6J<\/td>\r\n        <\/tr>\r\n        <tr>\r\n            <td>RFID<\/td>\r\n            <td>Mifare ISO\/IEC14443A (opcional)<\/td>\r\n        <\/tr>\r\n        <tr>\r\n            <td>Comunicaci\u00f3n<\/td>\r\n            <td>WIFI \/ 4G \/ RJ45<\/td>\r\n        <\/tr>\r\n        <tr>\r\n            <td>M\u00e9todo de instalaci\u00f3n<\/td>\r\n            <td>Suelo<\/td>\r\n        <\/tr>\r\n\r\n        <!-- Material -->\r\n        <tr>\r\n            <td>Material de la carcasa<\/td>\r\n            <td>Acero galvanizado<\/td>\r\n        <\/tr>\r\n        <tr>\r\n            <td>Material del cable<\/td>\r\n            <td>TPU<\/td>\r\n        <\/tr>\r\n\r\n        <!-- Safety -->\r\n        <tr>\r\n            <td>Contador de energ\u00eda<\/td>\r\n            <td>Contador inteligente<\/td>\r\n        <\/tr>\r\n        <tr>\r\n            <td>RCD<\/td>\r\n            <td>Tipo A+B AC30mA + DC6mA<\/td>\r\n        <\/tr>\r\n        <tr>\r\n            <td>Clase de protecci\u00f3n<\/td>\r\n            <td>IP55<\/td>\r\n        <\/tr>\r\n        <tr>\r\n            <td>Protecci\u00f3n contra impactos<\/td>\r\n            <td>IK10<\/td>\r\n        <\/tr>\r\n        <tr>\r\n            <td>Protecci\u00f3n el\u00e9ctrica<\/td>\r\n            <td>\r\n                Protecci\u00f3n contra sobrecorriente, protecci\u00f3n contra cortocircuito, protecci\u00f3n de tierra, protecci\u00f3n contra sobretensi\u00f3n, protecci\u00f3n contra sobrefrecuencia, protecci\u00f3n contra sobretemperatura.\r\n            <\/td>\r\n        <\/tr>\r\n        <tr>\r\n            <td>Energ\u00eda de reserva<\/td>\r\n            <td>&lt;8W<\/td>\r\n        <\/tr>\r\n\r\n        <!-- Standard \/ Interface -->\r\n        <tr>\r\n            <td>Est\u00e1ndar \/ Interfaz<\/td>\r\n            <td style=\"text-align:left;\">\r\n                Seguridad: UL 2202, UL 2594, UL 2231-1, UL 2231-2, UL 2251, UL 62368-1;<br>\r\n                Interfaces: SAE J1772, CCS1, ISO 15118-1, ISO 15118-2, DIN 70121;<br>\r\n                EMC y radio: FCC Parte 15 Subparte B\r\n            <\/td>\r\n        <\/tr>\r\n    <\/tbody>\r\n<\/table>\t\t\t\t<\/div>\n\t\t\t\t<\/div>\n\t\t\t\t\t<\/div>\n\t\t\t\t<\/div>\n\t\t\t\t<\/div>","protected":false},"excerpt":{"rendered":"<p>DC Fast Charger-56kW Designed for Level 2 240V Grid | Universal Compatibility | Fast &amp; Reliable &#8211; Specifically engineered for the N.A. market, this single phase DC charger is designed for Level 2 240V power grids, ensuring seamless compatibility with all EV models while delivering faster and more stable charging PRODUCT PARAMETERS US DC Fast [&hellip;]<\/p>\n","protected":false},"author":1,"featured_media":0,"parent":0,"menu_order":0,"comment_status":"closed","ping_status":"closed","template":"","meta":{"content-type":"","site-sidebar-layout":"no-sidebar","site-content-layout":"page-builder","ast-site-content-layout":"full-width-container","site-content-style":"default","site-sidebar-style":"default","ast-global-header-display":"","ast-banner-title-visibility":"","ast-main-header-display":"","ast-hfb-above-header-display":"","ast-hfb-below-header-display":"","ast-hfb-mobile-header-display":"","site-post-title":"","ast-breadcrumbs-content":"","ast-featured-img":"disabled","footer-sml-layout":"","ast-disable-related-posts":"","theme-transparent-header-meta":"","adv-header-id-meta":"","stick-header-meta":"","header-above-stick-meta":"","header-main-stick-meta":"","header-below-stick-meta":"","astra-migrate-meta-layouts":"set","ast-page-background-enabled":"default","ast-page-background-meta":{"desktop":{"background-color":"","background-image":"","background-repeat":"repeat","background-position":"center center","background-size":"auto","background-attachment":"scroll","background-type":"","background-media":"","overlay-type":"","overlay-color":"","overlay-opacity":"","overlay-gradient":""},"tablet":{"background-color":"","background-image":"","background-repeat":"repeat","background-position":"center center","background-size":"auto","background-attachment":"scroll","background-type":"","background-media":"","overlay-type":"","overlay-color":"","overlay-opacity":"","overlay-gradient":""},"mobile":{"background-color":"","background-image":"","background-repeat":"repeat","background-position":"center center","background-size":"auto","background-attachment":"scroll","background-type":"","background-media":"","overlay-type":"","overlay-color":"","overlay-opacity":"","overlay-gradient":""}},"ast-content-background-meta":{"desktop":{"background-color":"var(--ast-global-color-5)","background-image":"","background-repeat":"repeat","background-position":"center center","background-size":"auto","background-attachment":"scroll","background-type":"","background-media":"","overlay-type":"","overlay-color":"","overlay-opacity":"","overlay-gradient":""},"tablet":{"background-color":"var(--ast-global-color-5)","background-image":"","background-repeat":"repeat","background-position":"center center","background-size":"auto","background-attachment":"scroll","background-type":"","background-media":"","overlay-type":"","overlay-color":"","overlay-opacity":"","overlay-gradient":""},"mobile":{"background-color":"var(--ast-global-color-5)","background-image":"","background-repeat":"repeat","background-position":"center center","background-size":"auto","background-attachment":"scroll","background-type":"","background-media":"","overlay-type":"","overlay-color":"","overlay-opacity":"","overlay-gradient":""}},"footnotes":""},"class_list":["post-4569","page","type-page","status-publish","hentry"],"_links":{"self":[{"href":"https:\/\/eve-go.com\/es\/wp-json\/wp\/v2\/pages\/4569","targetHints":{"allow":["GET"]}}],"collection":[{"href":"https:\/\/eve-go.com\/es\/wp-json\/wp\/v2\/pages"}],"about":[{"href":"https:\/\/eve-go.com\/es\/wp-json\/wp\/v2\/types\/page"}],"author":[{"embeddable":true,"href":"https:\/\/eve-go.com\/es\/wp-json\/wp\/v2\/users\/1"}],"replies":[{"embeddable":true,"href":"https:\/\/eve-go.com\/es\/wp-json\/wp\/v2\/comments?post=4569"}],"version-history":[{"count":19,"href":"https:\/\/eve-go.com\/es\/wp-json\/wp\/v2\/pages\/4569\/revisions"}],"predecessor-version":[{"id":5044,"href":"https:\/\/eve-go.com\/es\/wp-json\/wp\/v2\/pages\/4569\/revisions\/5044"}],"wp:attachment":[{"href":"https:\/\/eve-go.com\/es\/wp-json\/wp\/v2\/media?parent=4569"}],"curies":[{"name":"wp","href":"https:\/\/api.w.org\/{rel}","templated":true}]}}