{"id":4559,"date":"2026-02-25T01:12:56","date_gmt":"2026-02-25T01:12:56","guid":{"rendered":"https:\/\/allevcharging.com\/?page_id=4559"},"modified":"2026-02-25T13:05:35","modified_gmt":"2026-02-25T13:05:35","slug":"360-720-960kw-2","status":"publish","type":"page","link":"https:\/\/eve-go.com\/es\/360-720-960kw-2\/","title":{"rendered":"360 720 960 kW"},"content":{"rendered":"<div data-elementor-type=\"wp-page\" data-elementor-id=\"4559\" class=\"elementor elementor-4559\" data-elementor-post-type=\"page\">\n\t\t\t\t<div class=\"elementor-element elementor-element-9311b23 e-flex e-con-boxed e-con e-parent\" data-id=\"9311b23\" data-element_type=\"container\" data-e-type=\"container\">\n\t\t\t\t\t<div class=\"e-con-inner\">\n\t\t<div class=\"elementor-element elementor-element-6d516dc e-con-full e-flex e-con e-child\" data-id=\"6d516dc\" data-element_type=\"container\" data-e-type=\"container\">\n\t\t\t\t<div class=\"elementor-element elementor-element-4d4eeb0 elementor-widget elementor-widget-image\" data-id=\"4d4eeb0\" data-element_type=\"widget\" data-e-type=\"widget\" data-widget_type=\"image.default\">\n\t\t\t\t<div class=\"elementor-widget-container\">\n\t\t\t\t\t\t\t\t\t\t\t\t\t\t\t<img fetchpriority=\"high\" decoding=\"async\" width=\"557\" height=\"769\" src=\"https:\/\/eve-go.com\/wp-content\/uploads\/2026\/02\/2fc07c09-17d5-4e1c-a5ad-35196485a879.png\" class=\"attachment-large size-large wp-image-4497\" alt=\"\" srcset=\"https:\/\/eve-go.com\/wp-content\/uploads\/2026\/02\/2fc07c09-17d5-4e1c-a5ad-35196485a879.png 557w, https:\/\/eve-go.com\/wp-content\/uploads\/2026\/02\/2fc07c09-17d5-4e1c-a5ad-35196485a879-217x300.png 217w, https:\/\/eve-go.com\/wp-content\/uploads\/2026\/02\/2fc07c09-17d5-4e1c-a5ad-35196485a879-9x12.png 9w\" sizes=\"(max-width: 557px) 100vw, 557px\" \/>\t\t\t\t\t\t\t\t\t\t\t\t\t\t\t<\/div>\n\t\t\t\t<\/div>\n\t\t\t\t<\/div>\n\t\t<div class=\"elementor-element elementor-element-3366014 e-con-full e-flex e-con e-child\" data-id=\"3366014\" data-element_type=\"container\" data-e-type=\"container\">\n\t\t\t\t<div class=\"elementor-element elementor-element-2dba9c8 elementor-widget elementor-widget-heading\" data-id=\"2dba9c8\" data-element_type=\"widget\" data-e-type=\"widget\" data-widget_type=\"heading.default\">\n\t\t\t\t<div class=\"elementor-widget-container\">\n\t\t\t\t\t<h2 class=\"elementor-heading-title elementor-size-default\">Super Charging Station- Distribuci\u00f3n de energ\u00eda flexible y eficiente -\n360\/720\/960 kW<\/h2>\t\t\t\t<\/div>\n\t\t\t\t<\/div>\n\t\t\t\t<div class=\"elementor-element elementor-element-651c785 elementor-icon-list--layout-traditional elementor-list-item-link-full_width elementor-widget elementor-widget-icon-list\" data-id=\"651c785\" data-element_type=\"widget\" data-e-type=\"widget\" data-widget_type=\"icon-list.default\">\n\t\t\t\t<div class=\"elementor-widget-container\">\n\t\t\t\t\t\t\t<ul class=\"elementor-icon-list-items\">\n\t\t\t\t\t\t\t<li class=\"elementor-icon-list-item\">\n\t\t\t\t\t\t\t\t\t\t<span class=\"elementor-icon-list-text\">- Configuraci\u00f3n flexible: Admite combinaciones de 360 kW \/ 720 kW \/ 960 kW para adaptarse a diferentes necesidades.<\/span>\n\t\t\t\t\t\t\t\t\t<\/li>\n\t\t\t\t\t\t\t\t<li class=\"elementor-icon-list-item\">\n\t\t\t\t\t\t\t\t\t\t<span class=\"elementor-icon-list-text\">-Compartici\u00f3n inteligente de la energ\u00eda: Varios postes pueden compartir energ\u00eda de forma din\u00e1mica, cargando varios coches a la vez de forma eficiente.<\/span>\n\t\t\t\t\t\t\t\t\t<\/li>\n\t\t\t\t\t\t\t\t<li class=\"elementor-icon-list-item\">\n\t\t\t\t\t\t\t\t\t\t<span class=\"elementor-icon-list-text\">-Amplia compatibilidad: Funciona con CCS1, CCS2, GB\/T, CHAdeMO y NACS, cubriendo los est\u00e1ndares globales de veh\u00edculos.<\/span>\n\t\t\t\t\t\t\t\t\t<\/li>\n\t\t\t\t\t\t\t\t<li class=\"elementor-icon-list-item\">\n\t\t\t\t\t\t\t\t\t\t<span class=\"elementor-icon-list-text\">-Dise\u00f1o modular: Unidad principal + postes, f\u00e1cil de instalar, mantener y ampliar cuando sea necesario.<\/span>\n\t\t\t\t\t\t\t\t\t<\/li>\n\t\t\t\t\t\t<\/ul>\n\t\t\t\t\t\t<\/div>\n\t\t\t\t<\/div>\n\t\t\t\t<div class=\"elementor-element elementor-element-d2dbed3 elementor-widget elementor-widget-image\" data-id=\"d2dbed3\" data-element_type=\"widget\" data-e-type=\"widget\" data-widget_type=\"image.default\">\n\t\t\t\t<div class=\"elementor-widget-container\">\n\t\t\t\t\t\t\t\t\t\t\t\t\t\t\t<img decoding=\"async\" width=\"188\" height=\"55\" src=\"https:\/\/eve-go.com\/wp-content\/uploads\/2026\/02\/ice.png\" class=\"attachment-large size-large wp-image-4574\" alt=\"\" srcset=\"https:\/\/eve-go.com\/wp-content\/uploads\/2026\/02\/ice.png 188w, https:\/\/eve-go.com\/wp-content\/uploads\/2026\/02\/ice-18x5.png 18w\" sizes=\"(max-width: 188px) 100vw, 188px\" \/>\t\t\t\t\t\t\t\t\t\t\t\t\t\t\t<\/div>\n\t\t\t\t<\/div>\n\t\t\t\t<\/div>\n\t\t\t\t\t<\/div>\n\t\t\t\t<\/div>\n\t\t<div class=\"elementor-element elementor-element-3646b7b e-flex e-con-boxed e-con e-parent\" data-id=\"3646b7b\" data-element_type=\"container\" data-e-type=\"container\">\n\t\t\t\t\t<div class=\"e-con-inner\">\n\t\t\t\t<div class=\"elementor-element elementor-element-f7f4be9 elementor-widget elementor-widget-heading\" data-id=\"f7f4be9\" data-element_type=\"widget\" data-e-type=\"widget\" data-widget_type=\"heading.default\">\n\t\t\t\t<div class=\"elementor-widget-container\">\n\t\t\t\t\t<h2 class=\"elementor-heading-title elementor-size-default\">PAR\u00c1METROS DEL PRODUCTO<\/h2>\t\t\t\t<\/div>\n\t\t\t\t<\/div>\n\t\t\t\t<div class=\"elementor-element elementor-element-b2c393d elementor-widget elementor-widget-heading\" data-id=\"b2c393d\" data-element_type=\"widget\" data-e-type=\"widget\" data-widget_type=\"heading.default\">\n\t\t\t\t<div class=\"elementor-widget-container\">\n\t\t\t\t\t<h3 class=\"elementor-heading-title elementor-size-default\">Super Charging Station - Energ\u00eda flexible y eficiente\nDistribuci\u00f3n - 360\/720\/960kW<\/h3>\t\t\t\t<\/div>\n\t\t\t\t<\/div>\n\t\t\t\t<div class=\"elementor-element elementor-element-5aa5b93 elementor-widget elementor-widget-html\" data-id=\"5aa5b93\" data-element_type=\"widget\" data-e-type=\"widget\" data-widget_type=\"html.default\">\n\t\t\t\t<div class=\"elementor-widget-container\">\n\t\t\t\t\t<table border=\"1\" cellspacing=\"0\" cellpadding=\"5\" class=\"responsive-table\" style=\"width:100%; max-width:1200px; border-collapse:collapse; text-align:center;\">\r\n    <thead class=\"table-header\">\r\n        <tr>\r\n            <th>Modelo<\/th>\r\n            <th>EVE-SC360D-GN3<\/th>\r\n            <th>EVE-SC720D-GN3<\/th>\r\n            <th>EVE-SC960D-GN3<\/th>\r\n        <\/tr>\r\n    <\/thead>\r\n    <tbody>\r\n        <tr>\r\n            <td colspan=\"4\" style=\"text-align:left;\"><strong>Especificaci\u00f3n Par\u00e1metro<\/strong><\/td>\r\n        <\/tr>\r\n\r\n        <!-- Input -->\r\n        <tr>\r\n            <td>Fuente de alimentaci\u00f3n<\/td>\r\n            <td colspan=\"3\">L1+L2+L3+N+PE<\/td>\r\n        <\/tr>\r\n        <tr>\r\n            <td>Enchufe<\/td>\r\n            <td colspan=\"3\">Cableado<\/td>\r\n        <\/tr>\r\n        <tr>\r\n            <td>Tensi\u00f3n de entrada<\/td>\r\n            <td colspan=\"3\">400VAC \u00b1 15%<\/td>\r\n        <\/tr>\r\n        <tr>\r\n            <td>Frecuencia<\/td>\r\n            <td colspan=\"3\">50\/60HZ<\/td>\r\n        <\/tr>\r\n        <tr>\r\n            <td>Eficacia<\/td>\r\n            <td colspan=\"3\">\u226595%<\/td>\r\n        <\/tr>\r\n\r\n        <!-- Output -->\r\n        <tr>\r\n            <td>Tensi\u00f3n de salida<\/td>\r\n            <td colspan=\"3\">200~1000V<\/td>\r\n        <\/tr>\r\n        <tr>\r\n            <td>Corriente de salida MAX<\/td>\r\n            <td colspan=\"3\">250A<\/td>\r\n        <\/tr>\r\n        <tr>\r\n            <td>Potencia de salida MAX<\/td>\r\n            <td>360 kW<\/td>\r\n            <td>720 kW<\/td>\r\n            <td>960 kW<\/td>\r\n        <\/tr>\r\n        <tr>\r\n            <td>POST<\/td>\r\n            <td>1 POST<\/td>\r\n            <td>2 PUESTOS<\/td>\r\n            <td>3 PUESTOS<\/td>\r\n        <\/tr>\r\n        <tr>\r\n            <td>Carga compartida<\/td>\r\n            <td colspan=\"3\">Compartici\u00f3n din\u00e1mica<\/td>\r\n        <\/tr>\r\n\r\n        <!-- Product Features -->\r\n        <tr>\r\n            <td>Conector del cargador<\/td>\r\n            <td colspan=\"3\">Pistola doble CCS1\/CCS2\/GBT\/CHAdeMO\/NACS<\/td>\r\n        <\/tr>\r\n        <tr>\r\n            <td>Indicador LED<\/td>\r\n            <td colspan=\"3\">LED RGB<\/td>\r\n        <\/tr>\r\n        <tr>\r\n            <td>Mostrar<\/td>\r\n            <td colspan=\"3\">Pantalla t\u00e1ctil de 10,1 pulgadas<\/td>\r\n        <\/tr>\r\n        <tr>\r\n            <td>Longitud del cable<\/td>\r\n            <td colspan=\"3\">5M (se acepta a medida)<\/td>\r\n        <\/tr>\r\n        <tr>\r\n            <td>Bot\u00f3n de parada de emergencia<\/td>\r\n            <td colspan=\"3\">S\u00ed<\/td>\r\n        <\/tr>\r\n        <tr>\r\n            <td>Modo de inicio<\/td>\r\n            <td colspan=\"3\">Direcci\u00f3n VIN\/MAC Plug&amp;Play \/ APP \/ RFID \/ OCPP<\/td>\r\n        <\/tr>\r\n        <tr>\r\n            <td>OCPP<\/td>\r\n            <td colspan=\"3\">OCPP 1.6J<\/td>\r\n        <\/tr>\r\n        <tr>\r\n            <td>RFID<\/td>\r\n            <td colspan=\"3\">Mifare ISO\/IEC14443A (opcional)<\/td>\r\n        <\/tr>\r\n        <tr>\r\n            <td>Comunicaci\u00f3n<\/td>\r\n            <td colspan=\"3\">WIFI \/ 4G \/ RJ45<\/td>\r\n        <\/tr>\r\n        <tr>\r\n            <td>M\u00e9todo de instalaci\u00f3n<\/td>\r\n            <td colspan=\"3\">M\u00f3vil<\/td>\r\n        <\/tr>\r\n\r\n        <!-- Material -->\r\n        <tr>\r\n            <td>Material de la carcasa<\/td>\r\n            <td colspan=\"3\">Acero galvanizado<\/td>\r\n        <\/tr>\r\n        <tr>\r\n            <td>Material del cable<\/td>\r\n            <td colspan=\"3\">TPU<\/td>\r\n        <\/tr>\r\n\r\n        <!-- Safety -->\r\n        <tr>\r\n            <td>Contador de energ\u00eda<\/td>\r\n            <td colspan=\"3\">Contador inteligente<\/td>\r\n        <\/tr>\r\n        <tr>\r\n            <td>RCD<\/td>\r\n            <td colspan=\"3\">Tipo A+B AC30mA + DC6mA<\/td>\r\n        <\/tr>\r\n        <tr>\r\n            <td>Clase de protecci\u00f3n<\/td>\r\n            <td colspan=\"3\">IP55<\/td>\r\n        <\/tr>\r\n        <tr>\r\n            <td>Protecci\u00f3n contra impactos<\/td>\r\n            <td colspan=\"3\">IK10<\/td>\r\n        <\/tr>\r\n        <tr>\r\n            <td>Protecci\u00f3n el\u00e9ctrica<\/td>\r\n            <td colspan=\"3\">\r\n                Protecci\u00f3n contra sobrecorriente, protecci\u00f3n contra cortocircuito, protecci\u00f3n de tierra, protecci\u00f3n contra sobretensi\u00f3n, protecci\u00f3n contra sobrefrecuencia, protecci\u00f3n contra sobretemperatura.\r\n            <\/td>\r\n        <\/tr>\r\n        <tr>\r\n            <td>Energ\u00eda de reserva<\/td>\r\n            <td colspan=\"3\">&lt;8W<\/td>\r\n        <\/tr>\r\n\r\n        <!-- Standard -->\r\n        <tr>\r\n            <td>Est\u00e1ndar<\/td>\r\n            <td colspan=\"3\">\r\n                Seguridad: EN\/IEC 61851-1:2019, EN\/IEC 61851-23:2014, EN\/IEC 61851-24:2014, EN\/IEC 62368-1;<br>\r\n                Conectores: EN\/IEC 62196-3:2022, CCS2, CHAdeMO 3.3\r\n            <\/td>\r\n        <\/tr>\r\n    <\/tbody>\r\n<\/table>\t\t\t\t<\/div>\n\t\t\t\t<\/div>\n\t\t\t\t\t<\/div>\n\t\t\t\t<\/div>\n\t\t\t\t<\/div>","protected":false},"excerpt":{"rendered":"<p>Super Charging Station\u2013 Flexible and Efficient Power Distribution \u2013 360\/720\/960kW &#8211; Flexible setup: Supports 360kW \/ 720kW \/ 960kW combinations to fit different needs. -Smart power sharing: Multiple posts can share power dynamically, charging several cars efficiently at once. -Wide compatibility: Works with CCS1, CCS2, GB\/T, CHAdeMO, and NACS, covering global vehicle standards. -Modular design: [&hellip;]<\/p>\n","protected":false},"author":1,"featured_media":0,"parent":0,"menu_order":0,"comment_status":"closed","ping_status":"closed","template":"","meta":{"content-type":"","site-sidebar-layout":"no-sidebar","site-content-layout":"page-builder","ast-site-content-layout":"full-width-container","site-content-style":"default","site-sidebar-style":"default","ast-global-header-display":"","ast-banner-title-visibility":"","ast-main-header-display":"","ast-hfb-above-header-display":"","ast-hfb-below-header-display":"","ast-hfb-mobile-header-display":"","site-post-title":"","ast-breadcrumbs-content":"","ast-featured-img":"disabled","footer-sml-layout":"","ast-disable-related-posts":"","theme-transparent-header-meta":"","adv-header-id-meta":"","stick-header-meta":"","header-above-stick-meta":"","header-main-stick-meta":"","header-below-stick-meta":"","astra-migrate-meta-layouts":"set","ast-page-background-enabled":"default","ast-page-background-meta":{"desktop":{"background-color":"","background-image":"","background-repeat":"repeat","background-position":"center center","background-size":"auto","background-attachment":"scroll","background-type":"","background-media":"","overlay-type":"","overlay-color":"","overlay-opacity":"","overlay-gradient":""},"tablet":{"background-color":"","background-image":"","background-repeat":"repeat","background-position":"center center","background-size":"auto","background-attachment":"scroll","background-type":"","background-media":"","overlay-type":"","overlay-color":"","overlay-opacity":"","overlay-gradient":""},"mobile":{"background-color":"","background-image":"","background-repeat":"repeat","background-position":"center center","background-size":"auto","background-attachment":"scroll","background-type":"","background-media":"","overlay-type":"","overlay-color":"","overlay-opacity":"","overlay-gradient":""}},"ast-content-background-meta":{"desktop":{"background-color":"var(--ast-global-color-5)","background-image":"","background-repeat":"repeat","background-position":"center center","background-size":"auto","background-attachment":"scroll","background-type":"","background-media":"","overlay-type":"","overlay-color":"","overlay-opacity":"","overlay-gradient":""},"tablet":{"background-color":"var(--ast-global-color-5)","background-image":"","background-repeat":"repeat","background-position":"center center","background-size":"auto","background-attachment":"scroll","background-type":"","background-media":"","overlay-type":"","overlay-color":"","overlay-opacity":"","overlay-gradient":""},"mobile":{"background-color":"var(--ast-global-color-5)","background-image":"","background-repeat":"repeat","background-position":"center center","background-size":"auto","background-attachment":"scroll","background-type":"","background-media":"","overlay-type":"","overlay-color":"","overlay-opacity":"","overlay-gradient":""}},"footnotes":""},"class_list":["post-4559","page","type-page","status-publish","hentry"],"_links":{"self":[{"href":"https:\/\/eve-go.com\/es\/wp-json\/wp\/v2\/pages\/4559","targetHints":{"allow":["GET"]}}],"collection":[{"href":"https:\/\/eve-go.com\/es\/wp-json\/wp\/v2\/pages"}],"about":[{"href":"https:\/\/eve-go.com\/es\/wp-json\/wp\/v2\/types\/page"}],"author":[{"embeddable":true,"href":"https:\/\/eve-go.com\/es\/wp-json\/wp\/v2\/users\/1"}],"replies":[{"embeddable":true,"href":"https:\/\/eve-go.com\/es\/wp-json\/wp\/v2\/comments?post=4559"}],"version-history":[{"count":13,"href":"https:\/\/eve-go.com\/es\/wp-json\/wp\/v2\/pages\/4559\/revisions"}],"predecessor-version":[{"id":4964,"href":"https:\/\/eve-go.com\/es\/wp-json\/wp\/v2\/pages\/4559\/revisions\/4964"}],"wp:attachment":[{"href":"https:\/\/eve-go.com\/es\/wp-json\/wp\/v2\/media?parent=4559"}],"curies":[{"name":"wp","href":"https:\/\/api.w.org\/{rel}","templated":true}]}}