{"id":4552,"date":"2026-02-25T01:12:27","date_gmt":"2026-02-25T01:12:27","guid":{"rendered":"https:\/\/allevcharging.com\/?page_id=4552"},"modified":"2026-04-04T06:07:30","modified_gmt":"2026-04-04T06:07:30","slug":"eve-w20-30-40s-ge","status":"publish","type":"page","link":"https:\/\/eve-go.com\/es\/eve-w20-30-40s-ge\/","title":{"rendered":"EVE W20.30.40S GE"},"content":{"rendered":"<div data-elementor-type=\"wp-page\" data-elementor-id=\"4552\" class=\"elementor elementor-4552\" data-elementor-post-type=\"page\">\n\t\t\t\t<div class=\"elementor-element elementor-element-f258eb7 e-flex e-con-boxed e-con e-parent\" data-id=\"f258eb7\" data-element_type=\"container\" data-e-type=\"container\">\n\t\t\t\t\t<div class=\"e-con-inner\">\n\t\t<div class=\"elementor-element elementor-element-d420921 e-con-full e-flex e-con e-child\" data-id=\"d420921\" data-element_type=\"container\" data-e-type=\"container\">\n\t\t\t\t<div class=\"elementor-element elementor-element-e014e00 elementor-widget elementor-widget-image\" data-id=\"e014e00\" data-element_type=\"widget\" data-e-type=\"widget\" data-widget_type=\"image.default\">\n\t\t\t\t<div class=\"elementor-widget-container\">\n\t\t\t\t\t\t\t\t\t\t\t\t\t\t\t<img fetchpriority=\"high\" decoding=\"async\" width=\"561\" height=\"794\" src=\"https:\/\/eve-go.com\/wp-content\/uploads\/2026\/02\/5fa7a849e93e7db7bbaa26a98b041249.png\" class=\"attachment-large size-large wp-image-4501\" alt=\"\" srcset=\"https:\/\/eve-go.com\/wp-content\/uploads\/2026\/02\/5fa7a849e93e7db7bbaa26a98b041249.png 561w, https:\/\/eve-go.com\/wp-content\/uploads\/2026\/02\/5fa7a849e93e7db7bbaa26a98b041249-212x300.png 212w, https:\/\/eve-go.com\/wp-content\/uploads\/2026\/02\/5fa7a849e93e7db7bbaa26a98b041249-8x12.png 8w\" sizes=\"(max-width: 561px) 100vw, 561px\" \/>\t\t\t\t\t\t\t\t\t\t\t\t\t\t\t<\/div>\n\t\t\t\t<\/div>\n\t\t\t\t<\/div>\n\t\t<div class=\"elementor-element elementor-element-45dd538 e-con-full e-flex e-con e-child\" data-id=\"45dd538\" data-element_type=\"container\" data-e-type=\"container\">\n\t\t\t\t<div class=\"elementor-element elementor-element-00c625b elementor-widget elementor-widget-heading\" data-id=\"00c625b\" data-element_type=\"widget\" data-e-type=\"widget\" data-widget_type=\"heading.default\">\n\t\t\t\t<div class=\"elementor-widget-container\">\n\t\t\t\t\t<h2 class=\"elementor-heading-title elementor-size-default\">Cargador r\u00e1pido de CC-20\/30\/40 kW<\/h2>\t\t\t\t<\/div>\n\t\t\t\t<\/div>\n\t\t\t\t<div class=\"elementor-element elementor-element-e266afa elementor-icon-list--layout-traditional elementor-list-item-link-full_width elementor-widget elementor-widget-icon-list\" data-id=\"e266afa\" data-element_type=\"widget\" data-e-type=\"widget\" data-widget_type=\"icon-list.default\">\n\t\t\t\t<div class=\"elementor-widget-container\">\n\t\t\t\t\t\t\t<ul class=\"elementor-icon-list-items\">\n\t\t\t\t\t\t\t<li class=\"elementor-icon-list-item\">\n\t\t\t\t\t\t\t\t\t\t<span class=\"elementor-icon-list-text\">Compatibilidad con la red el\u00e9ctrica europea Dise\u00f1ado para cumplir las normas europeas sobre redes el\u00e9ctricas, incluidas las especificaciones IEC y EN sobre tensi\u00f3n, frecuencia y calidad de la energ\u00eda. Totalmente compatible con la entrada de CA trif\u00e1sica de 400 V en todos los estados miembros de la UE, lo que garantiza un funcionamiento estable independientemente de las condiciones de la red local. No se necesitan transformadores ni adaptadores adicionales: con\u00e9ctese directamente a la infraestructura el\u00e9ctrica existente y empiece a cargar inmediatamente.<\/span>\n\t\t\t\t\t\t\t\t\t<\/li>\n\t\t\t\t\t\t\t\t<li class=\"elementor-icon-list-item\">\n\t\t\t\t\t\t\t\t\t\t\t<span class=\"elementor-icon-list-icon\">\n\t\t\t\t\t\t\t<i aria-hidden=\"true\" class=\"fas fa-check\"><\/i>\t\t\t\t\t\t<\/span>\n\t\t\t\t\t\t\t\t\t\t<span class=\"elementor-icon-list-text\">F\u00e1cil de gestionar Gesti\u00f3n remota completa a trav\u00e9s del protocolo OCPP: supervise el estado del cargador, controle el consumo de energ\u00eda, gestione la facturaci\u00f3n y env\u00ede actualizaciones de firmware desde un panel centralizado. La programaci\u00f3n inteligente y el diagn\u00f3stico de fallos reducen la necesidad de visitas de mantenimiento in situ. Dise\u00f1ado para operadores que gestionan varias ubicaciones y necesitan visibilidad y control sin tener que enviar t\u00e9cnicos de campo para tareas rutinarias.<\/span>\n\t\t\t\t\t\t\t\t\t<\/li>\n\t\t\t\t\t\t\t\t<li class=\"elementor-icon-list-item\">\n\t\t\t\t\t\t\t\t\t\t\t<span class=\"elementor-icon-list-icon\">\n\t\t\t\t\t\t\t<i aria-hidden=\"true\" class=\"fas fa-check\"><\/i>\t\t\t\t\t\t<\/span>\n\t\t\t\t\t\t\t\t\t\t<span class=\"elementor-icon-list-text\">Plug-and-Play Llega preconfigurada y lista para funcionar: configuraci\u00f3n m\u00ednima in situ, sin complejos procesos de puesta en marcha. La conectividad OCPP integrada, el firmware precargado y la detecci\u00f3n autom\u00e1tica de los tipos de conectores hacen que la unidad pueda ponerse en marcha a las pocas horas de su instalaci\u00f3n f\u00edsica. Reduce los costes de instalaci\u00f3n y acelera el tiempo de obtenci\u00f3n de ingresos para los operadores que necesitan una infraestructura de carga r\u00e1pida y operativa.<\/span>\n\t\t\t\t\t\t\t\t\t<\/li>\n\t\t\t\t\t\t<\/ul>\n\t\t\t\t\t\t<\/div>\n\t\t\t\t<\/div>\n\t\t\t\t<div class=\"elementor-element elementor-element-5dac96f elementor-widget elementor-widget-image\" data-id=\"5dac96f\" data-element_type=\"widget\" data-e-type=\"widget\" data-widget_type=\"image.default\">\n\t\t\t\t<div class=\"elementor-widget-container\">\n\t\t\t\t\t\t\t\t\t\t\t\t\t\t\t<img decoding=\"async\" width=\"188\" height=\"55\" src=\"https:\/\/eve-go.com\/wp-content\/uploads\/2026\/02\/ice.png\" class=\"attachment-large size-large wp-image-4574\" alt=\"\" srcset=\"https:\/\/eve-go.com\/wp-content\/uploads\/2026\/02\/ice.png 188w, https:\/\/eve-go.com\/wp-content\/uploads\/2026\/02\/ice-18x5.png 18w\" sizes=\"(max-width: 188px) 100vw, 188px\" \/>\t\t\t\t\t\t\t\t\t\t\t\t\t\t\t<\/div>\n\t\t\t\t<\/div>\n\t\t\t\t<\/div>\n\t\t\t\t\t<\/div>\n\t\t\t\t<\/div>\n\t\t<div class=\"elementor-element elementor-element-eab4e19 e-flex e-con-boxed e-con e-parent\" data-id=\"eab4e19\" data-element_type=\"container\" data-e-type=\"container\">\n\t\t\t\t\t<div class=\"e-con-inner\">\n\t\t\t\t<div class=\"elementor-element elementor-element-cc87316 elementor-widget elementor-widget-heading\" data-id=\"cc87316\" data-element_type=\"widget\" data-e-type=\"widget\" data-widget_type=\"heading.default\">\n\t\t\t\t<div class=\"elementor-widget-container\">\n\t\t\t\t\t<h2 class=\"elementor-heading-title elementor-size-default\">PAR\u00c1METROS DEL PRODUCTO<\/h2>\t\t\t\t<\/div>\n\t\t\t\t<\/div>\n\t\t\t\t<div class=\"elementor-element elementor-element-614c8b0 elementor-widget elementor-widget-heading\" data-id=\"614c8b0\" data-element_type=\"widget\" data-e-type=\"widget\" data-widget_type=\"heading.default\">\n\t\t\t\t<div class=\"elementor-widget-container\">\n\t\t\t\t\t<h3 class=\"elementor-heading-title elementor-size-default\">Cargador r\u00e1pido de CC-20\/30\/40 kW<\/h3>\t\t\t\t<\/div>\n\t\t\t\t<\/div>\n\t\t\t\t<div class=\"elementor-element elementor-element-62e0d45 elementor-widget elementor-widget-html\" data-id=\"62e0d45\" data-element_type=\"widget\" data-e-type=\"widget\" data-widget_type=\"html.default\">\n\t\t\t\t<div class=\"elementor-widget-container\">\n\t\t\t\t\t<table border=\"1\" cellspacing=\"0\" cellpadding=\"5\" class=\"responsive-table\" style=\"width:100%; max-width:1200px; border-collapse:collapse; text-align:center;\">\r\n    <thead class=\"table-header\">\r\n        <tr>\r\n            <th>Modelo<\/th>\r\n            <th>EVE-M20S-GE<\/th>\r\n            <th>EVE-M30S-GE<\/th>\r\n            <th>EVE-M40S-GE<\/th>\r\n        <\/tr>\r\n    <\/thead>\r\n    <tbody>\r\n        <tr>\r\n            <td colspan=\"4\" style=\"text-align:left;\"><strong>Especificaci\u00f3n Par\u00e1metro<\/strong><\/td>\r\n        <\/tr>\r\n\r\n        <!-- Input -->\r\n        <tr>\r\n            <td>Fuente de alimentaci\u00f3n<\/td>\r\n            <td colspan=\"3\">3L+N+PE<\/td>\r\n        <\/tr>\r\n        <tr>\r\n            <td>Enchufe<\/td>\r\n            <td colspan=\"3\">RED CEE 5PIN 63A Socket opcional \/ Hardwiring<\/td>\r\n        <\/tr>\r\n        <tr>\r\n            <td>Tensi\u00f3n de entrada<\/td>\r\n            <td colspan=\"3\">400V \u00b1 15%<\/td>\r\n        <\/tr>\r\n        <tr>\r\n            <td>Frecuencia<\/td>\r\n            <td colspan=\"3\">50\/60HZ<\/td>\r\n        <\/tr>\r\n        <tr>\r\n            <td>Eficacia<\/td>\r\n            <td colspan=\"3\">\u226595%<\/td>\r\n        <\/tr>\r\n\r\n        <!-- Output -->\r\n        <tr>\r\n            <td>Tensi\u00f3n de salida<\/td>\r\n            <td>200~750V<\/td>\r\n            <td>200~1000V<\/td>\r\n            <td>200~1000V<\/td>\r\n        <\/tr>\r\n        <tr>\r\n            <td>Corriente de salida MAX<\/td>\r\n            <td>67A<\/td>\r\n            <td>100A<\/td>\r\n            <td>133A<\/td>\r\n        <\/tr>\r\n        <tr>\r\n            <td>Potencia de salida MAX<\/td>\r\n            <td>20 kW<\/td>\r\n            <td>30 kW<\/td>\r\n            <td>40 kW<\/td>\r\n        <\/tr>\r\n\r\n        <!-- Product Features -->\r\n        <tr>\r\n            <td>Conector del cargador<\/td>\r\n            <td colspan=\"3\">CCS1\/CCS2\/GBT\/CHAdeMO\/NACS<\/td>\r\n        <\/tr>\r\n        <tr>\r\n            <td>Indicador LED<\/td>\r\n            <td colspan=\"3\">LED RGB<\/td>\r\n        <\/tr>\r\n        <tr>\r\n            <td>Mostrar<\/td>\r\n            <td colspan=\"3\">Pantalla t\u00e1ctil de 4,3 pulgadas<\/td>\r\n        <\/tr>\r\n        <tr>\r\n            <td>Longitud del cable<\/td>\r\n            <td colspan=\"3\">5M (se acepta a medida)<\/td>\r\n        <\/tr>\r\n        <tr>\r\n            <td>Bot\u00f3n de parada de emergencia<\/td>\r\n            <td colspan=\"3\">S\u00ed<\/td>\r\n        <\/tr>\r\n        <tr>\r\n            <td>Modo de inicio<\/td>\r\n            <td colspan=\"3\">Direcci\u00f3n VIN\/MAC Plug&amp;Play \/ APP \/ RFID \/ OCPP<\/td>\r\n        <\/tr>\r\n        <tr>\r\n            <td>OCPP<\/td>\r\n            <td colspan=\"3\">OCPP 1.6J<\/td>\r\n        <\/tr>\r\n        <tr>\r\n            <td>RFID<\/td>\r\n            <td colspan=\"3\">Mifare ISO\/IEC14443A (opcional)<\/td>\r\n        <\/tr>\r\n        <tr>\r\n            <td>Comunicaci\u00f3n<\/td>\r\n            <td colspan=\"3\">WIFI \/ 4G \/ RJ45<\/td>\r\n        <\/tr>\r\n        <tr>\r\n            <td>M\u00e9todo de instalaci\u00f3n<\/td>\r\n            <td colspan=\"3\">M\u00f3vil<\/td>\r\n        <\/tr>\r\n\r\n        <!-- Material -->\r\n        <tr>\r\n            <td>Material de la carcasa<\/td>\r\n            <td colspan=\"3\">Acero galvanizado<\/td>\r\n        <\/tr>\r\n        <tr>\r\n            <td>Material del cable<\/td>\r\n            <td colspan=\"3\">TPU<\/td>\r\n        <\/tr>\r\n\r\n        <!-- Safety -->\r\n        <tr>\r\n            <td>Contador de energ\u00eda<\/td>\r\n            <td colspan=\"3\">Contador inteligente<\/td>\r\n        <\/tr>\r\n        <tr>\r\n            <td>RCD<\/td>\r\n            <td colspan=\"3\">Tipo A+B AC30mA + DC6mA<\/td>\r\n        <\/tr>\r\n        <tr>\r\n            <td>Clase de protecci\u00f3n<\/td>\r\n            <td colspan=\"3\">IP55<\/td>\r\n        <\/tr>\r\n        <tr>\r\n            <td>Protecci\u00f3n contra impactos<\/td>\r\n            <td colspan=\"3\">IK10<\/td>\r\n        <\/tr>\r\n        <tr>\r\n            <td>Protecci\u00f3n el\u00e9ctrica<\/td>\r\n            <td colspan=\"3\">\r\n                Protecci\u00f3n contra sobrecorriente, protecci\u00f3n contra cortocircuito, protecci\u00f3n de tierra, protecci\u00f3n contra sobretensi\u00f3n, protecci\u00f3n contra sobrefrecuencia, protecci\u00f3n contra sobretemperatura.\r\n            <\/td>\r\n        <\/tr>\r\n        <tr>\r\n            <td>Energ\u00eda de reserva<\/td>\r\n            <td colspan=\"3\">&lt;8W<\/td>\r\n        <\/tr>\r\n\r\n        <!-- Standard -->\r\n        <tr>\r\n            <td>Est\u00e1ndar<\/td>\r\n            <td colspan=\"3\">\r\n                Seguridad: EN\/IEC 61851-1:2019, EN\/IEC 61851-23:2014, EN\/IEC 61851-24:2014, EN\/IEC 62368-1;<br>\r\n                Conectores: EN\/IEC 62196-3:2022, CCS2, CHAdeMO 3.3\r\n            <\/td>\r\n        <\/tr>\r\n    <\/tbody>\r\n<\/table>\t\t\t\t<\/div>\n\t\t\t\t<\/div>\n\t\t\t\t\t<\/div>\n\t\t\t\t<\/div>\n\t\t<div class=\"elementor-element elementor-element-e946cf8 e-flex e-con-boxed e-con e-parent\" data-id=\"e946cf8\" data-element_type=\"container\" data-e-type=\"container\">\n\t\t\t\t\t<div class=\"e-con-inner\">\n\t\t\t\t<div class=\"elementor-element elementor-element-bdf2117 elementor-widget elementor-widget-heading\" data-id=\"bdf2117\" data-element_type=\"widget\" data-e-type=\"widget\" data-widget_type=\"heading.default\">\n\t\t\t\t<div class=\"elementor-widget-container\">\n\t\t\t\t\t<h2 class=\"elementor-heading-title elementor-size-default\">A\u00f1ada aqu\u00ed su texto de encabezamiento<\/h2>\t\t\t\t<\/div>\n\t\t\t\t<\/div>\n\t\t\t\t\t<\/div>\n\t\t\t\t<\/div>\n\t\t\t\t<\/div>","protected":false},"excerpt":{"rendered":"<p>DC Fast Charger-20\/30\/40kW Europe Grid Compatibility Engineered to meet European electrical grid standards, including IEC and EN specifications for voltage, frequency, and power quality. Fully compatible with 400V three-phase AC input across EU member states, ensuring stable operation regardless of local grid conditions. No additional transformers or adapters required \u2014 connect directly to your site&#8217;s [&hellip;]<\/p>\n","protected":false},"author":1,"featured_media":0,"parent":0,"menu_order":0,"comment_status":"closed","ping_status":"closed","template":"","meta":{"content-type":"","site-sidebar-layout":"no-sidebar","site-content-layout":"page-builder","ast-site-content-layout":"full-width-container","site-content-style":"default","site-sidebar-style":"default","ast-global-header-display":"","ast-banner-title-visibility":"","ast-main-header-display":"","ast-hfb-above-header-display":"","ast-hfb-below-header-display":"","ast-hfb-mobile-header-display":"","site-post-title":"","ast-breadcrumbs-content":"","ast-featured-img":"disabled","footer-sml-layout":"","ast-disable-related-posts":"","theme-transparent-header-meta":"","adv-header-id-meta":"","stick-header-meta":"","header-above-stick-meta":"","header-main-stick-meta":"","header-below-stick-meta":"","astra-migrate-meta-layouts":"set","ast-page-background-enabled":"default","ast-page-background-meta":{"desktop":{"background-color":"","background-image":"","background-repeat":"repeat","background-position":"center center","background-size":"auto","background-attachment":"scroll","background-type":"","background-media":"","overlay-type":"","overlay-color":"","overlay-opacity":"","overlay-gradient":""},"tablet":{"background-color":"","background-image":"","background-repeat":"repeat","background-position":"center center","background-size":"auto","background-attachment":"scroll","background-type":"","background-media":"","overlay-type":"","overlay-color":"","overlay-opacity":"","overlay-gradient":""},"mobile":{"background-color":"","background-image":"","background-repeat":"repeat","background-position":"center center","background-size":"auto","background-attachment":"scroll","background-type":"","background-media":"","overlay-type":"","overlay-color":"","overlay-opacity":"","overlay-gradient":""}},"ast-content-background-meta":{"desktop":{"background-color":"var(--ast-global-color-5)","background-image":"","background-repeat":"repeat","background-position":"center center","background-size":"auto","background-attachment":"scroll","background-type":"","background-media":"","overlay-type":"","overlay-color":"","overlay-opacity":"","overlay-gradient":""},"tablet":{"background-color":"var(--ast-global-color-5)","background-image":"","background-repeat":"repeat","background-position":"center center","background-size":"auto","background-attachment":"scroll","background-type":"","background-media":"","overlay-type":"","overlay-color":"","overlay-opacity":"","overlay-gradient":""},"mobile":{"background-color":"var(--ast-global-color-5)","background-image":"","background-repeat":"repeat","background-position":"center center","background-size":"auto","background-attachment":"scroll","background-type":"","background-media":"","overlay-type":"","overlay-color":"","overlay-opacity":"","overlay-gradient":""}},"footnotes":""},"class_list":["post-4552","page","type-page","status-publish","hentry"],"_links":{"self":[{"href":"https:\/\/eve-go.com\/es\/wp-json\/wp\/v2\/pages\/4552","targetHints":{"allow":["GET"]}}],"collection":[{"href":"https:\/\/eve-go.com\/es\/wp-json\/wp\/v2\/pages"}],"about":[{"href":"https:\/\/eve-go.com\/es\/wp-json\/wp\/v2\/types\/page"}],"author":[{"embeddable":true,"href":"https:\/\/eve-go.com\/es\/wp-json\/wp\/v2\/users\/1"}],"replies":[{"embeddable":true,"href":"https:\/\/eve-go.com\/es\/wp-json\/wp\/v2\/comments?post=4552"}],"version-history":[{"count":13,"href":"https:\/\/eve-go.com\/es\/wp-json\/wp\/v2\/pages\/4552\/revisions"}],"predecessor-version":[{"id":5839,"href":"https:\/\/eve-go.com\/es\/wp-json\/wp\/v2\/pages\/4552\/revisions\/5839"}],"wp:attachment":[{"href":"https:\/\/eve-go.com\/es\/wp-json\/wp\/v2\/media?parent=4552"}],"curies":[{"name":"wp","href":"https:\/\/api.w.org\/{rel}","templated":true}]}}