{"id":4525,"date":"2026-02-25T01:11:26","date_gmt":"2026-02-25T01:11:26","guid":{"rendered":"https:\/\/allevcharging.com\/?page_id=4525"},"modified":"2026-03-26T10:04:55","modified_gmt":"2026-03-26T10:04:55","slug":"120-240kw","status":"publish","type":"page","link":"https:\/\/eve-go.com\/es\/120-240kw\/","title":{"rendered":"120 240kw"},"content":{"rendered":"<div data-elementor-type=\"wp-page\" data-elementor-id=\"4525\" class=\"elementor elementor-4525\" data-elementor-post-type=\"page\">\n\t\t\t\t<div class=\"elementor-element elementor-element-3b7b9c2 e-flex e-con-boxed e-con e-parent\" data-id=\"3b7b9c2\" data-element_type=\"container\" data-e-type=\"container\">\n\t\t\t\t\t<div class=\"e-con-inner\">\n\t\t<div class=\"elementor-element elementor-element-b5dfa42 e-con-full e-flex e-con e-child\" data-id=\"b5dfa42\" data-element_type=\"container\" data-e-type=\"container\">\n\t\t\t\t<div class=\"elementor-element elementor-element-ade50e5 elementor-widget elementor-widget-image\" data-id=\"ade50e5\" data-element_type=\"widget\" data-e-type=\"widget\" data-widget_type=\"image.default\">\n\t\t\t\t<div class=\"elementor-widget-container\">\n\t\t\t\t\t\t\t\t\t\t\t\t\t\t\t<img fetchpriority=\"high\" decoding=\"async\" width=\"562\" height=\"777\" src=\"https:\/\/eve-go.com\/wp-content\/uploads\/2026\/02\/18c1d0782160ad15721286077cef3363.png\" class=\"attachment-large size-large wp-image-4504\" alt=\"\" srcset=\"https:\/\/eve-go.com\/wp-content\/uploads\/2026\/02\/18c1d0782160ad15721286077cef3363.png 562w, https:\/\/eve-go.com\/wp-content\/uploads\/2026\/02\/18c1d0782160ad15721286077cef3363-217x300.png 217w, https:\/\/eve-go.com\/wp-content\/uploads\/2026\/02\/18c1d0782160ad15721286077cef3363-9x12.png 9w\" sizes=\"(max-width: 562px) 100vw, 562px\" \/>\t\t\t\t\t\t\t\t\t\t\t\t\t\t\t<\/div>\n\t\t\t\t<\/div>\n\t\t\t\t<\/div>\n\t\t<div class=\"elementor-element elementor-element-769db4f e-con-full e-flex e-con e-child\" data-id=\"769db4f\" data-element_type=\"container\" data-e-type=\"container\">\n\t\t\t\t<div class=\"elementor-element elementor-element-2af24b4 elementor-widget elementor-widget-heading\" data-id=\"2af24b4\" data-element_type=\"widget\" data-e-type=\"widget\" data-widget_type=\"heading.default\">\n\t\t\t\t<div class=\"elementor-widget-container\">\n\t\t\t\t\t<h2 class=\"elementor-heading-title elementor-size-default\">Cargador r\u00e1pido publicitario de CC - 120-240 kW<\/h2>\t\t\t\t<\/div>\n\t\t\t\t<\/div>\n\t\t\t\t<div class=\"elementor-element elementor-element-7119387 elementor-icon-list--layout-traditional elementor-list-item-link-full_width elementor-widget elementor-widget-icon-list\" data-id=\"7119387\" data-element_type=\"widget\" data-e-type=\"widget\" data-widget_type=\"icon-list.default\">\n\t\t\t\t<div class=\"elementor-widget-container\">\n\t\t\t\t\t\t\t<ul class=\"elementor-icon-list-items\">\n\t\t\t\t\t\t\t<li class=\"elementor-icon-list-item\">\n\t\t\t\t\t\t\t\t\t\t<span class=\"elementor-icon-list-text\">Compatibilidad con la red el\u00e9ctrica europea Dise\u00f1ado para cumplir las normas europeas sobre redes el\u00e9ctricas, incluidas las especificaciones IEC y EN sobre tensi\u00f3n, frecuencia y calidad de la energ\u00eda. Totalmente compatible con la entrada de CA trif\u00e1sica de 400 V en todos los estados miembros de la UE, lo que garantiza un funcionamiento estable independientemente de las condiciones de la red local. No se necesitan transformadores ni adaptadores adicionales: con\u00e9ctese directamente a la infraestructura el\u00e9ctrica existente y empiece a cargar inmediatamente.<\/span>\n\t\t\t\t\t\t\t\t\t<\/li>\n\t\t\t\t\t\t\t\t<li class=\"elementor-icon-list-item\">\n\t\t\t\t\t\t\t\t\t\t<span class=\"elementor-icon-list-text\">Carga ultrarr\u00e1pida La arquitectura de potencia escalable admite una potencia combinada de hasta 960 kW, lo que permite velocidades de carga de \u00faltima generaci\u00f3n para las bater\u00edas de alta capacidad m\u00e1s recientes de los veh\u00edculos el\u00e9ctricos. Varios postes de carga comparten la energ\u00eda de forma din\u00e1mica desde un armario de alimentaci\u00f3n centralizado, de modo que cada veh\u00edculo recibe la velocidad de carga \u00f3ptima sin desperdiciar infraestructura. Ideal para corredores de autopistas, centros de tr\u00e1nsito y lugares comerciales con mucho tr\u00e1fico en los que es fundamental una r\u00e1pida rotaci\u00f3n de los veh\u00edculos.<\/span>\n\t\t\t\t\t\t\t\t\t<\/li>\n\t\t\t\t\t\t\t\t<li class=\"elementor-icon-list-item\">\n\t\t\t\t\t\t\t\t\t\t<span class=\"elementor-icon-list-text\">Genere ingresos adicionales Equipado con una pantalla publicitaria comercial de 55 pulgadas que transforma el tiempo de pantalla inactiva en un flujo de ingresos. Los operadores pueden publicar anuncios digitales espec\u00edficos, promocionar sus negocios o mostrar contenido patrocinado mientras los veh\u00edculos cargan. Una sola unidad ofrece un doble retorno de la inversi\u00f3n: las tarifas de carga m\u00e1s los ingresos por publicidad, maximizando el rendimiento de cada metro cuadrado de su punto de recarga.<\/span>\n\t\t\t\t\t\t\t\t\t<\/li>\n\t\t\t\t\t\t<\/ul>\n\t\t\t\t\t\t<\/div>\n\t\t\t\t<\/div>\n\t\t\t\t<div class=\"elementor-element elementor-element-779f666 elementor-widget elementor-widget-image\" data-id=\"779f666\" data-element_type=\"widget\" data-e-type=\"widget\" data-widget_type=\"image.default\">\n\t\t\t\t<div class=\"elementor-widget-container\">\n\t\t\t\t\t\t\t\t\t\t\t\t\t\t\t<img decoding=\"async\" width=\"188\" height=\"55\" src=\"https:\/\/eve-go.com\/wp-content\/uploads\/2026\/02\/ice.png\" class=\"attachment-large size-large wp-image-4574\" alt=\"\" srcset=\"https:\/\/eve-go.com\/wp-content\/uploads\/2026\/02\/ice.png 188w, https:\/\/eve-go.com\/wp-content\/uploads\/2026\/02\/ice-18x5.png 18w\" sizes=\"(max-width: 188px) 100vw, 188px\" \/>\t\t\t\t\t\t\t\t\t\t\t\t\t\t\t<\/div>\n\t\t\t\t<\/div>\n\t\t\t\t<\/div>\n\t\t\t\t\t<\/div>\n\t\t\t\t<\/div>\n\t\t<div class=\"elementor-element elementor-element-d3e182f e-flex e-con-boxed e-con e-parent\" data-id=\"d3e182f\" data-element_type=\"container\" data-e-type=\"container\">\n\t\t\t\t\t<div class=\"e-con-inner\">\n\t\t\t\t<div class=\"elementor-element elementor-element-8165b3b elementor-widget elementor-widget-heading\" data-id=\"8165b3b\" data-element_type=\"widget\" data-e-type=\"widget\" data-widget_type=\"heading.default\">\n\t\t\t\t<div class=\"elementor-widget-container\">\n\t\t\t\t\t<h2 class=\"elementor-heading-title elementor-size-default\">PAR\u00c1METROS DEL PRODUCTO<\/h2>\t\t\t\t<\/div>\n\t\t\t\t<\/div>\n\t\t\t\t<div class=\"elementor-element elementor-element-af8055f elementor-widget elementor-widget-heading\" data-id=\"af8055f\" data-element_type=\"widget\" data-e-type=\"widget\" data-widget_type=\"heading.default\">\n\t\t\t\t<div class=\"elementor-widget-container\">\n\t\t\t\t\t<h3 class=\"elementor-heading-title elementor-size-default\">Cargador r\u00e1pido publicitario de CC - 120-240 kW<\/h3>\t\t\t\t<\/div>\n\t\t\t\t<\/div>\n\t\t\t\t<div class=\"elementor-element elementor-element-6821dcc elementor-widget elementor-widget-html\" data-id=\"6821dcc\" data-element_type=\"widget\" data-e-type=\"widget\" data-widget_type=\"html.default\">\n\t\t\t\t<div class=\"elementor-widget-container\">\n\t\t\t\t\t<table border=\"1\" cellspacing=\"0\" cellpadding=\"5\" class=\"responsive-table\" style=\"width:100%; max-width:1200px; border-collapse:collapse; text-align:center;\">\r\n    <thead class=\"table-header\">\r\n        <tr>\r\n            <th>Modelo<\/th>\r\n            <th>EVE-FA120D-GE<\/th>\r\n            <th>EVE-FA160D-GE<\/th>\r\n            <th>EVE-FA180D-GE<\/th>\r\n            <th>EVE-FA240D-GE<\/th>\r\n        <\/tr>\r\n    <\/thead>\r\n    <tbody>\r\n        <tr>\r\n            <td colspan=\"5\" style=\"text-align:left;\"><strong>Especificaci\u00f3n Par\u00e1metro<\/strong><\/td>\r\n        <\/tr>\r\n\r\n        <!-- Input -->\r\n        <tr>\r\n            <td>Fuente de alimentaci\u00f3n<\/td>\r\n            <td colspan=\"4\">3L+N+PE<\/td>\r\n        <\/tr>\r\n        <tr>\r\n            <td>Enchufe<\/td>\r\n            <td colspan=\"4\">Cableado<\/td>\r\n        <\/tr>\r\n        <tr>\r\n            <td>Tensi\u00f3n de entrada<\/td>\r\n            <td colspan=\"4\">400V \u00b1 15%<\/td>\r\n        <\/tr>\r\n        <tr>\r\n            <td>Frecuencia<\/td>\r\n            <td colspan=\"4\">50\/60HZ<\/td>\r\n        <\/tr>\r\n        <tr>\r\n            <td>Eficacia<\/td>\r\n            <td colspan=\"4\">\u226595%<\/td>\r\n        <\/tr>\r\n\r\n        <!-- Output -->\r\n        <tr>\r\n            <td>Tensi\u00f3n de salida<\/td>\r\n            <td colspan=\"4\">200~1000V<\/td>\r\n        <\/tr>\r\n        <tr>\r\n            <td>Corriente de salida MAX<\/td>\r\n            <td>250A<\/td>\r\n            <td>250A<\/td>\r\n            <td>250A<\/td>\r\n            <td>300A<\/td>\r\n        <\/tr>\r\n        <tr>\r\n            <td>Potencia de salida MAX<\/td>\r\n            <td>120 kW<\/td>\r\n            <td>160 kW<\/td>\r\n            <td>180 kW<\/td>\r\n            <td>240 kW<\/td>\r\n        <\/tr>\r\n\r\n        <!-- Product Features -->\r\n        <tr>\r\n            <td>Conector del cargador<\/td>\r\n            <td colspan=\"4\">Pistola doble CCS1\/CCS2\/GBT\/CHAdeMO\/NACS<\/td>\r\n        <\/tr>\r\n        <tr>\r\n            <td>Indicador LED<\/td>\r\n            <td colspan=\"4\">LED RGB<\/td>\r\n        <\/tr>\r\n        <tr>\r\n            <td>Mostrar<\/td>\r\n            <td colspan=\"4\">Pantalla t\u00e1ctil de 10,1 pulgadas<\/td>\r\n        <\/tr>\r\n        <tr>\r\n            <td>Longitud del cable<\/td>\r\n            <td colspan=\"4\">5M (se acepta a medida)<\/td>\r\n        <\/tr>\r\n        <tr>\r\n            <td>Bot\u00f3n de parada de emergencia<\/td>\r\n            <td colspan=\"4\">S\u00ed<\/td>\r\n        <\/tr>\r\n        <tr>\r\n            <td>Modo de inicio<\/td>\r\n            <td colspan=\"4\">Direcci\u00f3n VIN\/MAC Plug&amp;Play \/ APP \/ RFID \/ OCPP<\/td>\r\n        <\/tr>\r\n        <tr>\r\n            <td>OCPP<\/td>\r\n            <td colspan=\"4\">OCPP 1.6J<\/td>\r\n        <\/tr>\r\n        <tr>\r\n            <td>RFID<\/td>\r\n            <td colspan=\"4\">Mifare ISO\/IEC14443A (opcional)<\/td>\r\n        <\/tr>\r\n        <tr>\r\n            <td>Comunicaci\u00f3n<\/td>\r\n            <td colspan=\"4\">WIFI \/ 4G \/ RJ45<\/td>\r\n        <\/tr>\r\n        <tr>\r\n            <td>M\u00e9todo de instalaci\u00f3n<\/td>\r\n            <td colspan=\"4\">Piso adv.<\/td>\r\n        <\/tr>\r\n\r\n        <!-- Material -->\r\n        <tr>\r\n            <td>Material de la carcasa<\/td>\r\n            <td colspan=\"4\">Acero galvanizado<\/td>\r\n        <\/tr>\r\n        <tr>\r\n            <td>Material del cable<\/td>\r\n            <td colspan=\"4\">TPU<\/td>\r\n        <\/tr>\r\n\r\n        <!-- Safety -->\r\n        <tr>\r\n            <td>Contador de energ\u00eda<\/td>\r\n            <td colspan=\"4\">Contador inteligente<\/td>\r\n        <\/tr>\r\n        <tr>\r\n            <td>RCD<\/td>\r\n            <td colspan=\"4\">Tipo A+B AC30mA + DC6mA<\/td>\r\n        <\/tr>\r\n        <tr>\r\n            <td>Clase de protecci\u00f3n<\/td>\r\n            <td colspan=\"4\">IP55<\/td>\r\n        <\/tr>\r\n        <tr>\r\n            <td>Protecci\u00f3n contra impactos<\/td>\r\n            <td colspan=\"4\">IK10<\/td>\r\n        <\/tr>\r\n        <tr>\r\n            <td>Protecci\u00f3n el\u00e9ctrica<\/td>\r\n            <td colspan=\"4\">\r\n                Protecci\u00f3n contra sobrecorriente, protecci\u00f3n contra cortocircuito, protecci\u00f3n de tierra, protecci\u00f3n contra sobretensi\u00f3n, protecci\u00f3n contra sobrefrecuencia, protecci\u00f3n contra sobretemperatura.\r\n            <\/td>\r\n        <\/tr>\r\n        <tr>\r\n            <td>Energ\u00eda de reserva<\/td>\r\n            <td colspan=\"4\">&lt;8W<\/td>\r\n        <\/tr>\r\n\r\n        <!-- Standard -->\r\n        <tr>\r\n            <td>Est\u00e1ndar<\/td>\r\n            <td colspan=\"4\">\r\n                Seguridad: EN\/IEC 61851-1:2019, EN\/IEC 61851-23:2014, EN\/IEC 61851-24:2014, EN\/IEC 62368-1;<br>\r\n                Conectores: EN\/IEC 62196-3:2022, CCS2, CHAdeMO 3.3;<br>\r\n                Comunicaciones: ISO 15118-1:2019, ISO 15118-2:2022, DIN 70121\r\n            <\/td>\r\n        <\/tr>\r\n\r\n    <\/tbody>\r\n<\/table>\t\t\t\t<\/div>\n\t\t\t\t<\/div>\n\t\t\t\t\t<\/div>\n\t\t\t\t<\/div>\n\t\t\t\t<\/div>","protected":false},"excerpt":{"rendered":"<p>DC Advertising Fast Charger &#8211; 120-240kW Europe Grid Compatibility Engineered to meet European electrical grid standards, including IEC and EN specifications for voltage, frequency, and power quality. Fully compatible with 400V three-phase AC input across EU member states, ensuring stable operation regardless of local grid conditions. No additional transformers or adapters required \u2014 connect directly [&hellip;]<\/p>\n","protected":false},"author":1,"featured_media":0,"parent":0,"menu_order":0,"comment_status":"closed","ping_status":"closed","template":"","meta":{"content-type":"","site-sidebar-layout":"no-sidebar","site-content-layout":"page-builder","ast-site-content-layout":"full-width-container","site-content-style":"default","site-sidebar-style":"default","ast-global-header-display":"","ast-banner-title-visibility":"","ast-main-header-display":"","ast-hfb-above-header-display":"","ast-hfb-below-header-display":"","ast-hfb-mobile-header-display":"","site-post-title":"","ast-breadcrumbs-content":"","ast-featured-img":"disabled","footer-sml-layout":"","ast-disable-related-posts":"","theme-transparent-header-meta":"","adv-header-id-meta":"","stick-header-meta":"","header-above-stick-meta":"","header-main-stick-meta":"","header-below-stick-meta":"","astra-migrate-meta-layouts":"set","ast-page-background-enabled":"default","ast-page-background-meta":{"desktop":{"background-color":"","background-image":"","background-repeat":"repeat","background-position":"center center","background-size":"auto","background-attachment":"scroll","background-type":"","background-media":"","overlay-type":"","overlay-color":"","overlay-opacity":"","overlay-gradient":""},"tablet":{"background-color":"","background-image":"","background-repeat":"repeat","background-position":"center center","background-size":"auto","background-attachment":"scroll","background-type":"","background-media":"","overlay-type":"","overlay-color":"","overlay-opacity":"","overlay-gradient":""},"mobile":{"background-color":"","background-image":"","background-repeat":"repeat","background-position":"center center","background-size":"auto","background-attachment":"scroll","background-type":"","background-media":"","overlay-type":"","overlay-color":"","overlay-opacity":"","overlay-gradient":""}},"ast-content-background-meta":{"desktop":{"background-color":"var(--ast-global-color-5)","background-image":"","background-repeat":"repeat","background-position":"center center","background-size":"auto","background-attachment":"scroll","background-type":"","background-media":"","overlay-type":"","overlay-color":"","overlay-opacity":"","overlay-gradient":""},"tablet":{"background-color":"var(--ast-global-color-5)","background-image":"","background-repeat":"repeat","background-position":"center center","background-size":"auto","background-attachment":"scroll","background-type":"","background-media":"","overlay-type":"","overlay-color":"","overlay-opacity":"","overlay-gradient":""},"mobile":{"background-color":"var(--ast-global-color-5)","background-image":"","background-repeat":"repeat","background-position":"center center","background-size":"auto","background-attachment":"scroll","background-type":"","background-media":"","overlay-type":"","overlay-color":"","overlay-opacity":"","overlay-gradient":""}},"footnotes":""},"class_list":["post-4525","page","type-page","status-publish","hentry"],"_links":{"self":[{"href":"https:\/\/eve-go.com\/es\/wp-json\/wp\/v2\/pages\/4525","targetHints":{"allow":["GET"]}}],"collection":[{"href":"https:\/\/eve-go.com\/es\/wp-json\/wp\/v2\/pages"}],"about":[{"href":"https:\/\/eve-go.com\/es\/wp-json\/wp\/v2\/types\/page"}],"author":[{"embeddable":true,"href":"https:\/\/eve-go.com\/es\/wp-json\/wp\/v2\/users\/1"}],"replies":[{"embeddable":true,"href":"https:\/\/eve-go.com\/es\/wp-json\/wp\/v2\/comments?post=4525"}],"version-history":[{"count":17,"href":"https:\/\/eve-go.com\/es\/wp-json\/wp\/v2\/pages\/4525\/revisions"}],"predecessor-version":[{"id":5847,"href":"https:\/\/eve-go.com\/es\/wp-json\/wp\/v2\/pages\/4525\/revisions\/5847"}],"wp:attachment":[{"href":"https:\/\/eve-go.com\/es\/wp-json\/wp\/v2\/media?parent=4525"}],"curies":[{"name":"wp","href":"https:\/\/api.w.org\/{rel}","templated":true}]}}