{"id":4523,"date":"2026-02-25T01:11:15","date_gmt":"2026-02-25T01:11:15","guid":{"rendered":"https:\/\/allevcharging.com\/?page_id=4523"},"modified":"2026-04-02T04:09:36","modified_gmt":"2026-04-02T04:09:36","slug":"eve-p-cw-us-35-7-9-6","status":"publish","type":"page","link":"https:\/\/eve-go.com\/es\/eve-p-cw-us-35-7-9-6\/","title":{"rendered":"EVE P CW US 35 7 9,6"},"content":{"rendered":"<div data-elementor-type=\"wp-page\" data-elementor-id=\"4523\" class=\"elementor elementor-4523\" data-elementor-post-type=\"page\">\n\t\t\t\t<div class=\"elementor-element elementor-element-59bc6ff e-flex e-con-boxed e-con e-parent\" data-id=\"59bc6ff\" data-element_type=\"container\" data-e-type=\"container\">\n\t\t\t\t\t<div class=\"e-con-inner\">\n\t\t<div class=\"elementor-element elementor-element-2225528 e-con-full e-flex e-con e-child\" data-id=\"2225528\" data-element_type=\"container\" data-e-type=\"container\">\n\t\t\t\t<div class=\"elementor-element elementor-element-97e9ffe elementor-widget elementor-widget-image\" data-id=\"97e9ffe\" data-element_type=\"widget\" data-e-type=\"widget\" data-widget_type=\"image.default\">\n\t\t\t\t<div class=\"elementor-widget-container\">\n\t\t\t\t\t\t\t\t\t\t\t\t\t\t\t<img fetchpriority=\"high\" decoding=\"async\" width=\"524\" height=\"745\" src=\"https:\/\/eve-go.com\/wp-content\/uploads\/2026\/02\/75ff3562-a04f-4c87-83f7-e14bb3d7a945.png\" class=\"attachment-large size-large wp-image-4508\" alt=\"\" srcset=\"https:\/\/eve-go.com\/wp-content\/uploads\/2026\/02\/75ff3562-a04f-4c87-83f7-e14bb3d7a945.png 524w, https:\/\/eve-go.com\/wp-content\/uploads\/2026\/02\/75ff3562-a04f-4c87-83f7-e14bb3d7a945-211x300.png 211w, https:\/\/eve-go.com\/wp-content\/uploads\/2026\/02\/75ff3562-a04f-4c87-83f7-e14bb3d7a945-8x12.png 8w\" sizes=\"(max-width: 524px) 100vw, 524px\" \/>\t\t\t\t\t\t\t\t\t\t\t\t\t\t\t<\/div>\n\t\t\t\t<\/div>\n\t\t\t\t<\/div>\n\t\t<div class=\"elementor-element elementor-element-291aab5 e-con-full e-flex e-con e-child\" data-id=\"291aab5\" data-element_type=\"container\" data-e-type=\"container\">\n\t\t\t\t<div class=\"elementor-element elementor-element-cd9338a elementor-widget elementor-widget-heading\" data-id=\"cd9338a\" data-element_type=\"widget\" data-e-type=\"widget\" data-widget_type=\"heading.default\">\n\t\t\t\t<div class=\"elementor-widget-container\">\n\t\t\t\t\t<h2 class=\"elementor-heading-title elementor-size-default\">Cargador port\u00e1til de CA EVE-P-CW-US<\/h2>\t\t\t\t<\/div>\n\t\t\t\t<\/div>\n\t\t\t\t<div class=\"elementor-element elementor-element-247cad0 elementor-icon-list--layout-traditional elementor-list-item-link-full_width elementor-widget elementor-widget-icon-list\" data-id=\"247cad0\" data-element_type=\"widget\" data-e-type=\"widget\" data-widget_type=\"icon-list.default\">\n\t\t\t\t<div class=\"elementor-widget-container\">\n\t\t\t\t\t\t\t<ul class=\"elementor-icon-list-items\">\n\t\t\t\t\t\t\t<li class=\"elementor-icon-list-item\">\n\t\t\t\t\t\t\t\t\t\t\t<span class=\"elementor-icon-list-icon\">\n\t\t\t\t\t\t\t<i aria-hidden=\"true\" class=\"fas fa-check\"><\/i>\t\t\t\t\t\t<\/span>\n\t\t\t\t\t\t\t\t\t\t<span class=\"elementor-icon-list-text\">Compatibilidad con la red de Norteam\u00e9rica Fabricado espec\u00edficamente para el sistema de alimentaci\u00f3n norteamericano de 240 V de fase dividida, conforme a los c\u00f3digos de instalaci\u00f3n UL 2202, UL 2594 y NEC. Dise\u00f1ado para integrarse perfectamente con los cuadros el\u00e9ctricos comerciales y residenciales est\u00e1ndar que se encuentran en EE.UU. y Canad\u00e1. Elimina las conjeturas de la adquisici\u00f3n de hardware en distintos mercados: una unidad, totalmente adaptada a los requisitos de la red local desde el primer momento.<\/span>\n\t\t\t\t\t\t\t\t\t<\/li>\n\t\t\t\t\t\t\t\t<li class=\"elementor-icon-list-item\">\n\t\t\t\t\t\t\t\t\t\t\t<span class=\"elementor-icon-list-icon\">\n\t\t\t\t\t\t\t<i aria-hidden=\"true\" class=\"fas fa-check\"><\/i>\t\t\t\t\t\t<\/span>\n\t\t\t\t\t\t\t\t\t\t<span class=\"elementor-icon-list-text\">Rentable<\/span>\n\t\t\t\t\t\t\t\t\t<\/li>\n\t\t\t\t\t\t\t\t<li class=\"elementor-icon-list-item\">\n\t\t\t\t\t\t\t\t\t\t\t<span class=\"elementor-icon-list-icon\">\n\t\t\t\t\t\t\t<i aria-hidden=\"true\" class=\"fas fa-check\"><\/i>\t\t\t\t\t\t<\/span>\n\t\t\t\t\t\t\t\t\t\t<span class=\"elementor-icon-list-text\">No requiere instalaci\u00f3n<\/span>\n\t\t\t\t\t\t\t\t\t<\/li>\n\t\t\t\t\t\t<\/ul>\n\t\t\t\t\t\t<\/div>\n\t\t\t\t<\/div>\n\t\t\t\t<div class=\"elementor-element elementor-element-9b9b158 elementor-widget elementor-widget-image\" data-id=\"9b9b158\" data-element_type=\"widget\" data-e-type=\"widget\" data-widget_type=\"image.default\">\n\t\t\t\t<div class=\"elementor-widget-container\">\n\t\t\t\t\t\t\t\t\t\t\t\t\t\t\t<img decoding=\"async\" width=\"188\" height=\"55\" src=\"https:\/\/eve-go.com\/wp-content\/uploads\/2026\/02\/ice.png\" class=\"attachment-large size-large wp-image-4574\" alt=\"\" srcset=\"https:\/\/eve-go.com\/wp-content\/uploads\/2026\/02\/ice.png 188w, https:\/\/eve-go.com\/wp-content\/uploads\/2026\/02\/ice-18x5.png 18w\" sizes=\"(max-width: 188px) 100vw, 188px\" \/>\t\t\t\t\t\t\t\t\t\t\t\t\t\t\t<\/div>\n\t\t\t\t<\/div>\n\t\t\t\t<\/div>\n\t\t\t\t\t<\/div>\n\t\t\t\t<\/div>\n\t\t<div class=\"elementor-element elementor-element-3a6aa71 e-flex e-con-boxed e-con e-parent\" data-id=\"3a6aa71\" data-element_type=\"container\" data-e-type=\"container\">\n\t\t\t\t\t<div class=\"e-con-inner\">\n\t\t\t\t<div class=\"elementor-element elementor-element-07afaff elementor-widget elementor-widget-heading\" data-id=\"07afaff\" data-element_type=\"widget\" data-e-type=\"widget\" data-widget_type=\"heading.default\">\n\t\t\t\t<div class=\"elementor-widget-container\">\n\t\t\t\t\t<h2 class=\"elementor-heading-title elementor-size-default\">PAR\u00c1METROS DEL PRODUCTO<\/h2>\t\t\t\t<\/div>\n\t\t\t\t<\/div>\n\t\t\t\t<div class=\"elementor-element elementor-element-2423913 elementor-widget elementor-widget-heading\" data-id=\"2423913\" data-element_type=\"widget\" data-e-type=\"widget\" data-widget_type=\"heading.default\">\n\t\t\t\t<div class=\"elementor-widget-container\">\n\t\t\t\t\t<h3 class=\"elementor-heading-title elementor-size-default\">EVE-P-CW-US<\/h3>\t\t\t\t<\/div>\n\t\t\t\t<\/div>\n\t\t\t\t<div class=\"elementor-element elementor-element-6466897 elementor-widget elementor-widget-html\" data-id=\"6466897\" data-element_type=\"widget\" data-e-type=\"widget\" data-widget_type=\"html.default\">\n\t\t\t\t<div class=\"elementor-widget-container\">\n\t\t\t\t\t<table border=\"1\" cellspacing=\"0\" cellpadding=\"5\" class=\"responsive-table\" style=\"width:100%; max-width:1200px; border-collapse:collapse; text-align:center;\">\r\n    <thead class=\"table-header\">\r\n        <tr>\r\n            <th>Modelo<\/th>\r\n            <th>EVE-P-CW-US-3.5<\/th>\r\n            <th>EVE-P-CW-US-7<\/th>\r\n            <th>EVE-P-CW-US-9.6<\/th>\r\n        <\/tr>\r\n    <\/thead>\r\n    <tbody>\r\n        <tr>\r\n            <td colspan=\"4\" style=\"text-align:left;\"><strong>Especificaci\u00f3n Par\u00e1metro<\/strong><\/td>\r\n        <\/tr>\r\n\r\n        <!-- Input -->\r\n        <tr>\r\n            <td>Fuente de alimentaci\u00f3n<\/td>\r\n            <td colspan=\"3\">L1+L2+N+PE<\/td>\r\n        <\/tr>\r\n        <tr>\r\n            <td>Enchufe<\/td>\r\n            <td>NEMA 5-20P<\/td>\r\n            <td>NEMA 14-50P<\/td>\r\n            <td>NEMA 14-50P<\/td>\r\n        <\/tr>\r\n        <tr>\r\n            <td>Tensi\u00f3n nominal<\/td>\r\n            <td colspan=\"3\">220\/240VAC \u00b115%<\/td>\r\n        <\/tr>\r\n        <tr>\r\n            <td>Frecuencia<\/td>\r\n            <td colspan=\"3\">50\/60HZ<\/td>\r\n        <\/tr>\r\n        <tr>\r\n            <td>M\u00c1X. Corriente de entrada<\/td>\r\n            <td>16A<\/td>\r\n            <td>32A<\/td>\r\n            <td>40A<\/td>\r\n        <\/tr>\r\n\r\n        <!-- Output -->\r\n        <tr>\r\n            <td>Tensi\u00f3n de salida<\/td>\r\n            <td colspan=\"3\">220\/240VAC \u00b115%<\/td>\r\n        <\/tr>\r\n        <tr>\r\n            <td>Rango de corriente de salida<\/td>\r\n            <td>16A<\/td>\r\n            <td>32A<\/td>\r\n            <td>40A<\/td>\r\n        <\/tr>\r\n        <tr>\r\n            <td>Potencia nominal<\/td>\r\n            <td>3,5 kW<\/td>\r\n            <td>7kW<\/td>\r\n            <td>9,6 kW<\/td>\r\n        <\/tr>\r\n\r\n        <!-- User Interface -->\r\n        <tr>\r\n            <td>Enchufe de carga<\/td>\r\n            <td colspan=\"3\">SAE J1772 (Tipo 1)<\/td>\r\n        <\/tr>\r\n        <tr>\r\n            <td>Indicador LED<\/td>\r\n            <td colspan=\"3\">LED RGB<\/td>\r\n        <\/tr>\r\n        <tr>\r\n            <td>Mostrar<\/td>\r\n            <td colspan=\"3\">Luz LED<\/td>\r\n        <\/tr>\r\n        <tr>\r\n            <td>Longitud del cable<\/td>\r\n            <td colspan=\"3\">5 m (o personalizado)<\/td>\r\n        <\/tr>\r\n        <tr>\r\n            <td>Modo de inicio<\/td>\r\n            <td colspan=\"3\">Plug &amp; Play<\/td>\r\n        <\/tr>\r\n        <tr>\r\n            <td>M\u00e9todo de instalaci\u00f3n<\/td>\r\n            <td colspan=\"3\">Port\u00e1til<\/td>\r\n        <\/tr>\r\n\r\n        <!-- Material -->\r\n        <tr>\r\n            <td>Material de la carcasa<\/td>\r\n            <td colspan=\"3\">PC+ABS<\/td>\r\n        <\/tr>\r\n        <tr>\r\n            <td>Material del cable<\/td>\r\n            <td colspan=\"3\">TPU<\/td>\r\n        <\/tr>\r\n\r\n        <!-- Safety -->\r\n        <tr>\r\n            <td>Contador de energ\u00eda<\/td>\r\n            <td colspan=\"3\">Contador a bordo<\/td>\r\n        <\/tr>\r\n        <tr>\r\n            <td>RCD<\/td>\r\n            <td colspan=\"3\">Tipo A+B AC30mA + DC6mA<\/td>\r\n        <\/tr>\r\n        <tr>\r\n            <td>Clase de protecci\u00f3n<\/td>\r\n            <td colspan=\"3\">IP65<\/td>\r\n        <\/tr>\r\n        <tr>\r\n            <td>Protecci\u00f3n contra impactos<\/td>\r\n            <td colspan=\"3\">IK10<\/td>\r\n        <\/tr>\r\n        <tr>\r\n            <td>Protecci\u00f3n el\u00e9ctrica<\/td>\r\n            <td colspan=\"3\">\r\n                Sobrecorriente, sobretensi\u00f3n\/subtensi\u00f3n, RCD, protecci\u00f3n de tierra, sobretensi\u00f3n, sobretemperatura\r\n            <\/td>\r\n        <\/tr>\r\n        <tr>\r\n            <td>Energ\u00eda de reserva<\/td>\r\n            <td colspan=\"3\">&lt;3W<\/td>\r\n        <\/tr>\r\n\r\n        <!-- Standard \/ Certification -->\r\n        <tr>\r\n            <td>Est\u00e1ndar<\/td>\r\n            <td colspan=\"3\">\r\n                EN\/IEC 61851-1: 2019<br>\r\n                EN\/IEC 62196-2: 2017<br>\r\n                EN\/IEC 61000<br>\r\n                2014\/35\/UE\r\n            <\/td>\r\n        <\/tr>\r\n        <tr>\r\n            <td>Garant\u00eda<\/td>\r\n            <td colspan=\"3\">2 a\u00f1os<\/td>\r\n        <\/tr>\r\n        <tr>\r\n            <td>Certificaci\u00f3n<\/td>\r\n            <td colspan=\"3\">TUV CE<\/td>\r\n        <\/tr>\r\n\r\n        <!-- Environment -->\r\n        <tr>\r\n            <td>Refrigeraci\u00f3n<\/td>\r\n            <td colspan=\"3\">Refrigeraci\u00f3n natural<\/td>\r\n        <\/tr>\r\n        <tr>\r\n            <td>Temperatura de trabajo<\/td>\r\n            <td colspan=\"3\">-25\u2103 ~ +60\u2103<\/td>\r\n        <\/tr>\r\n        <tr>\r\n            <td>Humedad de trabajo<\/td>\r\n            <td colspan=\"3\">5% ~ 95%<\/td>\r\n        <\/tr>\r\n        <tr>\r\n            <td>Altitud de trabajo<\/td>\r\n            <td colspan=\"3\">&lt;2000M<\/td>\r\n        <\/tr>\r\n    <\/tbody>\r\n<\/table>\t\t\t\t<\/div>\n\t\t\t\t<\/div>\n\t\t\t\t\t<\/div>\n\t\t\t\t<\/div>\n\t\t<div class=\"elementor-element elementor-element-02a93d1 e-flex e-con-boxed e-con e-parent\" data-id=\"02a93d1\" data-element_type=\"container\" data-e-type=\"container\">\n\t\t\t\t\t<div class=\"e-con-inner\">\n\t\t\t\t<div class=\"elementor-element elementor-element-d75bb56 elementor-widget elementor-widget-heading\" data-id=\"d75bb56\" data-element_type=\"widget\" data-e-type=\"widget\" data-widget_type=\"heading.default\">\n\t\t\t\t<div class=\"elementor-widget-container\">\n\t\t\t\t\t<h2 class=\"elementor-heading-title elementor-size-default\">A\u00f1ada aqu\u00ed su texto de encabezamiento<\/h2>\t\t\t\t<\/div>\n\t\t\t\t<\/div>\n\t\t\t\t\t<\/div>\n\t\t\t\t<\/div>\n\t\t\t\t<\/div>","protected":false},"excerpt":{"rendered":"<p>AC Portable Charger EVE-P-CW-US North America Grid Compatibility Purpose-built for the North American 240V split-phase power system, compliant with UL 2202, UL 2594, and NEC installation codes. Designed to integrate seamlessly with standard commercial and residential electrical panels found across the U.S. and Canada. Eliminates the guesswork of cross-market hardware sourcing \u2014 one unit, fully [&hellip;]<\/p>\n","protected":false},"author":1,"featured_media":0,"parent":0,"menu_order":0,"comment_status":"closed","ping_status":"closed","template":"","meta":{"content-type":"","site-sidebar-layout":"no-sidebar","site-content-layout":"page-builder","ast-site-content-layout":"full-width-container","site-content-style":"default","site-sidebar-style":"default","ast-global-header-display":"","ast-banner-title-visibility":"","ast-main-header-display":"","ast-hfb-above-header-display":"","ast-hfb-below-header-display":"","ast-hfb-mobile-header-display":"","site-post-title":"","ast-breadcrumbs-content":"","ast-featured-img":"disabled","footer-sml-layout":"","ast-disable-related-posts":"","theme-transparent-header-meta":"","adv-header-id-meta":"","stick-header-meta":"","header-above-stick-meta":"","header-main-stick-meta":"","header-below-stick-meta":"","astra-migrate-meta-layouts":"set","ast-page-background-enabled":"default","ast-page-background-meta":{"desktop":{"background-color":"","background-image":"","background-repeat":"repeat","background-position":"center center","background-size":"auto","background-attachment":"scroll","background-type":"","background-media":"","overlay-type":"","overlay-color":"","overlay-opacity":"","overlay-gradient":""},"tablet":{"background-color":"","background-image":"","background-repeat":"repeat","background-position":"center center","background-size":"auto","background-attachment":"scroll","background-type":"","background-media":"","overlay-type":"","overlay-color":"","overlay-opacity":"","overlay-gradient":""},"mobile":{"background-color":"","background-image":"","background-repeat":"repeat","background-position":"center center","background-size":"auto","background-attachment":"scroll","background-type":"","background-media":"","overlay-type":"","overlay-color":"","overlay-opacity":"","overlay-gradient":""}},"ast-content-background-meta":{"desktop":{"background-color":"var(--ast-global-color-5)","background-image":"","background-repeat":"repeat","background-position":"center center","background-size":"auto","background-attachment":"scroll","background-type":"","background-media":"","overlay-type":"","overlay-color":"","overlay-opacity":"","overlay-gradient":""},"tablet":{"background-color":"var(--ast-global-color-5)","background-image":"","background-repeat":"repeat","background-position":"center center","background-size":"auto","background-attachment":"scroll","background-type":"","background-media":"","overlay-type":"","overlay-color":"","overlay-opacity":"","overlay-gradient":""},"mobile":{"background-color":"var(--ast-global-color-5)","background-image":"","background-repeat":"repeat","background-position":"center center","background-size":"auto","background-attachment":"scroll","background-type":"","background-media":"","overlay-type":"","overlay-color":"","overlay-opacity":"","overlay-gradient":""}},"footnotes":""},"class_list":["post-4523","page","type-page","status-publish","hentry"],"_links":{"self":[{"href":"https:\/\/eve-go.com\/es\/wp-json\/wp\/v2\/pages\/4523","targetHints":{"allow":["GET"]}}],"collection":[{"href":"https:\/\/eve-go.com\/es\/wp-json\/wp\/v2\/pages"}],"about":[{"href":"https:\/\/eve-go.com\/es\/wp-json\/wp\/v2\/types\/page"}],"author":[{"embeddable":true,"href":"https:\/\/eve-go.com\/es\/wp-json\/wp\/v2\/users\/1"}],"replies":[{"embeddable":true,"href":"https:\/\/eve-go.com\/es\/wp-json\/wp\/v2\/comments?post=4523"}],"version-history":[{"count":13,"href":"https:\/\/eve-go.com\/es\/wp-json\/wp\/v2\/pages\/4523\/revisions"}],"predecessor-version":[{"id":5772,"href":"https:\/\/eve-go.com\/es\/wp-json\/wp\/v2\/pages\/4523\/revisions\/5772"}],"wp:attachment":[{"href":"https:\/\/eve-go.com\/es\/wp-json\/wp\/v2\/media?parent=4523"}],"curies":[{"name":"wp","href":"https:\/\/api.w.org\/{rel}","templated":true}]}}