{"id":4463,"date":"2026-02-24T12:36:13","date_gmt":"2026-02-24T12:36:13","guid":{"rendered":"https:\/\/allevcharging.com\/?page_id=4463"},"modified":"2026-02-24T12:38:46","modified_gmt":"2026-02-24T12:38:46","slug":"ultra-fast-station-reshaping-traffic-flow","status":"publish","type":"page","link":"https:\/\/eve-go.com\/es\/ultra-fast-station-reshaping-traffic-flow\/","title":{"rendered":"Estaci\u00f3n ultrarr\u00e1pida, remodelaci\u00f3n del flujo de tr\u00e1fico"},"content":{"rendered":"<div data-elementor-type=\"wp-page\" data-elementor-id=\"4463\" class=\"elementor elementor-4463\" data-elementor-post-type=\"page\">\n\t\t\t\t<div class=\"elementor-element elementor-element-5a322d3 e-flex e-con-boxed e-con e-parent\" data-id=\"5a322d3\" data-element_type=\"container\">\n\t\t\t\t\t<div class=\"e-con-inner\">\n\t\t\t\t<div class=\"elementor-element elementor-element-0b3f333 elementor-widget elementor-widget-heading\" data-id=\"0b3f333\" data-element_type=\"widget\" data-widget_type=\"heading.default\">\n\t\t\t\t<div class=\"elementor-widget-container\">\n\t\t\t\t\t<h2 class=\"elementor-heading-title elementor-size-default\">Estaci\u00f3n ultrarr\u00e1pida, remodelaci\u00f3n del flujo de tr\u00e1fico<\/h2>\t\t\t\t<\/div>\n\t\t\t\t<\/div>\n\t\t\t\t<div class=\"elementor-element elementor-element-24f4d4e elementor-widget elementor-widget-text-editor\" data-id=\"24f4d4e\" data-element_type=\"widget\" data-widget_type=\"text-editor.default\">\n\t\t\t\t<div class=\"elementor-widget-container\">\n\t\t\t\t\t\t\t\t\t<p>Case 03<br \/>\ud83c\uddea\ud83c\uddf8 Spain \u00b7 Highway Service Area<br \/>Estaci\u00f3n ultrarr\u00e1pida, remodelaci\u00f3n del flujo de tr\u00e1fico<\/p><p>Customer: Javier Morales<br \/>Role: Highway Service Area Investor<br \/>Industry: Highway Service Area<br \/>Selected Product: EVE-SC720D-GN3 (720kW Ultra-Fast Charging Station)<\/p><p>Requirements<\/p><p>&#8211; Highway application scenario<br \/>&#8211; Simultaneous charging for multiple vehicles<br \/>&#8211; Dynamic power distribution<br \/>&#8211; Future expansion capability<\/p><p>Soluci\u00f3n<\/p><p>EVE-SC720D-GN3<br \/>&#8211; Input: 380VAC \u00b115%<br \/>&#8211; Max Power: 720kW<br \/>&#8211; Multi-gun dynamic power distribution<br \/>&#8211; Connector Support: CCS1 \/ CCS2 \/ GBT \/ NACS<br \/>&#8211; Modular design for scalability<\/p><p>Results<\/p><p>&#8211; Daily charging volume increased by 300% per station<br \/>&#8211; Became a regional EV charging hub<br \/>&#8211; Dual-revenue model enabled: advertising + charging income<\/p><p>\u201cWe are no longer just a service area \u2014 we are a new energy hub.\u201d<br \/>Javier Morales<\/p>\t\t\t\t\t\t\t\t<\/div>\n\t\t\t\t<\/div>\n\t\t\t\t\t<\/div>\n\t\t\t\t<\/div>\n\t\t\t\t<\/div>","protected":false},"excerpt":{"rendered":"<p>Ultra-Fast Station, Reshaping Traffic Flow Case 03\ud83c\uddea\ud83c\uddf8 Spain \u00b7 Highway Service AreaUltra-Fast Station, Reshaping Traffic Flow Customer: Javier MoralesRole: Highway Service Area InvestorIndustry: Highway Service AreaSelected Product: EVE-SC720D-GN3 (720kW Ultra-Fast Charging Station) Requirements &#8211; Highway application scenario&#8211; Simultaneous charging for multiple vehicles&#8211; Dynamic power distribution&#8211; Future expansion capability Solution EVE-SC720D-GN3&#8211; Input: 380VAC \u00b115%&#8211; Max Power: [&hellip;]<\/p>\n","protected":false},"author":1,"featured_media":0,"parent":0,"menu_order":0,"comment_status":"closed","ping_status":"closed","template":"","meta":{"content-type":"","site-sidebar-layout":"no-sidebar","site-content-layout":"page-builder","ast-site-content-layout":"full-width-container","site-content-style":"default","site-sidebar-style":"default","ast-global-header-display":"","ast-banner-title-visibility":"","ast-main-header-display":"","ast-hfb-above-header-display":"","ast-hfb-below-header-display":"","ast-hfb-mobile-header-display":"","site-post-title":"","ast-breadcrumbs-content":"","ast-featured-img":"disabled","footer-sml-layout":"","theme-transparent-header-meta":"","adv-header-id-meta":"","stick-header-meta":"","header-above-stick-meta":"","header-main-stick-meta":"","header-below-stick-meta":"","astra-migrate-meta-layouts":"set","ast-page-background-enabled":"default","ast-page-background-meta":{"desktop":{"background-color":"","background-image":"","background-repeat":"repeat","background-position":"center center","background-size":"auto","background-attachment":"scroll","background-type":"","background-media":"","overlay-type":"","overlay-color":"","overlay-opacity":"","overlay-gradient":""},"tablet":{"background-color":"","background-image":"","background-repeat":"repeat","background-position":"center center","background-size":"auto","background-attachment":"scroll","background-type":"","background-media":"","overlay-type":"","overlay-color":"","overlay-opacity":"","overlay-gradient":""},"mobile":{"background-color":"","background-image":"","background-repeat":"repeat","background-position":"center center","background-size":"auto","background-attachment":"scroll","background-type":"","background-media":"","overlay-type":"","overlay-color":"","overlay-opacity":"","overlay-gradient":""}},"ast-content-background-meta":{"desktop":{"background-color":"var(--ast-global-color-5)","background-image":"","background-repeat":"repeat","background-position":"center center","background-size":"auto","background-attachment":"scroll","background-type":"","background-media":"","overlay-type":"","overlay-color":"","overlay-opacity":"","overlay-gradient":""},"tablet":{"background-color":"var(--ast-global-color-5)","background-image":"","background-repeat":"repeat","background-position":"center center","background-size":"auto","background-attachment":"scroll","background-type":"","background-media":"","overlay-type":"","overlay-color":"","overlay-opacity":"","overlay-gradient":""},"mobile":{"background-color":"var(--ast-global-color-5)","background-image":"","background-repeat":"repeat","background-position":"center center","background-size":"auto","background-attachment":"scroll","background-type":"","background-media":"","overlay-type":"","overlay-color":"","overlay-opacity":"","overlay-gradient":""}},"footnotes":""},"class_list":["post-4463","page","type-page","status-publish","hentry"],"_links":{"self":[{"href":"https:\/\/eve-go.com\/es\/wp-json\/wp\/v2\/pages\/4463","targetHints":{"allow":["GET"]}}],"collection":[{"href":"https:\/\/eve-go.com\/es\/wp-json\/wp\/v2\/pages"}],"about":[{"href":"https:\/\/eve-go.com\/es\/wp-json\/wp\/v2\/types\/page"}],"author":[{"embeddable":true,"href":"https:\/\/eve-go.com\/es\/wp-json\/wp\/v2\/users\/1"}],"replies":[{"embeddable":true,"href":"https:\/\/eve-go.com\/es\/wp-json\/wp\/v2\/comments?post=4463"}],"version-history":[{"count":4,"href":"https:\/\/eve-go.com\/es\/wp-json\/wp\/v2\/pages\/4463\/revisions"}],"predecessor-version":[{"id":4468,"href":"https:\/\/eve-go.com\/es\/wp-json\/wp\/v2\/pages\/4463\/revisions\/4468"}],"wp:attachment":[{"href":"https:\/\/eve-go.com\/es\/wp-json\/wp\/v2\/media?parent=4463"}],"curies":[{"name":"wp","href":"https:\/\/api.w.org\/{rel}","templated":true}]}}