{"id":1449,"date":"2025-11-22T10:45:36","date_gmt":"2025-11-22T10:45:36","guid":{"rendered":"https:\/\/antiquewhite-curlew-779049.hostingersite.com\/?page_id=1449"},"modified":"2026-02-25T09:19:13","modified_gmt":"2026-02-25T09:19:13","slug":"solucion","status":"publish","type":"page","link":"https:\/\/eve-go.com\/es\/solucion\/","title":{"rendered":"Soluci\u00f3n"},"content":{"rendered":"<div data-elementor-type=\"wp-page\" data-elementor-id=\"1449\" class=\"elementor elementor-1449\" data-elementor-post-type=\"page\">\n\t\t\t\t<div class=\"elementor-element elementor-element-58f7db5 e-flex e-con-boxed e-con e-parent\" data-id=\"58f7db5\" data-element_type=\"container\" data-e-type=\"container\" data-settings=\"{&quot;background_background&quot;:&quot;classic&quot;}\">\n\t\t\t\t\t<div class=\"e-con-inner\">\n\t\t<div class=\"elementor-element elementor-element-8446149 e-con-full e-flex e-con e-child\" data-id=\"8446149\" data-element_type=\"container\" data-e-type=\"container\" data-settings=\"{&quot;background_background&quot;:&quot;classic&quot;}\">\n\t\t<div class=\"elementor-element elementor-element-46d700d e-con-full e-flex e-con e-child\" data-id=\"46d700d\" data-element_type=\"container\" data-e-type=\"container\">\n\t\t\t\t<div class=\"elementor-element elementor-element-78a1177 elementor-widget elementor-widget-image\" data-id=\"78a1177\" data-element_type=\"widget\" data-e-type=\"widget\" data-widget_type=\"image.default\">\n\t\t\t\t<div class=\"elementor-widget-container\">\n\t\t\t\t\t\t\t\t\t\t\t\t\t\t\t\t<a href=\"https:\/\/allevcharging.com\/turning-parking-spaces-into-continuously-profitable-assets\/\" target=\"_blank\" rel=\"noopener\">\n\t\t\t\t\t\t\t<img fetchpriority=\"high\" decoding=\"async\" width=\"1024\" height=\"576\" src=\"https:\/\/eve-go.com\/wp-content\/uploads\/2026\/02\/\u5fb7\u56fd1-1024x576.jpg\" class=\"attachment-large size-large wp-image-4630\" alt=\"\" srcset=\"https:\/\/eve-go.com\/wp-content\/uploads\/2026\/02\/\u5fb7\u56fd1-1024x576.jpg 1024w, https:\/\/eve-go.com\/wp-content\/uploads\/2026\/02\/\u5fb7\u56fd1-300x169.jpg 300w, https:\/\/eve-go.com\/wp-content\/uploads\/2026\/02\/\u5fb7\u56fd1-768x432.jpg 768w, https:\/\/eve-go.com\/wp-content\/uploads\/2026\/02\/\u5fb7\u56fd1-1536x864.jpg 1536w, https:\/\/eve-go.com\/wp-content\/uploads\/2026\/02\/\u5fb7\u56fd1-2048x1152.jpg 2048w, https:\/\/eve-go.com\/wp-content\/uploads\/2026\/02\/\u5fb7\u56fd1-18x10.jpg 18w\" sizes=\"(max-width: 1024px) 100vw, 1024px\" \/>\t\t\t\t\t\t\t\t<\/a>\n\t\t\t\t\t\t\t\t\t\t\t\t\t\t\t<\/div>\n\t\t\t\t<\/div>\n\t\t\t\t<\/div>\n\t\t<div class=\"elementor-element elementor-element-44acc0f e-con-full e-flex e-con e-child\" data-id=\"44acc0f\" data-element_type=\"container\" data-e-type=\"container\">\n\t\t<div class=\"elementor-element elementor-element-37f85e1 e-con-full e-flex e-con e-child\" data-id=\"37f85e1\" data-element_type=\"container\" data-e-type=\"container\">\n\t\t<div class=\"elementor-element elementor-element-75bc220 e-con-full e-flex e-con e-child\" data-id=\"75bc220\" data-element_type=\"container\" data-e-type=\"container\">\n\t\t\t\t<div class=\"elementor-element elementor-element-3bba82f elementor-widget elementor-widget-heading\" data-id=\"3bba82f\" data-element_type=\"widget\" data-e-type=\"widget\" data-widget_type=\"heading.default\">\n\t\t\t\t<div class=\"elementor-widget-container\">\n\t\t\t\t\t<h2 class=\"elementor-heading-title elementor-size-default\"><a href=\"https:\/\/allevcharging.com\/turning-parking-spaces-into-continuously-profitable-assets\/\" target=\"_blank\" rel=\"noopener\">Alemania - Grupo Inmobiliario Comercial<\/a><\/h2>\t\t\t\t<\/div>\n\t\t\t\t<\/div>\n\t\t\t\t<\/div>\n\t\t\t\t<\/div>\n\t\t\t\t<div class=\"elementor-element elementor-element-dc9480c elementor-widget elementor-widget-text-editor\" data-id=\"dc9480c\" data-element_type=\"widget\" data-e-type=\"widget\" data-widget_type=\"text-editor.default\">\n\t\t\t\t<div class=\"elementor-widget-container\">\n\t\t\t\t\t\t\t\t\tCaso 01\n\ud83c\udde9\ud83c\uddea Alemania - Grupo inmobiliario comercial\nConvertir plazas de aparcamiento en activos rentables de forma continua\t\t\t\t\t\t\t\t<\/div>\n\t\t\t\t<\/div>\n\t\t\t\t<div class=\"elementor-element elementor-element-efdf95c elementor-widget elementor-widget-button\" data-id=\"efdf95c\" data-element_type=\"widget\" data-e-type=\"widget\" data-widget_type=\"button.default\">\n\t\t\t\t<div class=\"elementor-widget-container\">\n\t\t\t\t\t\t\t\t\t<div class=\"elementor-button-wrapper\">\n\t\t\t\t\t<a class=\"elementor-button elementor-button-link elementor-size-sm\" href=\"https:\/\/allevcharging.com\/turning-parking-spaces-into-continuously-profitable-assets\/\" target=\"_blank\" rel=\"noopener\">\n\t\t\t\t\t\t<span class=\"elementor-button-content-wrapper\">\n\t\t\t\t\t\t\t\t\t<span class=\"elementor-button-text\">Explorar soluciones para el hogar<\/span>\n\t\t\t\t\t<\/span>\n\t\t\t\t\t<\/a>\n\t\t\t\t<\/div>\n\t\t\t\t\t\t\t\t<\/div>\n\t\t\t\t<\/div>\n\t\t\t\t<\/div>\n\t\t\t\t<\/div>\n\t\t\t\t\t<\/div>\n\t\t\t\t<\/div>\n\t\t<div class=\"elementor-element elementor-element-b27da3a e-flex e-con-boxed e-con e-child\" data-id=\"b27da3a\" data-element_type=\"container\" data-e-type=\"container\" data-settings=\"{&quot;background_background&quot;:&quot;classic&quot;}\">\n\t\t\t\t\t<div class=\"e-con-inner\">\n\t\t<div class=\"elementor-element elementor-element-a2a9c68 e-con-full e-flex e-con e-child\" data-id=\"a2a9c68\" data-element_type=\"container\" data-e-type=\"container\">\n\t\t<div class=\"elementor-element elementor-element-ae1ae97 e-con-full e-flex e-con e-child\" data-id=\"ae1ae97\" data-element_type=\"container\" data-e-type=\"container\">\n\t\t<div class=\"elementor-element elementor-element-b0b3f37 e-con-full e-flex e-con e-child\" data-id=\"b0b3f37\" data-element_type=\"container\" data-e-type=\"container\">\n\t\t\t\t<div class=\"elementor-element elementor-element-44426ab elementor-widget elementor-widget-heading\" data-id=\"44426ab\" data-element_type=\"widget\" data-e-type=\"widget\" data-widget_type=\"heading.default\">\n\t\t\t\t<div class=\"elementor-widget-container\">\n\t\t\t\t\t<h2 class=\"elementor-heading-title elementor-size-default\"><a href=\"https:\/\/allevcharging.com\/turning-ev-charging-into-a-reason-to-book\/\" target=\"_blank\" rel=\"noopener\">Convertir la recarga del VE en un motivo para reservar<\/a><\/h2>\t\t\t\t<\/div>\n\t\t\t\t<\/div>\n\t\t\t\t<\/div>\n\t\t\t\t<\/div>\n\t\t\t\t<div class=\"elementor-element elementor-element-1c9d23d elementor-widget elementor-widget-text-editor\" data-id=\"1c9d23d\" data-element_type=\"widget\" data-e-type=\"widget\" data-widget_type=\"text-editor.default\">\n\t\t\t\t<div class=\"elementor-widget-container\">\n\t\t\t\t\t\t\t\t\t<p>Caso 02<br \/>\ud83c\uddfa\ud83c\uddf8 Estados Unidos - Grupo hotelero<br \/>Convertir la recarga del VE en un motivo para reservar<\/p>\t\t\t\t\t\t\t\t<\/div>\n\t\t\t\t<\/div>\n\t\t\t\t<div class=\"elementor-element elementor-element-b37fc0c elementor-widget elementor-widget-button\" data-id=\"b37fc0c\" data-element_type=\"widget\" data-e-type=\"widget\" data-widget_type=\"button.default\">\n\t\t\t\t<div class=\"elementor-widget-container\">\n\t\t\t\t\t\t\t\t\t<div class=\"elementor-button-wrapper\">\n\t\t\t\t\t<a class=\"elementor-button elementor-button-link elementor-size-sm\" href=\"https:\/\/allevcharging.com\/turning-ev-charging-into-a-reason-to-book\/\" target=\"_blank\" rel=\"noopener\">\n\t\t\t\t\t\t<span class=\"elementor-button-content-wrapper\">\n\t\t\t\t\t\t\t\t\t<span class=\"elementor-button-text\">Descubra las funciones inteligentes<\/span>\n\t\t\t\t\t<\/span>\n\t\t\t\t\t<\/a>\n\t\t\t\t<\/div>\n\t\t\t\t\t\t\t\t<\/div>\n\t\t\t\t<\/div>\n\t\t\t\t<\/div>\n\t\t<div class=\"elementor-element elementor-element-ae3051a e-con-full e-flex e-con e-child\" data-id=\"ae3051a\" data-element_type=\"container\" data-e-type=\"container\">\n\t\t\t\t<div class=\"elementor-element elementor-element-1aac4a0 elementor-widget elementor-widget-image\" data-id=\"1aac4a0\" data-element_type=\"widget\" data-e-type=\"widget\" data-widget_type=\"image.default\">\n\t\t\t\t<div class=\"elementor-widget-container\">\n\t\t\t\t\t\t\t\t\t\t\t\t\t\t\t<img decoding=\"async\" width=\"1024\" height=\"572\" src=\"https:\/\/eve-go.com\/wp-content\/uploads\/2026\/02\/\u7f8e\u56fd1-1024x572.jpg\" class=\"attachment-large size-large wp-image-4632\" alt=\"\" srcset=\"https:\/\/eve-go.com\/wp-content\/uploads\/2026\/02\/\u7f8e\u56fd1-1024x572.jpg 1024w, https:\/\/eve-go.com\/wp-content\/uploads\/2026\/02\/\u7f8e\u56fd1-300x167.jpg 300w, https:\/\/eve-go.com\/wp-content\/uploads\/2026\/02\/\u7f8e\u56fd1-768x429.jpg 768w, https:\/\/eve-go.com\/wp-content\/uploads\/2026\/02\/\u7f8e\u56fd1-1536x857.jpg 1536w, https:\/\/eve-go.com\/wp-content\/uploads\/2026\/02\/\u7f8e\u56fd1-2048x1143.jpg 2048w, https:\/\/eve-go.com\/wp-content\/uploads\/2026\/02\/\u7f8e\u56fd1-18x10.jpg 18w\" sizes=\"(max-width: 1024px) 100vw, 1024px\" \/>\t\t\t\t\t\t\t\t\t\t\t\t\t\t\t<\/div>\n\t\t\t\t<\/div>\n\t\t\t\t<\/div>\n\t\t\t\t\t<\/div>\n\t\t\t\t<\/div>\n\t\t<div class=\"elementor-element elementor-element-6887788 e-flex e-con-boxed e-con e-parent\" data-id=\"6887788\" data-element_type=\"container\" data-e-type=\"container\" data-settings=\"{&quot;background_background&quot;:&quot;classic&quot;}\">\n\t\t\t\t\t<div class=\"e-con-inner\">\n\t\t<div class=\"elementor-element elementor-element-10c8ef4 e-con-full e-flex e-con e-child\" data-id=\"10c8ef4\" data-element_type=\"container\" data-e-type=\"container\">\n\t\t<div class=\"elementor-element elementor-element-5c02815 e-con-full e-flex e-con e-child\" data-id=\"5c02815\" data-element_type=\"container\" data-e-type=\"container\">\n\t\t\t\t<div class=\"elementor-element elementor-element-918275b elementor-widget elementor-widget-image\" data-id=\"918275b\" data-element_type=\"widget\" data-e-type=\"widget\" data-widget_type=\"image.default\">\n\t\t\t\t<div class=\"elementor-widget-container\">\n\t\t\t\t\t\t\t\t\t\t\t\t\t\t\t\t<a href=\"https:\/\/allevcharging.com\/ultra-fast-station-reshaping-traffic-flow\/\" target=\"_blank\" rel=\"noopener\">\n\t\t\t\t\t\t\t<img decoding=\"async\" width=\"1024\" height=\"572\" src=\"https:\/\/eve-go.com\/wp-content\/uploads\/2026\/02\/\u897f\u73ed\u72591-1024x572.jpg\" class=\"attachment-large size-large wp-image-4634\" alt=\"\" srcset=\"https:\/\/eve-go.com\/wp-content\/uploads\/2026\/02\/\u897f\u73ed\u72591-1024x572.jpg 1024w, https:\/\/eve-go.com\/wp-content\/uploads\/2026\/02\/\u897f\u73ed\u72591-300x167.jpg 300w, https:\/\/eve-go.com\/wp-content\/uploads\/2026\/02\/\u897f\u73ed\u72591-768x429.jpg 768w, https:\/\/eve-go.com\/wp-content\/uploads\/2026\/02\/\u897f\u73ed\u72591-1536x857.jpg 1536w, https:\/\/eve-go.com\/wp-content\/uploads\/2026\/02\/\u897f\u73ed\u72591-2048x1143.jpg 2048w, https:\/\/eve-go.com\/wp-content\/uploads\/2026\/02\/\u897f\u73ed\u72591-18x10.jpg 18w\" sizes=\"(max-width: 1024px) 100vw, 1024px\" \/>\t\t\t\t\t\t\t\t<\/a>\n\t\t\t\t\t\t\t\t\t\t\t\t\t\t\t<\/div>\n\t\t\t\t<\/div>\n\t\t\t\t<\/div>\n\t\t<div class=\"elementor-element elementor-element-d742723 e-con-full e-flex e-con e-child\" data-id=\"d742723\" data-element_type=\"container\" data-e-type=\"container\">\n\t\t<div class=\"elementor-element elementor-element-a09fc1c e-con-full e-flex e-con e-child\" data-id=\"a09fc1c\" data-element_type=\"container\" data-e-type=\"container\">\n\t\t<div class=\"elementor-element elementor-element-1d2cbad e-con-full e-flex e-con e-child\" data-id=\"1d2cbad\" data-element_type=\"container\" data-e-type=\"container\">\n\t\t\t\t<div class=\"elementor-element elementor-element-fd8ad48 elementor-widget elementor-widget-heading\" data-id=\"fd8ad48\" data-element_type=\"widget\" data-e-type=\"widget\" data-widget_type=\"heading.default\">\n\t\t\t\t<div class=\"elementor-widget-container\">\n\t\t\t\t\t<h2 class=\"elementor-heading-title elementor-size-default\"><a href=\"https:\/\/allevcharging.com\/ultra-fast-station-reshaping-traffic-flow\/\" target=\"_blank\" rel=\"noopener\">Estaci\u00f3n ultrarr\u00e1pida, remodelaci\u00f3n del flujo de tr\u00e1fico<\/a><\/h2>\t\t\t\t<\/div>\n\t\t\t\t<\/div>\n\t\t\t\t<\/div>\n\t\t\t\t<\/div>\n\t\t\t\t<div class=\"elementor-element elementor-element-65ba806 elementor-widget elementor-widget-text-editor\" data-id=\"65ba806\" data-element_type=\"widget\" data-e-type=\"widget\" data-widget_type=\"text-editor.default\">\n\t\t\t\t<div class=\"elementor-widget-container\">\n\t\t\t\t\t\t\t\t\t<p>Caso 03<br \/>\ud83c\uddea\ud83c\uddf8 Espa\u00f1a - \u00c1rea de Servicio de Carreteras<br \/>Estaci\u00f3n ultrarr\u00e1pida, remodelaci\u00f3n del flujo de tr\u00e1fico<\/p>\t\t\t\t\t\t\t\t<\/div>\n\t\t\t\t<\/div>\n\t\t\t\t<div class=\"elementor-element elementor-element-e48a302 elementor-widget elementor-widget-button\" data-id=\"e48a302\" data-element_type=\"widget\" data-e-type=\"widget\" data-widget_type=\"button.default\">\n\t\t\t\t<div class=\"elementor-widget-container\">\n\t\t\t\t\t\t\t\t\t<div class=\"elementor-button-wrapper\">\n\t\t\t\t\t<a class=\"elementor-button elementor-button-link elementor-size-sm\" href=\"https:\/\/allevcharging.com\/ultra-fast-station-reshaping-traffic-flow\/\" target=\"_blank\" rel=\"noopener\">\n\t\t\t\t\t\t<span class=\"elementor-button-content-wrapper\">\n\t\t\t\t\t\t\t\t\t<span class=\"elementor-button-text\">Seguridad<\/span>\n\t\t\t\t\t<\/span>\n\t\t\t\t\t<\/a>\n\t\t\t\t<\/div>\n\t\t\t\t\t\t\t\t<\/div>\n\t\t\t\t<\/div>\n\t\t\t\t<\/div>\n\t\t\t\t<\/div>\n\t\t\t\t\t<\/div>\n\t\t\t\t<\/div>\n\t\t\t\t<\/div>","protected":false},"excerpt":{"rendered":"<p>Germany \u00b7 Commercial Real Estate Group Case 01 \ud83c\udde9\ud83c\uddea Germany \u00b7 Commercial Real Estate Group Turning Parking Spaces into Continuously Profitable Assets Explore Home Solutions Turning EV Charging into a Reason to Book Case 02\ud83c\uddfa\ud83c\uddf8 United States \u00b7 Hotel GroupTurning EV Charging into a Reason to Book Discover Smart Features Ultra-Fast Station, Reshaping Traffic Flow [&hellip;]<\/p>\n","protected":false},"author":1,"featured_media":0,"parent":0,"menu_order":0,"comment_status":"closed","ping_status":"closed","template":"","meta":{"content-type":"","site-sidebar-layout":"no-sidebar","site-content-layout":"page-builder","ast-site-content-layout":"full-width-container","site-content-style":"default","site-sidebar-style":"default","ast-global-header-display":"","ast-banner-title-visibility":"","ast-main-header-display":"","ast-hfb-above-header-display":"","ast-hfb-below-header-display":"","ast-hfb-mobile-header-display":"","site-post-title":"","ast-breadcrumbs-content":"","ast-featured-img":"disabled","footer-sml-layout":"","ast-disable-related-posts":"","theme-transparent-header-meta":"","adv-header-id-meta":"","stick-header-meta":"","header-above-stick-meta":"","header-main-stick-meta":"","header-below-stick-meta":"","astra-migrate-meta-layouts":"set","ast-page-background-enabled":"default","ast-page-background-meta":{"desktop":{"background-color":"","background-image":"","background-repeat":"repeat","background-position":"center center","background-size":"auto","background-attachment":"scroll","background-type":"","background-media":"","overlay-type":"","overlay-color":"","overlay-opacity":"","overlay-gradient":""},"tablet":{"background-color":"","background-image":"","background-repeat":"repeat","background-position":"center center","background-size":"auto","background-attachment":"scroll","background-type":"","background-media":"","overlay-type":"","overlay-color":"","overlay-opacity":"","overlay-gradient":""},"mobile":{"background-color":"","background-image":"","background-repeat":"repeat","background-position":"center center","background-size":"auto","background-attachment":"scroll","background-type":"","background-media":"","overlay-type":"","overlay-color":"","overlay-opacity":"","overlay-gradient":""}},"ast-content-background-meta":{"desktop":{"background-color":"var(--ast-global-color-5)","background-image":"","background-repeat":"repeat","background-position":"center center","background-size":"auto","background-attachment":"scroll","background-type":"","background-media":"","overlay-type":"","overlay-color":"","overlay-opacity":"","overlay-gradient":""},"tablet":{"background-color":"var(--ast-global-color-5)","background-image":"","background-repeat":"repeat","background-position":"center center","background-size":"auto","background-attachment":"scroll","background-type":"","background-media":"","overlay-type":"","overlay-color":"","overlay-opacity":"","overlay-gradient":""},"mobile":{"background-color":"var(--ast-global-color-5)","background-image":"","background-repeat":"repeat","background-position":"center center","background-size":"auto","background-attachment":"scroll","background-type":"","background-media":"","overlay-type":"","overlay-color":"","overlay-opacity":"","overlay-gradient":""}},"footnotes":""},"class_list":["post-1449","page","type-page","status-publish","hentry"],"_links":{"self":[{"href":"https:\/\/eve-go.com\/es\/wp-json\/wp\/v2\/pages\/1449","targetHints":{"allow":["GET"]}}],"collection":[{"href":"https:\/\/eve-go.com\/es\/wp-json\/wp\/v2\/pages"}],"about":[{"href":"https:\/\/eve-go.com\/es\/wp-json\/wp\/v2\/types\/page"}],"author":[{"embeddable":true,"href":"https:\/\/eve-go.com\/es\/wp-json\/wp\/v2\/users\/1"}],"replies":[{"embeddable":true,"href":"https:\/\/eve-go.com\/es\/wp-json\/wp\/v2\/comments?post=1449"}],"version-history":[{"count":109,"href":"https:\/\/eve-go.com\/es\/wp-json\/wp\/v2\/pages\/1449\/revisions"}],"predecessor-version":[{"id":4638,"href":"https:\/\/eve-go.com\/es\/wp-json\/wp\/v2\/pages\/1449\/revisions\/4638"}],"wp:attachment":[{"href":"https:\/\/eve-go.com\/es\/wp-json\/wp\/v2\/media?parent=1449"}],"curies":[{"name":"wp","href":"https:\/\/api.w.org\/{rel}","templated":true}]}}