{"id":5123,"date":"2026-02-25T13:48:30","date_gmt":"2026-02-25T13:48:30","guid":{"rendered":"https:\/\/allevcharging.com\/?page_id=5123"},"modified":"2026-02-25T14:03:28","modified_gmt":"2026-02-25T14:03:28","slug":"fahrzeug-ans-netz","status":"publish","type":"page","link":"https:\/\/eve-go.com\/de\/fahrzeug-ans-netz\/","title":{"rendered":"Vehicle-to-Grid"},"content":{"rendered":"<div data-elementor-type=\"wp-page\" data-elementor-id=\"5123\" class=\"elementor elementor-5123\" data-elementor-post-type=\"page\">\n\t\t\t\t<div class=\"elementor-element elementor-element-42a7ad6 e-flex e-con-boxed e-con e-parent\" data-id=\"42a7ad6\" data-element_type=\"container\" data-e-type=\"container\">\n\t\t\t\t\t<div class=\"e-con-inner\">\n\t\t\t\t<div class=\"elementor-element elementor-element-623ed55 elementor-widget elementor-widget-heading\" data-id=\"623ed55\" data-element_type=\"widget\" data-e-type=\"widget\" data-widget_type=\"heading.default\">\n\t\t\t\t<div class=\"elementor-widget-container\">\n\t\t\t\t\t<h2 class=\"elementor-heading-title elementor-size-default\">Fahrzeug-zu-Gitter (V2G)<\/h2>\t\t\t\t<\/div>\n\t\t\t\t<\/div>\n\t\t\t\t<div class=\"elementor-element elementor-element-66725e8 elementor-widget elementor-widget-heading\" data-id=\"66725e8\" data-element_type=\"widget\" data-e-type=\"widget\" data-widget_type=\"heading.default\">\n\t\t\t\t<div class=\"elementor-widget-container\">\n\t\t\t\t\t<h3 class=\"elementor-heading-title elementor-size-default\">Kerndefinition<\/h3>\t\t\t\t<\/div>\n\t\t\t\t<\/div>\n\t\t\t\t<div class=\"elementor-element elementor-element-251007b elementor-widget elementor-widget-text-editor\" data-id=\"251007b\" data-element_type=\"widget\" data-e-type=\"widget\" data-widget_type=\"text-editor.default\">\n\t\t\t\t<div class=\"elementor-widget-container\">\n\t\t\t\t\t\t\t\t\t<p>V2G ist eine fortschrittliche Form des bidirektionalen Ladens und bezieht sich speziell auf das Zusammenspiel zwischen Elektrofahrzeugen und dem \u00f6ffentlichen Stromnetz. Dabei handelt es sich nicht nur um ein einfaches Entladen, sondern um eine Echtzeitkommunikation zwischen dem Fahrzeug und der Netzleitstelle. Auf Anweisung des Netzes fungieren die Fahrzeuge als verteilte Speichereinheiten, die an Hilfsdiensten wie Frequenzregulierung und Spinnreserve teilnehmen und daf\u00fcr finanzielle Ertr\u00e4ge erzielen.<\/p><h3><strong>Analyse aus der Perspektive der Anwendungsumgebung<\/strong><\/h3><p>V2G-Anwendungsumgebungen erfordern ausgereifte Stromhandelsmarktmechanismen und Fahrzeugressourcen, die f\u00fcr lange Zeitr\u00e4ume geparkt werden.<\/p><ul><li><strong>Virtuelles Kraftwerk (VPP):<\/strong><br \/>Aggregatoren schlie\u00dfen Tausende von verstreuten E-Fahrzeugen in H\u00e4usern oder auf Parkpl\u00e4tzen an. In Momenten, in denen die Winderzeugung pl\u00f6tzlich ausf\u00e4llt, speisen diese Fahrzeuge innerhalb von Sekunden gemeinsam Strom in das Netz ein und ersetzen so die Erdgas-Peak-Kraftwerke. In diesem Umfeld ist V2G ein Eckpfeiler der Netzresilienz.<\/li><li><strong>Schulbusse und kommunale Fuhrparks:<\/strong><br \/>Elektrische Schulbusse haben feste Fahrpl\u00e4ne (Fahrten am Morgen und am Nachmittag, lange Leerlaufzeiten dazwischen und w\u00e4hrend der Sommerpausen). Das macht sie zu perfekten V2G-Anlagen. W\u00e4hrend der sommerlichen Leerlaufzeiten verwandelt sich die Busflotte in eine riesige Megawatt-Speicherstation, die den St\u00e4dten hilft, die sommerlichen Spitzenlasten zu bew\u00e4ltigen, und den Schulen Einnahmen zur Subventionierung der Fahrzeugkosten verschafft.<\/li><\/ul>\t\t\t\t\t\t\t\t<\/div>\n\t\t\t\t<\/div>\n\t\t\t\t\t<\/div>\n\t\t\t\t<\/div>\n\t\t<div class=\"elementor-element elementor-element-d9adbdf e-flex e-con-boxed e-con e-parent\" data-id=\"d9adbdf\" data-element_type=\"container\" data-e-type=\"container\">\n\t\t\t\t\t<div class=\"e-con-inner\">\n\t\t<div class=\"elementor-element elementor-element-f4d3173 e-con-full e-flex e-con e-child\" data-id=\"f4d3173\" data-element_type=\"container\" data-e-type=\"container\">\n\t\t\t\t<div class=\"elementor-element elementor-element-63d5b69 elementor-widget elementor-widget-image\" data-id=\"63d5b69\" data-element_type=\"widget\" data-e-type=\"widget\" data-widget_type=\"image.default\">\n\t\t\t\t<div class=\"elementor-widget-container\">\n\t\t\t\t\t\t\t\t\t\t\t\t\t\t\t<img fetchpriority=\"high\" decoding=\"async\" width=\"800\" height=\"600\" src=\"https:\/\/eve-go.com\/wp-content\/uploads\/2026\/01\/V2G.jpg\" class=\"attachment-large size-large wp-image-2631\" alt=\"\" srcset=\"https:\/\/eve-go.com\/wp-content\/uploads\/2026\/01\/V2G.jpg 800w, https:\/\/eve-go.com\/wp-content\/uploads\/2026\/01\/V2G-300x225.jpg 300w, https:\/\/eve-go.com\/wp-content\/uploads\/2026\/01\/V2G-768x576.jpg 768w, https:\/\/eve-go.com\/wp-content\/uploads\/2026\/01\/V2G-16x12.jpg 16w\" sizes=\"(max-width: 800px) 100vw, 800px\" \/>\t\t\t\t\t\t\t\t\t\t\t\t\t\t\t<\/div>\n\t\t\t\t<\/div>\n\t\t\t\t<div class=\"elementor-element elementor-element-22f32f2 elementor-widget elementor-widget-heading\" data-id=\"22f32f2\" data-element_type=\"widget\" data-e-type=\"widget\" data-widget_type=\"heading.default\">\n\t\t\t\t<div class=\"elementor-widget-container\">\n\t\t\t\t\t<p class=\"elementor-heading-title elementor-size-default\">V2G<\/p>\t\t\t\t<\/div>\n\t\t\t\t<\/div>\n\t\t\t\t<\/div>\n\t\t<div class=\"elementor-element elementor-element-9cb9f4b e-con-full e-flex e-con e-child\" data-id=\"9cb9f4b\" data-element_type=\"container\" data-e-type=\"container\">\n\t\t\t\t<div class=\"elementor-element elementor-element-8a1bd45 elementor-widget elementor-widget-image\" data-id=\"8a1bd45\" data-element_type=\"widget\" data-e-type=\"widget\" data-widget_type=\"image.default\">\n\t\t\t\t<div class=\"elementor-widget-container\">\n\t\t\t\t\t\t\t\t\t\t\t\t\t\t\t<img decoding=\"async\" width=\"800\" height=\"600\" src=\"https:\/\/eve-go.com\/wp-content\/uploads\/2026\/01\/EV-Smart-Charging.jpg\" class=\"attachment-large size-large wp-image-2630\" alt=\"\" srcset=\"https:\/\/eve-go.com\/wp-content\/uploads\/2026\/01\/EV-Smart-Charging.jpg 800w, https:\/\/eve-go.com\/wp-content\/uploads\/2026\/01\/EV-Smart-Charging-300x225.jpg 300w, https:\/\/eve-go.com\/wp-content\/uploads\/2026\/01\/EV-Smart-Charging-768x576.jpg 768w, https:\/\/eve-go.com\/wp-content\/uploads\/2026\/01\/EV-Smart-Charging-16x12.jpg 16w\" sizes=\"(max-width: 800px) 100vw, 800px\" \/>\t\t\t\t\t\t\t\t\t\t\t\t\t\t\t<\/div>\n\t\t\t\t<\/div>\n\t\t\t\t<div class=\"elementor-element elementor-element-e6a290e elementor-widget elementor-widget-heading\" data-id=\"e6a290e\" data-element_type=\"widget\" data-e-type=\"widget\" data-widget_type=\"heading.default\">\n\t\t\t\t<div class=\"elementor-widget-container\">\n\t\t\t\t\t<p class=\"elementor-heading-title elementor-size-default\">EV Smart Charging<\/p>\t\t\t\t<\/div>\n\t\t\t\t<\/div>\n\t\t\t\t<\/div>\n\t\t<div class=\"elementor-element elementor-element-f2c9294 e-con-full e-flex e-con e-child\" data-id=\"f2c9294\" data-element_type=\"container\" data-e-type=\"container\">\n\t\t\t\t<div class=\"elementor-element elementor-element-caa3858 elementor-widget elementor-widget-image\" data-id=\"caa3858\" data-element_type=\"widget\" data-e-type=\"widget\" data-widget_type=\"image.default\">\n\t\t\t\t<div class=\"elementor-widget-container\">\n\t\t\t\t\t\t\t\t\t\t\t\t\t\t\t<img decoding=\"async\" width=\"800\" height=\"600\" src=\"https:\/\/eve-go.com\/wp-content\/uploads\/2026\/01\/EV-Roaming.jpg\" class=\"attachment-large size-large wp-image-2628\" alt=\"\" srcset=\"https:\/\/eve-go.com\/wp-content\/uploads\/2026\/01\/EV-Roaming.jpg 800w, https:\/\/eve-go.com\/wp-content\/uploads\/2026\/01\/EV-Roaming-300x225.jpg 300w, https:\/\/eve-go.com\/wp-content\/uploads\/2026\/01\/EV-Roaming-768x576.jpg 768w, https:\/\/eve-go.com\/wp-content\/uploads\/2026\/01\/EV-Roaming-16x12.jpg 16w\" sizes=\"(max-width: 800px) 100vw, 800px\" \/>\t\t\t\t\t\t\t\t\t\t\t\t\t\t\t<\/div>\n\t\t\t\t<\/div>\n\t\t\t\t<div class=\"elementor-element elementor-element-e6f9360 elementor-widget elementor-widget-heading\" data-id=\"e6f9360\" data-element_type=\"widget\" data-e-type=\"widget\" data-widget_type=\"heading.default\">\n\t\t\t\t<div class=\"elementor-widget-container\">\n\t\t\t\t\t<p class=\"elementor-heading-title elementor-size-default\">EV-Roaming<\/p>\t\t\t\t<\/div>\n\t\t\t\t<\/div>\n\t\t\t\t<\/div>\n\t\t<div class=\"elementor-element elementor-element-b0d6834 e-con-full e-flex e-con e-child\" data-id=\"b0d6834\" data-element_type=\"container\" data-e-type=\"container\">\n\t\t\t\t<div class=\"elementor-element elementor-element-eb8e3ab elementor-widget elementor-widget-image\" data-id=\"eb8e3ab\" data-element_type=\"widget\" data-e-type=\"widget\" data-widget_type=\"image.default\">\n\t\t\t\t<div class=\"elementor-widget-container\">\n\t\t\t\t\t\t\t\t\t\t\t\t\t\t\t<img loading=\"lazy\" decoding=\"async\" width=\"800\" height=\"600\" src=\"https:\/\/eve-go.com\/wp-content\/uploads\/2026\/01\/Electric-Vehicle-Fleet-Operator.jpg\" class=\"attachment-large size-large wp-image-2627\" alt=\"\" srcset=\"https:\/\/eve-go.com\/wp-content\/uploads\/2026\/01\/Electric-Vehicle-Fleet-Operator.jpg 800w, https:\/\/eve-go.com\/wp-content\/uploads\/2026\/01\/Electric-Vehicle-Fleet-Operator-300x225.jpg 300w, https:\/\/eve-go.com\/wp-content\/uploads\/2026\/01\/Electric-Vehicle-Fleet-Operator-768x576.jpg 768w, https:\/\/eve-go.com\/wp-content\/uploads\/2026\/01\/Electric-Vehicle-Fleet-Operator-16x12.jpg 16w\" sizes=\"(max-width: 800px) 100vw, 800px\" \/>\t\t\t\t\t\t\t\t\t\t\t\t\t\t\t<\/div>\n\t\t\t\t<\/div>\n\t\t\t\t<div class=\"elementor-element elementor-element-490d73f elementor-widget elementor-widget-heading\" data-id=\"490d73f\" data-element_type=\"widget\" data-e-type=\"widget\" data-widget_type=\"heading.default\">\n\t\t\t\t<div class=\"elementor-widget-container\">\n\t\t\t\t\t<p class=\"elementor-heading-title elementor-size-default\">Betreiber einer Elektrofahrzeugflotte<\/p>\t\t\t\t<\/div>\n\t\t\t\t<\/div>\n\t\t\t\t<\/div>\n\t\t<div class=\"elementor-element elementor-element-da27e30 e-con-full e-flex e-con e-child\" data-id=\"da27e30\" data-element_type=\"container\" data-e-type=\"container\">\n\t\t\t\t<div class=\"elementor-element elementor-element-6939ca2 elementor-widget elementor-widget-image\" data-id=\"6939ca2\" data-element_type=\"widget\" data-e-type=\"widget\" data-widget_type=\"image.default\">\n\t\t\t\t<div class=\"elementor-widget-container\">\n\t\t\t\t\t\t\t\t\t\t\t\t\t\t\t<img loading=\"lazy\" decoding=\"async\" width=\"800\" height=\"600\" src=\"https:\/\/eve-go.com\/wp-content\/uploads\/2026\/01\/Dynamic-Load-Balancing.jpg\" class=\"attachment-large size-large wp-image-2626\" alt=\"\" srcset=\"https:\/\/eve-go.com\/wp-content\/uploads\/2026\/01\/Dynamic-Load-Balancing.jpg 800w, https:\/\/eve-go.com\/wp-content\/uploads\/2026\/01\/Dynamic-Load-Balancing-300x225.jpg 300w, https:\/\/eve-go.com\/wp-content\/uploads\/2026\/01\/Dynamic-Load-Balancing-768x576.jpg 768w, https:\/\/eve-go.com\/wp-content\/uploads\/2026\/01\/Dynamic-Load-Balancing-16x12.jpg 16w\" sizes=\"(max-width: 800px) 100vw, 800px\" \/>\t\t\t\t\t\t\t\t\t\t\t\t\t\t\t<\/div>\n\t\t\t\t<\/div>\n\t\t\t\t<div class=\"elementor-element elementor-element-187a3f0 elementor-widget elementor-widget-heading\" data-id=\"187a3f0\" data-element_type=\"widget\" data-e-type=\"widget\" data-widget_type=\"heading.default\">\n\t\t\t\t<div class=\"elementor-widget-container\">\n\t\t\t\t\t<p class=\"elementor-heading-title elementor-size-default\">Dynamischer Lastausgleich<\/p>\t\t\t\t<\/div>\n\t\t\t\t<\/div>\n\t\t\t\t<\/div>\n\t\t<div class=\"elementor-element elementor-element-fa53168 e-con-full e-flex e-con e-child\" data-id=\"fa53168\" data-element_type=\"container\" data-e-type=\"container\">\n\t\t\t\t<div class=\"elementor-element elementor-element-8a17bdb elementor-widget elementor-widget-image\" data-id=\"8a17bdb\" data-element_type=\"widget\" data-e-type=\"widget\" data-widget_type=\"image.default\">\n\t\t\t\t<div class=\"elementor-widget-container\">\n\t\t\t\t\t\t\t\t\t\t\t\t\t\t\t<img loading=\"lazy\" decoding=\"async\" width=\"800\" height=\"600\" src=\"https:\/\/eve-go.com\/wp-content\/uploads\/2026\/01\/Demand-Side-Response.jpg\" class=\"attachment-large size-large wp-image-2625\" alt=\"\" srcset=\"https:\/\/eve-go.com\/wp-content\/uploads\/2026\/01\/Demand-Side-Response.jpg 800w, https:\/\/eve-go.com\/wp-content\/uploads\/2026\/01\/Demand-Side-Response-300x225.jpg 300w, https:\/\/eve-go.com\/wp-content\/uploads\/2026\/01\/Demand-Side-Response-768x576.jpg 768w, https:\/\/eve-go.com\/wp-content\/uploads\/2026\/01\/Demand-Side-Response-16x12.jpg 16w\" sizes=\"(max-width: 800px) 100vw, 800px\" \/>\t\t\t\t\t\t\t\t\t\t\t\t\t\t\t<\/div>\n\t\t\t\t<\/div>\n\t\t\t\t<div class=\"elementor-element elementor-element-4d44437 elementor-widget elementor-widget-heading\" data-id=\"4d44437\" data-element_type=\"widget\" data-e-type=\"widget\" data-widget_type=\"heading.default\">\n\t\t\t\t<div class=\"elementor-widget-container\">\n\t\t\t\t\t<p class=\"elementor-heading-title elementor-size-default\">Nachfrageseitige Reaktion<\/p>\t\t\t\t<\/div>\n\t\t\t\t<\/div>\n\t\t\t\t<\/div>\n\t\t<div class=\"elementor-element elementor-element-6151ebb e-con-full e-flex e-con e-child\" data-id=\"6151ebb\" data-element_type=\"container\" data-e-type=\"container\">\n\t\t\t\t<div class=\"elementor-element elementor-element-ba3bb34 elementor-widget elementor-widget-image\" data-id=\"ba3bb34\" data-element_type=\"widget\" data-e-type=\"widget\" data-widget_type=\"image.default\">\n\t\t\t\t<div class=\"elementor-widget-container\">\n\t\t\t\t\t\t\t\t\t\t\t\t\t\t\t<img loading=\"lazy\" decoding=\"async\" width=\"800\" height=\"600\" src=\"https:\/\/eve-go.com\/wp-content\/uploads\/2026\/01\/CPO.jpg\" class=\"attachment-large size-large wp-image-2624\" alt=\"\" srcset=\"https:\/\/eve-go.com\/wp-content\/uploads\/2026\/01\/CPO.jpg 800w, https:\/\/eve-go.com\/wp-content\/uploads\/2026\/01\/CPO-300x225.jpg 300w, https:\/\/eve-go.com\/wp-content\/uploads\/2026\/01\/CPO-768x576.jpg 768w, https:\/\/eve-go.com\/wp-content\/uploads\/2026\/01\/CPO-16x12.jpg 16w\" sizes=\"(max-width: 800px) 100vw, 800px\" \/>\t\t\t\t\t\t\t\t\t\t\t\t\t\t\t<\/div>\n\t\t\t\t<\/div>\n\t\t\t\t<div class=\"elementor-element elementor-element-35043a3 elementor-widget elementor-widget-heading\" data-id=\"35043a3\" data-element_type=\"widget\" data-e-type=\"widget\" data-widget_type=\"heading.default\">\n\t\t\t\t<div class=\"elementor-widget-container\">\n\t\t\t\t\t<p class=\"elementor-heading-title elementor-size-default\">CPO<\/p>\t\t\t\t<\/div>\n\t\t\t\t<\/div>\n\t\t\t\t<\/div>\n\t\t<div class=\"elementor-element elementor-element-aed9486 e-con-full e-flex e-con e-child\" data-id=\"aed9486\" data-element_type=\"container\" data-e-type=\"container\">\n\t\t\t\t<div class=\"elementor-element elementor-element-55a61d3 elementor-widget elementor-widget-image\" data-id=\"55a61d3\" data-element_type=\"widget\" data-e-type=\"widget\" data-widget_type=\"image.default\">\n\t\t\t\t<div class=\"elementor-widget-container\">\n\t\t\t\t\t\t\t\t\t\t\t\t\t\t\t<img loading=\"lazy\" decoding=\"async\" width=\"800\" height=\"600\" src=\"https:\/\/eve-go.com\/wp-content\/uploads\/2026\/01\/AC-Charging.png\" class=\"attachment-large size-large wp-image-2623\" alt=\"\" srcset=\"https:\/\/eve-go.com\/wp-content\/uploads\/2026\/01\/AC-Charging.png 800w, https:\/\/eve-go.com\/wp-content\/uploads\/2026\/01\/AC-Charging-300x225.png 300w, https:\/\/eve-go.com\/wp-content\/uploads\/2026\/01\/AC-Charging-768x576.png 768w, https:\/\/eve-go.com\/wp-content\/uploads\/2026\/01\/AC-Charging-16x12.png 16w\" sizes=\"(max-width: 800px) 100vw, 800px\" \/>\t\t\t\t\t\t\t\t\t\t\t\t\t\t\t<\/div>\n\t\t\t\t<\/div>\n\t\t\t\t<div class=\"elementor-element elementor-element-c9d4604 elementor-widget elementor-widget-heading\" data-id=\"c9d4604\" data-element_type=\"widget\" data-e-type=\"widget\" data-widget_type=\"heading.default\">\n\t\t\t\t<div class=\"elementor-widget-container\">\n\t\t\t\t\t<p class=\"elementor-heading-title elementor-size-default\">AC-Ladung<\/p>\t\t\t\t<\/div>\n\t\t\t\t<\/div>\n\t\t\t\t<\/div>\n\t\t<div class=\"elementor-element elementor-element-249d895 e-con-full e-flex e-con e-child\" data-id=\"249d895\" data-element_type=\"container\" data-e-type=\"container\">\n\t\t\t\t<div class=\"elementor-element elementor-element-409fd5a elementor-widget elementor-widget-image\" data-id=\"409fd5a\" data-element_type=\"widget\" data-e-type=\"widget\" data-widget_type=\"image.default\">\n\t\t\t\t<div class=\"elementor-widget-container\">\n\t\t\t\t\t\t\t\t\t\t\t\t\t\t\t<img loading=\"lazy\" decoding=\"async\" width=\"800\" height=\"600\" src=\"https:\/\/eve-go.com\/wp-content\/uploads\/2026\/01\/V2V.png\" class=\"attachment-large size-large wp-image-2622\" alt=\"\" srcset=\"https:\/\/eve-go.com\/wp-content\/uploads\/2026\/01\/V2V.png 800w, https:\/\/eve-go.com\/wp-content\/uploads\/2026\/01\/V2V-300x225.png 300w, https:\/\/eve-go.com\/wp-content\/uploads\/2026\/01\/V2V-768x576.png 768w, https:\/\/eve-go.com\/wp-content\/uploads\/2026\/01\/V2V-16x12.png 16w\" sizes=\"(max-width: 800px) 100vw, 800px\" \/>\t\t\t\t\t\t\t\t\t\t\t\t\t\t\t<\/div>\n\t\t\t\t<\/div>\n\t\t\t\t<div class=\"elementor-element elementor-element-60404c7 elementor-widget elementor-widget-heading\" data-id=\"60404c7\" data-element_type=\"widget\" data-e-type=\"widget\" data-widget_type=\"heading.default\">\n\t\t\t\t<div class=\"elementor-widget-container\">\n\t\t\t\t\t<p class=\"elementor-heading-title elementor-size-default\">V2V<\/p>\t\t\t\t<\/div>\n\t\t\t\t<\/div>\n\t\t\t\t<\/div>\n\t\t<div class=\"elementor-element elementor-element-06e99fb e-con-full e-flex e-con e-child\" data-id=\"06e99fb\" data-element_type=\"container\" data-e-type=\"container\">\n\t\t\t\t<div class=\"elementor-element elementor-element-7696aa5 elementor-widget elementor-widget-image\" data-id=\"7696aa5\" data-element_type=\"widget\" data-e-type=\"widget\" data-widget_type=\"image.default\">\n\t\t\t\t<div class=\"elementor-widget-container\">\n\t\t\t\t\t\t\t\t\t\t\t\t\t\t\t<img loading=\"lazy\" decoding=\"async\" width=\"800\" height=\"600\" src=\"https:\/\/eve-go.com\/wp-content\/uploads\/2026\/01\/V2L.jpg\" class=\"attachment-large size-large wp-image-2621\" alt=\"\" srcset=\"https:\/\/eve-go.com\/wp-content\/uploads\/2026\/01\/V2L.jpg 800w, https:\/\/eve-go.com\/wp-content\/uploads\/2026\/01\/V2L-300x225.jpg 300w, https:\/\/eve-go.com\/wp-content\/uploads\/2026\/01\/V2L-768x576.jpg 768w, https:\/\/eve-go.com\/wp-content\/uploads\/2026\/01\/V2L-16x12.jpg 16w\" sizes=\"(max-width: 800px) 100vw, 800px\" \/>\t\t\t\t\t\t\t\t\t\t\t\t\t\t\t<\/div>\n\t\t\t\t<\/div>\n\t\t\t\t<div class=\"elementor-element elementor-element-a4990d5 elementor-widget elementor-widget-heading\" data-id=\"a4990d5\" data-element_type=\"widget\" data-e-type=\"widget\" data-widget_type=\"heading.default\">\n\t\t\t\t<div class=\"elementor-widget-container\">\n\t\t\t\t\t<p class=\"elementor-heading-title elementor-size-default\">V2L<\/p>\t\t\t\t<\/div>\n\t\t\t\t<\/div>\n\t\t\t\t<\/div>\n\t\t<div class=\"elementor-element elementor-element-bb631ad e-con-full e-flex e-con e-child\" data-id=\"bb631ad\" data-element_type=\"container\" data-e-type=\"container\">\n\t\t\t\t<div class=\"elementor-element elementor-element-942e0ef elementor-widget elementor-widget-image\" data-id=\"942e0ef\" data-element_type=\"widget\" data-e-type=\"widget\" data-widget_type=\"image.default\">\n\t\t\t\t<div class=\"elementor-widget-container\">\n\t\t\t\t\t\t\t\t\t\t\t\t\t\t\t<img loading=\"lazy\" decoding=\"async\" width=\"800\" height=\"600\" src=\"https:\/\/eve-go.com\/wp-content\/uploads\/2026\/01\/V2H.png\" class=\"attachment-large size-large wp-image-2620\" alt=\"\" srcset=\"https:\/\/eve-go.com\/wp-content\/uploads\/2026\/01\/V2H.png 800w, https:\/\/eve-go.com\/wp-content\/uploads\/2026\/01\/V2H-300x225.png 300w, https:\/\/eve-go.com\/wp-content\/uploads\/2026\/01\/V2H-768x576.png 768w, https:\/\/eve-go.com\/wp-content\/uploads\/2026\/01\/V2H-16x12.png 16w\" sizes=\"(max-width: 800px) 100vw, 800px\" \/>\t\t\t\t\t\t\t\t\t\t\t\t\t\t\t<\/div>\n\t\t\t\t<\/div>\n\t\t\t\t<div class=\"elementor-element elementor-element-8a81929 elementor-widget elementor-widget-heading\" data-id=\"8a81929\" data-element_type=\"widget\" data-e-type=\"widget\" data-widget_type=\"heading.default\">\n\t\t\t\t<div class=\"elementor-widget-container\">\n\t\t\t\t\t<p class=\"elementor-heading-title elementor-size-default\">V2H<\/p>\t\t\t\t<\/div>\n\t\t\t\t<\/div>\n\t\t\t\t<\/div>\n\t\t\t\t\t<\/div>\n\t\t\t\t<\/div>\n\t\t\t\t<\/div>","protected":false},"excerpt":{"rendered":"<p>Vehicle-to-Grid (V2G) Core Definition V2G is an advanced form of bidirectional charging, specifically referring to the energy interaction between EVs and the public power grid. It is not just simple discharging but involves real-time communication between the vehicle and the grid dispatch center. Under grid instructions, vehicles act as distributed storage units participating in ancillary [&hellip;]<\/p>\n","protected":false},"author":1,"featured_media":0,"parent":0,"menu_order":0,"comment_status":"closed","ping_status":"closed","template":"","meta":{"content-type":"","site-sidebar-layout":"no-sidebar","site-content-layout":"page-builder","ast-site-content-layout":"full-width-container","site-content-style":"default","site-sidebar-style":"default","ast-global-header-display":"","ast-banner-title-visibility":"","ast-main-header-display":"","ast-hfb-above-header-display":"","ast-hfb-below-header-display":"","ast-hfb-mobile-header-display":"","site-post-title":"","ast-breadcrumbs-content":"","ast-featured-img":"disabled","footer-sml-layout":"","ast-disable-related-posts":"","theme-transparent-header-meta":"","adv-header-id-meta":"","stick-header-meta":"","header-above-stick-meta":"","header-main-stick-meta":"","header-below-stick-meta":"","astra-migrate-meta-layouts":"set","ast-page-background-enabled":"default","ast-page-background-meta":{"desktop":{"background-color":"","background-image":"","background-repeat":"repeat","background-position":"center center","background-size":"auto","background-attachment":"scroll","background-type":"","background-media":"","overlay-type":"","overlay-color":"","overlay-opacity":"","overlay-gradient":""},"tablet":{"background-color":"","background-image":"","background-repeat":"repeat","background-position":"center center","background-size":"auto","background-attachment":"scroll","background-type":"","background-media":"","overlay-type":"","overlay-color":"","overlay-opacity":"","overlay-gradient":""},"mobile":{"background-color":"","background-image":"","background-repeat":"repeat","background-position":"center center","background-size":"auto","background-attachment":"scroll","background-type":"","background-media":"","overlay-type":"","overlay-color":"","overlay-opacity":"","overlay-gradient":""}},"ast-content-background-meta":{"desktop":{"background-color":"var(--ast-global-color-5)","background-image":"","background-repeat":"repeat","background-position":"center center","background-size":"auto","background-attachment":"scroll","background-type":"","background-media":"","overlay-type":"","overlay-color":"","overlay-opacity":"","overlay-gradient":""},"tablet":{"background-color":"var(--ast-global-color-5)","background-image":"","background-repeat":"repeat","background-position":"center center","background-size":"auto","background-attachment":"scroll","background-type":"","background-media":"","overlay-type":"","overlay-color":"","overlay-opacity":"","overlay-gradient":""},"mobile":{"background-color":"var(--ast-global-color-5)","background-image":"","background-repeat":"repeat","background-position":"center center","background-size":"auto","background-attachment":"scroll","background-type":"","background-media":"","overlay-type":"","overlay-color":"","overlay-opacity":"","overlay-gradient":""}},"footnotes":""},"class_list":["post-5123","page","type-page","status-publish","hentry"],"_links":{"self":[{"href":"https:\/\/eve-go.com\/de\/wp-json\/wp\/v2\/pages\/5123","targetHints":{"allow":["GET"]}}],"collection":[{"href":"https:\/\/eve-go.com\/de\/wp-json\/wp\/v2\/pages"}],"about":[{"href":"https:\/\/eve-go.com\/de\/wp-json\/wp\/v2\/types\/page"}],"author":[{"embeddable":true,"href":"https:\/\/eve-go.com\/de\/wp-json\/wp\/v2\/users\/1"}],"replies":[{"embeddable":true,"href":"https:\/\/eve-go.com\/de\/wp-json\/wp\/v2\/comments?post=5123"}],"version-history":[{"count":4,"href":"https:\/\/eve-go.com\/de\/wp-json\/wp\/v2\/pages\/5123\/revisions"}],"predecessor-version":[{"id":5266,"href":"https:\/\/eve-go.com\/de\/wp-json\/wp\/v2\/pages\/5123\/revisions\/5266"}],"wp:attachment":[{"href":"https:\/\/eve-go.com\/de\/wp-json\/wp\/v2\/media?parent=5123"}],"curies":[{"name":"wp","href":"https:\/\/api.w.org\/{rel}","templated":true}]}}