{"id":4570,"date":"2026-02-25T01:13:15","date_gmt":"2026-02-25T01:13:15","guid":{"rendered":"https:\/\/allevcharging.com\/?page_id=4570"},"modified":"2026-02-25T13:26:07","modified_gmt":"2026-02-25T13:26:07","slug":"fa120-240kw-gn3","status":"publish","type":"page","link":"https:\/\/eve-go.com\/de\/fa120-240kw-gn3\/","title":{"rendered":"FA120 240KW GN3"},"content":{"rendered":"<div data-elementor-type=\"wp-page\" data-elementor-id=\"4570\" class=\"elementor elementor-4570\" data-elementor-post-type=\"page\">\n\t\t\t\t<div class=\"elementor-element elementor-element-870c2c4 e-flex e-con-boxed e-con e-parent\" data-id=\"870c2c4\" data-element_type=\"container\" data-e-type=\"container\">\n\t\t\t\t\t<div class=\"e-con-inner\">\n\t\t<div class=\"elementor-element elementor-element-13a8e57 e-con-full e-flex e-con e-child\" data-id=\"13a8e57\" data-element_type=\"container\" data-e-type=\"container\">\n\t\t\t\t<div class=\"elementor-element elementor-element-63883af elementor-widget elementor-widget-image\" data-id=\"63883af\" data-element_type=\"widget\" data-e-type=\"widget\" data-widget_type=\"image.default\">\n\t\t\t\t<div class=\"elementor-widget-container\">\n\t\t\t\t\t\t\t\t\t\t\t\t\t\t\t<img fetchpriority=\"high\" decoding=\"async\" width=\"560\" height=\"766\" src=\"https:\/\/eve-go.com\/wp-content\/uploads\/2026\/02\/4590569c-4124-4858-b9cc-26c1fa891277.png\" class=\"attachment-large size-large wp-image-4484\" alt=\"\" srcset=\"https:\/\/eve-go.com\/wp-content\/uploads\/2026\/02\/4590569c-4124-4858-b9cc-26c1fa891277.png 560w, https:\/\/eve-go.com\/wp-content\/uploads\/2026\/02\/4590569c-4124-4858-b9cc-26c1fa891277-219x300.png 219w, https:\/\/eve-go.com\/wp-content\/uploads\/2026\/02\/4590569c-4124-4858-b9cc-26c1fa891277-9x12.png 9w\" sizes=\"(max-width: 560px) 100vw, 560px\" \/>\t\t\t\t\t\t\t\t\t\t\t\t\t\t\t<\/div>\n\t\t\t\t<\/div>\n\t\t\t\t<\/div>\n\t\t<div class=\"elementor-element elementor-element-07729d0 e-con-full e-flex e-con e-child\" data-id=\"07729d0\" data-element_type=\"container\" data-e-type=\"container\">\n\t\t\t\t<div class=\"elementor-element elementor-element-ed2397b elementor-widget elementor-widget-heading\" data-id=\"ed2397b\" data-element_type=\"widget\" data-e-type=\"widget\" data-widget_type=\"heading.default\">\n\t\t\t\t<div class=\"elementor-widget-container\">\n\t\t\t\t\t<h2 class=\"elementor-heading-title elementor-size-default\">DC-Werbe-Schnellladeger\u00e4t - 120-240kW<\/h2>\t\t\t\t<\/div>\n\t\t\t\t<\/div>\n\t\t\t\t<div class=\"elementor-element elementor-element-ddb36fb elementor-icon-list--layout-traditional elementor-list-item-link-full_width elementor-widget elementor-widget-icon-list\" data-id=\"ddb36fb\" data-element_type=\"widget\" data-e-type=\"widget\" data-widget_type=\"icon-list.default\">\n\t\t\t\t<div class=\"elementor-widget-container\">\n\t\t\t\t\t\t\t<ul class=\"elementor-icon-list-items\">\n\t\t\t\t\t\t\t<li class=\"elementor-icon-list-item\">\n\t\t\t\t\t\t\t\t\t\t<span class=\"elementor-icon-list-text\">- Der 55''-Werbebildschirm generiert w\u00e4hrend des Ladevorgangs Einnahmen.<\/span>\n\t\t\t\t\t\t\t\t\t<\/li>\n\t\t\t\t\t\t\t\t<li class=\"elementor-icon-list-item\">\n\t\t\t\t\t\t\t\t\t\t<span class=\"elementor-icon-list-text\">- Ein Ger\u00e4t, doppelter Nutzen - Steigerung des Werts der Website und des ROI.<\/span>\n\t\t\t\t\t\t\t\t\t<\/li>\n\t\t\t\t\t\t<\/ul>\n\t\t\t\t\t\t<\/div>\n\t\t\t\t<\/div>\n\t\t\t\t<div class=\"elementor-element elementor-element-c2d6759 elementor-widget elementor-widget-image\" data-id=\"c2d6759\" data-element_type=\"widget\" data-e-type=\"widget\" data-widget_type=\"image.default\">\n\t\t\t\t<div class=\"elementor-widget-container\">\n\t\t\t\t\t\t\t\t\t\t\t\t\t\t\t<img decoding=\"async\" width=\"188\" height=\"55\" src=\"https:\/\/eve-go.com\/wp-content\/uploads\/2026\/02\/ice.png\" class=\"attachment-large size-large wp-image-4574\" alt=\"\" srcset=\"https:\/\/eve-go.com\/wp-content\/uploads\/2026\/02\/ice.png 188w, https:\/\/eve-go.com\/wp-content\/uploads\/2026\/02\/ice-18x5.png 18w\" sizes=\"(max-width: 188px) 100vw, 188px\" \/>\t\t\t\t\t\t\t\t\t\t\t\t\t\t\t<\/div>\n\t\t\t\t<\/div>\n\t\t\t\t<\/div>\n\t\t\t\t\t<\/div>\n\t\t\t\t<\/div>\n\t\t<div class=\"elementor-element elementor-element-3834348 e-flex e-con-boxed e-con e-parent\" data-id=\"3834348\" data-element_type=\"container\" data-e-type=\"container\">\n\t\t\t\t\t<div class=\"e-con-inner\">\n\t\t\t\t<div class=\"elementor-element elementor-element-25c1acf elementor-widget elementor-widget-heading\" data-id=\"25c1acf\" data-element_type=\"widget\" data-e-type=\"widget\" data-widget_type=\"heading.default\">\n\t\t\t\t<div class=\"elementor-widget-container\">\n\t\t\t\t\t<h2 class=\"elementor-heading-title elementor-size-default\">PRODUKTPARAMETER<\/h2>\t\t\t\t<\/div>\n\t\t\t\t<\/div>\n\t\t\t\t<div class=\"elementor-element elementor-element-9922332 elementor-widget elementor-widget-heading\" data-id=\"9922332\" data-element_type=\"widget\" data-e-type=\"widget\" data-widget_type=\"heading.default\">\n\t\t\t\t<div class=\"elementor-widget-container\">\n\t\t\t\t\t<h3 class=\"elementor-heading-title elementor-size-default\">DC-Werbe-Schnellladeger\u00e4t - 120-240kW<\/h3>\t\t\t\t<\/div>\n\t\t\t\t<\/div>\n\t\t\t\t<div class=\"elementor-element elementor-element-254c968 elementor-widget elementor-widget-html\" data-id=\"254c968\" data-element_type=\"widget\" data-e-type=\"widget\" data-widget_type=\"html.default\">\n\t\t\t\t<div class=\"elementor-widget-container\">\n\t\t\t\t\t<table border=\"1\" cellspacing=\"0\" cellpadding=\"5\" class=\"responsive-table\" style=\"width:100%; max-width:1200px; border-collapse:collapse; text-align:center;\">\r\n    <thead class=\"table-header\">\r\n        <tr>\r\n            <th>Modell<\/th>\r\n            <th>EVEGO--Charger30K-GBT-V1.0<\/th>\r\n            <th>EVEGO-Ladeger\u00e4t30K-GBT-V1.0<\/th>\r\n            <th>EVEGO-Ladeger\u00e4t30K-GBT-V1.0<\/th>\r\n        <\/tr>\r\n    <\/thead>\r\n    <tbody>\r\n        <tr>\r\n            <td colspan=\"4\" style=\"text-align:left;\"><strong>Spezifikation Parameter<\/strong><\/td>\r\n        <\/tr>\r\n        <tr>\r\n            <td>Eingang Stromversorgung<\/td>\r\n            <td colspan=\"3\">L1+L2+PE<\/td>\r\n        <\/tr>\r\n        <tr>\r\n            <td>Netzstecker<\/td>\r\n            <td colspan=\"3\">Festverdrahtung<\/td>\r\n        <\/tr>\r\n        <tr>\r\n            <td>Eingangsspannung<\/td>\r\n            <td colspan=\"3\">400V\/AC \u00b115%<\/td>\r\n        <\/tr>\r\n        <tr>\r\n            <td>Frequenz<\/td>\r\n            <td colspan=\"3\">50\/60HZ<\/td>\r\n        <\/tr>\r\n        <tr>\r\n            <td>Wirkungsgrad<\/td>\r\n            <td colspan=\"3\">\u226595%<\/td>\r\n        <\/tr>\r\n        <tr>\r\n            <td>Ausgangsspannung<\/td>\r\n            <td colspan=\"3\">200~1000V<\/td>\r\n        <\/tr>\r\n        <tr>\r\n            <td>MAX Ausgangsstrom<\/td>\r\n            <td>0<\/td>\r\n            <td>1<\/td>\r\n            <td>80A<\/td>\r\n        <\/tr>\r\n        <tr>\r\n            <td>MAX Ausgangsleistung<\/td>\r\n            <td>14kW<\/td>\r\n            <td>21kW<\/td>\r\n            <td>28kW<\/td>\r\n        <\/tr>\r\n        <tr>\r\n            <td>Ladeger\u00e4t-Anschluss<\/td>\r\n            <td colspan=\"3\">CCS1\/CCS2\/GBT\/CHAdeMO\/NACS<\/td>\r\n        <\/tr>\r\n        <tr>\r\n            <td>LED-Anzeige<\/td>\r\n            <td colspan=\"3\">RGB-LED<\/td>\r\n        <\/tr>\r\n        <tr>\r\n            <td>Anzeige<\/td>\r\n            <td colspan=\"3\">7-Zoll-LCD-Bildschirm, IP54<\/td>\r\n        <\/tr>\r\n        <tr>\r\n            <td>L\u00e4nge des Kabels<\/td>\r\n            <td colspan=\"3\">5M (kundenspezifische Anpassung m\u00f6glich)<\/td>\r\n        <\/tr>\r\n        <tr>\r\n            <td>NOT-AUS-Taste<\/td>\r\n            <td colspan=\"3\">Ja<\/td>\r\n        <\/tr>\r\n        <tr>\r\n            <td>Start-Modus<\/td>\r\n            <td colspan=\"3\">RFID-Karte \/ Scan-Code<\/td>\r\n        <\/tr>\r\n        <tr>\r\n            <td>OCPP<\/td>\r\n            <td colspan=\"3\">OCPP 1.6J<\/td>\r\n        <\/tr>\r\n        <tr>\r\n            <td>RFID<\/td>\r\n            <td colspan=\"3\">Mifare ISO\/IEC14443A (fakultativ)<\/td>\r\n        <\/tr>\r\n        <tr>\r\n            <td>Kommunikation<\/td>\r\n            <td colspan=\"3\">WIFI\/4G\/RJ45<\/td>\r\n        <\/tr>\r\n        <tr>\r\n            <td>Einbauverfahren<\/td>\r\n            <td colspan=\"3\">Wandhalterung<\/td>\r\n        <\/tr>\r\n        <tr>\r\n            <td>Material des Geh\u00e4uses<\/td>\r\n            <td colspan=\"3\">Verzinkter Stahl<\/td>\r\n        <\/tr>\r\n        <tr>\r\n            <td>Material der Kabel<\/td>\r\n            <td colspan=\"3\">TPU<\/td>\r\n        <\/tr>\r\n        <tr>\r\n            <td>Energiemessger\u00e4t<\/td>\r\n            <td colspan=\"3\">Intelligenter Z\u00e4hler<\/td>\r\n        <\/tr>\r\n        <tr>\r\n            <td>RCD<\/td>\r\n            <td colspan=\"3\">Typ A+B AC30mA+DC6mA<\/td>\r\n        <\/tr>\r\n        <tr>\r\n            <td>Schutzklasse<\/td>\r\n            <td colspan=\"3\">IP55<\/td>\r\n        <\/tr>\r\n        <tr>\r\n            <td>Aufprallschutz<\/td>\r\n            <td colspan=\"3\">IK10<\/td>\r\n        <\/tr>\r\n        <tr>\r\n            <td>Elektrischer Schutz<\/td>\r\n            <td colspan=\"3\">\u00dcberstrom-, Kurzschluss-, Erdungs-, \u00dcberspannungs-, \u00dcber-\/Unterspannungs-, \u00dcber-\/Unterfrequenz- und \u00dcber-\/Untertemperaturschutz<\/td>\r\n        <\/tr>\r\n        <tr>\r\n            <td>Standby-Leistung<\/td>\r\n            <td colspan=\"3\">&lt;8W<\/td>\r\n        <\/tr>\r\n        <tr>\r\n            <td>Standard<\/td>\r\n            <td colspan=\"3\">\r\n                Sicherheit: UL 2202, UL 2594, UL 2231-1, UL 2231-2, UL 2251, UL 62368-1;<br>\r\n                Schnittstellen: SAE J1772, CCS1, ISO 15118-1, ISO 15118-2, DIN 70121;<br>\r\n                EMC &amp; Funk: FCC Teil 15 Unterabschnitt B;<br>\r\n                Geh\u00e4use und Materialien: NEMA 3R, NEMA 4, NEMA 4X, UL 94;<br>\r\n                Installation: NEC Artikel 625\r\n            <\/td>\r\n        <\/tr>\r\n        <tr>\r\n            <td>Garantie<\/td>\r\n            <td colspan=\"3\">2 Jahre<\/td>\r\n        <\/tr>\r\n        <tr>\r\n            <td>Zertifizierung<\/td>\r\n            <td colspan=\"3\">TUV CE, RoHS, ETL<\/td>\r\n        <\/tr>\r\n        <tr>\r\n            <td>K\u00fchlung<\/td>\r\n            <td colspan=\"3\">L\u00fcfter-K\u00fchlung<\/td>\r\n        <\/tr>\r\n        <tr>\r\n            <td>L\u00e4rm<\/td>\r\n            <td colspan=\"3\">\u226460dB<\/td>\r\n        <\/tr>\r\n        <tr>\r\n            <td>Arbeitstemperatur<\/td>\r\n            <td colspan=\"3\">-25\u2103~+60\u2103<\/td>\r\n        <\/tr>\r\n        <tr>\r\n            <td>Arbeit Luftfeuchtigkeit<\/td>\r\n            <td colspan=\"3\">5%~95%<\/td>\r\n        <\/tr>\r\n        <tr>\r\n            <td>Arbeitsh\u00f6he<\/td>\r\n            <td colspan=\"3\">&lt;2000M<\/td>\r\n        <\/tr>\r\n    <\/tbody>\r\n<\/table>\t\t\t\t<\/div>\n\t\t\t\t<\/div>\n\t\t\t\t\t<\/div>\n\t\t\t\t<\/div>\n\t\t\t\t<\/div>","protected":false},"excerpt":{"rendered":"<p>DC Advertising Fast Charger &#8211; 120-240kW &#8211; 55&#8221; advertising screen generates revenue while charging. &#8211; One unit, dual benefits \u2014 boosting site value and ROI. PRODUCT PARAMETERS DC Advertising Fast Charger &#8211; 120-240kW Model EVEGO&#8211;Charger30K-GBT-V1.0 EVEGO-Charger30K-GBT-V1.0 EVEGO-Charger30K-GBT-V1.0 Specification Parameter Input Power Supply L1+L2+PE Power Plug Hardwiring Input Voltage 400V\/AC \u00b115% Frequency 50\/60HZ Efficiency \u226595% Output [&hellip;]<\/p>\n","protected":false},"author":1,"featured_media":0,"parent":0,"menu_order":0,"comment_status":"closed","ping_status":"closed","template":"","meta":{"content-type":"","site-sidebar-layout":"no-sidebar","site-content-layout":"page-builder","ast-site-content-layout":"full-width-container","site-content-style":"default","site-sidebar-style":"default","ast-global-header-display":"","ast-banner-title-visibility":"","ast-main-header-display":"","ast-hfb-above-header-display":"","ast-hfb-below-header-display":"","ast-hfb-mobile-header-display":"","site-post-title":"","ast-breadcrumbs-content":"","ast-featured-img":"disabled","footer-sml-layout":"","ast-disable-related-posts":"","theme-transparent-header-meta":"","adv-header-id-meta":"","stick-header-meta":"","header-above-stick-meta":"","header-main-stick-meta":"","header-below-stick-meta":"","astra-migrate-meta-layouts":"set","ast-page-background-enabled":"default","ast-page-background-meta":{"desktop":{"background-color":"","background-image":"","background-repeat":"repeat","background-position":"center center","background-size":"auto","background-attachment":"scroll","background-type":"","background-media":"","overlay-type":"","overlay-color":"","overlay-opacity":"","overlay-gradient":""},"tablet":{"background-color":"","background-image":"","background-repeat":"repeat","background-position":"center center","background-size":"auto","background-attachment":"scroll","background-type":"","background-media":"","overlay-type":"","overlay-color":"","overlay-opacity":"","overlay-gradient":""},"mobile":{"background-color":"","background-image":"","background-repeat":"repeat","background-position":"center center","background-size":"auto","background-attachment":"scroll","background-type":"","background-media":"","overlay-type":"","overlay-color":"","overlay-opacity":"","overlay-gradient":""}},"ast-content-background-meta":{"desktop":{"background-color":"var(--ast-global-color-5)","background-image":"","background-repeat":"repeat","background-position":"center center","background-size":"auto","background-attachment":"scroll","background-type":"","background-media":"","overlay-type":"","overlay-color":"","overlay-opacity":"","overlay-gradient":""},"tablet":{"background-color":"var(--ast-global-color-5)","background-image":"","background-repeat":"repeat","background-position":"center center","background-size":"auto","background-attachment":"scroll","background-type":"","background-media":"","overlay-type":"","overlay-color":"","overlay-opacity":"","overlay-gradient":""},"mobile":{"background-color":"var(--ast-global-color-5)","background-image":"","background-repeat":"repeat","background-position":"center center","background-size":"auto","background-attachment":"scroll","background-type":"","background-media":"","overlay-type":"","overlay-color":"","overlay-opacity":"","overlay-gradient":""}},"footnotes":""},"class_list":["post-4570","page","type-page","status-publish","hentry"],"_links":{"self":[{"href":"https:\/\/eve-go.com\/de\/wp-json\/wp\/v2\/pages\/4570","targetHints":{"allow":["GET"]}}],"collection":[{"href":"https:\/\/eve-go.com\/de\/wp-json\/wp\/v2\/pages"}],"about":[{"href":"https:\/\/eve-go.com\/de\/wp-json\/wp\/v2\/types\/page"}],"author":[{"embeddable":true,"href":"https:\/\/eve-go.com\/de\/wp-json\/wp\/v2\/users\/1"}],"replies":[{"embeddable":true,"href":"https:\/\/eve-go.com\/de\/wp-json\/wp\/v2\/comments?post=4570"}],"version-history":[{"count":31,"href":"https:\/\/eve-go.com\/de\/wp-json\/wp\/v2\/pages\/4570\/revisions"}],"predecessor-version":[{"id":5038,"href":"https:\/\/eve-go.com\/de\/wp-json\/wp\/v2\/pages\/4570\/revisions\/5038"}],"wp:attachment":[{"href":"https:\/\/eve-go.com\/de\/wp-json\/wp\/v2\/media?parent=4570"}],"curies":[{"name":"wp","href":"https:\/\/api.w.org\/{rel}","templated":true}]}}