{"id":4556,"date":"2026-02-25T01:12:43","date_gmt":"2026-02-25T01:12:43","guid":{"rendered":"https:\/\/allevcharging.com\/?page_id=4556"},"modified":"2026-04-04T02:37:47","modified_gmt":"2026-04-04T02:37:47","slug":"20-30-40kw-gn3","status":"publish","type":"page","link":"https:\/\/eve-go.com\/de\/20-30-40kw-gn3\/","title":{"rendered":"20 30 40kW GN3"},"content":{"rendered":"<div data-elementor-type=\"wp-page\" data-elementor-id=\"4556\" class=\"elementor elementor-4556\" data-elementor-post-type=\"page\">\n\t\t\t\t<div class=\"elementor-element elementor-element-a96c82b e-flex e-con-boxed e-con e-parent\" data-id=\"a96c82b\" data-element_type=\"container\" data-e-type=\"container\">\n\t\t\t\t\t<div class=\"e-con-inner\">\n\t\t<div class=\"elementor-element elementor-element-2d9fd56 e-con-full e-flex e-con e-child\" data-id=\"2d9fd56\" data-element_type=\"container\" data-e-type=\"container\">\n\t\t\t\t<div class=\"elementor-element elementor-element-57620d9 elementor-widget elementor-widget-image\" data-id=\"57620d9\" data-element_type=\"widget\" data-e-type=\"widget\" data-widget_type=\"image.default\">\n\t\t\t\t<div class=\"elementor-widget-container\">\n\t\t\t\t\t\t\t\t\t\t\t\t\t\t\t<img fetchpriority=\"high\" decoding=\"async\" width=\"556\" height=\"765\" src=\"https:\/\/eve-go.com\/wp-content\/uploads\/2026\/02\/2c5e08a3-1e7b-4287-880b-ac9c0bcb1649.png\" class=\"attachment-large size-large wp-image-4496\" alt=\"\" srcset=\"https:\/\/eve-go.com\/wp-content\/uploads\/2026\/02\/2c5e08a3-1e7b-4287-880b-ac9c0bcb1649.png 556w, https:\/\/eve-go.com\/wp-content\/uploads\/2026\/02\/2c5e08a3-1e7b-4287-880b-ac9c0bcb1649-218x300.png 218w, https:\/\/eve-go.com\/wp-content\/uploads\/2026\/02\/2c5e08a3-1e7b-4287-880b-ac9c0bcb1649-9x12.png 9w\" sizes=\"(max-width: 556px) 100vw, 556px\" \/>\t\t\t\t\t\t\t\t\t\t\t\t\t\t\t<\/div>\n\t\t\t\t<\/div>\n\t\t\t\t<\/div>\n\t\t<div class=\"elementor-element elementor-element-e754797 e-con-full e-flex e-con e-child\" data-id=\"e754797\" data-element_type=\"container\" data-e-type=\"container\">\n\t\t\t\t<div class=\"elementor-element elementor-element-e0ab786 elementor-widget elementor-widget-heading\" data-id=\"e0ab786\" data-element_type=\"widget\" data-e-type=\"widget\" data-widget_type=\"heading.default\">\n\t\t\t\t<div class=\"elementor-widget-container\">\n\t\t\t\t\t<h2 class=\"elementor-heading-title elementor-size-default\">DC-Schnellladeger\u00e4t-20\/30\/40kW<\/h2>\t\t\t\t<\/div>\n\t\t\t\t<\/div>\n\t\t\t\t<div class=\"elementor-element elementor-element-bc48117 elementor-icon-list--layout-traditional elementor-list-item-link-full_width elementor-widget elementor-widget-icon-list\" data-id=\"bc48117\" data-element_type=\"widget\" data-e-type=\"widget\" data-widget_type=\"icon-list.default\">\n\t\t\t\t<div class=\"elementor-widget-container\">\n\t\t\t\t\t\t\t<ul class=\"elementor-icon-list-items\">\n\t\t\t\t\t\t\t<li class=\"elementor-icon-list-item\">\n\t\t\t\t\t\t\t\t\t\t<span class=\"elementor-icon-list-text\">Kompatibilit\u00e4t mit dem nordamerikanischen Stromnetz Speziell f\u00fcr das nordamerikanische 240-Volt-Split-Phasen-Stromsystem entwickelt, das den UL 2202, UL 2594 und den NEC-Installationsvorschriften entspricht. Entwickelt f\u00fcr die nahtlose Integration in Standard-Schalttafeln f\u00fcr Gewerbe- und Wohngeb\u00e4ude, die in den USA und Kanada zu finden sind. Kein R\u00e4tselraten mehr bei der Beschaffung von markt\u00fcbergreifender Hardware - ein Ger\u00e4t, das von Anfang an f\u00fcr die lokalen Netzanforderungen ausgelegt ist.<\/span>\n\t\t\t\t\t\t\t\t\t<\/li>\n\t\t\t\t\t\t\t\t<li class=\"elementor-icon-list-item\">\n\t\t\t\t\t\t\t\t\t\t\t<span class=\"elementor-icon-list-icon\">\n\t\t\t\t\t\t\t<i aria-hidden=\"true\" class=\"fas fa-check\"><\/i>\t\t\t\t\t\t<\/span>\n\t\t\t\t\t\t\t\t\t\t<span class=\"elementor-icon-list-text\"> Schnelleres Laden Liefert einen leistungsstarken Gleichstromausgang, der die Ausfallzeiten des Fahrzeugs im Vergleich zu AC-Alternativen der Stufe 2 erheblich reduziert. Die fortschrittliche Energieumwandlungstechnologie sorgt f\u00fcr einen Spitzenwirkungsgrad von mehr als 95%, so dass die maximale Energie mit minimalem Verlust an die Fahrzeugbatterie abgegeben wird. Ob f\u00fcr eine kommerzielle Flotte oder eine \u00f6ffentliche Ladestation, die Fahrer verbringen weniger Zeit mit Warten und mehr Zeit auf der Stra\u00dfe.<\/span>\n\t\t\t\t\t\t\t\t\t<\/li>\n\t\t\t\t\t\t\t\t<li class=\"elementor-icon-list-item\">\n\t\t\t\t\t\t\t\t\t\t\t<span class=\"elementor-icon-list-icon\">\n\t\t\t\t\t\t\t<i aria-hidden=\"true\" class=\"fas fa-check\"><\/i>\t\t\t\t\t\t<\/span>\n\t\t\t\t\t\t\t\t\t\t<span class=\"elementor-icon-list-text\">Plug-and-Play Wird vorkonfiguriert und betriebsbereit geliefert - minimale Einrichtung vor Ort, kein komplexer Inbetriebnahmeprozess. Dank integrierter OCPP-Konnektivit\u00e4t, vorinstallierter Firmware und automatischer Erkennung von Anschlusstypen kann das Ger\u00e4t innerhalb weniger Stunden nach der Installation in Betrieb genommen werden. Reduziert <\/span>\n\t\t\t\t\t\t\t\t\t<\/li>\n\t\t\t\t\t\t<\/ul>\n\t\t\t\t\t\t<\/div>\n\t\t\t\t<\/div>\n\t\t\t\t<div class=\"elementor-element elementor-element-1a7bde8 elementor-widget elementor-widget-image\" data-id=\"1a7bde8\" data-element_type=\"widget\" data-e-type=\"widget\" data-widget_type=\"image.default\">\n\t\t\t\t<div class=\"elementor-widget-container\">\n\t\t\t\t\t\t\t\t\t\t\t\t\t\t\t<img decoding=\"async\" width=\"188\" height=\"55\" src=\"https:\/\/eve-go.com\/wp-content\/uploads\/2026\/02\/ice.png\" class=\"attachment-large size-large wp-image-4574\" alt=\"\" srcset=\"https:\/\/eve-go.com\/wp-content\/uploads\/2026\/02\/ice.png 188w, https:\/\/eve-go.com\/wp-content\/uploads\/2026\/02\/ice-18x5.png 18w\" sizes=\"(max-width: 188px) 100vw, 188px\" \/>\t\t\t\t\t\t\t\t\t\t\t\t\t\t\t<\/div>\n\t\t\t\t<\/div>\n\t\t\t\t<\/div>\n\t\t\t\t\t<\/div>\n\t\t\t\t<\/div>\n\t\t<div class=\"elementor-element elementor-element-679db4d e-flex e-con-boxed e-con e-parent\" data-id=\"679db4d\" data-element_type=\"container\" data-e-type=\"container\">\n\t\t\t\t\t<div class=\"e-con-inner\">\n\t\t\t\t<div class=\"elementor-element elementor-element-df11a92 elementor-widget elementor-widget-heading\" data-id=\"df11a92\" data-element_type=\"widget\" data-e-type=\"widget\" data-widget_type=\"heading.default\">\n\t\t\t\t<div class=\"elementor-widget-container\">\n\t\t\t\t\t<h2 class=\"elementor-heading-title elementor-size-default\">PRODUKTPARAMETER<\/h2>\t\t\t\t<\/div>\n\t\t\t\t<\/div>\n\t\t\t\t<div class=\"elementor-element elementor-element-503aea5 elementor-widget elementor-widget-heading\" data-id=\"503aea5\" data-element_type=\"widget\" data-e-type=\"widget\" data-widget_type=\"heading.default\">\n\t\t\t\t<div class=\"elementor-widget-container\">\n\t\t\t\t\t<h3 class=\"elementor-heading-title elementor-size-default\">US DC-Schnellladeger\u00e4t - 20\/30\/40kW<\/h3>\t\t\t\t<\/div>\n\t\t\t\t<\/div>\n\t\t\t\t<div class=\"elementor-element elementor-element-1ba8476 elementor-widget elementor-widget-html\" data-id=\"1ba8476\" data-element_type=\"widget\" data-e-type=\"widget\" data-widget_type=\"html.default\">\n\t\t\t\t<div class=\"elementor-widget-container\">\n\t\t\t\t\t<table border=\"1\" cellspacing=\"0\" cellpadding=\"5\" style=\"width:100%; max-width:1200px; border-collapse:collapse; text-align:center;\">\r\n    <thead class=\"table-header\">\r\n        <tr>\r\n            <th>Modell<\/th>\r\n            <th>EVE-M20S-GN3<\/th>\r\n            <th>EVE-M30S-GN3<\/th>\r\n            <th>EVE-M40S-GN3<\/th>\r\n        <\/tr>\r\n    <\/thead>\r\n    <tbody>\r\n        <tr>\r\n            <td colspan=\"4\" style=\"text-align:left;\"><strong>Spezifikation Parameter<\/strong><\/td>\r\n        <\/tr>\r\n\r\n        <!-- Input -->\r\n        <tr>\r\n            <td>Stromversorgung<\/td>\r\n            <td colspan=\"3\">L1+L2+L3+N+PE<\/td>\r\n        <\/tr>\r\n        <tr>\r\n            <td>Netzstecker<\/td>\r\n            <td colspan=\"3\">Festverdrahtung<\/td>\r\n        <\/tr>\r\n        <tr>\r\n            <td>Eingangsspannung<\/td>\r\n            <td colspan=\"3\">480VAC \u00b1 10%<\/td>\r\n        <\/tr>\r\n        <tr>\r\n            <td>Frequenz<\/td>\r\n            <td colspan=\"3\">50\/60HZ<\/td>\r\n        <\/tr>\r\n        <tr>\r\n            <td>Wirkungsgrad<\/td>\r\n            <td colspan=\"3\">\u226595%<\/td>\r\n        <\/tr>\r\n\r\n        <!-- Output -->\r\n        <tr>\r\n            <td>Ausgangsspannung<\/td>\r\n            <td colspan=\"3\">200~1000V<\/td>\r\n        <\/tr>\r\n        <tr>\r\n            <td>MAX Ausgangsstrom<\/td>\r\n            <td>67A<\/td>\r\n            <td>100A<\/td>\r\n            <td>133A<\/td>\r\n        <\/tr>\r\n        <tr>\r\n            <td>MAX Ausgangsleistung<\/td>\r\n            <td>20kW<\/td>\r\n            <td>30kW<\/td>\r\n            <td>40kW<\/td>\r\n        <\/tr>\r\n\r\n        <!-- Product Features -->\r\n        <tr>\r\n            <td>Ladeger\u00e4t-Anschluss<\/td>\r\n            <td colspan=\"3\">CCS1\/CCS2\/GBT\/CHAdeMO\/NACS<\/td>\r\n        <\/tr>\r\n        <tr>\r\n            <td>LED-Anzeige<\/td>\r\n            <td colspan=\"3\">RGB-LED<\/td>\r\n        <\/tr>\r\n        <tr>\r\n            <td>Anzeige<\/td>\r\n            <td colspan=\"3\">4,3-Zoll-Touchscreen<\/td>\r\n        <\/tr>\r\n        <tr>\r\n            <td>L\u00e4nge des Kabels<\/td>\r\n            <td colspan=\"3\">5M (kundenspezifische Anpassung m\u00f6glich)<\/td>\r\n        <\/tr>\r\n        <tr>\r\n            <td>NOT-AUS-Taste<\/td>\r\n            <td colspan=\"3\">Ja<\/td>\r\n        <\/tr>\r\n        <tr>\r\n            <td>Start-Modus<\/td>\r\n            <td colspan=\"3\">VIN\/MAC-Adresse Plug&amp;Play \/ APP \/ RFID \/ OCPP<\/td>\r\n        <\/tr>\r\n        <tr>\r\n            <td>OCPP<\/td>\r\n            <td colspan=\"3\">OCPP 1.6J<\/td>\r\n        <\/tr>\r\n        <tr>\r\n            <td>RFID<\/td>\r\n            <td colspan=\"3\">Mifare ISO\/IEC14443A (fakultativ)<\/td>\r\n        <\/tr>\r\n        <tr>\r\n            <td>Kommunikation<\/td>\r\n            <td colspan=\"3\">WLAN \/ 4G \/ RJ45<\/td>\r\n        <\/tr>\r\n        <tr>\r\n            <td>Einbauverfahren<\/td>\r\n            <td colspan=\"3\">Mobil<\/td>\r\n        <\/tr>\r\n\r\n        <!-- Material -->\r\n        <tr>\r\n            <td>Material des Geh\u00e4uses<\/td>\r\n            <td colspan=\"3\">Verzinkter Stahl<\/td>\r\n        <\/tr>\r\n        <tr>\r\n            <td>Material der Kabel<\/td>\r\n            <td colspan=\"3\">TPU<\/td>\r\n        <\/tr>\r\n\r\n        <!-- Safety -->\r\n        <tr>\r\n            <td>Energiemessger\u00e4t<\/td>\r\n            <td colspan=\"3\">Intelligenter Z\u00e4hler<\/td>\r\n        <\/tr>\r\n        <tr>\r\n            <td>RCD<\/td>\r\n            <td colspan=\"3\">Typ A+B AC30mA + DC6mA<\/td>\r\n        <\/tr>\r\n        <tr>\r\n            <td>Schutzklasse<\/td>\r\n            <td colspan=\"3\">IP55<\/td>\r\n        <\/tr>\r\n        <tr>\r\n            <td>Aufprallschutz<\/td>\r\n            <td colspan=\"3\">IK10<\/td>\r\n        <\/tr>\r\n        <tr>\r\n            <td>Elektrischer Schutz<\/td>\r\n            <td colspan=\"3\">\r\n                \u00dcberstromschutz, Kurzschlussschutz, Erdungsschutz, \u00dcberspannungsschutz, \u00dcber-\/Unterspannungsschutz, \u00dcber-\/Unterfrequenzschutz, \u00dcber-\/Untertemperaturschutz\r\n            <\/td>\r\n        <\/tr>\r\n        <tr>\r\n            <td>Standby-Leistung<\/td>\r\n            <td colspan=\"3\">&lt;8W<\/td>\r\n        <\/tr>\r\n\r\n        <!-- Standard \/ Interface -->\r\n        <tr>\r\n            <td>Standard \/ Schnittstelle<\/td>\r\n            <td colspan=\"3\" style=\"text-align:left;\">\r\n                Sicherheit: UL 2202, UL 2594, UL 2231-1, UL 2231-2, UL 2251, UL 62368-1;<br>\r\n                Schnittstellen: SAE J1772, CCS1, ISO 15118-1, ISO 15118-2, DIN 70121\r\n            <\/td>\r\n        <\/tr>\r\n    <\/tbody>\r\n<\/table>\t\t\t\t<\/div>\n\t\t\t\t<\/div>\n\t\t\t\t\t<\/div>\n\t\t\t\t<\/div>\n\t\t<div class=\"elementor-element elementor-element-eaf3e4a e-flex e-con-boxed e-con e-parent\" data-id=\"eaf3e4a\" data-element_type=\"container\" data-e-type=\"container\">\n\t\t\t\t\t<div class=\"e-con-inner\">\n\t\t\t\t<div class=\"elementor-element elementor-element-cdde26f elementor-widget elementor-widget-heading\" data-id=\"cdde26f\" data-element_type=\"widget\" data-e-type=\"widget\" data-widget_type=\"heading.default\">\n\t\t\t\t<div class=\"elementor-widget-container\">\n\t\t\t\t\t<h2 class=\"elementor-heading-title elementor-size-default\">F\u00fcgen Sie hier Ihren \u00dcberschriftentext ein<\/h2>\t\t\t\t<\/div>\n\t\t\t\t<\/div>\n\t\t\t\t\t<\/div>\n\t\t\t\t<\/div>\n\t\t\t\t<\/div>","protected":false},"excerpt":{"rendered":"<p>DC Fast Charger-20\/30\/40kW North America Grid Compatibility Purpose-built for the North American 240V split-phase power system, compliant with UL 2202, UL 2594, and NEC installation codes. Designed to integrate seamlessly with standard commercial and residential electrical panels found across the U.S. and Canada. Eliminates the guesswork of cross-market hardware sourcing \u2014 one unit, fully rated [&hellip;]<\/p>\n","protected":false},"author":1,"featured_media":0,"parent":0,"menu_order":0,"comment_status":"closed","ping_status":"closed","template":"","meta":{"content-type":"","site-sidebar-layout":"no-sidebar","site-content-layout":"page-builder","ast-site-content-layout":"full-width-container","site-content-style":"default","site-sidebar-style":"default","ast-global-header-display":"","ast-banner-title-visibility":"","ast-main-header-display":"","ast-hfb-above-header-display":"","ast-hfb-below-header-display":"","ast-hfb-mobile-header-display":"","site-post-title":"","ast-breadcrumbs-content":"","ast-featured-img":"disabled","footer-sml-layout":"","ast-disable-related-posts":"","theme-transparent-header-meta":"","adv-header-id-meta":"","stick-header-meta":"","header-above-stick-meta":"","header-main-stick-meta":"","header-below-stick-meta":"","astra-migrate-meta-layouts":"set","ast-page-background-enabled":"default","ast-page-background-meta":{"desktop":{"background-color":"","background-image":"","background-repeat":"repeat","background-position":"center center","background-size":"auto","background-attachment":"scroll","background-type":"","background-media":"","overlay-type":"","overlay-color":"","overlay-opacity":"","overlay-gradient":""},"tablet":{"background-color":"","background-image":"","background-repeat":"repeat","background-position":"center center","background-size":"auto","background-attachment":"scroll","background-type":"","background-media":"","overlay-type":"","overlay-color":"","overlay-opacity":"","overlay-gradient":""},"mobile":{"background-color":"","background-image":"","background-repeat":"repeat","background-position":"center center","background-size":"auto","background-attachment":"scroll","background-type":"","background-media":"","overlay-type":"","overlay-color":"","overlay-opacity":"","overlay-gradient":""}},"ast-content-background-meta":{"desktop":{"background-color":"var(--ast-global-color-5)","background-image":"","background-repeat":"repeat","background-position":"center center","background-size":"auto","background-attachment":"scroll","background-type":"","background-media":"","overlay-type":"","overlay-color":"","overlay-opacity":"","overlay-gradient":""},"tablet":{"background-color":"var(--ast-global-color-5)","background-image":"","background-repeat":"repeat","background-position":"center center","background-size":"auto","background-attachment":"scroll","background-type":"","background-media":"","overlay-type":"","overlay-color":"","overlay-opacity":"","overlay-gradient":""},"mobile":{"background-color":"var(--ast-global-color-5)","background-image":"","background-repeat":"repeat","background-position":"center center","background-size":"auto","background-attachment":"scroll","background-type":"","background-media":"","overlay-type":"","overlay-color":"","overlay-opacity":"","overlay-gradient":""}},"footnotes":""},"class_list":["post-4556","page","type-page","status-publish","hentry"],"_links":{"self":[{"href":"https:\/\/eve-go.com\/de\/wp-json\/wp\/v2\/pages\/4556","targetHints":{"allow":["GET"]}}],"collection":[{"href":"https:\/\/eve-go.com\/de\/wp-json\/wp\/v2\/pages"}],"about":[{"href":"https:\/\/eve-go.com\/de\/wp-json\/wp\/v2\/types\/page"}],"author":[{"embeddable":true,"href":"https:\/\/eve-go.com\/de\/wp-json\/wp\/v2\/users\/1"}],"replies":[{"embeddable":true,"href":"https:\/\/eve-go.com\/de\/wp-json\/wp\/v2\/comments?post=4556"}],"version-history":[{"count":19,"href":"https:\/\/eve-go.com\/de\/wp-json\/wp\/v2\/pages\/4556\/revisions"}],"predecessor-version":[{"id":5819,"href":"https:\/\/eve-go.com\/de\/wp-json\/wp\/v2\/pages\/4556\/revisions\/5819"}],"wp:attachment":[{"href":"https:\/\/eve-go.com\/de\/wp-json\/wp\/v2\/media?parent=4556"}],"curies":[{"name":"wp","href":"https:\/\/api.w.org\/{rel}","templated":true}]}}