{"id":4555,"date":"2026-02-25T01:12:39","date_gmt":"2026-02-25T01:12:39","guid":{"rendered":"https:\/\/allevcharging.com\/?page_id=4555"},"modified":"2026-02-25T13:33:45","modified_gmt":"2026-02-25T13:33:45","slug":"18kw-36-gn2","status":"publish","type":"page","link":"https:\/\/eve-go.com\/de\/18kw-36-gn2\/","title":{"rendered":"18kw 36 GN2"},"content":{"rendered":"<div data-elementor-type=\"wp-page\" data-elementor-id=\"4555\" class=\"elementor elementor-4555\" data-elementor-post-type=\"page\">\n\t\t\t\t<div class=\"elementor-element elementor-element-fb04ef5 e-flex e-con-boxed e-con e-parent\" data-id=\"fb04ef5\" data-element_type=\"container\" data-e-type=\"container\">\n\t\t\t\t\t<div class=\"e-con-inner\">\n\t\t<div class=\"elementor-element elementor-element-d15b10d e-con-full e-flex e-con e-child\" data-id=\"d15b10d\" data-element_type=\"container\" data-e-type=\"container\">\n\t\t\t\t<div class=\"elementor-element elementor-element-e603a21 elementor-widget elementor-widget-image\" data-id=\"e603a21\" data-element_type=\"widget\" data-e-type=\"widget\" data-widget_type=\"image.default\">\n\t\t\t\t<div class=\"elementor-widget-container\">\n\t\t\t\t\t\t\t\t\t\t\t\t\t\t\t<img fetchpriority=\"high\" decoding=\"async\" width=\"558\" height=\"764\" src=\"https:\/\/eve-go.com\/wp-content\/uploads\/2026\/02\/2b1d0d94-f68f-4e28-8b01-2a69d82f928a.png\" class=\"attachment-large size-large wp-image-4495\" alt=\"\" srcset=\"https:\/\/eve-go.com\/wp-content\/uploads\/2026\/02\/2b1d0d94-f68f-4e28-8b01-2a69d82f928a.png 558w, https:\/\/eve-go.com\/wp-content\/uploads\/2026\/02\/2b1d0d94-f68f-4e28-8b01-2a69d82f928a-219x300.png 219w, https:\/\/eve-go.com\/wp-content\/uploads\/2026\/02\/2b1d0d94-f68f-4e28-8b01-2a69d82f928a-9x12.png 9w\" sizes=\"(max-width: 558px) 100vw, 558px\" \/>\t\t\t\t\t\t\t\t\t\t\t\t\t\t\t<\/div>\n\t\t\t\t<\/div>\n\t\t\t\t<\/div>\n\t\t<div class=\"elementor-element elementor-element-d0be0f7 e-con-full e-flex e-con e-child\" data-id=\"d0be0f7\" data-element_type=\"container\" data-e-type=\"container\">\n\t\t\t\t<div class=\"elementor-element elementor-element-ee10140 elementor-widget elementor-widget-heading\" data-id=\"ee10140\" data-element_type=\"widget\" data-e-type=\"widget\" data-widget_type=\"heading.default\">\n\t\t\t\t<div class=\"elementor-widget-container\">\n\t\t\t\t\t<h2 class=\"elementor-heading-title elementor-size-default\">DC-Schnellladeger\u00e4t-DC18kW \/36kW<\/h2>\t\t\t\t<\/div>\n\t\t\t\t<\/div>\n\t\t\t\t<div class=\"elementor-element elementor-element-cb2ff51 elementor-icon-list--layout-traditional elementor-list-item-link-full_width elementor-widget elementor-widget-icon-list\" data-id=\"cb2ff51\" data-element_type=\"widget\" data-e-type=\"widget\" data-widget_type=\"icon-list.default\">\n\t\t\t\t<div class=\"elementor-widget-container\">\n\t\t\t\t\t\t\t<ul class=\"elementor-icon-list-items\">\n\t\t\t\t\t\t\t<li class=\"elementor-icon-list-item\">\n\t\t\t\t\t\t\t\t\t\t<span class=\"elementor-icon-list-text\"> Konzipiert f\u00fcr das dreiphasige 208V-Netz | Universelle Kompatibilit\u00e4t | Schnell und zuverl\u00e4ssig - Effiziente DCDC-Wandlung, direkte Batteriestromversorgung.<\/span>\n\t\t\t\t\t\t\t\t\t<\/li>\n\t\t\t\t\t\t\t\t<li class=\"elementor-icon-list-item\">\n\t\t\t\t\t\t\t\t\t\t<span class=\"elementor-icon-list-text\">- Keine herk\u00f6mmliche AC-DC-Wandlung erforderlich - die DC-DC-Architektur reduziert Energieverluste, verbessert den Wirkungsgrad und liefert direkt Strom an die Batterie des Fahrzeugs.<\/span>\n\t\t\t\t\t\t\t\t\t<\/li>\n\t\t\t\t\t\t<\/ul>\n\t\t\t\t\t\t<\/div>\n\t\t\t\t<\/div>\n\t\t\t\t<div class=\"elementor-element elementor-element-096f0ec elementor-widget elementor-widget-image\" data-id=\"096f0ec\" data-element_type=\"widget\" data-e-type=\"widget\" data-widget_type=\"image.default\">\n\t\t\t\t<div class=\"elementor-widget-container\">\n\t\t\t\t\t\t\t\t\t\t\t\t\t\t\t<img decoding=\"async\" width=\"188\" height=\"55\" src=\"https:\/\/eve-go.com\/wp-content\/uploads\/2026\/02\/ice.png\" class=\"attachment-large size-large wp-image-4574\" alt=\"\" srcset=\"https:\/\/eve-go.com\/wp-content\/uploads\/2026\/02\/ice.png 188w, https:\/\/eve-go.com\/wp-content\/uploads\/2026\/02\/ice-18x5.png 18w\" sizes=\"(max-width: 188px) 100vw, 188px\" \/>\t\t\t\t\t\t\t\t\t\t\t\t\t\t\t<\/div>\n\t\t\t\t<\/div>\n\t\t\t\t<\/div>\n\t\t\t\t\t<\/div>\n\t\t\t\t<\/div>\n\t\t<div class=\"elementor-element elementor-element-5797b44 e-flex e-con-boxed e-con e-parent\" data-id=\"5797b44\" data-element_type=\"container\" data-e-type=\"container\">\n\t\t\t\t\t<div class=\"e-con-inner\">\n\t\t\t\t<div class=\"elementor-element elementor-element-4d13b1e elementor-widget elementor-widget-heading\" data-id=\"4d13b1e\" data-element_type=\"widget\" data-e-type=\"widget\" data-widget_type=\"heading.default\">\n\t\t\t\t<div class=\"elementor-widget-container\">\n\t\t\t\t\t<h2 class=\"elementor-heading-title elementor-size-default\">PRODUKTPARAMETER<\/h2>\t\t\t\t<\/div>\n\t\t\t\t<\/div>\n\t\t\t\t<div class=\"elementor-element elementor-element-4c9296a elementor-widget elementor-widget-heading\" data-id=\"4c9296a\" data-element_type=\"widget\" data-e-type=\"widget\" data-widget_type=\"heading.default\">\n\t\t\t\t<div class=\"elementor-widget-container\">\n\t\t\t\t\t<h3 class=\"elementor-heading-title elementor-size-default\">DC-Schnellladeger\u00e4t - DC18kw<\/h3>\t\t\t\t<\/div>\n\t\t\t\t<\/div>\n\t\t\t\t<div class=\"elementor-element elementor-element-3824ea7 elementor-widget elementor-widget-html\" data-id=\"3824ea7\" data-element_type=\"widget\" data-e-type=\"widget\" data-widget_type=\"html.default\">\n\t\t\t\t<div class=\"elementor-widget-container\">\n\t\t\t\t\t<table border=\"1\" cellspacing=\"0\" cellpadding=\"5\" style=\"width:100%; max-width:1200px; border-collapse:collapse; text-align:center;\">\r\n    <thead class=\"table-header\">\r\n        <tr>\r\n            <th>Modell<\/th>\r\n            <th>EVE-W18S-GN2<\/th>\r\n            <th>EVE-W36S-GN2<\/th>\r\n        <\/tr>\r\n    <\/thead>\r\n    <tbody>\r\n        <tr>\r\n            <td colspan=\"3\" style=\"text-align:left;\"><strong>Spezifikation Parameter<\/strong><\/td>\r\n        <\/tr>\r\n\r\n        <!-- Input -->\r\n        <tr>\r\n            <td>Stromversorgung<\/td>\r\n            <td colspan=\"2\">L1+L2+L3+N+PE<\/td>\r\n        <\/tr>\r\n        <tr>\r\n            <td>Netzstecker<\/td>\r\n            <td colspan=\"2\">Festverdrahtung<\/td>\r\n        <\/tr>\r\n        <tr>\r\n            <td>Eingangsspannung<\/td>\r\n            <td colspan=\"2\">208V\/AC \u00b1 15%<\/td>\r\n        <\/tr>\r\n        <tr>\r\n            <td>Frequenz<\/td>\r\n            <td colspan=\"2\">50\/60HZ<\/td>\r\n        <\/tr>\r\n        <tr>\r\n            <td>Wirkungsgrad<\/td>\r\n            <td colspan=\"2\">\u226595%<\/td>\r\n        <\/tr>\r\n\r\n        <!-- Output -->\r\n        <tr>\r\n            <td>Ausgangsspannung<\/td>\r\n            <td colspan=\"2\">200~1000V<\/td>\r\n        <\/tr>\r\n        <tr>\r\n            <td>MAX Ausgangsstrom<\/td>\r\n            <td colspan=\"2\">200A<\/td>\r\n        <\/tr>\r\n        <tr>\r\n            <td>MAX Ausgangsleistung<\/td>\r\n            <td>18kW<\/td>\r\n            <td>36kW<\/td>\r\n        <\/tr>\r\n\r\n        <!-- Product Features -->\r\n        <tr>\r\n            <td>Ladeger\u00e4t-Anschluss<\/td>\r\n            <td colspan=\"2\">CCS1\/CCS2\/GBT\/CHAdeMO\/NACS<\/td>\r\n        <\/tr>\r\n        <tr>\r\n            <td>LED-Anzeige<\/td>\r\n            <td colspan=\"2\">RGB-LED<\/td>\r\n        <\/tr>\r\n        <tr>\r\n            <td>Anzeige<\/td>\r\n            <td colspan=\"2\">7-Zoll-Touchscreen<\/td>\r\n        <\/tr>\r\n        <tr>\r\n            <td>L\u00e4nge des Kabels<\/td>\r\n            <td colspan=\"2\">5M (kundenspezifische Anpassung m\u00f6glich)<\/td>\r\n        <\/tr>\r\n        <tr>\r\n            <td>NOT-AUS-Taste<\/td>\r\n            <td colspan=\"2\">Ja<\/td>\r\n        <\/tr>\r\n        <tr>\r\n            <td>Start-Modus<\/td>\r\n            <td colspan=\"2\">VIN\/MAC-Adresse Plug&amp;Play \/ APP \/ RFID \/ OCPP<\/td>\r\n        <\/tr>\r\n        <tr>\r\n            <td>OCPP<\/td>\r\n            <td colspan=\"2\">OCPP 1.6J<\/td>\r\n        <\/tr>\r\n        <tr>\r\n            <td>RFID<\/td>\r\n            <td colspan=\"2\">Mifare ISO\/IEC14443A (fakultativ)<\/td>\r\n        <\/tr>\r\n        <tr>\r\n            <td>Kommunikation<\/td>\r\n            <td colspan=\"2\">WLAN \/ 4G \/ RJ45<\/td>\r\n        <\/tr>\r\n        <tr>\r\n            <td>Einbauverfahren<\/td>\r\n            <td colspan=\"2\">Wandhalterung<\/td>\r\n        <\/tr>\r\n\r\n        <!-- Material -->\r\n        <tr>\r\n            <td>Material des Geh\u00e4uses<\/td>\r\n            <td colspan=\"2\">Verzinkter Stahl<\/td>\r\n        <\/tr>\r\n        <tr>\r\n            <td>Material der Kabel<\/td>\r\n            <td colspan=\"2\">TPU<\/td>\r\n        <\/tr>\r\n\r\n        <!-- Safety -->\r\n        <tr>\r\n            <td>Energiemessger\u00e4t<\/td>\r\n            <td colspan=\"2\">Intelligenter Z\u00e4hler<\/td>\r\n        <\/tr>\r\n        <tr>\r\n            <td>RCD<\/td>\r\n            <td colspan=\"2\">Typ A+B AC30mA + DC6mA<\/td>\r\n        <\/tr>\r\n        <tr>\r\n            <td>Schutzklasse<\/td>\r\n            <td colspan=\"2\">IP55<\/td>\r\n        <\/tr>\r\n        <tr>\r\n            <td>Aufprallschutz<\/td>\r\n            <td colspan=\"2\">IK10<\/td>\r\n        <\/tr>\r\n        <tr>\r\n            <td>Elektrischer Schutz<\/td>\r\n            <td colspan=\"2\">\r\n                \u00dcberstromschutz, Kurzschlussschutz, Erdungsschutz, \u00dcberspannungsschutz, \u00dcber-\/Unterspannungsschutz, \u00dcber-\/Unterfrequenzschutz, \u00dcber-\/Untertemperaturschutz\r\n            <\/td>\r\n        <\/tr>\r\n        <tr>\r\n            <td>Standby-Leistung<\/td>\r\n            <td colspan=\"2\">&lt;8W<\/td>\r\n        <\/tr>\r\n\r\n        <!-- Standard \/ Interface -->\r\n        <tr>\r\n            <td>Standard \/ Schnittstelle<\/td>\r\n            <td colspan=\"2\" style=\"text-align:left;\">\r\n                Sicherheit: UL 2202, UL 2594, UL 2231-1, UL 2231-2, UL 2251, UL 62368-1;<br>\r\n                Schnittstellen: SAE J1772, CCS1, ISO 15118-1, ISO 15118-2, DIN 70121\r\n            <\/td>\r\n        <\/tr>\r\n    <\/tbody>\r\n<\/table>\t\t\t\t<\/div>\n\t\t\t\t<\/div>\n\t\t\t\t\t<\/div>\n\t\t\t\t<\/div>\n\t\t\t\t<\/div>","protected":false},"excerpt":{"rendered":"<p>DC Fast Charger-DC18kW \/36kW Designed for threes phases 208V Grid | Universal Compatibility | Fast &amp; Reliable &#8211; Efficient DCDC conversion, direct battery power supply. &#8211; No need for traditional AC-DC conversion\u2014DC-DC architecture reduces energy loss, improves efficiency, and delivers direct power to the EV batter. PRODUCT PARAMETERS DC Fast Charger- DC18kw Model EVE-W18S-GN2 EVE-W36S-GN2 [&hellip;]<\/p>\n","protected":false},"author":1,"featured_media":0,"parent":0,"menu_order":0,"comment_status":"closed","ping_status":"closed","template":"","meta":{"content-type":"","site-sidebar-layout":"no-sidebar","site-content-layout":"page-builder","ast-site-content-layout":"full-width-container","site-content-style":"default","site-sidebar-style":"default","ast-global-header-display":"","ast-banner-title-visibility":"","ast-main-header-display":"","ast-hfb-above-header-display":"","ast-hfb-below-header-display":"","ast-hfb-mobile-header-display":"","site-post-title":"","ast-breadcrumbs-content":"","ast-featured-img":"disabled","footer-sml-layout":"","ast-disable-related-posts":"","theme-transparent-header-meta":"","adv-header-id-meta":"","stick-header-meta":"","header-above-stick-meta":"","header-main-stick-meta":"","header-below-stick-meta":"","astra-migrate-meta-layouts":"set","ast-page-background-enabled":"default","ast-page-background-meta":{"desktop":{"background-color":"","background-image":"","background-repeat":"repeat","background-position":"center center","background-size":"auto","background-attachment":"scroll","background-type":"","background-media":"","overlay-type":"","overlay-color":"","overlay-opacity":"","overlay-gradient":""},"tablet":{"background-color":"","background-image":"","background-repeat":"repeat","background-position":"center center","background-size":"auto","background-attachment":"scroll","background-type":"","background-media":"","overlay-type":"","overlay-color":"","overlay-opacity":"","overlay-gradient":""},"mobile":{"background-color":"","background-image":"","background-repeat":"repeat","background-position":"center center","background-size":"auto","background-attachment":"scroll","background-type":"","background-media":"","overlay-type":"","overlay-color":"","overlay-opacity":"","overlay-gradient":""}},"ast-content-background-meta":{"desktop":{"background-color":"var(--ast-global-color-5)","background-image":"","background-repeat":"repeat","background-position":"center center","background-size":"auto","background-attachment":"scroll","background-type":"","background-media":"","overlay-type":"","overlay-color":"","overlay-opacity":"","overlay-gradient":""},"tablet":{"background-color":"var(--ast-global-color-5)","background-image":"","background-repeat":"repeat","background-position":"center center","background-size":"auto","background-attachment":"scroll","background-type":"","background-media":"","overlay-type":"","overlay-color":"","overlay-opacity":"","overlay-gradient":""},"mobile":{"background-color":"var(--ast-global-color-5)","background-image":"","background-repeat":"repeat","background-position":"center center","background-size":"auto","background-attachment":"scroll","background-type":"","background-media":"","overlay-type":"","overlay-color":"","overlay-opacity":"","overlay-gradient":""}},"footnotes":""},"class_list":["post-4555","page","type-page","status-publish","hentry"],"_links":{"self":[{"href":"https:\/\/eve-go.com\/de\/wp-json\/wp\/v2\/pages\/4555","targetHints":{"allow":["GET"]}}],"collection":[{"href":"https:\/\/eve-go.com\/de\/wp-json\/wp\/v2\/pages"}],"about":[{"href":"https:\/\/eve-go.com\/de\/wp-json\/wp\/v2\/types\/page"}],"author":[{"embeddable":true,"href":"https:\/\/eve-go.com\/de\/wp-json\/wp\/v2\/users\/1"}],"replies":[{"embeddable":true,"href":"https:\/\/eve-go.com\/de\/wp-json\/wp\/v2\/comments?post=4555"}],"version-history":[{"count":16,"href":"https:\/\/eve-go.com\/de\/wp-json\/wp\/v2\/pages\/4555\/revisions"}],"predecessor-version":[{"id":5069,"href":"https:\/\/eve-go.com\/de\/wp-json\/wp\/v2\/pages\/4555\/revisions\/5069"}],"wp:attachment":[{"href":"https:\/\/eve-go.com\/de\/wp-json\/wp\/v2\/media?parent=4555"}],"curies":[{"name":"wp","href":"https:\/\/api.w.org\/{rel}","templated":true}]}}