{"id":4525,"date":"2026-02-25T01:11:26","date_gmt":"2026-02-25T01:11:26","guid":{"rendered":"https:\/\/allevcharging.com\/?page_id=4525"},"modified":"2026-03-26T10:04:55","modified_gmt":"2026-03-26T10:04:55","slug":"120-240kw","status":"publish","type":"page","link":"https:\/\/eve-go.com\/de\/120-240kw\/","title":{"rendered":"120 240kw"},"content":{"rendered":"<div data-elementor-type=\"wp-page\" data-elementor-id=\"4525\" class=\"elementor elementor-4525\" data-elementor-post-type=\"page\">\n\t\t\t\t<div class=\"elementor-element elementor-element-3b7b9c2 e-flex e-con-boxed e-con e-parent\" data-id=\"3b7b9c2\" data-element_type=\"container\" data-e-type=\"container\">\n\t\t\t\t\t<div class=\"e-con-inner\">\n\t\t<div class=\"elementor-element elementor-element-b5dfa42 e-con-full e-flex e-con e-child\" data-id=\"b5dfa42\" data-element_type=\"container\" data-e-type=\"container\">\n\t\t\t\t<div class=\"elementor-element elementor-element-ade50e5 elementor-widget elementor-widget-image\" data-id=\"ade50e5\" data-element_type=\"widget\" data-e-type=\"widget\" data-widget_type=\"image.default\">\n\t\t\t\t<div class=\"elementor-widget-container\">\n\t\t\t\t\t\t\t\t\t\t\t\t\t\t\t<img fetchpriority=\"high\" decoding=\"async\" width=\"562\" height=\"777\" src=\"https:\/\/eve-go.com\/wp-content\/uploads\/2026\/02\/18c1d0782160ad15721286077cef3363.png\" class=\"attachment-large size-large wp-image-4504\" alt=\"\" srcset=\"https:\/\/eve-go.com\/wp-content\/uploads\/2026\/02\/18c1d0782160ad15721286077cef3363.png 562w, https:\/\/eve-go.com\/wp-content\/uploads\/2026\/02\/18c1d0782160ad15721286077cef3363-217x300.png 217w, https:\/\/eve-go.com\/wp-content\/uploads\/2026\/02\/18c1d0782160ad15721286077cef3363-9x12.png 9w\" sizes=\"(max-width: 562px) 100vw, 562px\" \/>\t\t\t\t\t\t\t\t\t\t\t\t\t\t\t<\/div>\n\t\t\t\t<\/div>\n\t\t\t\t<\/div>\n\t\t<div class=\"elementor-element elementor-element-769db4f e-con-full e-flex e-con e-child\" data-id=\"769db4f\" data-element_type=\"container\" data-e-type=\"container\">\n\t\t\t\t<div class=\"elementor-element elementor-element-2af24b4 elementor-widget elementor-widget-heading\" data-id=\"2af24b4\" data-element_type=\"widget\" data-e-type=\"widget\" data-widget_type=\"heading.default\">\n\t\t\t\t<div class=\"elementor-widget-container\">\n\t\t\t\t\t<h2 class=\"elementor-heading-title elementor-size-default\">DC-Werbe-Schnellladeger\u00e4t - 120-240kW<\/h2>\t\t\t\t<\/div>\n\t\t\t\t<\/div>\n\t\t\t\t<div class=\"elementor-element elementor-element-7119387 elementor-icon-list--layout-traditional elementor-list-item-link-full_width elementor-widget elementor-widget-icon-list\" data-id=\"7119387\" data-element_type=\"widget\" data-e-type=\"widget\" data-widget_type=\"icon-list.default\">\n\t\t\t\t<div class=\"elementor-widget-container\">\n\t\t\t\t\t\t\t<ul class=\"elementor-icon-list-items\">\n\t\t\t\t\t\t\t<li class=\"elementor-icon-list-item\">\n\t\t\t\t\t\t\t\t\t\t<span class=\"elementor-icon-list-text\">Kompatibilit\u00e4t mit dem europ\u00e4ischen Stromnetz Entwickelt, um die europ\u00e4ischen Stromnetzstandards zu erf\u00fcllen, einschlie\u00dflich IEC- und EN-Spezifikationen f\u00fcr Spannung, Frequenz und Stromqualit\u00e4t. Vollst\u00e4ndig kompatibel mit der 400-V-Drehstrom-Einspeisung in allen EU-Mitgliedsstaaten, was einen stabilen Betrieb unabh\u00e4ngig von den \u00f6rtlichen Netzbedingungen gew\u00e4hrleistet. Es sind keine zus\u00e4tzlichen Transformatoren oder Adapter erforderlich - schlie\u00dfen Sie das Ger\u00e4t direkt an die vorhandene Strominfrastruktur Ihres Standorts an und beginnen Sie sofort mit dem Laden.<\/span>\n\t\t\t\t\t\t\t\t\t<\/li>\n\t\t\t\t\t\t\t\t<li class=\"elementor-icon-list-item\">\n\t\t\t\t\t\t\t\t\t\t<span class=\"elementor-icon-list-text\">Ultraschnelles Laden Die skalierbare Stromarchitektur unterst\u00fctzt eine kombinierte Leistung von bis zu 960 kW und erm\u00f6glicht Ladegeschwindigkeiten der n\u00e4chsten Generation f\u00fcr die neuesten Hochleistungs-EV-Batterien. Mehrere Lades\u00e4ulen teilen sich den Strom dynamisch von einem zentralen Stromschrank, so dass jedes Fahrzeug die optimale Ladeleistung erh\u00e4lt, ohne dass die Infrastruktur verschwendet wird. Ideal f\u00fcr Autobahnkorridore, Verkehrsknotenpunkte und stark frequentierte Gewerbegebiete, wo ein schneller Fahrzeugwechsel entscheidend ist.<\/span>\n\t\t\t\t\t\t\t\t\t<\/li>\n\t\t\t\t\t\t\t\t<li class=\"elementor-icon-list-item\">\n\t\t\t\t\t\t\t\t\t\t<span class=\"elementor-icon-list-text\">Generieren Sie zus\u00e4tzliche Einnahmen Ausgestattet mit einem 55-Zoll-Werbedisplay, das ungenutzte Bildschirmzeit in eine Einnahmequelle verwandelt. Standortbetreiber k\u00f6nnen gezielte digitale Werbung schalten, f\u00fcr Gesch\u00e4fte vor Ort werben oder gesponserte Inhalte anzeigen, w\u00e4hrend die Fahrzeuge laden. Ein Ger\u00e4t liefert einen doppelten ROI - Ladegeb\u00fchren plus Werbeeinnahmen - und maximiert so die Rendite f\u00fcr jeden Quadratmeter Ihres Ladestandorts.<\/span>\n\t\t\t\t\t\t\t\t\t<\/li>\n\t\t\t\t\t\t<\/ul>\n\t\t\t\t\t\t<\/div>\n\t\t\t\t<\/div>\n\t\t\t\t<div class=\"elementor-element elementor-element-779f666 elementor-widget elementor-widget-image\" data-id=\"779f666\" data-element_type=\"widget\" data-e-type=\"widget\" data-widget_type=\"image.default\">\n\t\t\t\t<div class=\"elementor-widget-container\">\n\t\t\t\t\t\t\t\t\t\t\t\t\t\t\t<img decoding=\"async\" width=\"188\" height=\"55\" src=\"https:\/\/eve-go.com\/wp-content\/uploads\/2026\/02\/ice.png\" class=\"attachment-large size-large wp-image-4574\" alt=\"\" srcset=\"https:\/\/eve-go.com\/wp-content\/uploads\/2026\/02\/ice.png 188w, https:\/\/eve-go.com\/wp-content\/uploads\/2026\/02\/ice-18x5.png 18w\" sizes=\"(max-width: 188px) 100vw, 188px\" \/>\t\t\t\t\t\t\t\t\t\t\t\t\t\t\t<\/div>\n\t\t\t\t<\/div>\n\t\t\t\t<\/div>\n\t\t\t\t\t<\/div>\n\t\t\t\t<\/div>\n\t\t<div class=\"elementor-element elementor-element-d3e182f e-flex e-con-boxed e-con e-parent\" data-id=\"d3e182f\" data-element_type=\"container\" data-e-type=\"container\">\n\t\t\t\t\t<div class=\"e-con-inner\">\n\t\t\t\t<div class=\"elementor-element elementor-element-8165b3b elementor-widget elementor-widget-heading\" data-id=\"8165b3b\" data-element_type=\"widget\" data-e-type=\"widget\" data-widget_type=\"heading.default\">\n\t\t\t\t<div class=\"elementor-widget-container\">\n\t\t\t\t\t<h2 class=\"elementor-heading-title elementor-size-default\">PRODUKTPARAMETER<\/h2>\t\t\t\t<\/div>\n\t\t\t\t<\/div>\n\t\t\t\t<div class=\"elementor-element elementor-element-af8055f elementor-widget elementor-widget-heading\" data-id=\"af8055f\" data-element_type=\"widget\" data-e-type=\"widget\" data-widget_type=\"heading.default\">\n\t\t\t\t<div class=\"elementor-widget-container\">\n\t\t\t\t\t<h3 class=\"elementor-heading-title elementor-size-default\">DC-Werbe-Schnellladeger\u00e4t - 120-240kW<\/h3>\t\t\t\t<\/div>\n\t\t\t\t<\/div>\n\t\t\t\t<div class=\"elementor-element elementor-element-6821dcc elementor-widget elementor-widget-html\" data-id=\"6821dcc\" data-element_type=\"widget\" data-e-type=\"widget\" data-widget_type=\"html.default\">\n\t\t\t\t<div class=\"elementor-widget-container\">\n\t\t\t\t\t<table border=\"1\" cellspacing=\"0\" cellpadding=\"5\" class=\"responsive-table\" style=\"width:100%; max-width:1200px; border-collapse:collapse; text-align:center;\">\r\n    <thead class=\"table-header\">\r\n        <tr>\r\n            <th>Modell<\/th>\r\n            <th>EVE-FA120D-GE<\/th>\r\n            <th>EVE-FA160D-GE<\/th>\r\n            <th>EVE-FA180D-GE<\/th>\r\n            <th>EVE-FA240D-GE<\/th>\r\n        <\/tr>\r\n    <\/thead>\r\n    <tbody>\r\n        <tr>\r\n            <td colspan=\"5\" style=\"text-align:left;\"><strong>Spezifikation Parameter<\/strong><\/td>\r\n        <\/tr>\r\n\r\n        <!-- Input -->\r\n        <tr>\r\n            <td>Stromversorgung<\/td>\r\n            <td colspan=\"4\">3L+N+PE<\/td>\r\n        <\/tr>\r\n        <tr>\r\n            <td>Netzstecker<\/td>\r\n            <td colspan=\"4\">Festverdrahtung<\/td>\r\n        <\/tr>\r\n        <tr>\r\n            <td>Eingangsspannung<\/td>\r\n            <td colspan=\"4\">400V \u00b1 15%<\/td>\r\n        <\/tr>\r\n        <tr>\r\n            <td>Frequenz<\/td>\r\n            <td colspan=\"4\">50\/60HZ<\/td>\r\n        <\/tr>\r\n        <tr>\r\n            <td>Wirkungsgrad<\/td>\r\n            <td colspan=\"4\">\u226595%<\/td>\r\n        <\/tr>\r\n\r\n        <!-- Output -->\r\n        <tr>\r\n            <td>Ausgangsspannung<\/td>\r\n            <td colspan=\"4\">200~1000V<\/td>\r\n        <\/tr>\r\n        <tr>\r\n            <td>MAX Ausgangsstrom<\/td>\r\n            <td>250A<\/td>\r\n            <td>250A<\/td>\r\n            <td>250A<\/td>\r\n            <td>300A<\/td>\r\n        <\/tr>\r\n        <tr>\r\n            <td>MAX Ausgangsleistung<\/td>\r\n            <td>120kW<\/td>\r\n            <td>160kW<\/td>\r\n            <td>180kW<\/td>\r\n            <td>240kW<\/td>\r\n        <\/tr>\r\n\r\n        <!-- Product Features -->\r\n        <tr>\r\n            <td>Ladeger\u00e4t-Anschluss<\/td>\r\n            <td colspan=\"4\">CCS1\/CCS2\/GBT\/CHAdeMO\/NACS Doppelpistole<\/td>\r\n        <\/tr>\r\n        <tr>\r\n            <td>LED-Anzeige<\/td>\r\n            <td colspan=\"4\">RGB-LED<\/td>\r\n        <\/tr>\r\n        <tr>\r\n            <td>Anzeige<\/td>\r\n            <td colspan=\"4\">10,1-Zoll-Touchscreen<\/td>\r\n        <\/tr>\r\n        <tr>\r\n            <td>L\u00e4nge des Kabels<\/td>\r\n            <td colspan=\"4\">5M (kundenspezifische Anpassung m\u00f6glich)<\/td>\r\n        <\/tr>\r\n        <tr>\r\n            <td>NOT-AUS-Taste<\/td>\r\n            <td colspan=\"4\">Ja<\/td>\r\n        <\/tr>\r\n        <tr>\r\n            <td>Start-Modus<\/td>\r\n            <td colspan=\"4\">VIN\/MAC-Adresse Plug&amp;Play \/ APP \/ RFID \/ OCPP<\/td>\r\n        <\/tr>\r\n        <tr>\r\n            <td>OCPP<\/td>\r\n            <td colspan=\"4\">OCPP 1.6J<\/td>\r\n        <\/tr>\r\n        <tr>\r\n            <td>RFID<\/td>\r\n            <td colspan=\"4\">Mifare ISO\/IEC14443A (fakultativ)<\/td>\r\n        <\/tr>\r\n        <tr>\r\n            <td>Kommunikation<\/td>\r\n            <td colspan=\"4\">WLAN \/ 4G \/ RJ45<\/td>\r\n        <\/tr>\r\n        <tr>\r\n            <td>Einbauverfahren<\/td>\r\n            <td colspan=\"4\">Boden adv.<\/td>\r\n        <\/tr>\r\n\r\n        <!-- Material -->\r\n        <tr>\r\n            <td>Material des Geh\u00e4uses<\/td>\r\n            <td colspan=\"4\">Verzinkter Stahl<\/td>\r\n        <\/tr>\r\n        <tr>\r\n            <td>Material der Kabel<\/td>\r\n            <td colspan=\"4\">TPU<\/td>\r\n        <\/tr>\r\n\r\n        <!-- Safety -->\r\n        <tr>\r\n            <td>Energiemessger\u00e4t<\/td>\r\n            <td colspan=\"4\">Intelligenter Z\u00e4hler<\/td>\r\n        <\/tr>\r\n        <tr>\r\n            <td>RCD<\/td>\r\n            <td colspan=\"4\">Typ A+B AC30mA + DC6mA<\/td>\r\n        <\/tr>\r\n        <tr>\r\n            <td>Schutzklasse<\/td>\r\n            <td colspan=\"4\">IP55<\/td>\r\n        <\/tr>\r\n        <tr>\r\n            <td>Aufprallschutz<\/td>\r\n            <td colspan=\"4\">IK10<\/td>\r\n        <\/tr>\r\n        <tr>\r\n            <td>Elektrischer Schutz<\/td>\r\n            <td colspan=\"4\">\r\n                \u00dcberstromschutz, Kurzschlussschutz, Erdungsschutz, \u00dcberspannungsschutz, \u00dcber-\/Unterspannungsschutz, \u00dcber-\/Unterfrequenzschutz, \u00dcber-\/Untertemperaturschutz\r\n            <\/td>\r\n        <\/tr>\r\n        <tr>\r\n            <td>Standby-Leistung<\/td>\r\n            <td colspan=\"4\">&lt;8W<\/td>\r\n        <\/tr>\r\n\r\n        <!-- Standard -->\r\n        <tr>\r\n            <td>Standard<\/td>\r\n            <td colspan=\"4\">\r\n                Sicherheit: EN\/IEC 61851-1:2019, EN\/IEC 61851-23:2014, EN\/IEC 61851-24:2014, EN\/IEC 62368-1;<br>\r\n                Steckverbinder: EN\/IEC 62196-3:2022, CCS2, CHAdeMO 3.3;<br>\r\n                Mitteilungen: ISO 15118-1:2019, ISO 15118-2:2022, DIN 70121\r\n            <\/td>\r\n        <\/tr>\r\n\r\n    <\/tbody>\r\n<\/table>\t\t\t\t<\/div>\n\t\t\t\t<\/div>\n\t\t\t\t\t<\/div>\n\t\t\t\t<\/div>\n\t\t\t\t<\/div>","protected":false},"excerpt":{"rendered":"<p>DC Advertising Fast Charger &#8211; 120-240kW Europe Grid Compatibility Engineered to meet European electrical grid standards, including IEC and EN specifications for voltage, frequency, and power quality. Fully compatible with 400V three-phase AC input across EU member states, ensuring stable operation regardless of local grid conditions. No additional transformers or adapters required \u2014 connect directly [&hellip;]<\/p>\n","protected":false},"author":1,"featured_media":0,"parent":0,"menu_order":0,"comment_status":"closed","ping_status":"closed","template":"","meta":{"content-type":"","site-sidebar-layout":"no-sidebar","site-content-layout":"page-builder","ast-site-content-layout":"full-width-container","site-content-style":"default","site-sidebar-style":"default","ast-global-header-display":"","ast-banner-title-visibility":"","ast-main-header-display":"","ast-hfb-above-header-display":"","ast-hfb-below-header-display":"","ast-hfb-mobile-header-display":"","site-post-title":"","ast-breadcrumbs-content":"","ast-featured-img":"disabled","footer-sml-layout":"","ast-disable-related-posts":"","theme-transparent-header-meta":"","adv-header-id-meta":"","stick-header-meta":"","header-above-stick-meta":"","header-main-stick-meta":"","header-below-stick-meta":"","astra-migrate-meta-layouts":"set","ast-page-background-enabled":"default","ast-page-background-meta":{"desktop":{"background-color":"","background-image":"","background-repeat":"repeat","background-position":"center center","background-size":"auto","background-attachment":"scroll","background-type":"","background-media":"","overlay-type":"","overlay-color":"","overlay-opacity":"","overlay-gradient":""},"tablet":{"background-color":"","background-image":"","background-repeat":"repeat","background-position":"center center","background-size":"auto","background-attachment":"scroll","background-type":"","background-media":"","overlay-type":"","overlay-color":"","overlay-opacity":"","overlay-gradient":""},"mobile":{"background-color":"","background-image":"","background-repeat":"repeat","background-position":"center center","background-size":"auto","background-attachment":"scroll","background-type":"","background-media":"","overlay-type":"","overlay-color":"","overlay-opacity":"","overlay-gradient":""}},"ast-content-background-meta":{"desktop":{"background-color":"var(--ast-global-color-5)","background-image":"","background-repeat":"repeat","background-position":"center center","background-size":"auto","background-attachment":"scroll","background-type":"","background-media":"","overlay-type":"","overlay-color":"","overlay-opacity":"","overlay-gradient":""},"tablet":{"background-color":"var(--ast-global-color-5)","background-image":"","background-repeat":"repeat","background-position":"center center","background-size":"auto","background-attachment":"scroll","background-type":"","background-media":"","overlay-type":"","overlay-color":"","overlay-opacity":"","overlay-gradient":""},"mobile":{"background-color":"var(--ast-global-color-5)","background-image":"","background-repeat":"repeat","background-position":"center center","background-size":"auto","background-attachment":"scroll","background-type":"","background-media":"","overlay-type":"","overlay-color":"","overlay-opacity":"","overlay-gradient":""}},"footnotes":""},"class_list":["post-4525","page","type-page","status-publish","hentry"],"_links":{"self":[{"href":"https:\/\/eve-go.com\/de\/wp-json\/wp\/v2\/pages\/4525","targetHints":{"allow":["GET"]}}],"collection":[{"href":"https:\/\/eve-go.com\/de\/wp-json\/wp\/v2\/pages"}],"about":[{"href":"https:\/\/eve-go.com\/de\/wp-json\/wp\/v2\/types\/page"}],"author":[{"embeddable":true,"href":"https:\/\/eve-go.com\/de\/wp-json\/wp\/v2\/users\/1"}],"replies":[{"embeddable":true,"href":"https:\/\/eve-go.com\/de\/wp-json\/wp\/v2\/comments?post=4525"}],"version-history":[{"count":17,"href":"https:\/\/eve-go.com\/de\/wp-json\/wp\/v2\/pages\/4525\/revisions"}],"predecessor-version":[{"id":5847,"href":"https:\/\/eve-go.com\/de\/wp-json\/wp\/v2\/pages\/4525\/revisions\/5847"}],"wp:attachment":[{"href":"https:\/\/eve-go.com\/de\/wp-json\/wp\/v2\/media?parent=4525"}],"curies":[{"name":"wp","href":"https:\/\/api.w.org\/{rel}","templated":true}]}}