{"id":4523,"date":"2026-02-25T01:11:15","date_gmt":"2026-02-25T01:11:15","guid":{"rendered":"https:\/\/allevcharging.com\/?page_id=4523"},"modified":"2026-04-02T04:09:36","modified_gmt":"2026-04-02T04:09:36","slug":"eve-p-cw-us-35-7-9-6","status":"publish","type":"page","link":"https:\/\/eve-go.com\/de\/eve-p-cw-us-35-7-9-6\/","title":{"rendered":"EVE P CW US 35 7 9.6"},"content":{"rendered":"<div data-elementor-type=\"wp-page\" data-elementor-id=\"4523\" class=\"elementor elementor-4523\" data-elementor-post-type=\"page\">\n\t\t\t\t<div class=\"elementor-element elementor-element-59bc6ff e-flex e-con-boxed e-con e-parent\" data-id=\"59bc6ff\" data-element_type=\"container\" data-e-type=\"container\">\n\t\t\t\t\t<div class=\"e-con-inner\">\n\t\t<div class=\"elementor-element elementor-element-2225528 e-con-full e-flex e-con e-child\" data-id=\"2225528\" data-element_type=\"container\" data-e-type=\"container\">\n\t\t\t\t<div class=\"elementor-element elementor-element-97e9ffe elementor-widget elementor-widget-image\" data-id=\"97e9ffe\" data-element_type=\"widget\" data-e-type=\"widget\" data-widget_type=\"image.default\">\n\t\t\t\t<div class=\"elementor-widget-container\">\n\t\t\t\t\t\t\t\t\t\t\t\t\t\t\t<img fetchpriority=\"high\" decoding=\"async\" width=\"524\" height=\"745\" src=\"https:\/\/eve-go.com\/wp-content\/uploads\/2026\/02\/75ff3562-a04f-4c87-83f7-e14bb3d7a945.png\" class=\"attachment-large size-large wp-image-4508\" alt=\"\" srcset=\"https:\/\/eve-go.com\/wp-content\/uploads\/2026\/02\/75ff3562-a04f-4c87-83f7-e14bb3d7a945.png 524w, https:\/\/eve-go.com\/wp-content\/uploads\/2026\/02\/75ff3562-a04f-4c87-83f7-e14bb3d7a945-211x300.png 211w, https:\/\/eve-go.com\/wp-content\/uploads\/2026\/02\/75ff3562-a04f-4c87-83f7-e14bb3d7a945-8x12.png 8w\" sizes=\"(max-width: 524px) 100vw, 524px\" \/>\t\t\t\t\t\t\t\t\t\t\t\t\t\t\t<\/div>\n\t\t\t\t<\/div>\n\t\t\t\t<\/div>\n\t\t<div class=\"elementor-element elementor-element-291aab5 e-con-full e-flex e-con e-child\" data-id=\"291aab5\" data-element_type=\"container\" data-e-type=\"container\">\n\t\t\t\t<div class=\"elementor-element elementor-element-cd9338a elementor-widget elementor-widget-heading\" data-id=\"cd9338a\" data-element_type=\"widget\" data-e-type=\"widget\" data-widget_type=\"heading.default\">\n\t\t\t\t<div class=\"elementor-widget-container\">\n\t\t\t\t\t<h2 class=\"elementor-heading-title elementor-size-default\">Tragbares AC-Ladeger\u00e4t EVE-P-CW-US<\/h2>\t\t\t\t<\/div>\n\t\t\t\t<\/div>\n\t\t\t\t<div class=\"elementor-element elementor-element-247cad0 elementor-icon-list--layout-traditional elementor-list-item-link-full_width elementor-widget elementor-widget-icon-list\" data-id=\"247cad0\" data-element_type=\"widget\" data-e-type=\"widget\" data-widget_type=\"icon-list.default\">\n\t\t\t\t<div class=\"elementor-widget-container\">\n\t\t\t\t\t\t\t<ul class=\"elementor-icon-list-items\">\n\t\t\t\t\t\t\t<li class=\"elementor-icon-list-item\">\n\t\t\t\t\t\t\t\t\t\t\t<span class=\"elementor-icon-list-icon\">\n\t\t\t\t\t\t\t<i aria-hidden=\"true\" class=\"fas fa-check\"><\/i>\t\t\t\t\t\t<\/span>\n\t\t\t\t\t\t\t\t\t\t<span class=\"elementor-icon-list-text\">Kompatibilit\u00e4t mit dem nordamerikanischen Stromnetz Speziell f\u00fcr das nordamerikanische 240-Volt-Split-Phasen-Stromsystem entwickelt, das den UL 2202, UL 2594 und den NEC-Installationsvorschriften entspricht. Entwickelt f\u00fcr die nahtlose Integration in Standard-Schalttafeln f\u00fcr Gewerbe- und Wohngeb\u00e4ude, die in den USA und Kanada zu finden sind. Kein R\u00e4tselraten mehr bei der Beschaffung von markt\u00fcbergreifender Hardware - ein Ger\u00e4t, das von Anfang an f\u00fcr die lokalen Netzanforderungen ausgelegt ist.<\/span>\n\t\t\t\t\t\t\t\t\t<\/li>\n\t\t\t\t\t\t\t\t<li class=\"elementor-icon-list-item\">\n\t\t\t\t\t\t\t\t\t\t\t<span class=\"elementor-icon-list-icon\">\n\t\t\t\t\t\t\t<i aria-hidden=\"true\" class=\"fas fa-check\"><\/i>\t\t\t\t\t\t<\/span>\n\t\t\t\t\t\t\t\t\t\t<span class=\"elementor-icon-list-text\">Kosteng\u00fcnstig<\/span>\n\t\t\t\t\t\t\t\t\t<\/li>\n\t\t\t\t\t\t\t\t<li class=\"elementor-icon-list-item\">\n\t\t\t\t\t\t\t\t\t\t\t<span class=\"elementor-icon-list-icon\">\n\t\t\t\t\t\t\t<i aria-hidden=\"true\" class=\"fas fa-check\"><\/i>\t\t\t\t\t\t<\/span>\n\t\t\t\t\t\t\t\t\t\t<span class=\"elementor-icon-list-text\">Keine Installation erforderlich<\/span>\n\t\t\t\t\t\t\t\t\t<\/li>\n\t\t\t\t\t\t<\/ul>\n\t\t\t\t\t\t<\/div>\n\t\t\t\t<\/div>\n\t\t\t\t<div class=\"elementor-element elementor-element-9b9b158 elementor-widget elementor-widget-image\" data-id=\"9b9b158\" data-element_type=\"widget\" data-e-type=\"widget\" data-widget_type=\"image.default\">\n\t\t\t\t<div class=\"elementor-widget-container\">\n\t\t\t\t\t\t\t\t\t\t\t\t\t\t\t<img decoding=\"async\" width=\"188\" height=\"55\" src=\"https:\/\/eve-go.com\/wp-content\/uploads\/2026\/02\/ice.png\" class=\"attachment-large size-large wp-image-4574\" alt=\"\" srcset=\"https:\/\/eve-go.com\/wp-content\/uploads\/2026\/02\/ice.png 188w, https:\/\/eve-go.com\/wp-content\/uploads\/2026\/02\/ice-18x5.png 18w\" sizes=\"(max-width: 188px) 100vw, 188px\" \/>\t\t\t\t\t\t\t\t\t\t\t\t\t\t\t<\/div>\n\t\t\t\t<\/div>\n\t\t\t\t<\/div>\n\t\t\t\t\t<\/div>\n\t\t\t\t<\/div>\n\t\t<div class=\"elementor-element elementor-element-3a6aa71 e-flex e-con-boxed e-con e-parent\" data-id=\"3a6aa71\" data-element_type=\"container\" data-e-type=\"container\">\n\t\t\t\t\t<div class=\"e-con-inner\">\n\t\t\t\t<div class=\"elementor-element elementor-element-07afaff elementor-widget elementor-widget-heading\" data-id=\"07afaff\" data-element_type=\"widget\" data-e-type=\"widget\" data-widget_type=\"heading.default\">\n\t\t\t\t<div class=\"elementor-widget-container\">\n\t\t\t\t\t<h2 class=\"elementor-heading-title elementor-size-default\">PRODUKTPARAMETER<\/h2>\t\t\t\t<\/div>\n\t\t\t\t<\/div>\n\t\t\t\t<div class=\"elementor-element elementor-element-2423913 elementor-widget elementor-widget-heading\" data-id=\"2423913\" data-element_type=\"widget\" data-e-type=\"widget\" data-widget_type=\"heading.default\">\n\t\t\t\t<div class=\"elementor-widget-container\">\n\t\t\t\t\t<h3 class=\"elementor-heading-title elementor-size-default\">EVE-P-CW-US<\/h3>\t\t\t\t<\/div>\n\t\t\t\t<\/div>\n\t\t\t\t<div class=\"elementor-element elementor-element-6466897 elementor-widget elementor-widget-html\" data-id=\"6466897\" data-element_type=\"widget\" data-e-type=\"widget\" data-widget_type=\"html.default\">\n\t\t\t\t<div class=\"elementor-widget-container\">\n\t\t\t\t\t<table border=\"1\" cellspacing=\"0\" cellpadding=\"5\" class=\"responsive-table\" style=\"width:100%; max-width:1200px; border-collapse:collapse; text-align:center;\">\r\n    <thead class=\"table-header\">\r\n        <tr>\r\n            <th>Modell<\/th>\r\n            <th>EVE-P-CW-US-3.5<\/th>\r\n            <th>EVE-P-CW-US-7<\/th>\r\n            <th>EVE-P-CW-US-9.6<\/th>\r\n        <\/tr>\r\n    <\/thead>\r\n    <tbody>\r\n        <tr>\r\n            <td colspan=\"4\" style=\"text-align:left;\"><strong>Spezifikation Parameter<\/strong><\/td>\r\n        <\/tr>\r\n\r\n        <!-- Input -->\r\n        <tr>\r\n            <td>Stromversorgung<\/td>\r\n            <td colspan=\"3\">L1+L2+N+PE<\/td>\r\n        <\/tr>\r\n        <tr>\r\n            <td>Netzstecker<\/td>\r\n            <td>NEMA 5-20P<\/td>\r\n            <td>NEMA 14-50P<\/td>\r\n            <td>NEMA 14-50P<\/td>\r\n        <\/tr>\r\n        <tr>\r\n            <td>Nennspannung<\/td>\r\n            <td colspan=\"3\">220\/240VAC \u00b115%<\/td>\r\n        <\/tr>\r\n        <tr>\r\n            <td>Frequenz<\/td>\r\n            <td colspan=\"3\">50\/60HZ<\/td>\r\n        <\/tr>\r\n        <tr>\r\n            <td>MAX. Eingangsstrom<\/td>\r\n            <td>16A<\/td>\r\n            <td>32A<\/td>\r\n            <td>40A<\/td>\r\n        <\/tr>\r\n\r\n        <!-- Output -->\r\n        <tr>\r\n            <td>Ausgangsspannung<\/td>\r\n            <td colspan=\"3\">220\/240VAC \u00b115%<\/td>\r\n        <\/tr>\r\n        <tr>\r\n            <td>Ausgangsstrombereich<\/td>\r\n            <td>16A<\/td>\r\n            <td>32A<\/td>\r\n            <td>40A<\/td>\r\n        <\/tr>\r\n        <tr>\r\n            <td>Nennleistung<\/td>\r\n            <td>3,5 kW<\/td>\r\n            <td>7kW<\/td>\r\n            <td>9,6 kW<\/td>\r\n        <\/tr>\r\n\r\n        <!-- User Interface -->\r\n        <tr>\r\n            <td>Ladestecker<\/td>\r\n            <td colspan=\"3\">SAE J1772 (Typ 1)<\/td>\r\n        <\/tr>\r\n        <tr>\r\n            <td>LED-Anzeige<\/td>\r\n            <td colspan=\"3\">RGB-LED<\/td>\r\n        <\/tr>\r\n        <tr>\r\n            <td>Anzeige<\/td>\r\n            <td colspan=\"3\">LED-Licht<\/td>\r\n        <\/tr>\r\n        <tr>\r\n            <td>L\u00e4nge des Kabels<\/td>\r\n            <td colspan=\"3\">5 m (oder kundenspezifisch)<\/td>\r\n        <\/tr>\r\n        <tr>\r\n            <td>Start-Modus<\/td>\r\n            <td colspan=\"3\">Plug &amp; Play<\/td>\r\n        <\/tr>\r\n        <tr>\r\n            <td>Einbauverfahren<\/td>\r\n            <td colspan=\"3\">Tragbar<\/td>\r\n        <\/tr>\r\n\r\n        <!-- Material -->\r\n        <tr>\r\n            <td>Material des Geh\u00e4uses<\/td>\r\n            <td colspan=\"3\">PC+ABS<\/td>\r\n        <\/tr>\r\n        <tr>\r\n            <td>Material der Kabel<\/td>\r\n            <td colspan=\"3\">TPU<\/td>\r\n        <\/tr>\r\n\r\n        <!-- Safety -->\r\n        <tr>\r\n            <td>Energiemessger\u00e4t<\/td>\r\n            <td colspan=\"3\">Eingebautes Messger\u00e4t<\/td>\r\n        <\/tr>\r\n        <tr>\r\n            <td>RCD<\/td>\r\n            <td colspan=\"3\">Typ A+B AC30mA + DC6mA<\/td>\r\n        <\/tr>\r\n        <tr>\r\n            <td>Schutzklasse<\/td>\r\n            <td colspan=\"3\">IP65<\/td>\r\n        <\/tr>\r\n        <tr>\r\n            <td>Aufprallschutz<\/td>\r\n            <td colspan=\"3\">IK10<\/td>\r\n        <\/tr>\r\n        <tr>\r\n            <td>Elektrischer Schutz<\/td>\r\n            <td colspan=\"3\">\r\n                \u00dcberstrom, \u00dcber-\/Unterspannung, RCD, Erdungsschutz, \u00dcberspannung, \u00dcbertemperatur\r\n            <\/td>\r\n        <\/tr>\r\n        <tr>\r\n            <td>Standby-Leistung<\/td>\r\n            <td colspan=\"3\">&lt;3W<\/td>\r\n        <\/tr>\r\n\r\n        <!-- Standard \/ Certification -->\r\n        <tr>\r\n            <td>Standard<\/td>\r\n            <td colspan=\"3\">\r\n                EN\/IEC 61851-1: 2019<br>\r\n                EN\/IEC 62196-2: 2017<br>\r\n                EN\/IEC 61000<br>\r\n                2014\/35\/EU\r\n            <\/td>\r\n        <\/tr>\r\n        <tr>\r\n            <td>Garantie<\/td>\r\n            <td colspan=\"3\">2 Jahre<\/td>\r\n        <\/tr>\r\n        <tr>\r\n            <td>Zertifizierung<\/td>\r\n            <td colspan=\"3\">TUV CE<\/td>\r\n        <\/tr>\r\n\r\n        <!-- Environment -->\r\n        <tr>\r\n            <td>K\u00fchlung<\/td>\r\n            <td colspan=\"3\">Nat\u00fcrliche K\u00fchlung<\/td>\r\n        <\/tr>\r\n        <tr>\r\n            <td>Arbeitstemperatur<\/td>\r\n            <td colspan=\"3\">-25\u2103 ~ +60\u2103<\/td>\r\n        <\/tr>\r\n        <tr>\r\n            <td>Arbeit Luftfeuchtigkeit<\/td>\r\n            <td colspan=\"3\">5% ~ 95%<\/td>\r\n        <\/tr>\r\n        <tr>\r\n            <td>Arbeitsh\u00f6he<\/td>\r\n            <td colspan=\"3\">&lt;2000M<\/td>\r\n        <\/tr>\r\n    <\/tbody>\r\n<\/table>\t\t\t\t<\/div>\n\t\t\t\t<\/div>\n\t\t\t\t\t<\/div>\n\t\t\t\t<\/div>\n\t\t<div class=\"elementor-element elementor-element-02a93d1 e-flex e-con-boxed e-con e-parent\" data-id=\"02a93d1\" data-element_type=\"container\" data-e-type=\"container\">\n\t\t\t\t\t<div class=\"e-con-inner\">\n\t\t\t\t<div class=\"elementor-element elementor-element-d75bb56 elementor-widget elementor-widget-heading\" data-id=\"d75bb56\" data-element_type=\"widget\" data-e-type=\"widget\" data-widget_type=\"heading.default\">\n\t\t\t\t<div class=\"elementor-widget-container\">\n\t\t\t\t\t<h2 class=\"elementor-heading-title elementor-size-default\">F\u00fcgen Sie hier Ihren \u00dcberschriftentext ein<\/h2>\t\t\t\t<\/div>\n\t\t\t\t<\/div>\n\t\t\t\t\t<\/div>\n\t\t\t\t<\/div>\n\t\t\t\t<\/div>","protected":false},"excerpt":{"rendered":"<p>AC Portable Charger EVE-P-CW-US North America Grid Compatibility Purpose-built for the North American 240V split-phase power system, compliant with UL 2202, UL 2594, and NEC installation codes. Designed to integrate seamlessly with standard commercial and residential electrical panels found across the U.S. and Canada. Eliminates the guesswork of cross-market hardware sourcing \u2014 one unit, fully [&hellip;]<\/p>\n","protected":false},"author":1,"featured_media":0,"parent":0,"menu_order":0,"comment_status":"closed","ping_status":"closed","template":"","meta":{"content-type":"","site-sidebar-layout":"no-sidebar","site-content-layout":"page-builder","ast-site-content-layout":"full-width-container","site-content-style":"default","site-sidebar-style":"default","ast-global-header-display":"","ast-banner-title-visibility":"","ast-main-header-display":"","ast-hfb-above-header-display":"","ast-hfb-below-header-display":"","ast-hfb-mobile-header-display":"","site-post-title":"","ast-breadcrumbs-content":"","ast-featured-img":"disabled","footer-sml-layout":"","ast-disable-related-posts":"","theme-transparent-header-meta":"","adv-header-id-meta":"","stick-header-meta":"","header-above-stick-meta":"","header-main-stick-meta":"","header-below-stick-meta":"","astra-migrate-meta-layouts":"set","ast-page-background-enabled":"default","ast-page-background-meta":{"desktop":{"background-color":"","background-image":"","background-repeat":"repeat","background-position":"center center","background-size":"auto","background-attachment":"scroll","background-type":"","background-media":"","overlay-type":"","overlay-color":"","overlay-opacity":"","overlay-gradient":""},"tablet":{"background-color":"","background-image":"","background-repeat":"repeat","background-position":"center center","background-size":"auto","background-attachment":"scroll","background-type":"","background-media":"","overlay-type":"","overlay-color":"","overlay-opacity":"","overlay-gradient":""},"mobile":{"background-color":"","background-image":"","background-repeat":"repeat","background-position":"center center","background-size":"auto","background-attachment":"scroll","background-type":"","background-media":"","overlay-type":"","overlay-color":"","overlay-opacity":"","overlay-gradient":""}},"ast-content-background-meta":{"desktop":{"background-color":"var(--ast-global-color-5)","background-image":"","background-repeat":"repeat","background-position":"center center","background-size":"auto","background-attachment":"scroll","background-type":"","background-media":"","overlay-type":"","overlay-color":"","overlay-opacity":"","overlay-gradient":""},"tablet":{"background-color":"var(--ast-global-color-5)","background-image":"","background-repeat":"repeat","background-position":"center center","background-size":"auto","background-attachment":"scroll","background-type":"","background-media":"","overlay-type":"","overlay-color":"","overlay-opacity":"","overlay-gradient":""},"mobile":{"background-color":"var(--ast-global-color-5)","background-image":"","background-repeat":"repeat","background-position":"center center","background-size":"auto","background-attachment":"scroll","background-type":"","background-media":"","overlay-type":"","overlay-color":"","overlay-opacity":"","overlay-gradient":""}},"footnotes":""},"class_list":["post-4523","page","type-page","status-publish","hentry"],"_links":{"self":[{"href":"https:\/\/eve-go.com\/de\/wp-json\/wp\/v2\/pages\/4523","targetHints":{"allow":["GET"]}}],"collection":[{"href":"https:\/\/eve-go.com\/de\/wp-json\/wp\/v2\/pages"}],"about":[{"href":"https:\/\/eve-go.com\/de\/wp-json\/wp\/v2\/types\/page"}],"author":[{"embeddable":true,"href":"https:\/\/eve-go.com\/de\/wp-json\/wp\/v2\/users\/1"}],"replies":[{"embeddable":true,"href":"https:\/\/eve-go.com\/de\/wp-json\/wp\/v2\/comments?post=4523"}],"version-history":[{"count":13,"href":"https:\/\/eve-go.com\/de\/wp-json\/wp\/v2\/pages\/4523\/revisions"}],"predecessor-version":[{"id":5772,"href":"https:\/\/eve-go.com\/de\/wp-json\/wp\/v2\/pages\/4523\/revisions\/5772"}],"wp:attachment":[{"href":"https:\/\/eve-go.com\/de\/wp-json\/wp\/v2\/media?parent=4523"}],"curies":[{"name":"wp","href":"https:\/\/api.w.org\/{rel}","templated":true}]}}