{"id":4521,"date":"2026-02-25T01:11:04","date_gmt":"2026-02-25T01:11:04","guid":{"rendered":"https:\/\/allevcharging.com\/?page_id=4521"},"modified":"2026-02-25T12:34:27","modified_gmt":"2026-02-25T12:34:27","slug":"eve-ac-w2-14-44","status":"publish","type":"page","link":"https:\/\/eve-go.com\/de\/eve-ac-w2-14-44\/","title":{"rendered":"EVE AC W2 14 44"},"content":{"rendered":"<div data-elementor-type=\"wp-page\" data-elementor-id=\"4521\" class=\"elementor elementor-4521\" data-elementor-post-type=\"page\">\n\t\t\t\t<div class=\"elementor-element elementor-element-ccc85e0 e-flex e-con-boxed e-con e-parent\" data-id=\"ccc85e0\" data-element_type=\"container\" data-e-type=\"container\">\n\t\t\t\t\t<div class=\"e-con-inner\">\n\t\t<div class=\"elementor-element elementor-element-27110b0 e-con-full e-flex e-con e-child\" data-id=\"27110b0\" data-element_type=\"container\" data-e-type=\"container\">\n\t\t\t\t<div class=\"elementor-element elementor-element-32c5df6 elementor-widget elementor-widget-image\" data-id=\"32c5df6\" data-element_type=\"widget\" data-e-type=\"widget\" data-widget_type=\"image.default\">\n\t\t\t\t<div class=\"elementor-widget-container\">\n\t\t\t\t\t\t\t\t\t\t\t\t\t\t\t<img fetchpriority=\"high\" decoding=\"async\" width=\"520\" height=\"718\" src=\"https:\/\/eve-go.com\/wp-content\/uploads\/2026\/02\/60d75208-a3d2-483d-8d8e-45f15efdd22a.png\" class=\"attachment-large size-large wp-image-4506\" alt=\"\" srcset=\"https:\/\/eve-go.com\/wp-content\/uploads\/2026\/02\/60d75208-a3d2-483d-8d8e-45f15efdd22a.png 520w, https:\/\/eve-go.com\/wp-content\/uploads\/2026\/02\/60d75208-a3d2-483d-8d8e-45f15efdd22a-217x300.png 217w, https:\/\/eve-go.com\/wp-content\/uploads\/2026\/02\/60d75208-a3d2-483d-8d8e-45f15efdd22a-9x12.png 9w\" sizes=\"(max-width: 520px) 100vw, 520px\" \/>\t\t\t\t\t\t\t\t\t\t\t\t\t\t\t<\/div>\n\t\t\t\t<\/div>\n\t\t\t\t<\/div>\n\t\t<div class=\"elementor-element elementor-element-a2835b2 e-con-full e-flex e-con e-child\" data-id=\"a2835b2\" data-element_type=\"container\" data-e-type=\"container\">\n\t\t\t\t<div class=\"elementor-element elementor-element-576b0dd elementor-widget elementor-widget-heading\" data-id=\"576b0dd\" data-element_type=\"widget\" data-e-type=\"widget\" data-widget_type=\"heading.default\">\n\t\t\t\t<div class=\"elementor-widget-container\">\n\t\t\t\t\t<h2 class=\"elementor-heading-title elementor-size-default\">Wallbox AC EVE-AC-W2<\/h2>\t\t\t\t<\/div>\n\t\t\t\t<\/div>\n\t\t\t\t<div class=\"elementor-element elementor-element-2b842af elementor-icon-list--layout-traditional elementor-list-item-link-full_width elementor-widget elementor-widget-icon-list\" data-id=\"2b842af\" data-element_type=\"widget\" data-e-type=\"widget\" data-widget_type=\"icon-list.default\">\n\t\t\t\t<div class=\"elementor-widget-container\">\n\t\t\t\t\t\t\t<ul class=\"elementor-icon-list-items\">\n\t\t\t\t\t\t\t<li class=\"elementor-icon-list-item\">\n\t\t\t\t\t\t\t\t\t\t<span class=\"elementor-icon-list-text\"> - Ausgestattet mit integrierter OCPP-Kompatibilit\u00e4t und App-Steuerung, geeignet f\u00fcr den gewerblichen und privaten Gebrauch. Verf\u00fcgt \u00fcber einen 4,3'' gro\u00dfen Bildschirm.Unterst\u00fctzt DLB-System.<\/span>\n\t\t\t\t\t\t\t\t\t<\/li>\n\t\t\t\t\t\t<\/ul>\n\t\t\t\t\t\t<\/div>\n\t\t\t\t<\/div>\n\t\t\t\t<div class=\"elementor-element elementor-element-103d167 elementor-widget elementor-widget-image\" data-id=\"103d167\" data-element_type=\"widget\" data-e-type=\"widget\" data-widget_type=\"image.default\">\n\t\t\t\t<div class=\"elementor-widget-container\">\n\t\t\t\t\t\t\t\t\t\t\t\t\t\t\t<img decoding=\"async\" width=\"188\" height=\"55\" src=\"https:\/\/eve-go.com\/wp-content\/uploads\/2026\/02\/ice.png\" class=\"attachment-large size-large wp-image-4574\" alt=\"\" srcset=\"https:\/\/eve-go.com\/wp-content\/uploads\/2026\/02\/ice.png 188w, https:\/\/eve-go.com\/wp-content\/uploads\/2026\/02\/ice-18x5.png 18w\" sizes=\"(max-width: 188px) 100vw, 188px\" \/>\t\t\t\t\t\t\t\t\t\t\t\t\t\t\t<\/div>\n\t\t\t\t<\/div>\n\t\t\t\t<\/div>\n\t\t\t\t\t<\/div>\n\t\t\t\t<\/div>\n\t\t<div class=\"elementor-element elementor-element-44d5741 e-flex e-con-boxed e-con e-parent\" data-id=\"44d5741\" data-element_type=\"container\" data-e-type=\"container\">\n\t\t\t\t\t<div class=\"e-con-inner\">\n\t\t\t\t<div class=\"elementor-element elementor-element-95bf3b8 elementor-widget elementor-widget-heading\" data-id=\"95bf3b8\" data-element_type=\"widget\" data-e-type=\"widget\" data-widget_type=\"heading.default\">\n\t\t\t\t<div class=\"elementor-widget-container\">\n\t\t\t\t\t<h2 class=\"elementor-heading-title elementor-size-default\">PRODUKTPARAMETER<\/h2>\t\t\t\t<\/div>\n\t\t\t\t<\/div>\n\t\t\t\t<div class=\"elementor-element elementor-element-b19fceb elementor-widget elementor-widget-heading\" data-id=\"b19fceb\" data-element_type=\"widget\" data-e-type=\"widget\" data-widget_type=\"heading.default\">\n\t\t\t\t<div class=\"elementor-widget-container\">\n\t\t\t\t\t<h3 class=\"elementor-heading-title elementor-size-default\">EVE-AC-W2<\/h3>\t\t\t\t<\/div>\n\t\t\t\t<\/div>\n\t\t\t\t<div class=\"elementor-element elementor-element-75b42ed elementor-widget elementor-widget-html\" data-id=\"75b42ed\" data-element_type=\"widget\" data-e-type=\"widget\" data-widget_type=\"html.default\">\n\t\t\t\t<div class=\"elementor-widget-container\">\n\t\t\t\t\t<table border=\"1\" cellspacing=\"0\" cellpadding=\"5\" class=\"responsive-table\" style=\"width:100%; max-width:1200px; border-collapse:collapse; text-align:center;\">\r\n    <thead class=\"table-header\">\r\n        <tr>\r\n            <th>Modell<\/th>\r\n            <th>EVE-AC-W2-14<\/th>\r\n            <th>EVE-AC-W2-44<\/th>\r\n        <\/tr>\r\n    <\/thead>\r\n    <tbody>\r\n        <tr>\r\n            <td colspan=\"3\" style=\"text-align:left;\"><strong>Spezifikation Parameter<\/strong><\/td>\r\n        <\/tr>\r\n\r\n        <!-- Input -->\r\n        <tr>\r\n            <td>Stromversorgung<\/td>\r\n            <td>1P+N+PE<\/td>\r\n            <td>3P+N+PE<\/td>\r\n        <\/tr>\r\n        <tr>\r\n            <td>Netzstecker<\/td>\r\n            <td colspan=\"2\">HardWired<\/td>\r\n        <\/tr>\r\n        <tr>\r\n            <td>Nennspannung<\/td>\r\n            <td>230VAC \u00b115%<\/td>\r\n            <td>400VAC \u00b115%<\/td>\r\n        <\/tr>\r\n        <tr>\r\n            <td>Frequenz<\/td>\r\n            <td colspan=\"2\">50\/60HZ<\/td>\r\n        <\/tr>\r\n        <tr>\r\n            <td>MAX. Eingangsstrom<\/td>\r\n            <td>32A<\/td>\r\n            <td>64A<\/td>\r\n        <\/tr>\r\n\r\n        <!-- Output -->\r\n        <tr>\r\n            <td>Ausgangsspannung<\/td>\r\n            <td>230VAC \u00b115%<\/td>\r\n            <td>400V \u00b115%<\/td>\r\n        <\/tr>\r\n        <tr>\r\n            <td>Ausgangsstrombereich<\/td>\r\n            <td>64A<\/td>\r\n            <td>64A<\/td>\r\n        <\/tr>\r\n        <tr>\r\n            <td>Nennleistung<\/td>\r\n            <td>7kW<\/td>\r\n            <td>22kW<\/td>\r\n        <\/tr>\r\n\r\n        <!-- User Interface -->\r\n        <tr>\r\n            <td>Ladestecker<\/td>\r\n            <td colspan=\"2\">IEC 62196 (Typ 2) \/ GBT<\/td>\r\n        <\/tr>\r\n        <tr>\r\n            <td>LED-Anzeige<\/td>\r\n            <td colspan=\"2\">RGB-LED<\/td>\r\n        <\/tr>\r\n        <tr>\r\n            <td>Anzeige<\/td>\r\n            <td colspan=\"2\">4,3\" LCD-Display<\/td>\r\n        <\/tr>\r\n        <tr>\r\n            <td>L\u00e4nge des Kabels<\/td>\r\n            <td colspan=\"2\">5 m (oder kundenspezifisch)<\/td>\r\n        <\/tr>\r\n        <tr>\r\n            <td>Start-Modus<\/td>\r\n            <td colspan=\"2\">Plug &amp; Play \/ APP \/ OCPP \/ RFID<\/td>\r\n        <\/tr>\r\n        <tr>\r\n            <td>Einbauverfahren<\/td>\r\n            <td colspan=\"2\">Wandhalterung<\/td>\r\n        <\/tr>\r\n\r\n        <!-- Material -->\r\n        <tr>\r\n            <td>Material des Geh\u00e4uses<\/td>\r\n            <td colspan=\"2\">PC+ABS<\/td>\r\n        <\/tr>\r\n        <tr>\r\n            <td>Material der Kabel<\/td>\r\n            <td colspan=\"2\">TPU<\/td>\r\n        <\/tr>\r\n\r\n        <!-- Safety -->\r\n        <tr>\r\n            <td>Energiemessger\u00e4t<\/td>\r\n            <td colspan=\"2\">Eingebautes Messger\u00e4t<\/td>\r\n        <\/tr>\r\n        <tr>\r\n            <td>RCD<\/td>\r\n            <td colspan=\"2\">Typ A+B AC30mA + DC6mA<\/td>\r\n        <\/tr>\r\n        <tr>\r\n            <td>Schutzklasse<\/td>\r\n            <td colspan=\"2\">IP65<\/td>\r\n        <\/tr>\r\n        <tr>\r\n            <td>Aufprallschutz<\/td>\r\n            <td colspan=\"2\">IK10<\/td>\r\n        <\/tr>\r\n        <tr>\r\n            <td>Elektrischer Schutz<\/td>\r\n            <td colspan=\"2\">\r\n                \u00dcberstrom, \u00dcber-\/Unterspannung, RCD, Erdungsschutz, \u00dcberspannung, \u00dcbertemperatur\r\n            <\/td>\r\n        <\/tr>\r\n        <tr>\r\n            <td>Standby-Leistung<\/td>\r\n            <td colspan=\"2\">&lt;3W<\/td>\r\n        <\/tr>\r\n\r\n        <tr>\r\n            <td>Standard<\/td>\r\n            <td colspan=\"2\">EN\/IEC 61851-1: 2019<\/td>\r\n        <\/tr>\r\n\r\n    <\/tbody>\r\n<\/table>\t\t\t\t<\/div>\n\t\t\t\t<\/div>\n\t\t\t\t\t<\/div>\n\t\t\t\t<\/div>\n\t\t\t\t<\/div>","protected":false},"excerpt":{"rendered":"<p>Wallbox AC EVE-AC-W2 &#8211; Equipped with built-in OCPP compatibility and app control, suitable for both commercial and residential use. Features a 4.3&#8221; large display screen.DLB System Supported. PRODUCT PARAMETERS EVE-AC-W2 Model EVE-AC-W2-14 EVE-AC-W2-44 Specification Parameter Power Supply 1P+N+PE 3P+N+PE Power Plug HardWired Rated Voltage 230VAC \u00b115% 400VAC \u00b115% Frequency 50\/60HZ MAX. Input Current 32A 64A [&hellip;]<\/p>\n","protected":false},"author":1,"featured_media":0,"parent":0,"menu_order":0,"comment_status":"closed","ping_status":"closed","template":"","meta":{"content-type":"","site-sidebar-layout":"no-sidebar","site-content-layout":"page-builder","ast-site-content-layout":"full-width-container","site-content-style":"default","site-sidebar-style":"default","ast-global-header-display":"","ast-banner-title-visibility":"","ast-main-header-display":"","ast-hfb-above-header-display":"","ast-hfb-below-header-display":"","ast-hfb-mobile-header-display":"","site-post-title":"","ast-breadcrumbs-content":"","ast-featured-img":"disabled","footer-sml-layout":"","ast-disable-related-posts":"","theme-transparent-header-meta":"","adv-header-id-meta":"","stick-header-meta":"","header-above-stick-meta":"","header-main-stick-meta":"","header-below-stick-meta":"","astra-migrate-meta-layouts":"set","ast-page-background-enabled":"default","ast-page-background-meta":{"desktop":{"background-color":"","background-image":"","background-repeat":"repeat","background-position":"center center","background-size":"auto","background-attachment":"scroll","background-type":"","background-media":"","overlay-type":"","overlay-color":"","overlay-opacity":"","overlay-gradient":""},"tablet":{"background-color":"","background-image":"","background-repeat":"repeat","background-position":"center center","background-size":"auto","background-attachment":"scroll","background-type":"","background-media":"","overlay-type":"","overlay-color":"","overlay-opacity":"","overlay-gradient":""},"mobile":{"background-color":"","background-image":"","background-repeat":"repeat","background-position":"center center","background-size":"auto","background-attachment":"scroll","background-type":"","background-media":"","overlay-type":"","overlay-color":"","overlay-opacity":"","overlay-gradient":""}},"ast-content-background-meta":{"desktop":{"background-color":"var(--ast-global-color-5)","background-image":"","background-repeat":"repeat","background-position":"center center","background-size":"auto","background-attachment":"scroll","background-type":"","background-media":"","overlay-type":"","overlay-color":"","overlay-opacity":"","overlay-gradient":""},"tablet":{"background-color":"var(--ast-global-color-5)","background-image":"","background-repeat":"repeat","background-position":"center center","background-size":"auto","background-attachment":"scroll","background-type":"","background-media":"","overlay-type":"","overlay-color":"","overlay-opacity":"","overlay-gradient":""},"mobile":{"background-color":"var(--ast-global-color-5)","background-image":"","background-repeat":"repeat","background-position":"center center","background-size":"auto","background-attachment":"scroll","background-type":"","background-media":"","overlay-type":"","overlay-color":"","overlay-opacity":"","overlay-gradient":""}},"footnotes":""},"class_list":["post-4521","page","type-page","status-publish","hentry"],"_links":{"self":[{"href":"https:\/\/eve-go.com\/de\/wp-json\/wp\/v2\/pages\/4521","targetHints":{"allow":["GET"]}}],"collection":[{"href":"https:\/\/eve-go.com\/de\/wp-json\/wp\/v2\/pages"}],"about":[{"href":"https:\/\/eve-go.com\/de\/wp-json\/wp\/v2\/types\/page"}],"author":[{"embeddable":true,"href":"https:\/\/eve-go.com\/de\/wp-json\/wp\/v2\/users\/1"}],"replies":[{"embeddable":true,"href":"https:\/\/eve-go.com\/de\/wp-json\/wp\/v2\/comments?post=4521"}],"version-history":[{"count":13,"href":"https:\/\/eve-go.com\/de\/wp-json\/wp\/v2\/pages\/4521\/revisions"}],"predecessor-version":[{"id":4863,"href":"https:\/\/eve-go.com\/de\/wp-json\/wp\/v2\/pages\/4521\/revisions\/4863"}],"wp:attachment":[{"href":"https:\/\/eve-go.com\/de\/wp-json\/wp\/v2\/media?parent=4521"}],"curies":[{"name":"wp","href":"https:\/\/api.w.org\/{rel}","templated":true}]}}